{"id":154607,"date":"2021-03-16T08:19:33","date_gmt":"2021-03-16T13:19:33","guid":{"rendered":"https:\/\/www.acrartex.com\/products\/110-324-pruhova-antena\/"},"modified":"2021-03-16T08:19:33","modified_gmt":"2021-03-16T13:19:33","slug":"110-324-pruhova-antena","status":"publish","type":"product","link":"https:\/\/www.acrartex.com\/cs\/products\/110-324-pruhova-antena\/","title":{"rendered":"110-324 Pruhov\u00e1 ant\u00e9na"},"content":{"rendered":"","protected":false},"excerpt":{"rendered":"<p>Dvoup\u00e1smov\u00fd, s induktorem, 121,5 a 243 MHz<\/p>\n<p>&nbsp;<\/p>\n","protected":false},"featured_media":154608,"template":"","meta":{"_acf_changed":false,"om_disable_all_campaigns":false},"product_brand":[],"product_cat":[5534,5535],"product_tag":[9998,10044,10046,9996,10040,10039,10042],"class_list":{"0":"post-154607","1":"product","2":"type-product","3":"status-publish","4":"has-post-thumbnail","6":"product_cat-letectvi","7":"product_cat-vseobecne-letectvi","8":"product_tag-110-cs","9":"product_tag-110-324-cs","10":"product_tag-324-cs","11":"product_tag-antena","12":"product_tag-dvoupasmovy","13":"product_tag-pruhova-antena","14":"product_tag-s-induktorem","15":"pa_aircraft-type-experimentalni","16":"pa_aircraft-type-jeden-motor","18":"first","19":"instock","20":"taxable","21":"shipping-taxable","22":"product-type-simple"},"acf":[],"_links":{"self":[{"href":"https:\/\/www.acrartex.com\/cs\/wp-json\/wp\/v2\/product\/154607","targetHints":{"allow":["GET"]}}],"collection":[{"href":"https:\/\/www.acrartex.com\/cs\/wp-json\/wp\/v2\/product"}],"about":[{"href":"https:\/\/www.acrartex.com\/cs\/wp-json\/wp\/v2\/types\/product"}],"wp:featuredmedia":[{"embeddable":true,"href":"https:\/\/www.acrartex.com\/cs\/wp-json\/wp\/v2\/media\/154608"}],"wp:attachment":[{"href":"https:\/\/www.acrartex.com\/cs\/wp-json\/wp\/v2\/media?parent=154607"}],"wp:term":[{"taxonomy":"product_brand","embeddable":true,"href":"https:\/\/www.acrartex.com\/cs\/wp-json\/wp\/v2\/product_brand?post=154607"},{"taxonomy":"product_cat","embeddable":true,"href":"https:\/\/www.acrartex.com\/cs\/wp-json\/wp\/v2\/product_cat?post=154607"},{"taxonomy":"product_tag","embeddable":true,"href":"https:\/\/www.acrartex.com\/cs\/wp-json\/wp\/v2\/product_tag?post=154607"}],"curies":[{"name":"wp","href":"https:\/\/api.w.org\/{rel}","templated":true}]}}