{"id":154592,"date":"2021-03-16T08:19:37","date_gmt":"2021-03-16T13:19:37","guid":{"rendered":"https:\/\/www.acrartex.com\/products\/110-323-tycova-antena\/"},"modified":"2021-03-16T08:19:37","modified_gmt":"2021-03-16T13:19:37","slug":"110-323-tycova-antena","status":"publish","type":"product","link":"https:\/\/www.acrartex.com\/cs\/products\/110-323-tycova-antena\/","title":{"rendered":"110-323 Ty\u010dov\u00e1 ant\u00e9na"},"content":{"rendered":"","protected":false},"excerpt":{"rendered":"<p>T\u0159\u00edp\u00e1smov\u00fd, du\u00e1ln\u00ed vstup, 121,5, 243 a 406 MHz<\/p>\n<p>&nbsp;<\/p>\n","protected":false},"featured_media":154596,"template":"","meta":{"_acf_changed":false,"om_disable_all_campaigns":false},"product_brand":[],"product_cat":[5534],"product_tag":[9998,10007,10005,10004,10006,9996,10002,9995,10000],"class_list":{"0":"post-154592","1":"product","2":"type-product","3":"status-publish","4":"has-post-thumbnail","6":"product_cat-letectvi","7":"product_tag-110-cs","8":"product_tag-110-323-cs","9":"product_tag-110-323-tycova-antena","10":"product_tag-121-5-cs","11":"product_tag-323-cs","12":"product_tag-antena","13":"product_tag-dualni-vstup","14":"product_tag-tripasmovy","15":"product_tag-tycova-antena","17":"first","18":"instock","19":"taxable","20":"shipping-taxable","21":"product-type-simple"},"acf":[],"_links":{"self":[{"href":"https:\/\/www.acrartex.com\/cs\/wp-json\/wp\/v2\/product\/154592","targetHints":{"allow":["GET"]}}],"collection":[{"href":"https:\/\/www.acrartex.com\/cs\/wp-json\/wp\/v2\/product"}],"about":[{"href":"https:\/\/www.acrartex.com\/cs\/wp-json\/wp\/v2\/types\/product"}],"wp:featuredmedia":[{"embeddable":true,"href":"https:\/\/www.acrartex.com\/cs\/wp-json\/wp\/v2\/media\/154596"}],"wp:attachment":[{"href":"https:\/\/www.acrartex.com\/cs\/wp-json\/wp\/v2\/media?parent=154592"}],"wp:term":[{"taxonomy":"product_brand","embeddable":true,"href":"https:\/\/www.acrartex.com\/cs\/wp-json\/wp\/v2\/product_brand?post=154592"},{"taxonomy":"product_cat","embeddable":true,"href":"https:\/\/www.acrartex.com\/cs\/wp-json\/wp\/v2\/product_cat?post=154592"},{"taxonomy":"product_tag","embeddable":true,"href":"https:\/\/www.acrartex.com\/cs\/wp-json\/wp\/v2\/product_tag?post=154592"}],"curies":[{"name":"wp","href":"https:\/\/api.w.org\/{rel}","templated":true}]}}