{"id":154552,"date":"2021-03-16T08:19:54","date_gmt":"2021-03-16T13:19:54","guid":{"rendered":"https:\/\/www.acrartex.com\/products\/megafon\/"},"modified":"2021-03-16T08:19:54","modified_gmt":"2021-03-16T13:19:54","slug":"megafon","status":"publish","type":"product","link":"https:\/\/www.acrartex.com\/cs\/products\/megafon\/","title":{"rendered":"Megafon"},"content":{"rendered":"<p>Sluch\u00e1tka ACR \/EM-1A, ACR \/EM-2BA a ACR \/EM-1D byla navr\u017eena tak, aby minimalizovala regenerativn\u00ed akustickou zp\u011btnou vazbu, kter\u00e1 vede k p\u00edsk\u00e1n\u00ed a dal\u0161\u00edm kmit\u016fm tohoto druhu. Maj\u00ed 90\u00b0 \u00fahel projekce zvuku, aby sm\u011b\u0159ovaly zvuk k osob\u00e1m v jejich bezprost\u0159edn\u00ed bl\u00edzkosti, stejn\u011b jako do zadn\u00ed \u010d\u00e1sti jak\u00e9hokoli letadla. Frekven\u010dn\u00ed p\u00e1smov\u00e1 propust zesilova\u010de byla zvolena tak, aby poskytovala \u010distou a jasnou reprodukci hlasov\u00fdch sign\u00e1l\u016f. Provozn\u00ed v\u00fdkon je tak\u00e9 dostate\u010dn\u00fd k zaji\u0161t\u011bn\u00ed odpov\u00eddaj\u00edc\u00edho zvuku za podm\u00ednek vysok\u00e9 hladiny okoln\u00edho hluku, ani\u017e by byl nadm\u011brn\u00fd. Zvl\u00e1\u0161tn\u00ed pozornost byla v\u011bnov\u00e1na fyzick\u00fdm rozm\u011br\u016fm, aby je bylo mo\u017en\u00e9 efektivn\u011b pou\u017e\u00edvat v p\u0159epln\u011bn\u00e9m prost\u0159ed\u00ed. K dispozici pouze u spole\u010dnosti Kellstrom Aerospace.     <\/p>\n","protected":false},"excerpt":{"rendered":"<p>P\u0159enosn\u00e9 bezpe\u010dnostn\u00ed megafony ACR EM-1A, EM-2BA a EM-1D byly navr\u017eeny tak, aby minimalizovaly akustickou zp\u011btnou vazbu, kter\u00e1 vede k p\u00edsk\u00e1n\u00ed a dal\u0161\u00edm podobn\u00fdm zvuk\u016fm. Ka\u017ed\u00fd megafon m\u00e1 \u00fahel projekce zvuku 90\u00b0, tak\u017ee zpr\u00e1vy mohou sly\u0161et jak osoby v bezprost\u0159edn\u00ed bl\u00edzkosti megafonu, tak i osoby v zadn\u00ed \u010d\u00e1sti letadla. Frekven\u010dn\u00ed propust zesilova\u010de byla nav\u00edc vybr\u00e1na tak, aby poskytovala \u010distou a jasnou reprodukci hlasov\u00fdch sign\u00e1l\u016f. Zvl\u00e1\u0161tn\u00ed pozornost byla v\u011bnov\u00e1na fyzick\u00e9 velikosti megafonu, aby bylo mo\u017en\u00e9 ka\u017ed\u00fd model efektivn\u011b pou\u017e\u00edvat v p\u0159epln\u011bn\u00e9m prost\u0159ed\u00ed.   <\/p>\n<p>&nbsp;<\/p>\n","protected":false},"featured_media":154556,"template":"","meta":{"_acf_changed":false,"om_disable_all_campaigns":false},"product_brand":[],"product_cat":[5964,8584,5534],"product_tag":[9923,9915,9919,9925,9927,9921],"class_list":{"0":"post-154552","1":"product","2":"type-product","3":"status-publish","4":"has-post-thumbnail","6":"product_cat-business-jet-cs","7":"product_cat-komercni-letadla","8":"product_cat-letectvi","9":"product_tag-boeing-megafon-cs","10":"product_tag-em-1a-cs","11":"product_tag-em-1d-cs","12":"product_tag-hlasovy-megafon-v-kabine-letadla","13":"product_tag-megafon-cs","14":"product_tag-megafon-pro-komercni-letectvi","15":"pa_aircraft-type-dopravni-letadla","16":"pa_aircraft-type-proudove-letadlo-pro-cestujici","17":"pa_aircraft-type-stredne-velke-tryskace","18":"pa_product-megafony","20":"first","21":"instock","22":"taxable","23":"shipping-taxable","24":"product-type-simple"},"acf":[],"_links":{"self":[{"href":"https:\/\/www.acrartex.com\/cs\/wp-json\/wp\/v2\/product\/154552","targetHints":{"allow":["GET"]}}],"collection":[{"href":"https:\/\/www.acrartex.com\/cs\/wp-json\/wp\/v2\/product"}],"about":[{"href":"https:\/\/www.acrartex.com\/cs\/wp-json\/wp\/v2\/types\/product"}],"wp:featuredmedia":[{"embeddable":true,"href":"https:\/\/www.acrartex.com\/cs\/wp-json\/wp\/v2\/media\/154556"}],"wp:attachment":[{"href":"https:\/\/www.acrartex.com\/cs\/wp-json\/wp\/v2\/media?parent=154552"}],"wp:term":[{"taxonomy":"product_brand","embeddable":true,"href":"https:\/\/www.acrartex.com\/cs\/wp-json\/wp\/v2\/product_brand?post=154552"},{"taxonomy":"product_cat","embeddable":true,"href":"https:\/\/www.acrartex.com\/cs\/wp-json\/wp\/v2\/product_cat?post=154552"},{"taxonomy":"product_tag","embeddable":true,"href":"https:\/\/www.acrartex.com\/cs\/wp-json\/wp\/v2\/product_tag?post=154552"}],"curies":[{"name":"wp","href":"https:\/\/api.w.org\/{rel}","templated":true}]}}