{"id":154455,"date":"2021-03-16T08:20:16","date_gmt":"2021-03-16T13:20:16","guid":{"rendered":"https:\/\/www.acrartex.com\/products\/pathfinder-pro-sart\/"},"modified":"2026-01-07T14:11:29","modified_gmt":"2026-01-07T19:11:29","slug":"pathfinder-pro-sart","status":"publish","type":"product","link":"https:\/\/www.acrartex.com\/cs\/products\/pathfinder-pro-sart\/","title":{"rendered":"Pathfinder \u2122 PRO SART"},"content":{"rendered":"<p>Pathfinder Pro je pln\u011b schv\u00e1len\u00fd transpond\u00e9r pro p\u00e1tr\u00e1n\u00ed a z\u00e1chranu (SART), kter\u00fd spl\u0148uje p\u0159edpisy IMO SOLAS. Po detekci radarem Pathfinder Pro vr\u00e1t\u00ed na obrazovku radaru plavidla 12 intenzivn\u00edch z\u00e1blesk\u016f, co\u017e v\u00fdrazn\u011b zlep\u0161uje p\u00e1trac\u00ed a z\u00e1chrann\u00e9 operace. Vynikaj\u00edc\u00ed lithiov\u00e1 baterie poskytuje v\u00edce ne\u017e 96 hodin provozu v pohotovostn\u00edm re\u017eimu (\u010dek\u00e1n\u00ed na detekci radarem) a 12 hodin aktivn\u00edho provozu (b\u011bhem detekce radarem).  <\/p>\n<p>Pathfinder Pro je dod\u00e1v\u00e1n s elegantn\u00edm n\u00e1st\u011bnn\u00fdm dr\u017e\u00e1kem, d\u00edky kter\u00e9mu je tento kompaktn\u00ed SART mimo dosah, ale v p\u0159\u00edpad\u011b nouze je snadno dostupn\u00fd. Voliteln\u00e1 teleskopick\u00e1 ty\u010d se pohodln\u011b p\u0159ipojuje ke spodn\u00ed \u010d\u00e1sti SART a zaji\u0161\u0165uje maxim\u00e1ln\u00ed v\u00fd\u0161ku a viditelnost ze z\u00e1chrann\u00e9ho plavidla. SART lze tak\u00e9 zav\u011bsit uvnit\u0159 plavidla pro pou\u017eit\u00ed bez pou\u017eit\u00ed rukou.  <\/p>\n<p>P\u00e1trac\u00ed a z\u00e1chrann\u00fd transpond\u00e9r (SART) je povinn\u00fd pro v\u0161echna komer\u010dn\u00ed plavidla, kter\u00e1 mus\u00ed spl\u0148ovat normy GMDSS, a pro v\u0161echna plavidla p\u0159epravuj\u00edc\u00ed v\u00edce ne\u017e jeden z\u00e1chrann\u00fd \u010dlun.<\/p>\n<p>&nbsp;<\/p>\n<p><strong><em>Po\u017eadavky na p\u0159epravu<\/em><\/strong><\/p>\n<ul>\n<li>Ka\u017ed\u00e9 plavidlo IMO SOLAS na mezin\u00e1rodn\u00edch plavb\u00e1ch je povinno m\u00edt na palub\u011b za\u0159\u00edzen\u00ed SART.<\/li>\n<li>300-500 hrub\u00e9 registrovan\u00e9 prostornosti (GRT) mus\u00ed n\u00e9st minim\u00e1ln\u011b 1 SART<\/li>\n<li>Nad 500 hrub\u00fdch registrovan\u00fdch tun (GRT) mus\u00ed n\u00e9st minim\u00e1ln\u011b 2 SARTy.<\/li>\n<li>1 SART na ka\u017ed\u00e9 \u010dty\u0159i z\u00e1chrann\u00e9 vory na osobn\u00edch lod\u00edch Ro-Ro<\/li>\n<\/ul>\n<p><strong><em>Funkce<\/em><\/strong><\/p>\n<ul>\n<li>Vylep\u0161uje radarov\u00e9 odrazy o 12 intenzivn\u00edch z\u00e1blesk\u016f, p\u0159i\u010dem\u017e prvn\u00ed z\u00e1blesk p\u0159edstavuje polohu SART\u016f<\/li>\n<li>Jednotka vys\u00edl\u00e1 p\u0159es n\u00e1mo\u0159n\u00ed radar v p\u00e1smu 9,2-9,5 GHz, kdy\u017e je radarem dotazov\u00e1na.<\/li>\n<li>Dr\u017e\u00e1k pro mont\u00e1\u017e na plavidlo a skl\u00e1dac\u00ed ty\u010d<\/li>\n<li>Kompaktn\u00ed jednotka o rozm\u011brech 8,94 x 2,56 palce (227 mm x 65 mm) se snadno sbal\u00ed do z\u00e1chrann\u00e9ho \u010dlunu<\/li>\n<li>Vodot\u011bsnost do 10 metr\u016f (33 stop)<\/li>\n<li>Lithiov\u00e1 baterie bez nebezpe\u010dn\u00fdch l\u00e1tek (\u017eivotnost 5 let) vydr\u017e\u00ed v pohotovostn\u00edm re\u017eimu v\u00edce ne\u017e 96 hodin plus dal\u0161\u00edch 12 hodin provozu<\/li>\n<li>Celosv\u011btov\u00e9 certifikace; spl\u0148uje normy IMO, MED, FCC a IEC<\/li>\n<li>Provozn\u00ed \u017eivotnost \u2013 96 hodin v pohotovostn\u00edm re\u017eimu; v\u00edce ne\u017e 12 hodin v provozn\u00edm re\u017eimu<\/li>\n<li>Pou\u017eit\u00ed: povinn\u00fd po\u017eadavek pro v\u0161echna plavidla \u0159\u00edzen\u00e1 GMDSS; ka\u017ed\u00e1 jachta nebo plavidlo p\u0159epravuj\u00edc\u00ed v\u00edce ne\u017e jeden z\u00e1chrann\u00fd vor pro pos\u00e1dku a cestuj\u00edc\u00ed<\/li>\n<\/ul>\n","protected":false},"excerpt":{"rendered":"<p>Z\u016fsta\u0148te v bezpe\u010d\u00ed na mo\u0159i s transpond\u00e9rem Pathfinder \u2122 PRO pro p\u00e1tr\u00e1n\u00ed a z\u00e1chranu (SART). Tento transpond\u00e9r SART spl\u0148uje p\u0159edpisy IMO SOLAS a m\u00e1 vynikaj\u00edc\u00ed lithiovou baterii, kter\u00e1 poskytuje v\u00edce ne\u017e 96 hodin provozu v pohotovostn\u00edm re\u017eimu a 12 hodin aktivn\u00edho provozu. Kompaktn\u00ed Pathfinder PRO je dod\u00e1v\u00e1n s elegantn\u00edm n\u00e1st\u011bnn\u00fdm dr\u017e\u00e1kem, kter\u00fd jej chr\u00e1n\u00ed p\u0159ed p\u0159ek\u00e1\u017ekami, ale je snadno dostupn\u00fd v p\u0159\u00edpad\u011b nouze. Transpond\u00e9r SART je povinn\u00fd pro v\u0161echna komer\u010dn\u00ed plavidla, kter\u00e1 mus\u00ed spl\u0148ovat normy GMDSS, a pro v\u0161echna plavidla p\u0159epravuj\u00edc\u00ed v\u00edce ne\u017e jeden z\u00e1chrann\u00fd vor.   <\/p>\n<p>&nbsp;<\/p>\n<p><a href=\"https:\/\/www.dropbox.com\/s\/fk04stqsp2hgk5f\/Prop%2065%20-%20DEHP.pdf?dl=0\">VAROV\u00c1N\u00cd: PROP 65<\/a><\/p>\n<p>&nbsp;<\/p>\n","protected":false},"featured_media":154469,"template":"","meta":{"_acf_changed":false,"om_disable_all_campaigns":false},"product_brand":[],"product_cat":[5953,5719,5951],"product_tag":[9763,9760,9783,9781,9769,9775,9773,9789,9779,9794,9756,9793,9765,9777,9767,9795,9785,9787,9759,9771,9791],"class_list":{"0":"post-154455","1":"product","2":"type-product","3":"status-publish","4":"has-post-thumbnail","6":"product_cat-komercni","7":"product_cat-namorni","8":"product_cat-pobrezni","9":"product_tag-acr-sart-cs","10":"product_tag-baterie-sart","11":"product_tag-epirb-sart-cs","12":"product_tag-gmdss-sart-cs","13":"product_tag-jotron-sart-cs","14":"product_tag-jotron-tron-sart-cs","15":"product_tag-mcmurdo-sart-cs","16":"product_tag-namornik-sart","17":"product_tag-nejlepsi-sart","18":"product_tag-pozadavky-sart","19":"product_tag-sart-cs","20":"product_tag-sart-gmdss-cs","21":"product_tag-sart-ivf-cs","22":"product_tag-sart-test-cs","23":"product_tag-sartuv-pad","24":"product_tag-schvaleni-sart","25":"product_tag-tester-sart-cs","26":"product_tag-testovani-sart","27":"product_tag-transponder-sart-cs","28":"product_tag-tron-sart-cs","29":"product_tag-tron-sart-20-cs","30":"pa_boat-size-80-cs","31":"pa_boat-type-charterova-jachta","32":"pa_boat-type-jachta","33":"pa_boat-type-komercni-rybolov","34":"pa_boat-type-nakladni-lod","35":"pa_boat-type-plachetnice","36":"pa_product-bezpecnostni-prislusenstvi","37":"pa_product-rescue-beacons-vhf-sart-cs","38":"pa_product-signalizacni-produkty","40":"first","41":"instock","42":"taxable","43":"shipping-taxable","44":"purchasable","45":"product-type-simple"},"acf":[],"_links":{"self":[{"href":"https:\/\/www.acrartex.com\/cs\/wp-json\/wp\/v2\/product\/154455","targetHints":{"allow":["GET"]}}],"collection":[{"href":"https:\/\/www.acrartex.com\/cs\/wp-json\/wp\/v2\/product"}],"about":[{"href":"https:\/\/www.acrartex.com\/cs\/wp-json\/wp\/v2\/types\/product"}],"wp:featuredmedia":[{"embeddable":true,"href":"https:\/\/www.acrartex.com\/cs\/wp-json\/wp\/v2\/media\/154469"}],"wp:attachment":[{"href":"https:\/\/www.acrartex.com\/cs\/wp-json\/wp\/v2\/media?parent=154455"}],"wp:term":[{"taxonomy":"product_brand","embeddable":true,"href":"https:\/\/www.acrartex.com\/cs\/wp-json\/wp\/v2\/product_brand?post=154455"},{"taxonomy":"product_cat","embeddable":true,"href":"https:\/\/www.acrartex.com\/cs\/wp-json\/wp\/v2\/product_cat?post=154455"},{"taxonomy":"product_tag","embeddable":true,"href":"https:\/\/www.acrartex.com\/cs\/wp-json\/wp\/v2\/product_tag?post=154455"}],"curies":[{"name":"wp","href":"https:\/\/api.w.org\/{rel}","templated":true}]}}