{"id":154427,"date":"2021-03-16T08:20:39","date_gmt":"2021-03-16T08:20:39","guid":{"rendered":"https:\/\/www.acrartex.com\/products\/rucni-vhf-vysilacka-pro-preziti-sr203\/"},"modified":"2026-01-07T14:34:13","modified_gmt":"2026-01-07T19:34:13","slug":"rucni-vhf-vysilacka-pro-preziti-sr203","status":"publish","type":"product","link":"https:\/\/www.acrartex.com\/cs\/products\/rucni-vhf-vysilacka-pro-preziti-sr203\/","title":{"rendered":"Ru\u010dn\u00ed VHF vys\u00edla\u010dka pro p\u0159e\u017eit\u00ed SR203"},"content":{"rendered":"<p>Digit\u00e1ln\u00ed displej a ovl\u00e1dac\u00ed tla\u010d\u00edtka jsou podsv\u00edcen\u00e1, co\u017e usnad\u0148uje ovl\u00e1d\u00e1n\u00ed i v prost\u0159ed\u00ed se slab\u00fdm osv\u011btlen\u00edm. Po aktivaci se SR203 automaticky nalad\u00ed na kan\u00e1l 16 a m\u00e1 jedin\u00e9 tla\u010d\u00edtko pro vol\u00e1n\u00ed na kan\u00e1l 16 pro rychl\u00fd n\u00e1vrat na nouzov\u00fd kan\u00e1l. Ru\u010dn\u00ed VHF radiostanice SR203 se py\u0161n\u00ed v\u00fdjime\u010dnou v\u00fddr\u017e\u00ed baterie p\u0159es 16 hodin (p\u0159i -20 \u00b0C) d\u00edky vysoce \u00fa\u010dinn\u00e9mu vys\u00edla\u010di, kter\u00fd je navr\u017een pro maximalizaci jej\u00ed \u017eivotnosti. Inovativn\u00ed ochrann\u00e1 z\u00e1lo\u017eka baterie umo\u017e\u0148uje trval\u00e9 p\u0159ipojen\u00ed prim\u00e1rn\u00ed baterie k radiostanici bez obav ze ztr\u00e1ty nabit\u00ed. Radiostanice bude v\u017edy k dispozici pro pou\u017eit\u00ed v p\u0159\u00edpad\u011b nouze, ani\u017e by bylo nutn\u00e9 odstra\u0148ovat ochrann\u00e9 \u0161t\u00edtky. Jednodu\u0161e odlomte \u010dervenou ochrannou z\u00e1lo\u017eku a radiostanice bude okam\u017eit\u011b p\u0159ipravena k zapnut\u00ed na kan\u00e1l 16. Pro ka\u017edodenn\u00ed pou\u017eit\u00ed nab\u00edz\u00ed ACR mo\u017enost dob\u00edjec\u00ed lithium-polymerov\u00e9 baterie. Rychlonab\u00edje\u010dka s rychl\u00fdm uvoln\u011bn\u00edm p\u0159edstavuje ide\u00e1ln\u00ed \u0159e\u0161en\u00ed pro udr\u017een\u00ed bateri\u00ed pln\u011b nabit\u00fdch.       <\/p>\n<ul>\n<li>  \u00da\u010dinn\u00fd vys\u00edla\u010d<\/li>\n<li>  Robustn\u00ed konstrukce<\/li>\n<li>  Prim\u00e1rn\u00ed lithiov\u00e1 baterie p\u0159ekra\u010duje po\u017eadavky GMDSS<\/li>\n<li>  Ochrann\u00fd \u0161t\u00edtek baterie<\/li>\n<li>  Nebezpe\u010dn\u00e9 baterie<\/li>\n<li>  Typick\u00e1 provozn\u00ed \u017eivotnost 16 hodin<\/li>\n<li>  Voliteln\u00e1 sada dob\u00edjec\u00edch bateri\u00ed<\/li>\n<li>  Laserov\u011b grav\u00edrovan\u00e1 ovl\u00e1dac\u00ed tla\u010d\u00edtka<\/li>\n<li>  Vysoce kontrastn\u00ed\/podsv\u00edcen\u00fd digit\u00e1ln\u00ed displej a kl\u00e1vesnice<\/li>\n<li>  21 kan\u00e1l\u016f<\/li>\n<\/ul>\n","protected":false},"excerpt":{"rendered":"<p>Ru\u010dn\u00ed VHF vys\u00edla\u010dka SR203 je za\u0159\u00edzen\u00ed schv\u00e1len\u00e9 FCC a ur\u010den\u00e9 pro v\u0161echny n\u00e1mo\u0159n\u00ed aplikace. Jej\u00ed digit\u00e1ln\u00ed displej a ovl\u00e1dac\u00ed tla\u010d\u00edtka jsou podsv\u00edcen\u00e1, tak\u017ee je za\u0159\u00edzen\u00ed snadno ovladateln\u00e9 i v tmav\u00e9m prost\u0159ed\u00ed. Pokud pot\u0159ebujete pomoc, SR203 VHF se snadno pou\u017e\u00edv\u00e1. Po aktivaci se tato vys\u00edla\u010dka automaticky nalad\u00ed na nouzov\u00fd kan\u00e1l 16 a m\u00e1 jedin\u00e9 tla\u010d\u00edtko pro rychl\u00e9 odesl\u00e1n\u00ed nouzov\u00e9 zpr\u00e1vy. SR203 VHF m\u00e1 v\u00fddr\u017e baterie p\u0159es 16 hodin a spl\u0148uje v\u0161echny po\u017eadavky IMO.    <\/p>\n<p>&nbsp;<\/p>\n<p><strong>Tento produkt nen\u00ed k dispozici pro komer\u010dn\u00ed prodej.<\/strong><\/p>\n<p>&nbsp;<\/p>\n","protected":false},"featured_media":154430,"template":"","meta":{"_acf_changed":false,"om_disable_all_campaigns":false},"product_brand":[],"product_cat":[5953,5719,5951],"product_tag":[9724,9721,9719,9730,9727,9731,9725,9728,9726,9720,9723,9722,9729,9732],"class_list":{"0":"post-154427","1":"product","2":"type-product","3":"status-publish","4":"has-post-thumbnail","6":"product_cat-komercni","7":"product_cat-namorni","8":"product_cat-pobrezni","9":"product_tag-antena-pro-namorni-vhf-radio","10":"product_tag-namorni-vhf-radia","11":"product_tag-namorni-vhf-radio","12":"product_tag-prezivsi-radio-gmdss","13":"product_tag-prodam-namorni-vhf-radia","14":"product_tag-radio-schvalene-gmdss","15":"product_tag-recenze-namornich-vhf-radii","16":"product_tag-rucni-namorni-vhf-radio","17":"product_tag-rucni-vhf-radio","18":"product_tag-vhf-namorni-radio","19":"product_tag-vhf-radia","20":"product_tag-vhf-radio-cs","21":"product_tag-vhf-radio-gmdss-cs","22":"product_tag-vhf-radio-gmdss-cs-2","23":"pa_boat-size-80-cs","24":"pa_boat-type-charterova-jachta","25":"pa_boat-type-jachta","26":"pa_boat-type-komercni-rybolov","27":"pa_boat-type-nakladni-lod","28":"pa_boat-type-plachetnice","29":"pa_boat-type-remorker","30":"pa_product-rescue-beacons-vhf-sart-cs","32":"first","33":"instock","34":"taxable","35":"shipping-taxable","36":"product-type-simple"},"acf":[],"_links":{"self":[{"href":"https:\/\/www.acrartex.com\/cs\/wp-json\/wp\/v2\/product\/154427","targetHints":{"allow":["GET"]}}],"collection":[{"href":"https:\/\/www.acrartex.com\/cs\/wp-json\/wp\/v2\/product"}],"about":[{"href":"https:\/\/www.acrartex.com\/cs\/wp-json\/wp\/v2\/types\/product"}],"wp:featuredmedia":[{"embeddable":true,"href":"https:\/\/www.acrartex.com\/cs\/wp-json\/wp\/v2\/media\/154430"}],"wp:attachment":[{"href":"https:\/\/www.acrartex.com\/cs\/wp-json\/wp\/v2\/media?parent=154427"}],"wp:term":[{"taxonomy":"product_brand","embeddable":true,"href":"https:\/\/www.acrartex.com\/cs\/wp-json\/wp\/v2\/product_brand?post=154427"},{"taxonomy":"product_cat","embeddable":true,"href":"https:\/\/www.acrartex.com\/cs\/wp-json\/wp\/v2\/product_cat?post=154427"},{"taxonomy":"product_tag","embeddable":true,"href":"https:\/\/www.acrartex.com\/cs\/wp-json\/wp\/v2\/product_tag?post=154427"}],"curies":[{"name":"wp","href":"https:\/\/api.w.org\/{rel}","templated":true}]}}