{"id":154351,"date":"2021-03-16T08:21:28","date_gmt":"2021-03-16T13:21:28","guid":{"rendered":"https:\/\/www.acrartex.com\/products\/aislink-cb1\/"},"modified":"2021-03-16T08:21:28","modified_gmt":"2021-03-16T13:21:28","slug":"aislink-cb1","status":"publish","type":"product","link":"https:\/\/www.acrartex.com\/cs\/products\/aislink-cb1\/","title":{"rendered":"AISLink CB1"},"content":{"rendered":"<p><strong>Vlastnosti:<\/strong><\/p>\n<ul>\n<li>Intern\u00ed GPS ant\u00e9na<\/li>\n<li>Schv\u00e1leno po cel\u00e9m sv\u011bt\u011b<\/li>\n<li>N\u00edzk\u00e1 spot\u0159eba energie<\/li>\n<li>Snadn\u00e1 instalace<\/li>\n<li>Tich\u00fd re\u017eim<\/li>\n<li>V\u00edce rozhran\u00ed<\/li>\n<li>Vod\u011bodolnost (IPx7)<\/li>\n<li>V\u00fdchoz\u00ed frekvence: AIS 1 \u2013 161,975 MHz, AIS 2 \u2013 162,025 MHz<\/li>\n<\/ul>\n<p>AIS transceiver ACR AISLink CB1 je celosv\u011btov\u011b schv\u00e1len a je extr\u00e9mn\u011b spolehliv\u00fd, obsahuje \u0159adu praktick\u00fdch funkc\u00ed pro u\u017eivatele. D\u00edky intern\u00ed GPS ant\u00e9n\u011b, kter\u00e1 umo\u017e\u0148uje pou\u017eit\u00ed extern\u00ed ant\u00e9ny, mohou u\u017eivatel\u00e9 u\u0161et\u0159it \u010das p\u0159i instalaci a z\u00e1rove\u0148 u\u0161et\u0159it m\u00edsto. Mezi dal\u0161\u00ed konstruk\u010dn\u00ed prvky, kter\u00e9 nab\u00edzej\u00ed dal\u0161\u00ed pohodl\u00ed, pat\u0159\u00ed mal\u00fd, robustn\u00ed a vodot\u011bsn\u00fd (certifikace IPx7) design s n\u00edzkou spot\u0159ebou energie.  <\/p>\n<p>AISLink CB1 je tak\u00e9 vybaven datov\u00fdm v\u00fdstupem NMEA0183 a NMEA2000, kter\u00fd umo\u017e\u0148uje bezprobl\u00e9movou interakci s naviga\u010dn\u00edmi syst\u00e9my. Mo\u017enost p\u0159epnout transceiver do tich\u00e9ho re\u017eimu tak\u00e9 poskytuje soukrom\u00ed a zabezpe\u010den\u00ed, proto\u017ee u\u017eivatel\u016fm umo\u017e\u0148uje vypnout p\u0159enos identifika\u010dn\u00edch informac\u00ed a z\u00e1rove\u0148 st\u00e1le sledovat p\u0159enosy z jin\u00fdch plavidel s AIS . <\/p>\n<p>&nbsp;<\/p>\n<p><a href=\"https:\/\/www.youtube.com\/watch?v=Q9f4lPY1wCg&amp;feature=youtu.be\" target=\"_blank\" rel=\"noopener\">Klikn\u011bte zde pro shl\u00e9dnut\u00ed videa s rychlou instalac\u00ed ACR AISLink CB1<\/a><\/p>\n","protected":false},"excerpt":{"rendered":"<p>Tento produkt byl ukon\u010den a ji\u017e nen\u00ed k dispozici k prodeji. Nov\u00fd <a href=\"https:\/\/www.acrartex.com\/products\/automatic-identification-system-aislink-cb2\/\">AISLink CB2 t\u0159\u00eddy B+ je nyn\u00ed k dispozici, v\u00edce informac\u00ed<\/a> . <\/p>\n<p>Podp\u016frn\u00e9 dokumenty pro AISLink CB1 jsou k dispozici na kart\u011b Ke sta\u017een\u00ed.<\/p>\n<p><span style=\"color: #3366ff;\"><strong>Tento produkt byl ukon\u010den.<\/strong><\/span><\/p>\n<p>&nbsp;<\/p>\n<p>&nbsp;<\/p>\n","protected":false},"featured_media":154352,"template":"","meta":{"_acf_changed":false,"om_disable_all_campaigns":false},"product_brand":[],"product_cat":[5719,6135],"product_tag":[9618,9619,9617,9621,9620],"class_list":{"0":"post-154351","1":"product","2":"type-product","3":"status-publish","4":"has-post-thumbnail","6":"product_cat-namorni","7":"product_cat-nezarazene","8":"product_tag-ais-cs","9":"product_tag-ais-tridy-b","10":"product_tag-aislink-cs","11":"product_tag-aislink-tridy-b","12":"product_tag-trida-b","13":"pa_product-dedictvi","15":"first","16":"outofstock","17":"product-type-simple"},"acf":[],"_links":{"self":[{"href":"https:\/\/www.acrartex.com\/cs\/wp-json\/wp\/v2\/product\/154351","targetHints":{"allow":["GET"]}}],"collection":[{"href":"https:\/\/www.acrartex.com\/cs\/wp-json\/wp\/v2\/product"}],"about":[{"href":"https:\/\/www.acrartex.com\/cs\/wp-json\/wp\/v2\/types\/product"}],"wp:featuredmedia":[{"embeddable":true,"href":"https:\/\/www.acrartex.com\/cs\/wp-json\/wp\/v2\/media\/154352"}],"wp:attachment":[{"href":"https:\/\/www.acrartex.com\/cs\/wp-json\/wp\/v2\/media?parent=154351"}],"wp:term":[{"taxonomy":"product_brand","embeddable":true,"href":"https:\/\/www.acrartex.com\/cs\/wp-json\/wp\/v2\/product_brand?post=154351"},{"taxonomy":"product_cat","embeddable":true,"href":"https:\/\/www.acrartex.com\/cs\/wp-json\/wp\/v2\/product_cat?post=154351"},{"taxonomy":"product_tag","embeddable":true,"href":"https:\/\/www.acrartex.com\/cs\/wp-json\/wp\/v2\/product_tag?post=154351"}],"curies":[{"name":"wp","href":"https:\/\/api.w.org\/{rel}","templated":true}]}}