{"id":154330,"date":"2021-03-16T08:21:43","date_gmt":"2021-03-16T13:21:43","guid":{"rendered":"https:\/\/www.acrartex.com\/products\/hydrofix-hru\/"},"modified":"2025-11-26T03:34:12","modified_gmt":"2025-11-26T08:34:12","slug":"hydrofix-hru","status":"publish","type":"product","link":"https:\/\/www.acrartex.com\/cs\/products\/hydrofix-hru\/","title":{"rendered":"HydroFix \u2122 HRU"},"content":{"rendered":"<p>Patentovan\u00fd ty\u010dov\u00fd syst\u00e9m se k uvoln\u011bn\u00ed maj\u00e1ku nespol\u00e9h\u00e1 na baterii, \u010depel ani pyrotechnick\u00e9 za\u0159\u00edzen\u00ed. Tato v\u00fdhoda umo\u017e\u0148uje rychl\u00e9, bezprobl\u00e9mov\u00e9 a spolehliv\u00e9 uvoln\u011bn\u00ed v p\u0159\u00edpad\u011b nouze. <\/p>\n<p>Upozor\u0148ujeme, \u017ee se jedn\u00e1 o v\u00fdrobek s datem v\u00fdroby a je nutn\u00e9 jej vym\u011bnit ka\u017ed\u00e9 2 roky od data instalace nebo 4 roky od data v\u00fdroby.<\/p>\n<ul>\n<li>Snadno vym\u011bniteln\u00e9<\/li>\n<li>100% testov\u00e1no v tov\u00e1rn\u011b<\/li>\n<li>\u010c\u00edslo patentu: 7 435 148<\/li>\n<\/ul>\n","protected":false},"excerpt":{"rendered":"<p>Hydrostatick\u00e1 uvol\u0148ovac\u00ed jednotka HydroFix \u2122 (HRU) je patentovan\u00fd ty\u010dov\u00fd syst\u00e9m, kter\u00fd umo\u017e\u0148uje rychl\u00e9 a spolehliv\u00e9 uvoln\u011bn\u00ed maj\u00e1ku z dr\u017e\u00e1ku kategorie I p\u0159i pono\u0159en\u00ed do vody v hloubce 1,5\u20134 metry (4,9\u201313,1 stop). Tato jednotka je navr\u017eena pro pou\u017eit\u00ed s \u200b\u200bdr\u017e\u00e1ky maj\u00e1k\u016f Sea Shelter \u2122, Sea Shelter \u21222, Sea Shelter \u21223 a Sea Shelter \u21224. <\/p>\n<p>&nbsp;<\/p>\n<h4><span style=\"color: #ff0000;\"><strong>S hrdost\u00ed vyrobeno v USA!<\/strong><\/span><\/h4>\n","protected":false},"featured_media":164469,"template":"","meta":{"_acf_changed":false,"om_disable_all_campaigns":false},"product_brand":[],"product_cat":[6688,5949,5953,5719,5951,5947],"product_tag":[9607,7078,9605,8208,9601,9593,9604,9591,9597,9595,9602,9603,9599,8210],"class_list":{"0":"post-154330","1":"product","2":"type-product","3":"status-publish","4":"has-post-thumbnail","6":"product_cat-bezpecnostni-prislusenstvi","7":"product_cat-blizko-pobrezi","8":"product_cat-komercni","9":"product_cat-namorni","10":"product_cat-pobrezni","11":"product_cat-vnitrozemi","12":"product_tag-automaticke-rozvinuti-epirb","13":"product_tag-cospas-sarsat-cs","14":"product_tag-epirb-kategorie-1-cs","15":"product_tag-epirb-namontovany-na-prepazce","16":"product_tag-hammar-h20-cs","17":"product_tag-hydrofix-cs","18":"product_tag-hydrostaticka-uvolnovaci-jednotka","19":"product_tag-hydrostaticke-uvolneni","20":"product_tag-hydrostaticke-uvolneni-epirbu","21":"product_tag-hydrostaticke-uvolneni-hammar","22":"product_tag-hydrostaticke-uvolneni-pro-epirb","23":"product_tag-hydrostaticke-uvolneni-pro-epirby","24":"product_tag-hydrostaticke-uvolnovani-hammar-h20","25":"product_tag-nizkoprofilovy-drzak-pro-epirb","26":"pa_boat-size-0-20-cs","27":"pa_boat-size-21-40-cs","28":"pa_boat-size-40-80-cs","29":"pa_boat-size-80-cs","30":"pa_boat-type-charterova-jachta","31":"pa_boat-type-jachta","32":"pa_boat-type-komercni-rybolov","33":"pa_boat-type-motorovy-clun","34":"pa_boat-type-nakladni-lod","35":"pa_boat-type-plachetnice","36":"pa_boat-type-remorker","37":"pa_boat-type-sportcraft-cs","38":"pa_product-bezpecnostni-prislusenstvi","39":"pa_product-rescue-beacons-cs","40":"pa_product-rescue-beacons-vhf-sart-cs","42":"first","43":"instock","44":"taxable","45":"shipping-taxable","46":"purchasable","47":"product-type-simple"},"acf":[],"_links":{"self":[{"href":"https:\/\/www.acrartex.com\/cs\/wp-json\/wp\/v2\/product\/154330","targetHints":{"allow":["GET"]}}],"collection":[{"href":"https:\/\/www.acrartex.com\/cs\/wp-json\/wp\/v2\/product"}],"about":[{"href":"https:\/\/www.acrartex.com\/cs\/wp-json\/wp\/v2\/types\/product"}],"wp:featuredmedia":[{"embeddable":true,"href":"https:\/\/www.acrartex.com\/cs\/wp-json\/wp\/v2\/media\/164469"}],"wp:attachment":[{"href":"https:\/\/www.acrartex.com\/cs\/wp-json\/wp\/v2\/media?parent=154330"}],"wp:term":[{"taxonomy":"product_brand","embeddable":true,"href":"https:\/\/www.acrartex.com\/cs\/wp-json\/wp\/v2\/product_brand?post=154330"},{"taxonomy":"product_cat","embeddable":true,"href":"https:\/\/www.acrartex.com\/cs\/wp-json\/wp\/v2\/product_cat?post=154330"},{"taxonomy":"product_tag","embeddable":true,"href":"https:\/\/www.acrartex.com\/cs\/wp-json\/wp\/v2\/product_tag?post=154330"}],"curies":[{"name":"wp","href":"https:\/\/api.w.org\/{rel}","templated":true}]}}