{"id":154236,"date":"2021-03-16T08:21:51","date_gmt":"2021-03-16T13:21:51","guid":{"rendered":"https:\/\/www.acrartex.com\/products\/globalfix-pro-epirb\/"},"modified":"2021-03-16T08:21:51","modified_gmt":"2021-03-16T13:21:51","slug":"globalfix-pro-epirb","status":"publish","type":"product","link":"https:\/\/www.acrartex.com\/cs\/products\/globalfix-pro-epirb\/","title":{"rendered":"GlobalFix \u2122 PRO EPIRB"},"content":{"rendered":"<p><a href=\"https:\/\/www.acrartex.com\/products\/globalfix-v5-ais-epirb\/\"><b><i>View dostupn\u00e9 upgrady produktu<\/i><\/b><\/a><\/p>\n<p>GlobalFix \u2122 PRO vys\u00edl\u00e1 unik\u00e1tn\u00ed registrovan\u00fd t\u00eds\u0148ov\u00fd sign\u00e1l, kter\u00fd z\u00e1chran\u00e1\u0159\u016fm nejen sd\u011bluje, kde se nach\u00e1z\u00edte, ale i kdo jste. Vestav\u011bn\u00fd GPS se po aktivaci automaticky zapne a zjist\u00ed va\u0161i polohu. Pot\u00e9 vyu\u017eije v\u00fdkonn\u00fd sign\u00e1l 406 MHz k p\u0159enosu va\u0161eho t\u00eds\u0148ov\u00e9ho vol\u00e1n\u00ed na satelity na ob\u011b\u017en\u00e9 dr\u00e1ze. B\u011bhem m\u00edstn\u00edho p\u00e1tr\u00e1n\u00ed a z\u00e1chrany z\u00e1chran\u00e1\u0159e navede samostatn\u00fd nav\u00e1d\u011bc\u00ed sign\u00e1l a integrovan\u00e9 LED stroboskopick\u00e9 sv\u011btlo na p\u0159esnou polohu.  <\/p>\n<p>&nbsp;<\/p>\n<p>GlobalFix \u2122 PRO je mal\u00fd a robustn\u00ed a v ka\u017ed\u00e9m z nich je zabudov\u00e1na v\u00edce ne\u017e 53 lety technologi\u00ed, kter\u00e9 zachra\u0148uj\u00ed \u017eivoty. Proveden\u00ed \u00fapln\u00e9ho funk\u010dn\u00edho autotestu vnit\u0159n\u00edch obvod\u016f GlobalFix \u2122 PRO, nap\u011bt\u00ed a nap\u00e1jen\u00ed baterie a p\u0159enosu 406 MHz v\u00e1m d\u00e1v\u00e1 klid s v\u011bdom\u00edm, \u017ee v\u00e1\u0161 EPIRB bude fungovat v okam\u017eiku, kdy ho budete nejv\u00edce pot\u0159ebovat. Exkluzivn\u011b ACR : Vestav\u011bn\u00fd testovac\u00ed re\u017eim pro z\u00edsk\u00e1v\u00e1n\u00ed GPS umo\u017e\u0148uje otestovat intern\u00ed GPS p\u0159ij\u00edma\u010d a ujistit se, \u017ee funguje spr\u00e1vn\u011b.  <\/p>\n<p>&nbsp;<\/p>\n<p>Vyu\u017eijte stejnou z\u00e1chrannou technologii ov\u011b\u0159enou v ter\u00e9nu, jakou pou\u017e\u00edv\u00e1 americk\u00e1 arm\u00e1da, pob\u0159e\u017en\u00ed str\u00e1\u017e, NATO, speci\u00e1ln\u00ed jednotky a arkti\u010dt\u00ed pr\u016fzkumn\u00edci.<\/p>\n<p>&nbsp;<\/p>\n<p>GlobalFix \u2122 PRO nab\u00edz\u00ed nejmodern\u011bj\u0161\u00ed lodn\u00ed elektronick\u00e9 z\u00e1chrann\u00e9 technologie:<\/p>\n<ul>\n<li>Vysoce viditeln\u00fd LED stroboskop \u2013 energeticky \u00fasporn\u00fd<\/li>\n<li>Intern\u00ed 66kan\u00e1lov\u00fd GPS \u2013 Rychl\u00fd studen\u00fd start<\/li>\n<li>Vysok\u00e1 \u00fa\u010dinnost \u2013 v\u00fdkon, na kter\u00fd se m\u016f\u017eete spolehnout<\/li>\n<li>Nebezpe\u010dn\u00e9 baterie \u2013 \u017e\u00e1dn\u00e9 probl\u00e9my s dopravou<\/li>\n<li>Profesion\u00e1ln\u00ed design \u2013 Navr\u017eeno, testov\u00e1no a vyrobeno pro roky n\u00e1ro\u010dn\u00e9ho n\u00e1mo\u0159n\u00edho pou\u017e\u00edv\u00e1n\u00ed<\/li>\n<li>Ergonomick\u00fd, kompaktn\u00ed design; Nejmen\u0161\u00ed dostupn\u00fd EPIRB s bohatou nab\u00eddkou funkc\u00ed<\/li>\n<\/ul>\n<p>&nbsp;<\/p>\n<p>Pokud jej pou\u017eijete&#8230; vym\u011bn\u00edme ho <a href=\"http:\/\/www.survivorclub.com\/\">zdarma<\/a> . Jednodu\u0161e n\u00e1m ode\u0161lete sv\u016fj p\u0159\u00edb\u011bh, vra\u0165te n\u00e1m sv\u016fj pou\u017eit\u00fd maj\u00e1k, abychom ho mohli um\u00edstit na na\u0161i Ze\u010f sl\u00e1vy, a my v\u00e1m za\u0161leme zcela nov\u00fd maj\u00e1k stejn\u00e9 nebo vy\u0161\u0161\u00ed hodnoty. <\/p>\n","protected":false},"excerpt":{"rendered":"<p>#Z\u016fsta\u0148teVBezpe\u010d\u00edVenku s nouzov\u00fdm r\u00e1diomaj\u00e1kem GlobalFix \u2122 PRO pro indikaci polohy ( EPIRB ). Tento maj\u00e1k je vybaven intern\u00edm GPS , kter\u00fd v p\u0159\u00edpad\u011b nouze na lodi rychle a p\u0159esn\u011b p\u0159en\u00e1\u0161\u00ed va\u0161i polohu do celosv\u011btov\u00e9 s\u00edt\u011b p\u00e1trac\u00edch a z\u00e1chrann\u00fdch satelit\u016f. M\u011bjte klid poka\u017ed\u00e9, kdy\u017e se vyd\u00e1te na voln\u00fd pr\u016fchod, s v\u011bdom\u00edm, \u017ee GlobalFix PRO EPIRB neust\u00e1le eliminuje \u201ep\u00e1tr\u00e1n\u00ed\u201c z \u201ep\u00e1tr\u00e1n\u00ed a z\u00e1chrany\u201c.  <\/p>\n<p><span style=\"color: #3366ff;\"><strong>Tento produkt byl aktualizov\u00e1n. <a href=\"https:\/\/www.acrartex.com\/products\/globalfix-v5-ais-epirb\/\">Klikn\u011bte zde<\/a> pro zobrazen\u00ed dostupn\u00fdch aktualizac\u00ed produktu.<\/strong><\/span><\/p>\n<p>&nbsp;<\/p>\n","protected":false},"featured_media":154241,"template":"","meta":{"_acf_changed":false,"om_disable_all_campaigns":false},"product_brand":[],"product_cat":[5719],"product_tag":[9451,9453,9449,5720,9445,5724,5730,6648,5541,9305,9443,9447],"class_list":{"0":"post-154236","1":"product","2":"type-product","3":"status-publish","4":"has-post-thumbnail","6":"product_cat-namorni","7":"product_tag-2842-cs","8":"product_tag-2844-cs","9":"product_tag-acr-globalfix-pro-cs","10":"product_tag-epirb-cs","11":"product_tag-globalfix-pro-cs","12":"product_tag-globalni-oprava","13":"product_tag-globalni-oprava-cs","14":"product_tag-majak","15":"product_tag-nouzovy-majak","16":"product_tag-nouzovy-signal-indikujici-radiovy-majak","17":"product_tag-profik","18":"product_tag-rlb-37-cs","19":"pa_product-dedictvi","21":"first","22":"outofstock","23":"taxable","24":"shipping-taxable","25":"product-type-variable"},"acf":[],"_links":{"self":[{"href":"https:\/\/www.acrartex.com\/cs\/wp-json\/wp\/v2\/product\/154236","targetHints":{"allow":["GET"]}}],"collection":[{"href":"https:\/\/www.acrartex.com\/cs\/wp-json\/wp\/v2\/product"}],"about":[{"href":"https:\/\/www.acrartex.com\/cs\/wp-json\/wp\/v2\/types\/product"}],"wp:featuredmedia":[{"embeddable":true,"href":"https:\/\/www.acrartex.com\/cs\/wp-json\/wp\/v2\/media\/154241"}],"wp:attachment":[{"href":"https:\/\/www.acrartex.com\/cs\/wp-json\/wp\/v2\/media?parent=154236"}],"wp:term":[{"taxonomy":"product_brand","embeddable":true,"href":"https:\/\/www.acrartex.com\/cs\/wp-json\/wp\/v2\/product_brand?post=154236"},{"taxonomy":"product_cat","embeddable":true,"href":"https:\/\/www.acrartex.com\/cs\/wp-json\/wp\/v2\/product_cat?post=154236"},{"taxonomy":"product_tag","embeddable":true,"href":"https:\/\/www.acrartex.com\/cs\/wp-json\/wp\/v2\/product_tag?post=154236"}],"curies":[{"name":"wp","href":"https:\/\/api.w.org\/{rel}","templated":true}]}}