{"id":153803,"date":"2021-03-16T08:09:24","date_gmt":"2021-03-16T13:09:24","guid":{"rendered":"https:\/\/www.acrartex.com\/products\/epirb-globalfix-v4\/"},"modified":"2025-09-08T12:11:38","modified_gmt":"2025-09-08T17:11:38","slug":"epirb-globalfix-v4","status":"publish","type":"product","link":"https:\/\/www.acrartex.com\/cs\/products\/epirb-globalfix-v4\/","title":{"rendered":"EPIRB GlobalFix \u2122 V4"},"content":{"rendered":"<p>GlobalFIX\u2122 V4 je pln\u011b vybaven\u00fd EPIRB s vysoce \u00fa\u010dinnou elektronikou pro v\u00fdkon, na kter\u00fd se m\u016f\u017eete spolehnout, v\u010detn\u011b intern\u00edho 66kan\u00e1lov\u00e9ho GPS pro rychlej\u0161\u00ed zachycen\u00ed sign\u00e1lu i p\u0159i studen\u00e9m startu. Ochrann\u00fd kryt kl\u00e1vesnice pom\u00e1h\u00e1 p\u0159edch\u00e1zet fale\u0161n\u00e9 aktivaci a u\u017eivatelsky vym\u011bniteln\u00e1 baterie m\u00e1 10letou \u017eivotnost. <\/p>\n<p>M\u00e1 dva funk\u010dn\u00ed autotesty pro sledov\u00e1n\u00ed p\u0159enosu maj\u00e1ku, v\u00fdkonu baterie a nab\u00edjen\u00ed GPS . Sp\u00e1rujte tyto testy s voliteln\u00fdm testovac\u00edm port\u00e1lem ACR 406Link.com (k dispozici pouze pro Ameriku) a p\u0159ij\u00edmejte potvrzovac\u00ed zpr\u00e1vy ze satelit\u016f p\u0159\u00edmo na v\u00e1\u0161 mobiln\u00ed telefon nebo e-mail. <\/p>\n<p>GlobalFIX\u2122 V4 nab\u00edz\u00ed nejmodern\u011bj\u0161\u00ed technologii pro z\u00e1chranu n\u00e1mo\u0159n\u00ed elektroniky:<\/p>\n<ul>\n<li>Vysoce viditeln\u00fd LED stroboskop \u2013 energeticky \u00fasporn\u00fd<\/li>\n<li>Intern\u00ed 66kan\u00e1lov\u00fd GPS \u2013 Rychlej\u0161\u00ed zachycen\u00ed sign\u00e1lu od studen\u00e9ho startu<\/li>\n<li>Vysoce \u00fa\u010dinn\u00e1 elektronika \u2013 v\u00fdkon, na kter\u00fd se m\u016f\u017eete spolehnout<\/li>\n<li>U\u017eivatelsky vym\u011bniteln\u00e1 baterie \u2013 \u017eivotnost baterie 10 let<\/li>\n<li>Profesion\u00e1ln\u00ed design \u2013 Navr\u017eeno, testov\u00e1no a vyrobeno pro roky pou\u017e\u00edv\u00e1n\u00ed v n\u00e1ro\u010dn\u00fdch podm\u00ednk\u00e1ch<\/li>\n<li>Jednoduch\u00e1 manu\u00e1ln\u00ed aktivace \u2013 Kl\u00e1vesnice s ochrann\u00fdm krytem pro prevenci fale\u0161n\u00fdch poplach\u016f<\/li>\n<\/ul>\n","protected":false},"excerpt":{"rendered":"<p>Kdy\u017e se vyd\u00e1v\u00e1te na dobrodru\u017estv\u00ed na lodi, je d\u016fle\u017eit\u00e9 m\u00edt bezpe\u010dnostn\u00ed vybaven\u00ed, na kter\u00e9 se m\u016f\u017eete spolehnout. Nouzov\u00fd r\u00e1diomaj\u00e1k GlobalFix \u2122 V4 GP s indikac\u00ed polohy ( EPIRB je navr\u017een s vysoce \u00fa\u010dinnou elektronikou a je konstruov\u00e1n pro v\u00fdkon a poskytuje ochranu, na kterou se m\u016f\u017eete v p\u0159\u00edpad\u011b nouze spolehnout. Pokud by se stalo n\u011bco neo\u010dek\u00e1van\u00e9ho, \u200b\u200btento EPIRB p\u0159ed\u00e1 va\u0161i polohu rozs\u00e1hl\u00e9 s\u00edti p\u00e1trac\u00edch a z\u00e1chrann\u00fdch satelit\u016f, co\u017e m\u00edstn\u00edm z\u00e1chrann\u00fdm slo\u017ek\u00e1m umo\u017en\u00ed snadn\u011bj\u0161\u00ed n\u00e1vrat dom\u016f.  <\/p>\n<p><strong>&#8220;Objevte tato dostupn\u00e1 \u0159e\u0161en\u00ed EPIRB !&#8221;<\/strong><\/p>\n<ul>\n<li><a href=\"https:\/\/www.acrartex.com\/products\/globalfix-v5-ais-epirb\/\">GlobalFix V5, AIS EPIRB nov\u00e9 generace<\/a><\/li>\n<li><a href=\"https:\/\/www.acrartex.com\/products\/rescueme-epirb1\/\">Ocean Signal EPIRB1, 406 MHz EPIRB<\/a><\/li>\n<li><a href=\"https:\/\/www.acrartex.com\/products\/ocean-signal-epirb1-pro\/\">Ocean Signal EPIRB1 Pro, 406 MHz EPIRB<\/a><\/li>\n<\/ul>\n<p>&nbsp;<\/p>\n<p><a href=\"https:\/\/www.dropbox.com\/s\/ya5dlsufoa2xsk9\/ACR%20-%20EPIRB%20-%20Comparison%20Chart.pdf?dl=1\" target=\"_blank\" rel=\"noopener\">Kter\u00fd si m\u00e1m koupit?<\/a><\/p>\n<p>&nbsp;<\/p>\n<p><a href=\"https:\/\/www.acrartex.com\/products\/406link-beacon-self-testing-service\/\"><img loading=\"lazy\" decoding=\"async\" class=\"alignnone\" style=\"width: 300px; height: 41px;\" src=\"\/\/dk2ztu5ooimmu.cloudfront.net\/ckeditor_assets\/pictures\/143\/406Link_with_desc_-_Tag.gif\" alt=\"\" width=\"641\" height=\"88\"><\/a><\/p>\n","protected":false},"featured_media":153812,"template":"","meta":{"_acf_changed":false,"om_disable_all_campaigns":false},"product_brand":[],"product_cat":[5949,5953,5719,5970,5951,5945,5947],"product_tag":[5720,9309,9301,5722,9299,9297,5724,5747,9317,9303,9295,5541,9315,9305,9307,9311,9313],"class_list":{"0":"post-153803","1":"product","2":"type-product","3":"status-publish","4":"has-post-thumbnail","6":"product_cat-blizko-pobrezi","7":"product_cat-komercni","8":"product_cat-namorni","9":"product_cat-namorni-sily","10":"product_cat-pobrezni","11":"product_cat-valecny","12":"product_cat-vnitrozemi","13":"product_tag-epirb-cs","14":"product_tag-epirb-s-gps","15":"product_tag-epirbu","16":"product_tag-global-cs","17":"product_tag-globalfix-epirb-cs","18":"product_tag-globalfix-v4-cs","19":"product_tag-globalni-oprava","20":"product_tag-gpirb-cs","21":"product_tag-gpirby","22":"product_tag-gps-epirb-cs","23":"product_tag-namorni","24":"product_tag-nouzovy-majak","25":"product_tag-nouzovy-majak-cs","26":"product_tag-nouzovy-signal-indikujici-radiovy-majak","27":"product_tag-radiove-majaky-indikujici-nouzovou-polohu","28":"product_tag-uzivatelem-vymenitelna-baterie-epirb","29":"product_tag-zachranny-majak","30":"pa_activity-rybolov","31":"pa_boat-size-0-20-cs","32":"pa_boat-size-21-40-cs","33":"pa_boat-size-40-80-cs","34":"pa_boat-size-80-cs","35":"pa_boat-type-charterova-jachta","36":"pa_boat-type-jachta","37":"pa_boat-type-komercni-rybolov","38":"pa_boat-type-motorovy-clun","39":"pa_boat-type-nakladni-lod","40":"pa_boat-type-plachetnice","41":"pa_boat-type-remorker","42":"pa_boat-type-sportcraft-cs","43":"pa_product-dedictvi","45":"first","46":"outofstock","47":"taxable","48":"shipping-taxable","49":"product-type-variable","50":"has-default-attributes"},"acf":[],"_links":{"self":[{"href":"https:\/\/www.acrartex.com\/cs\/wp-json\/wp\/v2\/product\/153803","targetHints":{"allow":["GET"]}}],"collection":[{"href":"https:\/\/www.acrartex.com\/cs\/wp-json\/wp\/v2\/product"}],"about":[{"href":"https:\/\/www.acrartex.com\/cs\/wp-json\/wp\/v2\/types\/product"}],"wp:featuredmedia":[{"embeddable":true,"href":"https:\/\/www.acrartex.com\/cs\/wp-json\/wp\/v2\/media\/153812"}],"wp:attachment":[{"href":"https:\/\/www.acrartex.com\/cs\/wp-json\/wp\/v2\/media?parent=153803"}],"wp:term":[{"taxonomy":"product_brand","embeddable":true,"href":"https:\/\/www.acrartex.com\/cs\/wp-json\/wp\/v2\/product_brand?post=153803"},{"taxonomy":"product_cat","embeddable":true,"href":"https:\/\/www.acrartex.com\/cs\/wp-json\/wp\/v2\/product_cat?post=153803"},{"taxonomy":"product_tag","embeddable":true,"href":"https:\/\/www.acrartex.com\/cs\/wp-json\/wp\/v2\/product_tag?post=153803"}],"curies":[{"name":"wp","href":"https:\/\/api.w.org\/{rel}","templated":true}]}}