{"id":153635,"date":"2021-03-16T08:09:37","date_gmt":"2021-03-16T13:09:37","guid":{"rendered":"https:\/\/www.acrartex.com\/products\/taska-rapidditch-express\/"},"modified":"2025-11-26T03:24:50","modified_gmt":"2025-11-26T08:24:50","slug":"taska-rapidditch-express","status":"publish","type":"product","link":"https:\/\/www.acrartex.com\/cs\/products\/taska-rapidditch-express\/","title":{"rendered":"Ta\u0161ka RapidDitch Express"},"content":{"rendered":"<p>Ulo\u017ete si v\u0161echny sv\u00e9 d\u016fle\u017eit\u00e9 osobn\u00ed v\u011bci a vybaven\u00ed pro p\u0159e\u017eit\u00ed do nov\u00e9 bra\u0161ny ACR RapidDitch \u2122 Express pro opu\u0161t\u011bn\u00ed lodi. Tato kompaktn\u00ed a plovouc\u00ed bezpe\u010dnostn\u00ed pom\u016fcka pohodln\u011b uchov\u00e1v\u00e1 ve\u0161ker\u00e9 va\u0161e nezbytn\u00e9 bezpe\u010dnostn\u00ed vybaven\u00ed uspo\u0159\u00e1dan\u00e9 a pohromad\u011b, co\u017e umo\u017e\u0148uje rychl\u00fd p\u0159\u00edstup v p\u0159\u00edpad\u011b nouze. Tato odoln\u00e1 bra\u0161na je vybavena v\u0161emi kapsami, popruhy a smy\u010dkami, kter\u00e9 pot\u0159ebujete k tomu, abyste m\u011bli bezpe\u010dnostn\u00ed vybaven\u00ed p\u0159ipraven\u00e9.  <\/p>\n<p>D\u00edky zv\u00fd\u0161en\u00e9mu vztlaku unese RapidDitch a\u017e 7 kg v\u00fdbavy a nov\u00fd reflexn\u00ed materi\u00e1l pom\u00e1h\u00e1 z\u00e1chrann\u00fdm slo\u017ek\u00e1m b\u00fdt odhaleny. Odoln\u00e1 vod\u011bodoln\u00e1 tkanina a samoopraviteln\u00e9 zipy odoln\u00e9 proti korozi odol\u00e1vaj\u00ed i t\u011bm nejdrsn\u011bj\u0161\u00edm pov\u011btrnostn\u00edm vliv\u016fm. RapidDitch Express umo\u017e\u0148uje p\u0159enosnost ve\u0161ker\u00e9ho va\u0161eho bezpe\u010dnostn\u00edho vybaven\u00ed, tak\u017ee m\u016f\u017eete snadno p\u0159en\u00e1\u0161et v\u0161e z lodi na lo\u010f.  <\/p>\n<p>Z\u016fsta\u0148te pohromad\u011b a na d\u00e9lku pa\u017ee s RapidDitch Express d\u00edky nov\u00e9mu inovativn\u00edmu syst\u00e9mu upev\u0148ov\u00e1n\u00ed p\u0159es ramenn\u00ed popruhy. Jednodu\u0161e odepn\u011bte popruhy a ty se rychle prom\u011bn\u00ed ve dva 1,2metrov\u00e9 bezpe\u010dnostn\u00ed postroje, kter\u00e9 jsou navr\u017eeny tak, aby v\u0161ichni ve vod\u011b z\u016fstali ve spojen\u00ed. <\/p>\n","protected":false},"excerpt":{"rendered":"<p>Bu\u010fte p\u0159ipraveni na ne\u010dekan\u00e9 s bra\u0161nou RapidDitch Express. Tato kompaktn\u00ed bra\u0161na na p\u0159e\u017eit\u00ed m\u00e1 kapsy, \u00fachyty a poutka pro pohodln\u00e9 uspo\u0159\u00e1d\u00e1n\u00ed a ulo\u017een\u00ed ve\u0161ker\u00e9ho nezbytn\u00e9ho bezpe\u010dnostn\u00edho vybaven\u00ed na jednom praktick\u00e9m m\u00edst\u011b. <\/p>\n<p>Tato ta\u0161ka je vyrobena z vod\u011bodoln\u00e9ho reflexn\u00edho materi\u00e1lu a je navr\u017eena tak, aby odolala nep\u0159\u00edzniv\u00fdm vliv\u016fm a usnadnila z\u00e1chrann\u00fdm t\u00fdm\u016fm va\u0161i identifikaci v dob\u00e1ch pot\u00ed\u017e\u00ed. Nav\u00edc d\u00edky sv\u00e9 vztlakov\u00e9 konstrukci unese RapidDitch Express a\u017e 7 kg v\u00fdbavy, pokud se dostane do vody. <\/p>\n<p>Inovativn\u00ed ramenn\u00ed popruh ta\u0161ky se odep\u00edn\u00e1 a snadno se prom\u011bn\u00ed ve dva 1,2metrov\u00e9 bezpe\u010dnostn\u00ed postroje, kter\u00e9 lze p\u0159ipnout k z\u00e1chrann\u00e9 vest\u011b a pou\u017e\u00edvat k udr\u017een\u00ed spojen\u00ed se v\u0161emi ve vod\u011b.<\/p>\n<p style=\"margin-left: 0in; margin-right: 0in;\"><span style=\"font-size: 11pt;\"><span style=\"font-family: Calibri,sans-serif;\"><a style=\"color: blue; text-decoration: underline;\" href=\"https:\/\/www.dropbox.com\/s\/fk04stqsp2hgk5f\/Prop%2065%20-%20DEHP.pdf?dl=0\"><span style=\"color: #000000;\">VAROV\u00c1N\u00cd: PROP 65<\/span><\/a><\/span><\/span><\/p>\n","protected":false},"featured_media":164298,"template":"","meta":{"_acf_changed":false,"om_disable_all_campaigns":false},"product_brand":[],"product_cat":[6688,5949,5719,5951,5790,5947],"product_tag":[9240,9244,9248,9110,9122,9106,9108,9125,9243,9112,9241],"class_list":{"0":"post-153635","1":"product","2":"type-product","3":"status-publish","4":"has-post-thumbnail","6":"product_cat-bezpecnostni-prislusenstvi","7":"product_cat-blizko-pobrezi","8":"product_cat-namorni","9":"product_cat-pobrezni","10":"product_cat-venkovni","11":"product_cat-vnitrozemi","12":"product_tag-expresni-taska","13":"product_tag-namorni-prikopovy-vak","14":"product_tag-plovouci-taska","15":"product_tag-preziti","16":"product_tag-prikopovy-pytel","17":"product_tag-rychly-prikop","18":"product_tag-taska","19":"product_tag-taska-na-utek","20":"product_tag-taska-na-vybaveni-pro-preziti","21":"product_tag-vak-na-preziti","22":"product_tag-vybaveni-pro-preziti","23":"pa_activity-rybolov","24":"pa_boat-size-0-20-cs","25":"pa_boat-size-21-40-cs","26":"pa_boat-size-40-80-cs","27":"pa_boat-size-80-cs","28":"pa_boat-type-charterova-jachta","29":"pa_boat-type-jachta","30":"pa_boat-type-komercni-rybolov","31":"pa_boat-type-motorovy-clun","32":"pa_boat-type-plachetnice","33":"pa_boat-type-remorker","34":"pa_boat-type-sportcraft-cs","35":"pa_product-bezpecnostni-prislusenstvi","36":"pa_terrain-reky-mokrady-jezera-cs","38":"first","39":"instock","40":"taxable","41":"shipping-taxable","42":"purchasable","43":"product-type-simple"},"acf":[],"_links":{"self":[{"href":"https:\/\/www.acrartex.com\/cs\/wp-json\/wp\/v2\/product\/153635","targetHints":{"allow":["GET"]}}],"collection":[{"href":"https:\/\/www.acrartex.com\/cs\/wp-json\/wp\/v2\/product"}],"about":[{"href":"https:\/\/www.acrartex.com\/cs\/wp-json\/wp\/v2\/types\/product"}],"wp:featuredmedia":[{"embeddable":true,"href":"https:\/\/www.acrartex.com\/cs\/wp-json\/wp\/v2\/media\/164298"}],"wp:attachment":[{"href":"https:\/\/www.acrartex.com\/cs\/wp-json\/wp\/v2\/media?parent=153635"}],"wp:term":[{"taxonomy":"product_brand","embeddable":true,"href":"https:\/\/www.acrartex.com\/cs\/wp-json\/wp\/v2\/product_brand?post=153635"},{"taxonomy":"product_cat","embeddable":true,"href":"https:\/\/www.acrartex.com\/cs\/wp-json\/wp\/v2\/product_cat?post=153635"},{"taxonomy":"product_tag","embeddable":true,"href":"https:\/\/www.acrartex.com\/cs\/wp-json\/wp\/v2\/product_tag?post=153635"}],"curies":[{"name":"wp","href":"https:\/\/api.w.org\/{rel}","templated":true}]}}