{"id":153478,"date":"2021-03-16T08:10:42","date_gmt":"2021-03-16T13:10:42","guid":{"rendered":"https:\/\/www.acrartex.com\/products\/elt-3000\/"},"modified":"2021-03-16T08:10:42","modified_gmt":"2021-03-16T13:10:42","slug":"elt-3000","status":"publish","type":"product","link":"https:\/\/www.acrartex.com\/cs\/products\/elt-3000\/","title":{"rendered":"ELT 3000"},"content":{"rendered":"<p>D\u00edky bezprobl\u00e9mov\u00e9 integraci s palubn\u00edmi NAV-Daty se zem\u011bpisn\u00e1 \u0161\u00ed\u0159ka\/d\u00e9lka automaticky p\u0159en\u00e1\u0161\u00ed ka\u017ed\u00fdch 50 sekund po dobu 24 hodin na t\u00eds\u0148ov\u00e9 frekvenci 406 MHz. To umo\u017e\u0148uje z\u00e1chrann\u00fdm slo\u017ek\u00e1m ur\u010dit p\u0159esnou polohu letadla b\u011bhem n\u011bkolika minut od aktivace maj\u00e1ku. <\/p>\n<p>Syst\u00e9m ARTEX ELT 3000 je navr\u017een tak, aby se sn\u00ed\u017eila velikost a hmotnost syst\u00e9mu ELT v snadno instalovateln\u00e9m proveden\u00ed. Pro zjednodu\u0161en\u00ed instalace vyu\u017e\u00edv\u00e1 ARTEX ELT 3000 jeden RF v\u00fdstup, kter\u00fd se p\u0159ipojuje k t\u0159\u00edp\u00e1smov\u00e9 ant\u00e9n\u011b, \u010d\u00edm\u017e se instalace redukuje na jeden koaxi\u00e1ln\u00ed kabel.  Jedin\u00fd vstup ant\u00e9ny a eliminace extern\u00edho naviga\u010dn\u00edho rozhran\u00ed v\u00fdrazn\u011b sni\u017euj\u00ed n\u00e1klady na instalaci.<\/p>\n<p>ARTEX ELT 3000 je kompatibiln\u00ed s exkluzivn\u00edm online syst\u00e9mem pro testov\u00e1n\u00ed satelit\u016f od ARTEX , 406Test.com. Tento exkluzivn\u00ed syst\u00e9m poskytuje v\u00fdsledky testov\u00e1n\u00ed maj\u00e1k\u016f v re\u00e1ln\u00e9m \u010dase prost\u0159ednictv\u00edm stejn\u00fdch satelit\u016f, kter\u00e9 pou\u017e\u00edvaj\u00ed p\u00e1trac\u00ed a z\u00e1chrann\u00e9 slu\u017eby, a zaji\u0161\u0165uje tak spr\u00e1vn\u00e9 fungov\u00e1n\u00ed syst\u00e9mu ELT .  Existuje d\u016fvod, pro\u010d si v\u00fdrobci letadel vyb\u00edraj\u00ed pr\u00e1v\u011b lokomotivy ARTEX ELT v\u00edce ne\u017e jak\u00e9koli jin\u00e9; ti d\u016fv\u011b\u0159uj\u00ed ARTEX , \u017ee vyrob\u00ed produkty nejvy\u0161\u0161\u00ed kvality s v\u011bdom\u00edm, \u017ee zachra\u0148uj\u00ed \u017eivoty.<\/p>\n<p><strong>Jak funguje ARTEX ELT 3000<\/strong><\/p>\n<p>Radiomaj\u00e1k ARTEX ELT 3000 lze aktivovat ru\u010dn\u011b (pomoc\u00ed d\u00e1lkov\u00e9ho sp\u00edna\u010de v kokpitu) nebo automaticky (G-sp\u00edna\u010d detekuje n\u00e1raz o frekvenci 2,3 G nebo vy\u0161\u0161\u00ed) a upozorn\u00ed nejbli\u017e\u0161\u00ed p\u00e1trac\u00ed a z\u00e1chrannou slu\u017ebu na nouzovou situaci. Sign\u00e1l 406 MHz, obsahuj\u00edc\u00ed GPS sou\u0159adnice letadla, je vys\u00edl\u00e1n na satelity Cospas-Sarsat a p\u0159ed\u00e1v\u00e1n do \u0159\u00eddic\u00edho st\u0159ediska mise, kde je okam\u017eit\u011b sm\u011brov\u00e1n k nejbli\u017e\u0161\u00ed p\u00e1trac\u00ed a z\u00e1chrann\u00e9 slu\u017eb\u011b. Maj\u00e1k poskytne z\u00e1chrann\u00fdm slo\u017ek\u00e1m p\u0159esnou polohu s p\u0159esnost\u00ed na 100 metr\u016f. Nav\u00e1d\u011bc\u00ed sign\u00e1ly 121,5\/243 MHz pom\u00e1haj\u00ed pozemn\u00edm p\u00e1trac\u00edm a z\u00e1chrann\u00fdm sil\u00e1m naj\u00edt m\u00edsto nouze.   <\/p>\n<p><strong>Snadn\u00e1 instalace<\/strong><\/p>\n<p>ARTEX ELT 3000 nab\u00edz\u00ed rychlou a snadnou mo\u017enost dodate\u010dn\u00e9 mont\u00e1\u017ee s flexibiln\u00edmi mo\u017enostmi instalace, jako je dvou- nebo p\u011btivodi\u010dov\u00fd d\u00e1lkov\u00fd sp\u00edna\u010d, kter\u00fd nevy\u017eaduje \u017e\u00e1dn\u00e9 nap\u00e1jen\u00ed z letadla. Proto\u017ee se jedn\u00e1 o ELT s jedn\u00edm v\u00fdstupem, vyu\u017e\u00edv\u00e1 ELT 3000 stejn\u00fd RF v\u00fdstup a pouze jeden koaxi\u00e1ln\u00ed kabel k p\u0159enosu sign\u00e1l\u016f 406 MHz i 121,5\/243 MHz. Vestav\u011bn\u00e9 naviga\u010dn\u00ed rozhran\u00ed sni\u017euje pot\u0159ebu mont\u00e1\u017ee sekund\u00e1rn\u00edho extern\u00edho rozhran\u00ed, co\u017e v\u00fdrazn\u011b sni\u017euje n\u00e1klady na instalaci. K dispozici jsou dva mont\u00e1\u017en\u00ed moduly. Jeden umo\u017e\u0148uje nejmen\u0161\u00ed mo\u017enou zastav\u011bnou plochu, zat\u00edmco druh\u00fd odpov\u00edd\u00e1 star\u0161\u00edm instalac\u00edm ELT \u0159ad ARTEX B a C, co\u017e d\u00e1le sni\u017euje n\u00e1klady na in\u017een\u00fdrsk\u00e9 pr\u00e1ce.    <\/p>\n<p><strong>Vlastnosti produktu<\/strong><\/p>\n<ul>\n<li>Nejmen\u0161\u00ed dostupn\u00fd ELT 406 MHz a nejleh\u010d\u00ed transportn\u00ed ELT s rozhran\u00edm ARINC\/ GPS RS232<\/li>\n<li>Automatick\u00fd pevn\u00fd Emergency Locator Transmitter<\/li>\n<li>T\u0159\u00edfrekven\u010dn\u00ed nouzov\u00fd maj\u00e1k, digit\u00e1ln\u00ed nav\u00e1d\u011bc\u00ed sign\u00e1ly 406 MHz a analogov\u00e9 121,5\/243 MHz<\/li>\n<li>Automatick\u00e1 aktivace pomoc\u00ed intern\u00edho G-sp\u00edna\u010de<\/li>\n<li>T\u0159\u00edp\u00e1smov\u00e1 ant\u00e9na s jedn\u00edm konektorem a kabelem k vys\u00edla\u010di<\/li>\n<li>Snadn\u00e1 \u00fadr\u017eba a instalace<\/li>\n<li>K dispozici je mnoho mo\u017enost\u00ed d\u00e1lkov\u00e9ho ovl\u00e1d\u00e1n\u00ed v kokpitu<\/li>\n<li>Mo\u017enost p\u0159ipojen\u00ed k palubn\u00edmu GPS p\u0159es integrovan\u00e9 rozhran\u00ed ARINC429 nebo RS232<\/li>\n<li>Data GPS jsou integrov\u00e1na do digit\u00e1ln\u00edho p\u0159enosu, \u010d\u00edm\u017e se dosah vyhled\u00e1v\u00e1n\u00ed sni\u017euje na 100 metr\u016f.<\/li>\n<li>Celosv\u011btov\u00e9 pokryt\u00ed Cospas-Sarsat<\/li>\n<li>\u017divotnost baterie 6 let (vym\u011bniteln\u00e1)<\/li>\n<li>K dispozici je verze pro vrtuln\u00edk s 5os\u00fdm G-Switchem<\/li>\n<li>Kompatibiln\u00ed se syst\u00e9mem pro testov\u00e1n\u00ed satelit\u016f ARTEX 406Test.com<\/li>\n<li>Spl\u0148uje po\u017eadavky FAA i EASA<\/li>\n<\/ul>\n<p>Seznam vybaven\u00ed pro z\u00e1chran\u00e1\u0159e ELT<\/p>\n<table style=\"border-collapse: collapse; width: 745pt; border: none;\" width=\"994\">\n<colgroup>\n<col style=\"width: 140pt;\" width=\"187\">\n<col style=\"width: 219pt;\" width=\"292\">\n<col style=\"width: 197pt;\" width=\"263\">\n<col style=\"width: 189pt;\" width=\"252\"> <\/colgroup>\n<tbody>\n<tr style=\"height: 20.0pt;\">\n<td class=\"xl66\" style=\"border: none; height: 20.0pt; width: 140pt; text-align: center; vertical-align: middle; padding-top: 1px; padding-right: 1px; padding-left: 1px;\" width=\"187\" height=\"27\"><\/td>\n<td class=\"xl68\" style=\"border: 0.5pt solid gray; background: #3c404a; width: 219pt; text-align: center; vertical-align: middle; padding-top: 1px; padding-right: 1px; padding-left: 1px;\" width=\"292\"><span style=\"font-size: 11pt;\"><span style=\"color: #b0e40a;\"><span style=\"font-weight: bold;\"><span style=\"font-style: normal;\"><span style=\"text-decoration: none;\"><span style=\"font-family: Calibri,sans-serif;\">Ant\u00e9na<\/span><\/span><\/span><\/span><\/span><\/span><\/td>\n<td class=\"xl68\" style=\"border: 0.5pt solid gray; background: #3c404a; border-left: none; width: 197pt; text-align: center; vertical-align: middle; padding-top: 1px; padding-right: 1px; padding-left: 1px;\" width=\"263\"><span style=\"font-size: 11pt;\"><span style=\"color: #b0e40a;\"><span style=\"font-weight: bold;\"><span style=\"font-style: normal;\"><span style=\"text-decoration: none;\"><span style=\"font-family: Calibri,sans-serif;\">D\u00e1lkov\u00fd sp\u00edna\u010d a p\u0159\u00edslu\u0161enstv\u00ed<\/span><\/span><\/span><\/span><\/span><\/span><\/td>\n<td class=\"xl67\" style=\"border: none; background: #3c404a; border-left: none; width: 189pt; text-align: center; vertical-align: middle; border-width: 0.5pt; border-style: solid; border-color: gray windowtext gray gray; padding-top: 1px; padding-right: 1px; padding-left: 1px;\" width=\"252\"><span style=\"font-size: 11pt;\"><span style=\"color: #b0e40a;\"><span style=\"font-weight: bold;\"><span style=\"font-style: normal;\"><span style=\"text-decoration: none;\"><span style=\"font-family: Calibri,sans-serif;\">Manu\u00e1ly\/Schv\u00e1len\u00ed\/Soubory ke sta\u017een\u00ed<\/span><\/span><\/span><\/span><\/span><\/span><\/td>\n<\/tr>\n<tr style=\"height: 20.0pt;\">\n<td class=\"xl70\" style=\"border: 0.5pt solid gray; background: #b0e40a; height: 20.0pt; text-align: center; vertical-align: middle; padding-top: 1px; padding-right: 1px; padding-left: 1px;\" height=\"27\"><span style=\"font-size: 11pt;\"><span style=\"font-weight: 400;\"><span style=\"font-style: normal;\"><span style=\"text-decoration: none;\"><span style=\"font-family: Calibri,sans-serif;\">ELT 3000 8221<\/span><\/span><\/span><\/span><\/span><\/td>\n<td class=\"xl69\" style=\"border: none; padding-top: 1px; padding-right: 1px; padding-left: 1px; vertical-align: bottom;\"><span style=\"font-size: 11pt;\"><span style=\"font-weight: 400;\"><span style=\"font-style: normal;\"><span style=\"text-decoration: none;\"><span style=\"font-family: Calibri,sans-serif;\"> <\/span><\/span><\/span><\/span><\/span><\/td>\n<td class=\"xl66\" style=\"border: none; text-align: center; vertical-align: middle; padding-top: 1px; padding-right: 1px; padding-left: 1px;\"><\/td>\n<td class=\"xl66\" style=\"border: none; text-align: center; vertical-align: middle; padding-top: 1px; padding-right: 1px; padding-left: 1px;\"><a href=\"https:\/\/www.dropbox.com\/s\/xbba3p4g5qxvgid\/8221d.pdf?dl=1\"><span style=\"font-size: 11pt;\"><span style=\"font-weight: 400;\"><span style=\"font-style: normal;\"><span style=\"text-decoration: none;\"><span style=\"font-family: Calibri,sans-serif;\">Seznam v\u011bc\u00ed k zabalen\u00ed<\/span><\/span><\/span><\/span><\/span><\/a><\/td>\n<\/tr>\n<tr style=\"height: 20.0pt;\">\n<td class=\"xl70\" style=\"border: 0.5pt solid gray; background: #b0e40a; height: 20.0pt; border-top: none; text-align: center; vertical-align: middle; padding-top: 1px; padding-right: 1px; padding-left: 1px;\" height=\"27\"><span style=\"font-size: 11pt;\"><span style=\"font-weight: 400;\"><span style=\"font-style: normal;\"><span style=\"text-decoration: none;\"><span style=\"font-family: Calibri,sans-serif;\">ELT 3000 8222<\/span><\/span><\/span><\/span><\/span><\/td>\n<td class=\"xl66\" style=\"border: none; text-align: center; vertical-align: middle; padding-top: 1px; padding-right: 1px; padding-left: 1px;\"><\/td>\n<td class=\"xl66\" style=\"border: none; text-align: center; vertical-align: middle; padding-top: 1px; padding-right: 1px; padding-left: 1px;\"><\/td>\n<td class=\"xl66\" style=\"border: none; text-align: center; vertical-align: middle; padding-top: 1px; padding-right: 1px; padding-left: 1px;\"><a href=\"https:\/\/www.dropbox.com\/s\/q04di0l0nlga6ql\/8222b.pdf?dl=1\"><span style=\"font-size: 11pt;\"><span style=\"font-weight: 400;\"><span style=\"font-style: normal;\"><span style=\"text-decoration: none;\"><span style=\"font-family: Calibri,sans-serif;\">Seznam v\u011bc\u00ed k zabalen\u00ed<\/span><\/span><\/span><\/span><\/span><\/a><\/td>\n<\/tr>\n<tr style=\"height: 20.0pt;\">\n<td class=\"xl70\" style=\"border: 0.5pt solid gray; background: #b0e40a; height: 20.0pt; border-top: none; text-align: center; vertical-align: middle; padding-top: 1px; padding-right: 1px; padding-left: 1px;\" height=\"27\"><span style=\"font-size: 11pt;\"><span style=\"font-weight: 400;\"><span style=\"font-style: normal;\"><span style=\"text-decoration: none;\"><span style=\"font-family: Calibri,sans-serif;\">ELT 3000 8223<\/span><\/span><\/span><\/span><\/span><\/td>\n<td class=\"xl66\" style=\"border: none; text-align: center; vertical-align: middle; padding-top: 1px; padding-right: 1px; padding-left: 1px;\"><span style=\"font-size: 11pt;\"><span style=\"font-weight: 400;\"><span style=\"font-style: normal;\"><span style=\"text-decoration: none;\"><span style=\"font-family: Calibri,sans-serif;\">110-338 (b\u00edl\u00e1) a 110-338-01 (\u010dern\u00e1)<\/span><\/span><\/span><\/span><\/span><\/td>\n<td class=\"xl66\" style=\"border: none; text-align: center; vertical-align: middle; padding-top: 1px; padding-right: 1px; padding-left: 1px;\"><span style=\"font-size: 11pt;\"><span style=\"font-weight: 400;\"><span style=\"font-style: normal;\"><span style=\"text-decoration: none;\"><span style=\"font-family: Calibri,sans-serif;\">8304<\/span><\/span><\/span><\/span><\/span><\/td>\n<td class=\"xl66\" style=\"border: none; text-align: center; vertical-align: middle; padding-top: 1px; padding-right: 1px; padding-left: 1px;\"><a href=\"https:\/\/www.dropbox.com\/s\/1ugrlpsd9nqpknt\/8223b.pdf?dl=1\"><span style=\"font-size: 11pt;\"><span style=\"font-weight: 400;\"><span style=\"font-style: normal;\"><span style=\"text-decoration: none;\"><span style=\"font-family: Calibri,sans-serif;\">Seznam v\u011bc\u00ed k zabalen\u00ed<\/span><\/span><\/span><\/span><\/span><\/a><\/td>\n<\/tr>\n<tr style=\"height: 20.0pt;\">\n<td class=\"xl70\" style=\"border: 0.5pt solid gray; background: #b0e40a; height: 20.0pt; border-top: none; text-align: center; vertical-align: middle; padding-top: 1px; padding-right: 1px; padding-left: 1px;\" height=\"27\"><span style=\"font-size: 11pt;\"><span style=\"font-weight: 400;\"><span style=\"font-style: normal;\"><span style=\"text-decoration: none;\"><span style=\"font-family: Calibri,sans-serif;\">ELT 3000 8224<\/span><\/span><\/span><\/span><\/span><\/td>\n<td class=\"xl66\" style=\"border: none; text-align: center; vertical-align: middle; padding-top: 1px; padding-right: 1px; padding-left: 1px;\"><span style=\"font-size: 11pt;\"><span style=\"font-weight: 400;\"><span style=\"font-style: normal;\"><span style=\"text-decoration: none;\"><span style=\"font-family: Calibri,sans-serif;\">110-340 a 110-340-01 (Ochrann\u00e1 hrana)<\/span><\/span><\/span><\/span><\/span><\/td>\n<td class=\"xl66\" style=\"border: none; text-align: center; vertical-align: middle; padding-top: 1px; padding-right: 1px; padding-left: 1px;\"><span style=\"font-size: 11pt;\"><span style=\"font-weight: 400;\"><span style=\"font-style: normal;\"><span style=\"text-decoration: none;\"><span style=\"font-family: Calibri,sans-serif;\">8304<\/span><\/span><\/span><\/span><\/span><\/td>\n<td class=\"xl66\" style=\"border: none; text-align: center; vertical-align: middle; padding-top: 1px; padding-right: 1px; padding-left: 1px;\"><a href=\"https:\/\/www.dropbox.com\/s\/8hg8d7dglsuvqxu\/8224b.pdf?dl=1\"><span style=\"font-size: 11pt;\"><span style=\"font-weight: 400;\"><span style=\"font-style: normal;\"><span style=\"text-decoration: none;\"><span style=\"font-family: Calibri,sans-serif;\">Seznam v\u011bc\u00ed k zabalen\u00ed<\/span><\/span><\/span><\/span><\/span><\/a><\/td>\n<\/tr>\n<\/tbody>\n<\/table>\n","protected":false},"excerpt":{"rendered":"<p>Bez Emergency Locator Transmitter ( ELT ) nejste nikdy pln\u011b p\u0159ipraveni. ELT 3000\u2122 je skute\u010dn\u011b integrovan\u00e9 bezpe\u010dnostn\u00ed za\u0159\u00edzen\u00ed. Jeho kompaktn\u00ed design a naviga\u010dn\u00ed rozhran\u00ed zaji\u0161\u0165uj\u00ed snadnou instalaci a p\u00e1trac\u00ed a z\u00e1chrann\u00e9 t\u00fdmy budou v\u017edy schopny lokalizovat va\u0161e letadlo. ELT3000 nav\u00edc automaticky vys\u00edl\u00e1 va\u0161i zem\u011bpisnou \u0161\u00ed\u0159ku\/d\u00e9lku ka\u017ed\u00fdch 50 sekund po dobu 24 hodin na t\u00eds\u0148ov\u00e9 frekvenci 406 MHz. To umo\u017e\u0148uje m\u00edstn\u00edm z\u00e1chrann\u00fdm slo\u017ek\u00e1m ur\u010dit p\u0159esnou polohu letadla b\u011bhem n\u011bkolika minut od aktivace maj\u00e1ku, pokud se dostanete do nouzov\u00e9 situace. Bu\u010fte p\u0159ipraveni na nep\u0159edv\u00eddateln\u00e9: \u2013 Manu\u00e1ln\u00ed a automatick\u00e1 aktivace \u2013 Dvouvodi\u010dov\u00fd d\u00e1lkov\u00fd sp\u00edna\u010d \u2013 Flexibiln\u00ed instalace \u2013 Mont\u00e1\u017en\u00ed dr\u017e\u00e1k z nerezov\u00e9 oceli \u2013 Vestav\u011bn\u00e9 naviga\u010dn\u00ed rozhran\u00ed     <\/p>\n<p><span style=\"color: #3366ff;\"><strong>Tento produkt byl ukon\u010den<\/strong><\/span><\/p>\n<p><a href=\"https:\/\/www.acrartex.com\/survival-products\/406test\"><img decoding=\"async\" style=\"width: 300px; height: 41px;\" src=\"https:\/\/dk2ztu5ooimmu.cloudfront.net\/ckeditor_assets\/pictures\/146\/406Test_with_desc_-_Tag.gif\" alt=\"\"><\/a><\/p>\n","protected":false},"featured_media":153481,"template":"","meta":{"_acf_changed":false,"om_disable_all_campaigns":false},"product_brand":[],"product_cat":[5964,8584,5534],"product_tag":[5544,5545,8905,5537,5639,9036,9034],"class_list":{"0":"post-153478","1":"product","2":"type-product","3":"status-publish","4":"has-post-thumbnail","6":"product_cat-business-jet-cs","7":"product_cat-komercni-letadla","8":"product_cat-letectvi","9":"product_tag-akr","10":"product_tag-artex-cs","11":"product_tag-elektronicky-vysilac-lokatoru-cs","12":"product_tag-elt-cs","13":"product_tag-elt-3000-cs","14":"product_tag-elt3000-cs","15":"product_tag-vysilac","16":"pa_aircraft-speed-200-350-uzlu","17":"pa_aircraft-speed-350-uzlu","18":"pa_aircraft-type-lehke-trysky","19":"pa_aircraft-type-stredne-velke-tryskace","20":"pa_product-dedictvi","21":"pa_product-reseni-elt","23":"first","24":"outofstock","25":"taxable","26":"shipping-taxable","27":"product-type-simple"},"acf":[],"_links":{"self":[{"href":"https:\/\/www.acrartex.com\/cs\/wp-json\/wp\/v2\/product\/153478","targetHints":{"allow":["GET"]}}],"collection":[{"href":"https:\/\/www.acrartex.com\/cs\/wp-json\/wp\/v2\/product"}],"about":[{"href":"https:\/\/www.acrartex.com\/cs\/wp-json\/wp\/v2\/types\/product"}],"wp:featuredmedia":[{"embeddable":true,"href":"https:\/\/www.acrartex.com\/cs\/wp-json\/wp\/v2\/media\/153481"}],"wp:attachment":[{"href":"https:\/\/www.acrartex.com\/cs\/wp-json\/wp\/v2\/media?parent=153478"}],"wp:term":[{"taxonomy":"product_brand","embeddable":true,"href":"https:\/\/www.acrartex.com\/cs\/wp-json\/wp\/v2\/product_brand?post=153478"},{"taxonomy":"product_cat","embeddable":true,"href":"https:\/\/www.acrartex.com\/cs\/wp-json\/wp\/v2\/product_cat?post=153478"},{"taxonomy":"product_tag","embeddable":true,"href":"https:\/\/www.acrartex.com\/cs\/wp-json\/wp\/v2\/product_tag?post=153478"}],"curies":[{"name":"wp","href":"https:\/\/api.w.org\/{rel}","templated":true}]}}