{"id":153398,"date":"2021-03-16T08:11:41","date_gmt":"2021-03-16T13:11:41","guid":{"rendered":"https:\/\/www.acrartex.com\/products\/me406-ace-elt\/"},"modified":"2021-03-16T08:11:41","modified_gmt":"2021-03-16T13:11:41","slug":"me406-ace-elt","status":"publish","type":"product","link":"https:\/\/www.acrartex.com\/cs\/products\/me406-ace-elt\/","title":{"rendered":"ME406 ACE ELT"},"content":{"rendered":"<p>Jednoduch\u00e1 instalace<br \/>\n Mont\u00e1\u017en\u00ed hardware pro \u0159adu ME406 je kompatibiln\u00ed se v\u0161emi p\u0159edchoz\u00edmi modely produkt\u016f Artex 406 MHz ELT , stejn\u011b jako s \u0159adami ELT -200, ACK, Pointer Model 3000 ELT a Narco ELT. Samostatn\u00fd d\u00e1lkov\u00fd sp\u00edna\u010d je nap\u00e1jen 6letou lithiovou bateri\u00ed, tak\u017ee je nez\u00e1visl\u00fd na nap\u00e1jen\u00ed z letadla. <\/p>\n<p>Radiostanice ARTEX ELT jsou volbou letadel v\u0161eobecn\u00e9ho letectv\u00ed, v\u010detn\u011b Cessna, Piper, Cirrus, Beechcraft, Diamond a Quest.<\/p>\n<p>&nbsp;<\/p>\n<p>Cenov\u011b v\u00fdhodn\u00fd upgrade na technologii Artex<br \/>\n Nov\u00fd d\u00e1lkov\u00fd sp\u00edna\u010d nahrazuje star\u00fd sp\u00edna\u010d ACK na p\u0159\u00edstrojov\u00e9 desce, \u010d\u00edm\u017e eliminuje pot\u0159ebu \u00faprav. Speci\u00e1ln\u00ed adapt\u00e9r namontovan\u00fd na ELT ME406 ACE p\u0159ipojuje z\u00e1str\u010dku na stran\u011b ELT . Doba instalace se d\u00e1le zkracuje op\u011btovn\u00fdm pou\u017eit\u00edm st\u00e1vaj\u00edc\u00edho kabelov\u00e9ho svazku pro p\u0159ipojen\u00ed d\u00e1lkov\u00e9ho sp\u00edna\u010de k ELT .  <\/p>\n<ul>\n<li>\u201eACE\u201c \u2013 Absolutn\u00ed n\u00e1kladov\u00e1 efektivita<\/li>\n<li>Modernizujte ACK a dvoufrekven\u010dn\u00ed ELT na technologii Artex 406 MHz<\/li>\n<li>Nahrazuje d\u00e1lkov\u00fd sp\u00edna\u010d ACK co do formy, proveden\u00ed a funkce.<\/li>\n<li>Znovu pou\u017eijte st\u00e1vaj\u00edc\u00ed kabelov\u00fd svazek od d\u00e1lkov\u00e9ho sp\u00edna\u010de k ELT<\/li>\n<li>D\u00e1lkov\u00fd sp\u00edna\u010d nez\u00e1visl\u00fd na nap\u00e1jen\u00ed letadla<\/li>\n<li>\u017divotnost baterie 6 let, n\u00e1hradn\u00ed baterie, \u010d\u00edslo d\u00edlu 455-0012<\/li>\n<li>Pokud jej pou\u017eijete&#8230; vym\u011bn\u00edme v\u00e1m ho <a href=\"http:\/\/www.survivorclub.com\/\">zdarma<\/a> . Jednodu\u0161e n\u00e1m ode\u0161lete sv\u016fj p\u0159\u00edb\u011bh, vra\u0165te n\u00e1m sv\u016fj pou\u017eit\u00fd maj\u00e1k, abychom ho mohli um\u00edstit na na\u0161i Ze\u010f sl\u00e1vy, a my v\u00e1m za\u0161leme zcela nov\u00fd maj\u00e1k stejn\u00e9 nebo vy\u0161\u0161\u00ed hodnoty. <\/li>\n<\/ul>\n<p>Certifikace<\/p>\n<ul>\n<li>Provozovatel p\u0159enosov\u00e9 soustavy C126<\/li>\n<li>ETSO 2C126<\/li>\n<li>Schv\u00e1leno Cospas\/Sarsat<\/li>\n<li>Schv\u00e1leno pro Transport &amp; Industry Canada<\/li>\n<\/ul>\n<p>Dodate\u010dn\u00e1 mont\u00e1\u017e<\/p>\n<p>V kombinaci s dodate\u010dnou mont\u00e1\u017e\u00ed d\u00e1lkov\u00e9ho sp\u00edna\u010de ELT umo\u017e\u0148uje op\u011btovn\u00e9 pou\u017eit\u00ed st\u00e1vaj\u00edc\u00edho kabelov\u00e9ho svazku mezi ELT a d\u00e1lkov\u00fdm sp\u00edna\u010dem v kokpitu.<\/p>\n<p>&nbsp;<\/p>\n<p>Seznam vybaven\u00ed pro z\u00e1chran\u00e1\u0159e ELT<\/p>\n<table style=\"border-collapse: collapse; width: 745pt; border: none;\" width=\"994\">\n<colgroup>\n<col style=\"width: 140pt;\" width=\"187\">\n<col style=\"width: 219pt;\" width=\"292\">\n<col style=\"width: 197pt;\" width=\"263\">\n<col style=\"width: 189pt;\" width=\"252\"> <\/colgroup>\n<tbody>\n<tr style=\"height: 20.0pt;\">\n<td class=\"xl66\" style=\"border: none; height: 20.0pt; width: 140pt; text-align: center; vertical-align: middle; padding-top: 1px; padding-right: 1px; padding-left: 1px;\" width=\"187\" height=\"27\"><\/td>\n<td class=\"xl69\" style=\"border: none; border-bottom: 0.5pt solid gray; background: #3c404a; width: 219pt; text-align: center; vertical-align: middle; border-top: none; border-right: 0.5pt solid gray; border-left: none; padding-top: 1px; padding-right: 1px; padding-left: 1px;\" width=\"292\"><span style=\"font-size: 11pt;\"><span style=\"color: #b0e40a;\"><span style=\"font-weight: bold;\"><span style=\"font-style: normal;\"><span style=\"text-decoration: none;\"><span style=\"font-family: Calibri,sans-serif;\">Ant\u00e9na<\/span><\/span><\/span><\/span><\/span><\/span><\/td>\n<td class=\"xl67\" style=\"border: none; border-bottom: 0.5pt solid gray; background: #3c404a; border-left: none; width: 197pt; text-align: center; vertical-align: middle; border-top: none; border-right: 0.5pt solid gray; padding-top: 1px; padding-right: 1px; padding-left: 1px;\" width=\"263\"><span style=\"font-size: 11pt;\"><span style=\"color: #b0e40a;\"><span style=\"font-weight: bold;\"><span style=\"font-style: normal;\"><span style=\"text-decoration: none;\"><span style=\"font-family: Calibri,sans-serif;\">D\u00e1lkov\u00fd sp\u00edna\u010d a p\u0159\u00edslu\u0161enstv\u00ed<\/span><\/span><\/span><\/span><\/span><\/span><\/td>\n<td class=\"xl68\" style=\"border: none; border-bottom: 0.5pt solid gray; background: #3c404a; border-left: none; width: 189pt; text-align: center; vertical-align: middle; border-top: none; border-right: 0.5pt solid windowtext; padding-top: 1px; padding-right: 1px; padding-left: 1px;\" width=\"252\"><span style=\"font-size: 11pt;\"><span style=\"color: #b0e40a;\"><span style=\"font-weight: bold;\"><span style=\"font-style: normal;\"><span style=\"text-decoration: none;\"><span style=\"font-family: Calibri,sans-serif;\">Manu\u00e1ly\/Schv\u00e1len\u00ed\/Soubory ke sta\u017een\u00ed<\/span><\/span><\/span><\/span><\/span><\/span><\/td>\n<\/tr>\n<tr style=\"height: 20.0pt;\">\n<td class=\"xl72\" style=\"border: none; border-bottom: 0.5pt solid gray; background: #b0e40a; height: 20.0pt; text-align: center; vertical-align: middle; border-top: none; border-right: 0.5pt solid gray; border-left: 0.5pt solid gray; padding-top: 1px; padding-right: 1px; padding-left: 1px;\" height=\"27\"><span style=\"font-size: 11pt;\"><span style=\"font-weight: 400;\"><span style=\"font-style: normal;\"><span style=\"text-decoration: none;\"><span style=\"font-family: Calibri,sans-serif;\">ELT ME406 ACE 455-6614<\/span><\/span><\/span><\/span><\/span><\/td>\n<td class=\"xl70\" style=\"border: none; text-align: center; vertical-align: middle; padding-top: 1px; padding-right: 1px; padding-left: 1px;\"><span style=\"font-size: 11pt;\"><span style=\"font-weight: 400;\"><span style=\"font-style: normal;\"><span style=\"text-decoration: none;\"><span style=\"font-family: Calibri,sans-serif;\">110-773<\/span><\/span><\/span><\/span><\/span><\/td>\n<td class=\"xl71\" style=\"border: none; text-align: center; vertical-align: middle; padding-top: 1px; padding-right: 1px; padding-left: 1px;\"><span style=\"font-size: 11pt;\"><span style=\"font-weight: 400;\"><span style=\"font-style: normal;\"><span style=\"text-decoration: none;\"><span style=\"font-family: Calibri,sans-serif;\">455-0023<\/span><\/span><\/span><\/span><\/span><\/td>\n<td class=\"xl66\" style=\"border: none; text-align: center; vertical-align: middle; padding-top: 1px; padding-right: 1px; padding-left: 1px;\"><a href=\"https:\/\/www.dropbox.com\/s\/kbp9y4ygk4pzhpj\/455-6614_packlist.pdf?dl=1\"><span style=\"font-size: 11pt;\"><span style=\"font-weight: 400;\"><span style=\"font-style: normal;\"><span style=\"text-decoration: none;\"><span style=\"font-family: Calibri,sans-serif;\">Seznam v\u011bc\u00ed k zabalen\u00ed<\/span><\/span><\/span><\/span><\/span><\/a><\/td>\n<\/tr>\n<tr style=\"height: 20.0pt;\">\n<td class=\"xl73\" style=\"border: none; border-bottom: none; background: #b0e40a; height: 20.0pt; text-align: center; vertical-align: middle; border-top: none; border-right: 0.5pt solid gray; border-left: 0.5pt solid gray; padding-top: 1px; padding-right: 1px; padding-left: 1px;\" height=\"27\"><span style=\"font-size: 11pt;\"><span style=\"font-weight: 400;\"><span style=\"font-style: normal;\"><span style=\"text-decoration: none;\"><span style=\"font-family: Calibri,sans-serif;\">ELT ME406 ACE 455-6608<\/span><\/span><\/span><\/span><\/span><\/td>\n<td class=\"xl66\" style=\"border: none; text-align: center; vertical-align: middle; padding-top: 1px; padding-right: 1px; padding-left: 1px;\"><\/td>\n<td class=\"xl66\" style=\"border: none; text-align: center; vertical-align: middle; padding-top: 1px; padding-right: 1px; padding-left: 1px;\"><\/td>\n<td class=\"xl66\" style=\"border: none; text-align: center; vertical-align: middle; padding-top: 1px; padding-right: 1px; padding-left: 1px;\"><a href=\"https:\/\/www.dropbox.com\/s\/7zi1f60khftihqz\/455-6608_packlist.pdf?dl=1\"><span style=\"font-size: 11pt;\"><span style=\"font-weight: 400;\"><span style=\"font-style: normal;\"><span style=\"text-decoration: none;\"><span style=\"font-family: Calibri,sans-serif;\">Seznam v\u011bc\u00ed k zabalen\u00ed<\/span><\/span><\/span><\/span><\/span><\/a><\/td>\n<\/tr>\n<\/tbody>\n<\/table>\n","protected":false},"excerpt":{"rendered":"<p>M\u011bjte klid s Emergency Locator Transmitter ( ELT ) po sv\u00e9m boku. ME406 ACE je nouzov\u00fd lokaliza\u010dn\u00ed ELT s jedn\u00edm v\u00fdstupem, kter\u00fd je navr\u017een pro snadnou instalaci. D\u00edky 6let\u00e9 \u017eivotnosti baterie je ME406 ACE ELT , na kter\u00fd se m\u016f\u017eete spolehnout v p\u0159\u00edpad\u011b nouze. Pokud byste n\u011bkdy museli aktivovat ELT , vys\u00edla\u010d s frekvenc\u00ed 406 MHz vys\u00edl\u00e1 ka\u017ed\u00fdch 50 sekund k\u00f3dovan\u00fd sign\u00e1l, aby upozornil p\u00e1trac\u00ed a z\u00e1chrann\u00e9 t\u00fdmy na va\u0161i polohu, aby v\u00e1s mohly snadn\u011bji dopravit dom\u016f.   <\/p>\n<p>&nbsp;<\/p>\n<p>&nbsp;<\/p>\n<p><img decoding=\"async\" style=\"width: 300px; height: 41px;\" src=\"https:\/\/dk2ztu5ooimmu.cloudfront.net\/ckeditor_assets\/pictures\/146\/406Test_with_desc_-_Tag.gif\" alt=\"\"><\/p>\n","protected":false},"featured_media":153400,"template":"","meta":{"_acf_changed":false,"om_disable_all_campaigns":false},"product_brand":[],"product_cat":[5534,5535],"product_tag":[8834,5537,8840,8842,8836,8844,6506,8838],"class_list":{"0":"post-153398","1":"product","2":"type-product","3":"status-publish","4":"has-post-thumbnail","6":"product_cat-letectvi","7":"product_cat-vseobecne-letectvi","8":"product_tag-elektronicky-vysilac-lokatoru","9":"product_tag-elt-cs","10":"product_tag-eso","11":"product_tag-eso-elt","12":"product_tag-ja-406","13":"product_tag-m406-elt-eso","14":"product_tag-me-406-elt-cs","15":"product_tag-me406-elt-cs","16":"pa_product-dedictvi","18":"first","19":"outofstock","20":"taxable","21":"shipping-taxable","22":"product-type-simple"},"acf":[],"_links":{"self":[{"href":"https:\/\/www.acrartex.com\/cs\/wp-json\/wp\/v2\/product\/153398","targetHints":{"allow":["GET"]}}],"collection":[{"href":"https:\/\/www.acrartex.com\/cs\/wp-json\/wp\/v2\/product"}],"about":[{"href":"https:\/\/www.acrartex.com\/cs\/wp-json\/wp\/v2\/types\/product"}],"wp:featuredmedia":[{"embeddable":true,"href":"https:\/\/www.acrartex.com\/cs\/wp-json\/wp\/v2\/media\/153400"}],"wp:attachment":[{"href":"https:\/\/www.acrartex.com\/cs\/wp-json\/wp\/v2\/media?parent=153398"}],"wp:term":[{"taxonomy":"product_brand","embeddable":true,"href":"https:\/\/www.acrartex.com\/cs\/wp-json\/wp\/v2\/product_brand?post=153398"},{"taxonomy":"product_cat","embeddable":true,"href":"https:\/\/www.acrartex.com\/cs\/wp-json\/wp\/v2\/product_cat?post=153398"},{"taxonomy":"product_tag","embeddable":true,"href":"https:\/\/www.acrartex.com\/cs\/wp-json\/wp\/v2\/product_tag?post=153398"}],"curies":[{"name":"wp","href":"https:\/\/api.w.org\/{rel}","templated":true}]}}