{"id":153328,"date":"2021-03-16T08:11:52","date_gmt":"2021-03-16T13:11:52","guid":{"rendered":"https:\/\/www.acrartex.com\/products\/rozhrani-elt-k-navigaci-boeing\/"},"modified":"2021-03-16T08:11:52","modified_gmt":"2021-03-16T13:11:52","slug":"rozhrani-elt-k-navigaci-boeing","status":"publish","type":"product","link":"https:\/\/www.acrartex.com\/cs\/products\/rozhrani-elt-k-navigaci-boeing\/","title":{"rendered":"Rozhran\u00ed ELT k navigaci Boeing"},"content":{"rendered":"<p>Rozhran\u00ed Artex \u201e ELT \/NAV Interface-B\u201c je navr\u017eeno pro propojen\u00ed mezi po\u010d\u00edta\u010dem \u0159\u00edzen\u00ed letu (FMC) spole\u010dnosti Boeing a d\u00e1lkov\u00fdm vys\u00edla\u010dem Artex B406-4 ELT . Jeho funkc\u00ed je p\u0159ij\u00edmat pr\u016fb\u011b\u017en\u00e9 aktualizace polohy z naviga\u010dn\u00edho syst\u00e9mu letadla a p\u0159ekl\u00e1dat je do spr\u00e1vn\u00e9ho form\u00e1tu pro pou\u017eit\u00ed ELT . Po aktivaci d\u00e1lkov\u00fd ELT p\u0159en\u00e1\u0161\u00ed zem\u011bpisnou \u0161\u00ed\u0159ku a d\u00e9lku letadla do satelitn\u00edho syst\u00e9mu COSPAS\/SARSAT. Znalost informac\u00ed o poloze umo\u017e\u0148uje p\u00e1trac\u00edm a z\u00e1chrann\u00fdm sil\u00e1m okam\u017eit\u011b zah\u00e1jit misi k posledn\u00ed zn\u00e1m\u00e9 poloze letadla. Rozhran\u00ed ELT \/NAV Interface-B je tak\u00e9 testov\u00e1no, aby spl\u0148ovalo p\u0159\u00edsn\u00e9 po\u017eadavky spole\u010dnosti Boeing pro pou\u017eit\u00ed v jejich letadlech, a tak\u00e9 aby spl\u0148ovalo po\u017eadavky TSO C126 a JTSO-2C126 jako sou\u010d\u00e1st syst\u00e9mu B406-4 ELT . Rozhran\u00ed ELT \/NAV Interface-B je k dispozici jako kompletn\u00ed sada (\u010d. d\u00edlu 455-6501). Sada obsahuje ve\u0161ker\u00fd pot\u0159ebn\u00fd instala\u010dn\u00ed hardware (\u0161rouby, podlo\u017eky atd.), kabelov\u00e9 konektory s kol\u00edky\/z\u00e1suvkami a manu\u00e1l.      <\/p>\n<p>P\u0159i spr\u00e1vn\u00e9 registraci m\u016f\u017ee tato technologie poskytnout p\u00e1trac\u00edm a z\u00e1chrann\u00fdm t\u00fdm\u016fm n\u00e1sleduj\u00edc\u00ed informace: 1) Typ letadla, 2) Majitel(\u00e9), 3) Kontaktn\u00ed osoba(y) pro p\u0159\u00edpad nouze, 4) K\u00f3d zem\u011b, 5) ID letadla nebo s\u00e9riov\u00e9 \u010d\u00edslo ELT , 6) V\u00fdrobce ELT , 7) Zem\u011bpisn\u00e1 \u0161\u00ed\u0159ka\/d\u00e9lka.       <\/p>\n<p>Dal\u0161\u00ed pokro\u010dilou funkc\u00ed rozhran\u00ed je mo\u017enost vlastn\u00edho naprogramov\u00e1n\u00ed ELT na \u201e24bitovou adresu\u201c (\u010d\u00edslo re\u017eimu S) p\u0159i\u0159azenou letadlu. To je mimo\u0159\u00e1dn\u011b u\u017eite\u010dn\u00e9 pro provozovatele letadel, kte\u0159\u00ed mohou shledat nutn\u00e9 m\u011bnit ELT v letadlech z d\u016fvodu \u00fadr\u017eby, proto\u017ee to eliminuje nutnost p\u0159eprogramovat ELT poka\u017ed\u00e9, kdy\u017e je p\u0159esunut. <\/p>\n","protected":false},"excerpt":{"rendered":"<p>Pokud \u010del\u00edte nouzov\u00e9 situaci, m\u016f\u017eete m\u00edt klid s v\u011bdom\u00edm, \u017ee d\u00edky rozhran\u00ed ELT -Nav-B budou p\u00e1trac\u00ed a z\u00e1chrann\u00e9 t\u00fdmy zn\u00e1t va\u0161i polohu (do 100 metr\u016f). Rozhran\u00ed ELT -Nav-B je navr\u017eeno pro p\u0159ipojen\u00ed mezi palubn\u00ed po\u010d\u00edta\u010d \u0159\u00edzen\u00ed letu (FMC) nebo GPS p\u0159ij\u00edma\u010d letadla a ELT B406-4 (Boeing). Toto za\u0159\u00edzen\u00ed p\u0159ij\u00edm\u00e1 nep\u0159etr\u017eit\u00e9 aktualizace polohy z naviga\u010dn\u00edho syst\u00e9mu letadla a pot\u00e9 je p\u0159ev\u00e1d\u00ed pro pou\u017eit\u00ed ELT . Pokud budete pot\u0159ebovat aktivovat ELT , zem\u011bpisn\u00e1 \u0161\u00ed\u0159ka a d\u00e9lka va\u0161eho letadla budou p\u0159eneseny do celosv\u011btov\u00e9 s\u00edt\u011b p\u00e1trac\u00edch a z\u00e1chrann\u00fdch satelit\u016f.   <\/p>\n","protected":false},"featured_media":153331,"template":"","meta":{"_acf_changed":false,"om_disable_all_campaigns":false},"product_brand":[],"product_cat":[5534],"product_tag":[8801,5537,8796,8713,8797,8799,8710],"class_list":{"0":"post-153328","1":"product","2":"type-product","3":"status-publish","4":"has-post-thumbnail","6":"product_cat-letectvi","7":"product_tag-boeing-cs","8":"product_tag-elt-cs","9":"product_tag-elttonav-cs","10":"product_tag-navigace","11":"product_tag-navigace-elt-2","12":"product_tag-navigacni-rozhrani-cs","13":"product_tag-z-vychodu-do-navigace","15":"first","16":"instock","17":"taxable","18":"shipping-taxable","19":"product-type-simple"},"acf":[],"_links":{"self":[{"href":"https:\/\/www.acrartex.com\/cs\/wp-json\/wp\/v2\/product\/153328","targetHints":{"allow":["GET"]}}],"collection":[{"href":"https:\/\/www.acrartex.com\/cs\/wp-json\/wp\/v2\/product"}],"about":[{"href":"https:\/\/www.acrartex.com\/cs\/wp-json\/wp\/v2\/types\/product"}],"wp:featuredmedia":[{"embeddable":true,"href":"https:\/\/www.acrartex.com\/cs\/wp-json\/wp\/v2\/media\/153331"}],"wp:attachment":[{"href":"https:\/\/www.acrartex.com\/cs\/wp-json\/wp\/v2\/media?parent=153328"}],"wp:term":[{"taxonomy":"product_brand","embeddable":true,"href":"https:\/\/www.acrartex.com\/cs\/wp-json\/wp\/v2\/product_brand?post=153328"},{"taxonomy":"product_cat","embeddable":true,"href":"https:\/\/www.acrartex.com\/cs\/wp-json\/wp\/v2\/product_cat?post=153328"},{"taxonomy":"product_tag","embeddable":true,"href":"https:\/\/www.acrartex.com\/cs\/wp-json\/wp\/v2\/product_tag?post=153328"}],"curies":[{"name":"wp","href":"https:\/\/api.w.org\/{rel}","templated":true}]}}