{"id":153292,"date":"2021-03-16T08:11:56","date_gmt":"2021-03-16T13:11:56","guid":{"rendered":"https:\/\/www.acrartex.com\/products\/2vodicove-rozhrani-elt-rswt\/"},"modified":"2021-03-16T08:11:56","modified_gmt":"2021-03-16T13:11:56","slug":"2vodicove-rozhrani-elt-rswt","status":"publish","type":"product","link":"https:\/\/www.acrartex.com\/cs\/products\/2vodicove-rozhrani-elt-rswt\/","title":{"rendered":"2vodi\u010dov\u00e9 rozhran\u00ed ELT \/ RSWT"},"content":{"rendered":"<p>Mnoho st\u00e1vaj\u00edc\u00edch instalac\u00ed TSO C91a s ELT Joliet, Pointer a Narco 121,5 MHz vyu\u017e\u00edv\u00e1 pouze 2 vodi\u010de mezi d\u00e1lkov\u00fdm sp\u00edna\u010dem v kokpitu a ELT . Jin\u00ed v\u00fdrobci ELT 121,5 MHz pou\u017e\u00edvaj\u00ed 3 nebo 4 vodi\u010de. Dvouvodi\u010dov\u00e9 d\u00e1lkov\u00e9 rozhran\u00ed Artex pou\u017e\u00edv\u00e1 pouze 2 st\u00e1vaj\u00edc\u00ed vodi\u010de z kabelov\u00e9ho svazku k p\u0159ipojen\u00ed nov\u00e9ho d\u00e1lkov\u00e9ho sp\u00edna\u010de v kokpitu k ELT Artex 406 MHz, co\u017e umo\u017e\u0148uje zjednodu\u0161en\u00fd a cenov\u011b efektivn\u00ed upgrade.  <\/p>\n<ul>\n<li>Upgradujte jakoukoli st\u00e1vaj\u00edc\u00ed instalaci C91a ELT na technologii Artex 406 MHz<\/li>\n<li>Zapojuje se mezi nov\u00fd d\u00e1lkov\u00fd sp\u00edna\u010d v kokpitu a 406 MHz ELT<\/li>\n<li>Zjednodu\u0161te instalaci a sni\u017ete n\u00e1klady vyu\u017eit\u00edm st\u00e1vaj\u00edc\u00edch 2, 3 nebo 4vodi\u010dov\u00fdch konfigurac\u00ed<\/li>\n<li>Jeden balic\u00ed list obsahuje v\u0161echny d\u00edly pot\u0159ebn\u00e9 k instalaci<\/li>\n<li>Schv\u00e1leno TSO C-126<\/li>\n<li>Dal\u0161\u00ed \u0159e\u0161en\u00ed pro dodate\u010dnou mont\u00e1\u017e od spole\u010dnosti Artex Products, kter\u00e9 dokazuje n\u00e1\u0161 z\u00e1vazek sni\u017eovat instala\u010dn\u00ed n\u00e1klady pro majitele letadel<\/li>\n<\/ul>\n","protected":false},"excerpt":{"rendered":"<p>Dvouvodi\u010dov\u00e9 d\u00e1lkov\u00e9 rozhran\u00ed navazuje na nouzov\u00fd vys\u00edla\u010d ME406 ACE ELT . Nouzov\u00fd lokaliz\u00e1tor ME406 ACE nahrazuje sou\u010dasn\u00e9 nouzov\u00e9 vys\u00edla\u010de ACK nebo Ameri-King 121,5 MHz a je dod\u00e1v\u00e1n s d\u00e1lkov\u00fdm sp\u00edna\u010dem a adapt\u00e9ry pro vyu\u017eit\u00ed st\u00e1vaj\u00edc\u00ed kabel\u00e1\u017ee. Dvouvodi\u010dov\u00e9 rozhran\u00ed ELT \/RSWT pou\u017e\u00edv\u00e1 pouze dva st\u00e1vaj\u00edc\u00ed vodi\u010de z kabelov\u00e9ho svazku k p\u0159ipojen\u00ed nov\u00e9ho d\u00e1lkov\u00e9ho sp\u00edna\u010de v kokpitu k kter\u00e9mukoli z nouzov\u00fdch vys\u00edla\u010d\u016f \u0159ady 406 MHz.  <\/p>\n","protected":false},"featured_media":153294,"template":"","meta":{"_acf_changed":false,"om_disable_all_campaigns":false},"product_brand":[],"product_cat":[5534],"product_tag":[8758,8766,8762,8764,8760,8768],"class_list":{"0":"post-153292","1":"product","2":"type-product","3":"status-publish","4":"has-post-thumbnail","6":"product_cat-letectvi","7":"product_tag-2-vodice","8":"product_tag-2vodicovy","9":"product_tag-2vodicovy-elt","10":"product_tag-2vodicovy-rswt","11":"product_tag-dva-draty","12":"product_tag-rozhrani-rswt","14":"first","15":"instock","16":"taxable","17":"shipping-taxable","18":"product-type-simple"},"acf":[],"_links":{"self":[{"href":"https:\/\/www.acrartex.com\/cs\/wp-json\/wp\/v2\/product\/153292","targetHints":{"allow":["GET"]}}],"collection":[{"href":"https:\/\/www.acrartex.com\/cs\/wp-json\/wp\/v2\/product"}],"about":[{"href":"https:\/\/www.acrartex.com\/cs\/wp-json\/wp\/v2\/types\/product"}],"wp:featuredmedia":[{"embeddable":true,"href":"https:\/\/www.acrartex.com\/cs\/wp-json\/wp\/v2\/media\/153294"}],"wp:attachment":[{"href":"https:\/\/www.acrartex.com\/cs\/wp-json\/wp\/v2\/media?parent=153292"}],"wp:term":[{"taxonomy":"product_brand","embeddable":true,"href":"https:\/\/www.acrartex.com\/cs\/wp-json\/wp\/v2\/product_brand?post=153292"},{"taxonomy":"product_cat","embeddable":true,"href":"https:\/\/www.acrartex.com\/cs\/wp-json\/wp\/v2\/product_cat?post=153292"},{"taxonomy":"product_tag","embeddable":true,"href":"https:\/\/www.acrartex.com\/cs\/wp-json\/wp\/v2\/product_tag?post=153292"}],"curies":[{"name":"wp","href":"https:\/\/api.w.org\/{rel}","templated":true}]}}