{"id":153261,"date":"2021-03-16T08:12:00","date_gmt":"2021-03-16T13:12:00","guid":{"rendered":"https:\/\/www.acrartex.com\/products\/rozhrani-elt-k-navigaci\/"},"modified":"2021-03-16T08:12:00","modified_gmt":"2021-03-16T13:12:00","slug":"rozhrani-elt-k-navigaci","status":"publish","type":"product","link":"https:\/\/www.acrartex.com\/cs\/products\/rozhrani-elt-k-navigaci\/","title":{"rendered":"Rozhran\u00ed ELT k navigaci"},"content":{"rendered":"<p>Znalost polohy (s p\u0159esnost\u00ed na 1 metr) umo\u017e\u0148uje p\u00e1trac\u00edm a z\u00e1chrann\u00fdm sil\u00e1m okam\u017eit\u011b zah\u00e1jit misi k posledn\u00ed zn\u00e1m\u00e9 poloze letadla. Rozhran\u00ed ELT \/NAV spl\u0148uje po\u017eadavky TSO C126 a JTSO-2C126 jako sou\u010d\u00e1st syst\u00e9mu ELT 406 MHz. P\u0159i spr\u00e1vn\u00e9 registraci m\u016f\u017ee tato technologie poskytnout p\u00e1trac\u00edm a z\u00e1chrann\u00fdm t\u00fdm\u016fm n\u00e1sleduj\u00edc\u00ed informace: 1) Typ letadla, 2) Majitel(\u00e9), 3) Kontaktn\u00ed osoba(y) pro p\u0159\u00edpad nouze, 4) K\u00f3d zem\u011b, 5) ID letadla nebo s\u00e9riov\u00e9 \u010d\u00edslo ELT , 6) V\u00fdrobce ELT a 7) Zem\u011bpisn\u00e1 \u0161\u00ed\u0159ka\/d\u00e9lka polohy.         <\/p>\n<p>Pokro\u010dilou funkc\u00ed naviga\u010dn\u00edho rozhran\u00ed je mo\u017enost vlastn\u00edho naprogramov\u00e1n\u00ed ELT na \u201e24bitovou adresu\u201c (\u010d\u00edslo re\u017eimu S) p\u0159i\u0159azenou letadlu. To je mimo\u0159\u00e1dn\u011b u\u017eite\u010dn\u00e9 pro provozovatele letadel, kte\u0159\u00ed vym\u011b\u0148uj\u00ed ELT, proto\u017ee eliminuje nutnost p\u0159eprogramov\u00e1n\u00ed ELT p\u0159ed jeho instalac\u00ed do jin\u00e9ho letadla. <\/p>\n<ul>\n<li>Umo\u017e\u0148uje ELT vys\u00edlat zem\u011bpisnou \u0161\u00ed\u0159ku a d\u00e9lku letadla<\/li>\n<li>P\u0159ipojuje ELT \u0159ady C406 a G406 k palubn\u00edmu po\u010d\u00edta\u010di \u0159\u00edzen\u00ed letu nebo GPS p\u0159ij\u00edma\u010di.<\/li>\n<li>Programuje ELT s 24bitovou adresou letadla<\/li>\n<li>Kompatibiln\u00ed se syst\u00e9my jako: Garmin, UNSD, ARNAV, IIMorrow, Bendix King<\/li>\n<\/ul>\n","protected":false},"excerpt":{"rendered":"<p>Pokud \u010del\u00edte nouzov\u00e9 situaci, m\u016f\u017eete m\u00edt klid s v\u011bdom\u00edm, \u017ee d\u00edky rozhran\u00ed ELT to Nav budou p\u00e1trac\u00ed a z\u00e1chrann\u00e9 t\u00fdmy zn\u00e1t va\u0161i polohu s p\u0159esnost\u00ed na 100 metr\u016f. Rozhran\u00ed ELT to Nav je navr\u017eeno pro p\u0159ipojen\u00ed mezi palubn\u00ed po\u010d\u00edta\u010d \u0159\u00edzen\u00ed letu (FMC) nebo GPS p\u0159ij\u00edma\u010d letadla a kter\u00fdkoli z ELT \u0159ady 406 MHz. To umo\u017e\u0148uje p\u0159enos va\u0161\u00ed polohy spolu s nouzov\u00fdm sign\u00e1lem.  <\/p>\n","protected":false},"featured_media":153265,"template":"","meta":{"_acf_changed":false,"om_disable_all_campaigns":false},"product_brand":[],"product_cat":[5964,8584,5534,5632],"product_tag":[5537,8721,8719,8713,8717,8715,8710],"class_list":{"0":"post-153261","1":"product","2":"type-product","3":"status-publish","4":"has-post-thumbnail","6":"product_cat-business-jet-cs","7":"product_cat-komercni-letadla","8":"product_cat-letectvi","9":"product_cat-rotorcraft","10":"product_tag-elt-cs","11":"product_tag-let","12":"product_tag-letoun","13":"product_tag-navigace","14":"product_tag-navigacni-rozhrani","15":"product_tag-rozhrani-elt-pro-navigaci","16":"product_tag-z-vychodu-do-navigace","17":"pa_aircraft-type-dopravni-letadla","18":"pa_aircraft-type-proudove-letadlo-pro-cestujici","19":"pa_aircraft-type-rotorcraft","20":"pa_aircraft-type-velke-trysky","21":"pa_product-reseni-elt","23":"first","24":"instock","25":"taxable","26":"shipping-taxable","27":"product-type-simple"},"acf":[],"_links":{"self":[{"href":"https:\/\/www.acrartex.com\/cs\/wp-json\/wp\/v2\/product\/153261","targetHints":{"allow":["GET"]}}],"collection":[{"href":"https:\/\/www.acrartex.com\/cs\/wp-json\/wp\/v2\/product"}],"about":[{"href":"https:\/\/www.acrartex.com\/cs\/wp-json\/wp\/v2\/types\/product"}],"wp:featuredmedia":[{"embeddable":true,"href":"https:\/\/www.acrartex.com\/cs\/wp-json\/wp\/v2\/media\/153265"}],"wp:attachment":[{"href":"https:\/\/www.acrartex.com\/cs\/wp-json\/wp\/v2\/media?parent=153261"}],"wp:term":[{"taxonomy":"product_brand","embeddable":true,"href":"https:\/\/www.acrartex.com\/cs\/wp-json\/wp\/v2\/product_brand?post=153261"},{"taxonomy":"product_cat","embeddable":true,"href":"https:\/\/www.acrartex.com\/cs\/wp-json\/wp\/v2\/product_cat?post=153261"},{"taxonomy":"product_tag","embeddable":true,"href":"https:\/\/www.acrartex.com\/cs\/wp-json\/wp\/v2\/product_tag?post=153261"}],"curies":[{"name":"wp","href":"https:\/\/api.w.org\/{rel}","templated":true}]}}