{"id":153139,"date":"2021-03-16T08:12:13","date_gmt":"2021-03-16T08:12:13","guid":{"rendered":"https:\/\/www.acrartex.com\/products\/c406-n-hm\/"},"modified":"2026-01-06T09:45:38","modified_gmt":"2026-01-06T14:45:38","slug":"c406-n-hm","status":"publish","type":"product","link":"https:\/\/www.acrartex.com\/cs\/products\/c406-n-hm\/","title":{"rendered":"C406-N HM"},"content":{"rendered":"<p>Pomoc\u00ed voliteln\u00e9ho programovac\u00edho adapt\u00e9ru lze ELT naprogramovat tak\u00e9 s 24bitovou adresou letadla pro oper\u00e1tory letadel a tak\u00e9 pro dal\u0161\u00ed vlastn\u00ed programov\u00e1n\u00ed. C406-N HM ELT je k dispozici pro aplikace ve vrtuln\u00edc\u00edch (HM) s v\u00edceos\u00fdm G-sp\u00edna\u010dem. <\/p>\n<p>&nbsp;<\/p>\n<p>ELT ARTEX jsou volbou vrtuln\u00edkov\u00fdch letadel, v\u010detn\u011b spole\u010dnost\u00ed Sikorsky, Airbus Helicopters, AgustaWestland a Bell.<\/p>\n<p>&nbsp;<\/p>\n<p>Seznam vybaven\u00ed pro z\u00e1chran\u00e1\u0159e ELT<\/p>\n<table style=\"border-collapse: collapse; width: 745pt; border: none;\" width=\"994\">\n<colgroup>\n<col style=\"width: 140pt;\" width=\"187\">\n<col style=\"width: 219pt;\" width=\"292\">\n<col style=\"width: 197pt;\" width=\"263\">\n<col style=\"width: 189pt;\" width=\"252\"> <\/colgroup>\n<tbody>\n<tr style=\"height: 20.0pt;\">\n<td class=\"xl66\" style=\"border: none; height: 20.0pt; width: 140pt; text-align: center; vertical-align: middle; padding-top: 1px; padding-right: 1px; padding-left: 1px;\" width=\"187\" height=\"27\"><\/td>\n<td class=\"xl68\" style=\"border: 0.5pt solid gray; background: #3c404a; width: 219pt; text-align: center; vertical-align: middle; padding-top: 1px; padding-right: 1px; padding-left: 1px;\" width=\"292\"><span style=\"font-size: 11pt;\"><span style=\"color: #b0e40a;\"><span style=\"font-weight: bold;\"><span style=\"font-style: normal;\"><span style=\"text-decoration: none;\"><span style=\"font-family: Calibri,sans-serif;\">Ant\u00e9na<\/span><\/span><\/span><\/span><\/span><\/span><\/td>\n<td class=\"xl68\" style=\"border: 0.5pt solid gray; background: #3c404a; border-left: none; width: 197pt; text-align: center; vertical-align: middle; padding-top: 1px; padding-right: 1px; padding-left: 1px;\" width=\"263\"><span style=\"font-size: 11pt;\"><span style=\"color: #b0e40a;\"><span style=\"font-weight: bold;\"><span style=\"font-style: normal;\"><span style=\"text-decoration: none;\"><span style=\"font-family: Calibri,sans-serif;\">D\u00e1lkov\u00fd sp\u00edna\u010d a p\u0159\u00edslu\u0161enstv\u00ed<\/span><\/span><\/span><\/span><\/span><\/span><\/td>\n<td class=\"xl67\" style=\"border: none; background: #3c404a; border-left: none; width: 189pt; text-align: center; vertical-align: middle; border-width: 0.5pt; border-style: solid; border-color: gray windowtext gray gray; padding-top: 1px; padding-right: 1px; padding-left: 1px;\" width=\"252\"><span style=\"font-size: 11pt;\"><span style=\"color: #b0e40a;\"><span style=\"font-weight: bold;\"><span style=\"font-style: normal;\"><span style=\"text-decoration: none;\"><span style=\"font-family: Calibri,sans-serif;\">Manu\u00e1ly\/Schv\u00e1len\u00ed\/Soubory ke sta\u017een\u00ed<\/span><\/span><\/span><\/span><\/span><\/span><\/td>\n<\/tr>\n<tr style=\"height: 20.0pt;\">\n<td class=\"xl70\" style=\"border: 0.5pt solid gray; background: #b0e40a; height: 20.0pt; text-align: center; vertical-align: middle; padding-top: 1px; padding-right: 1px; padding-left: 1px;\" height=\"27\"><span style=\"font-size: 11pt;\"><span style=\"font-weight: 400;\"><span style=\"font-style: normal;\"><span style=\"text-decoration: none;\"><span style=\"font-family: Calibri,sans-serif;\">ELT C406-N HM 455-5061<\/span><\/span><\/span><\/span><\/span><\/td>\n<td class=\"xl69\" style=\"border: none; padding-top: 1px; padding-right: 1px; padding-left: 1px; vertical-align: bottom;\"><span style=\"font-size: 11pt;\"><span style=\"font-weight: 400;\"><span style=\"font-style: normal;\"><span style=\"text-decoration: none;\"><span style=\"font-family: Calibri,sans-serif;\"> <\/span><\/span><\/span><\/span><\/span><\/td>\n<td class=\"xl66\" style=\"border: none; text-align: center; vertical-align: middle; padding-top: 1px; padding-right: 1px; padding-left: 1px;\"><span style=\"font-size: 11pt;\"><span style=\"font-weight: 400;\"><span style=\"font-style: normal;\"><span style=\"text-decoration: none;\"><span style=\"font-family: Calibri,sans-serif;\">455-6196<\/span><\/span><\/span><\/span><\/span><\/td>\n<td class=\"xl66\" style=\"border: none; text-align: center; vertical-align: middle; padding-top: 1px; padding-right: 1px; padding-left: 1px;\"><a href=\"https:\/\/www.dropbox.com\/s\/469gnu81leqi9pj\/455-5061_packlist.pdf?dl=1\"><span style=\"font-size: 11pt;\"><span style=\"font-weight: 400;\"><span style=\"font-style: normal;\"><span style=\"text-decoration: none;\"><span style=\"font-family: Calibri,sans-serif;\">Seznam v\u011bc\u00ed k zabalen\u00ed<\/span><\/span><\/span><\/span><\/span><\/a><\/td>\n<\/tr>\n<tr style=\"height: 20.0pt;\">\n<td class=\"xl70\" style=\"border: 0.5pt solid gray; background: #b0e40a; height: 20.0pt; border-top: none; text-align: center; vertical-align: middle; padding-top: 1px; padding-right: 1px; padding-left: 1px;\" height=\"27\"><span style=\"font-size: 11pt;\"><span style=\"font-weight: 400;\"><span style=\"font-style: normal;\"><span style=\"text-decoration: none;\"><span style=\"font-family: Calibri,sans-serif;\">ELT C406-N HM 455-5064<\/span><\/span><\/span><\/span><\/span><\/td>\n<td class=\"xl66\" style=\"border: none; text-align: center; vertical-align: middle; padding-top: 1px; padding-right: 1px; padding-left: 1px;\"><span style=\"font-size: 11pt;\"><span style=\"font-weight: 400;\"><span style=\"font-style: normal;\"><span style=\"text-decoration: none;\"><span style=\"font-family: Calibri,sans-serif;\">110-338 (b\u00edl\u00e1) a 110-338-01 (\u010dern\u00e1)<\/span><\/span><\/span><\/span><\/span><\/td>\n<td class=\"xl66\" style=\"border: none; text-align: center; vertical-align: middle; padding-top: 1px; padding-right: 1px; padding-left: 1px;\"><span style=\"font-size: 11pt;\"><span style=\"font-weight: 400;\"><span style=\"font-style: normal;\"><span style=\"text-decoration: none;\"><span style=\"font-family: Calibri,sans-serif;\">455-6196<\/span><\/span><\/span><\/span><\/span><\/td>\n<td class=\"xl66\" style=\"border: none; text-align: center; vertical-align: middle; padding-top: 1px; padding-right: 1px; padding-left: 1px;\"><a href=\"https:\/\/www.dropbox.com\/s\/ivskj3pzz2f6ln3\/455-5064_packlist.pdf?dl=1\"><span style=\"font-size: 11pt;\"><span style=\"font-weight: 400;\"><span style=\"font-style: normal;\"><span style=\"text-decoration: none;\"><span style=\"font-family: Calibri,sans-serif;\">Seznam v\u011bc\u00ed k zabalen\u00ed<\/span><\/span><\/span><\/span><\/span><\/a><\/td>\n<\/tr>\n<\/tbody>\n<\/table>\n","protected":false},"excerpt":{"rendered":"<p>Artex C406-N HM je nouzov\u00fd lokaliza\u010dn\u00ed vys\u00edla\u010d ( ELT ) s jedn\u00edm v\u00fdstupem, kter\u00fd obsahuje informace o zem\u011bpisn\u00e9 \u0161\u00ed\u0159ce a d\u00e9lce z naviga\u010dn\u00edho syst\u00e9mu letadla. V souladu s protokolem dlouh\u00fdch zpr\u00e1v se vys\u00edla\u010d 406 MHz zapne a vys\u00edl\u00e1 k\u00f3dovanou digit\u00e1ln\u00ed zpr\u00e1vu do satelitn\u00edho syst\u00e9mu Cospas\/Sarsat ka\u017ed\u00fdch 50 sekund po dobu 520 milisekund. B\u011bhem hav\u00e1rie se ELT automaticky aktivuje a vys\u00edl\u00e1 standardn\u00ed rozm\u00edtan\u00fd t\u00f3n na frekvenc\u00edch 121,5 a 243,0 MHz.  <\/p>\n","protected":false},"featured_media":153141,"template":"","meta":{"_acf_changed":false,"om_disable_all_campaigns":false},"product_brand":[],"product_cat":[5534,5632],"product_tag":[6519,6514,6510,6516,8634,8636,5537,5542],"class_list":{"0":"post-153139","1":"product","2":"type-product","3":"status-publish","4":"has-post-thumbnail","6":"product_cat-letectvi","7":"product_cat-rotorcraft","8":"product_tag-artex-c406-cs","9":"product_tag-artex-c406-1-cs","10":"product_tag-artex-me-406-cs","11":"product_tag-artex-me406-cs","12":"product_tag-c406-n-hm-cs","13":"product_tag-elektronicky-mistni-vysilac","14":"product_tag-elt-cs","15":"product_tag-nouzovy-vysilac-lokalizace","17":"first","18":"instock","19":"taxable","20":"shipping-taxable","21":"product-type-simple"},"acf":[],"_links":{"self":[{"href":"https:\/\/www.acrartex.com\/cs\/wp-json\/wp\/v2\/product\/153139","targetHints":{"allow":["GET"]}}],"collection":[{"href":"https:\/\/www.acrartex.com\/cs\/wp-json\/wp\/v2\/product"}],"about":[{"href":"https:\/\/www.acrartex.com\/cs\/wp-json\/wp\/v2\/types\/product"}],"wp:featuredmedia":[{"embeddable":true,"href":"https:\/\/www.acrartex.com\/cs\/wp-json\/wp\/v2\/media\/153141"}],"wp:attachment":[{"href":"https:\/\/www.acrartex.com\/cs\/wp-json\/wp\/v2\/media?parent=153139"}],"wp:term":[{"taxonomy":"product_brand","embeddable":true,"href":"https:\/\/www.acrartex.com\/cs\/wp-json\/wp\/v2\/product_brand?post=153139"},{"taxonomy":"product_cat","embeddable":true,"href":"https:\/\/www.acrartex.com\/cs\/wp-json\/wp\/v2\/product_cat?post=153139"},{"taxonomy":"product_tag","embeddable":true,"href":"https:\/\/www.acrartex.com\/cs\/wp-json\/wp\/v2\/product_tag?post=153139"}],"curies":[{"name":"wp","href":"https:\/\/api.w.org\/{rel}","templated":true}]}}