{"id":153031,"date":"2021-03-16T08:12:35","date_gmt":"2021-03-16T08:12:35","guid":{"rendered":"https:\/\/www.acrartex.com\/products\/b406-4\/"},"modified":"2026-01-06T09:38:33","modified_gmt":"2026-01-06T14:38:33","slug":"b406-4","status":"publish","type":"product","link":"https:\/\/www.acrartex.com\/cs\/products\/b406-4\/","title":{"rendered":"B406-4"},"content":{"rendered":"<p>Artex B406-4 vys\u00edl\u00e1 na v\u0161ech 3 nouzov\u00fdch frekvenc\u00edch (121,5\/243,0 a 406 MHz). ELT se automaticky aktivuje b\u011bhem hav\u00e1rie a vys\u00edl\u00e1 standardn\u00ed rozm\u00edtan\u00fd t\u00f3n na frekvenc\u00edch 121,5 a 243,0 MHz. Ka\u017ed\u00fdch 50 sekund po dobu 520 milisekund (protokol dlouh\u00fdch zpr\u00e1v) se vys\u00edla\u010d 406 MHz zapne a vy\u0161le k\u00f3dovanou digit\u00e1ln\u00ed zpr\u00e1vu do satelitn\u00edho syst\u00e9mu Cospas\/Sarsat. ELT lze naprogramovat s 24bitovou adresou letadla a tak\u00e9 s informacemi o zem\u011bpisn\u00e9 \u0161\u00ed\u0159ce\/d\u00e9lce z naviga\u010dn\u00edho syst\u00e9mu letadla, pokud se pou\u017e\u00edv\u00e1 s rozhran\u00edm Artex ELT \/NAV Interface -B (\u010d. d\u00edlu 453-6501). B406-4 je navr\u017een pro propojen\u00ed s hlavn\u00edm bezpe\u010dnostn\u00edm syst\u00e9mem Boeing ve spojen\u00ed s d\u00e1lkov\u00fdm panelem v kokpitu DZUS. Mont\u00e1\u017en\u00ed hardware pro B406-4 je kompatibiln\u00ed se v\u0161emi p\u0159edchoz\u00edmi verzemi ELT Artex 406 MHz.     <\/p>\n<p>&nbsp;<\/p>\n<p>ELT ARTEX jsou volbou komer\u010dn\u00edch letadel, v\u010detn\u011b spole\u010dnost\u00ed Boeing, Bombardier a Embraer.<\/p>\n","protected":false},"excerpt":{"rendered":"<p>Model B406-4 byl upraven pro propojen\u00ed s hlavn\u00edm bezpe\u010dnostn\u00edm syst\u00e9mem Boeing ve spojen\u00ed s d\u00e1lkov\u00fdm panelem kokpitu DZUS (\u010d. d\u00edlu 453-0161) pro B737 a je d\u00e1le schv\u00e1len pro pou\u017eit\u00ed na v\u0161ech modelech B747, B757, B767 a B777.<\/p>\n","protected":false},"featured_media":153075,"template":"","meta":{"_acf_changed":false,"om_disable_all_campaigns":false},"product_brand":[],"product_cat":[8584,5534],"product_tag":[8590,8594,5546,5545,8593,8611,8612,6519,6514,8597,8592,8596,8599,6510,6521,6516,8598,8608,8609,8613,7078,8601,8610,8603,6506,8607,8614,8605,8588],"class_list":{"0":"post-153031","1":"product","2":"type-product","3":"status-publish","4":"has-post-thumbnail","6":"product_cat-komercni-letadla","7":"product_cat-letectvi","8":"product_tag-1215-elt-cs","9":"product_tag-406-elt-cs","10":"product_tag-406-mhz-elt-cs","11":"product_tag-artex-cs","12":"product_tag-artex-110-4-cs","13":"product_tag-artex-b406-cs","14":"product_tag-artex-b406-elt-cs","15":"product_tag-artex-c406-cs","16":"product_tag-artex-c406-1-cs","17":"product_tag-artex-c406-2-cs","18":"product_tag-artex-elt-cs","19":"product_tag-artex-elt-110-4-cs","20":"product_tag-artex-elt-406-cs","21":"product_tag-artex-me-406-cs","22":"product_tag-artex-me-406-elt-cs","23":"product_tag-artex-me406-cs","24":"product_tag-artex-net-cs","25":"product_tag-b406-cs","26":"product_tag-b406-elt-cs","27":"product_tag-cospas-cs","28":"product_tag-cospas-sarsat-cs","29":"product_tag-elt-406-cs","30":"product_tag-elt-b406-cs","31":"product_tag-lokator-elt","32":"product_tag-me-406-elt-cs","33":"product_tag-sarsat-cs","34":"product_tag-sarsat-cospas-cs","35":"product_tag-tester-eltu-artex","36":"product_tag-vyska-1215","37":"pa_aircraft-type-dopravni-letadla","38":"pa_aircraft-type-lehke-trysky","39":"pa_aircraft-type-proudove-letadlo-pro-cestujici","40":"pa_aircraft-type-stredne-velke-tryskace","41":"pa_aircraft-type-velke-trysky","42":"pa_product-reseni-elt","44":"first","45":"instock","46":"taxable","47":"shipping-taxable","48":"product-type-simple"},"acf":[],"_links":{"self":[{"href":"https:\/\/www.acrartex.com\/cs\/wp-json\/wp\/v2\/product\/153031","targetHints":{"allow":["GET"]}}],"collection":[{"href":"https:\/\/www.acrartex.com\/cs\/wp-json\/wp\/v2\/product"}],"about":[{"href":"https:\/\/www.acrartex.com\/cs\/wp-json\/wp\/v2\/types\/product"}],"wp:featuredmedia":[{"embeddable":true,"href":"https:\/\/www.acrartex.com\/cs\/wp-json\/wp\/v2\/media\/153075"}],"wp:attachment":[{"href":"https:\/\/www.acrartex.com\/cs\/wp-json\/wp\/v2\/media?parent=153031"}],"wp:term":[{"taxonomy":"product_brand","embeddable":true,"href":"https:\/\/www.acrartex.com\/cs\/wp-json\/wp\/v2\/product_brand?post=153031"},{"taxonomy":"product_cat","embeddable":true,"href":"https:\/\/www.acrartex.com\/cs\/wp-json\/wp\/v2\/product_cat?post=153031"},{"taxonomy":"product_tag","embeddable":true,"href":"https:\/\/www.acrartex.com\/cs\/wp-json\/wp\/v2\/product_tag?post=153031"}],"curies":[{"name":"wp","href":"https:\/\/api.w.org\/{rel}","templated":true}]}}