{"id":153022,"date":"2021-03-16T08:12:25","date_gmt":"2021-03-16T08:12:25","guid":{"rendered":"https:\/\/www.acrartex.com\/products\/c406-1\/"},"modified":"2026-03-06T09:23:59","modified_gmt":"2026-03-06T14:23:59","slug":"c406-1","status":"publish","type":"product","link":"https:\/\/www.acrartex.com\/cs\/products\/c406-1\/","title":{"rendered":"C406-1"},"content":{"rendered":"<p>Radiostanice C406-1 byla testov\u00e1na a spl\u0148uje p\u0159\u00edsn\u00e9 po\u017eadavky normy TSO C126, v\u010detn\u011b r\u00e1z\u016f 500 G, tlakov\u00fdch zkou\u0161ek 1000 liber a tak\u00e9 zkou\u0161ek plamenem a vibracemi. Radiostanice C406-1 je k dispozici pro pou\u017eit\u00ed s \u200b\u200blevn\u00fdmi prutov\u00fdmi ant\u00e9nami Artex, ty\u010dov\u00fdmi ant\u00e9nami nebo lopatkov\u00fdmi ant\u00e9nami. Radiostanici C406-1 lze propojit s voliteln\u00fdm rozhran\u00edm Artex ELT \/NAV, kter\u00e9 umo\u017e\u0148uje p\u0159enos dat o zem\u011bpisn\u00e9 \u0161\u00ed\u0159ce a d\u00e9lce jako sou\u010d\u00e1st zpr\u00e1vy na frekvenci 406 MHz. Radiostanice C406-1 pou\u017e\u00edv\u00e1 jeden koaxi\u00e1ln\u00ed kabel pro v\u0161echny t\u0159i frekvence. Radiostanice C406-1 ELT je k dispozici pro pou\u017eit\u00ed s \u200b\u200bpevn\u00fdmi k\u0159\u00eddly s jednosm\u011brn\u00fdm G-switchem a pro vrtuln\u00edky s v\u00edceos\u00fdm G-switchem.    <\/p>\n<p>Raketopl\u00e1ny ARTEX ELT jsou volbou komer\u010dn\u00edch letadel v\u010detn\u011b spole\u010dnost\u00ed Boeing, Bombardier a Embraer a business jet\u016f v\u010detn\u011b spole\u010dnost\u00ed Cessna, Beechcraft, Quest, Gulfstream a Embraer.<\/p>\n<p>Okam\u017eit\u00e1 p\u00e1trac\u00ed a z\u00e1chrann\u00e1 akce s kompletn\u00ed registrac\u00ed<\/p>\n<ul>\n<li>Provoz na frekvenc\u00edch 121,5, 243 a 406 MHz<\/li>\n<li>Celosv\u011btov\u00e9 pokryt\u00ed<\/li>\n<li>Kompatibiln\u00ed s rozhran\u00edm ELT pro navigaci<\/li>\n<li><a title=\"C406-1HM\" href=\"https:\/\/www.acrartex.com\/cs\/products\/c406-1-hm\/\">Model vrtuln\u00edku k dispozici (453-5003)<\/a><\/li>\n<li>5let\u00e1 \u017eivotnost baterie (n\u00e1hradn\u00ed baterie, \u010d\u00edslo d\u00edlu 452-0133)<\/li>\n<li>Pokud jej pou\u017eijete&#8230;vym\u011bn\u00edme v\u00e1m ho <a href=\"http:\/\/www.survivorclub.com\/\">zdarma<\/a> . Jednodu\u0161e n\u00e1m ode\u0161lete sv\u016fj p\u0159\u00edb\u011bh, po\u0161lete n\u00e1m zp\u011bt sv\u016fj pou\u017eit\u00fd maj\u00e1k, abychom ho mohli um\u00edstit na na\u0161i Ze\u010f sl\u00e1vy, a my v\u00e1m za\u0161leme zcela nov\u00fd maj\u00e1k stejn\u00e9 nebo vy\u0161\u0161\u00ed hodnoty.<\/li>\n<\/ul>\n<p>Certifikace<\/p>\n<ul>\n<li>Provozovatel p\u0159enosov\u00e9 soustavy C126<\/li>\n<li>ETSO 2C126<\/li>\n<li>Schv\u00e1leno Cospas\/Sarsat<\/li>\n<li>Schv\u00e1leno pro Transport &amp; Industry Canada<\/li>\n<\/ul>\n<p>Seznam vybaven\u00ed pro z\u00e1chran\u00e1\u0159e ELT<\/p>\n<table style=\"border-collapse: collapse; width: 745pt; border: none;\" width=\"994\">\n<colgroup>\n<col style=\"width: 140pt;\" width=\"187\">\n<col style=\"width: 219pt;\" width=\"292\">\n<col style=\"width: 197pt;\" width=\"263\">\n<col style=\"width: 189pt;\" width=\"252\"> <\/colgroup>\n<tbody>\n<tr style=\"height: 20.0pt;\">\n<td class=\"xl66\" style=\"border: none; height: 20.0pt; width: 140pt; text-align: center; vertical-align: middle; padding-top: 1px; padding-right: 1px; padding-left: 1px;\" width=\"187\" height=\"27\"><\/td>\n<td class=\"xl69\" style=\"border: 0.5pt solid gray; background: #3c404a; width: 219pt; text-align: center; vertical-align: middle; padding-top: 1px; padding-right: 1px; padding-left: 1px;\" width=\"292\"><span style=\"font-size: 11pt;\"><span style=\"color: #b0e40a;\"><span style=\"font-weight: bold;\"><span style=\"font-style: normal;\"><span style=\"text-decoration: none;\"><span style=\"font-family: Calibri,sans-serif;\">Ant\u00e9na<\/span><\/span><\/span><\/span><\/span><\/span><\/td>\n<td class=\"xl69\" style=\"border: 0.5pt solid gray; background: #3c404a; border-left: none; width: 197pt; text-align: center; vertical-align: middle; padding-top: 1px; padding-right: 1px; padding-left: 1px;\" width=\"263\"><span style=\"font-size: 11pt;\"><span style=\"color: #b0e40a;\"><span style=\"font-weight: bold;\"><span style=\"font-style: normal;\"><span style=\"text-decoration: none;\"><span style=\"font-family: Calibri,sans-serif;\">D\u00e1lkov\u00fd sp\u00edna\u010d a p\u0159\u00edslu\u0161enstv\u00ed<\/span><\/span><\/span><\/span><\/span><\/span><\/td>\n<td class=\"xl68\" style=\"border: none; background: #3c404a; border-left: none; width: 189pt; text-align: center; vertical-align: middle; border-width: 0.5pt; border-style: solid; border-color: gray windowtext gray gray; padding-top: 1px; padding-right: 1px; padding-left: 1px;\" width=\"252\"><span style=\"font-size: 11pt;\"><span style=\"color: #b0e40a;\"><span style=\"font-weight: bold;\"><span style=\"font-style: normal;\"><span style=\"text-decoration: none;\"><span style=\"font-family: Calibri,sans-serif;\">Manu\u00e1ly\/Schv\u00e1len\u00ed\/Soubory ke sta\u017een\u00ed<\/span><\/span><\/span><\/span><\/span><\/span><\/td>\n<\/tr>\n<tr style=\"height: 20.0pt;\">\n<td class=\"xl71\" style=\"border: 0.5pt solid gray; background: #b0e40a; height: 20.0pt; text-align: center; vertical-align: middle; padding-top: 1px; padding-right: 1px; padding-left: 1px;\" height=\"27\"><span style=\"font-size: 11pt;\"><span style=\"font-weight: 400;\"><span style=\"font-style: normal;\"><span style=\"text-decoration: none;\"><span style=\"font-family: Calibri,sans-serif;\">ELT C406-1 455-5002<\/span><\/span><\/span><\/span><\/span><\/td>\n<td class=\"xl70\" style=\"border: none; padding-top: 1px; padding-right: 1px; padding-left: 1px; vertical-align: bottom;\"><span style=\"font-size: 11pt;\"><span style=\"font-weight: 400;\"><span style=\"font-style: normal;\"><span style=\"text-decoration: none;\"><span style=\"font-family: Calibri,sans-serif;\"> <\/span><\/span><\/span><\/span><\/span><\/td>\n<td class=\"xl67\" style=\"border: none; padding-top: 1px; padding-right: 1px; padding-left: 1px; vertical-align: bottom;\"><span style=\"font-size: 11pt;\"><span style=\"font-weight: 400;\"><span style=\"font-style: normal;\"><span style=\"text-decoration: none;\"><span style=\"font-family: Calibri,sans-serif;\"> <\/span><\/span><\/span><\/span><\/span><\/td>\n<td class=\"xl66\" style=\"border: none; text-align: center; vertical-align: middle; padding-top: 1px; padding-right: 1px; padding-left: 1px;\"><a href=\"https:\/\/www.dropbox.com\/s\/5qo74dp51jtlas7\/455-5002_packlist.pdf?dl=1\"><span style=\"font-size: 11pt;\"><span style=\"font-weight: 400;\"><span style=\"font-style: normal;\"><span style=\"text-decoration: none;\"><span style=\"font-family: Calibri,sans-serif;\">Seznam v\u011bc\u00ed k zabalen\u00ed<\/span><\/span><\/span><\/span><\/span><\/a><\/td>\n<\/tr>\n<tr style=\"height: 20.0pt;\">\n<td class=\"xl71\" style=\"border: 0.5pt solid gray; background: #b0e40a; height: 20.0pt; border-top: none; text-align: center; vertical-align: middle; padding-top: 1px; padding-right: 1px; padding-left: 1px;\" height=\"27\"><span style=\"font-size: 11pt;\"><span style=\"font-weight: 400;\"><span style=\"font-style: normal;\"><span style=\"text-decoration: none;\"><span style=\"font-family: Calibri,sans-serif;\">ELT C406-1 455-5007<\/span><\/span><\/span><\/span><\/span><\/td>\n<td class=\"xl66\" style=\"border: none; text-align: center; vertical-align: middle; padding-top: 1px; padding-right: 1px; padding-left: 1px;\"><span style=\"font-size: 11pt;\"><span style=\"font-weight: 400;\"><span style=\"font-style: normal;\"><span style=\"text-decoration: none;\"><span style=\"font-family: Calibri,sans-serif;\">110-340 a 110-340-01 (Ochrann\u00e1 hrana)<\/span><\/span><\/span><\/span><\/span><\/td>\n<td class=\"xl66\" style=\"border: none; text-align: center; vertical-align: middle; padding-top: 1px; padding-right: 1px; padding-left: 1px;\"><\/td>\n<td class=\"xl66\" style=\"border: none; text-align: center; vertical-align: middle; padding-top: 1px; padding-right: 1px; padding-left: 1px;\"><a href=\"https:\/\/www.dropbox.com\/s\/mpq3fz1b0upfn6c\/455-5007_packlist.pdf?dl=1\"><span style=\"font-size: 11pt;\"><span style=\"font-weight: 400;\"><span style=\"font-style: normal;\"><span style=\"text-decoration: none;\"><span style=\"font-family: Calibri,sans-serif;\">Seznam v\u011bc\u00ed k zabalen\u00ed<\/span><\/span><\/span><\/span><\/span><\/a><\/td>\n<\/tr>\n<tr style=\"height: 20.0pt;\">\n<td class=\"xl71\" style=\"border: 0.5pt solid gray; background: #b0e40a; height: 20.0pt; border-top: none; text-align: center; vertical-align: middle; padding-top: 1px; padding-right: 1px; padding-left: 1px;\" height=\"27\"><span style=\"font-size: 11pt;\"><span style=\"font-weight: 400;\"><span style=\"font-style: normal;\"><span style=\"text-decoration: none;\"><span style=\"font-family: Calibri,sans-serif;\">ELT C406-1 455-5014<\/span><\/span><\/span><\/span><\/span><\/td>\n<td class=\"xl66\" style=\"border: none; text-align: center; vertical-align: middle; padding-top: 1px; padding-right: 1px; padding-left: 1px;\"><span style=\"font-size: 11pt;\"><span style=\"font-weight: 400;\"><span style=\"font-style: normal;\"><span style=\"text-decoration: none;\"><span style=\"font-family: Calibri,sans-serif;\">110-338 (b\u00edl\u00e1) a 110-338-01 (\u010dern\u00e1)<\/span><\/span><\/span><\/span><\/span><\/td>\n<td class=\"xl66\" style=\"border: none; text-align: center; vertical-align: middle; padding-top: 1px; padding-right: 1px; padding-left: 1px;\"><\/td>\n<td class=\"xl66\" style=\"border: none; text-align: center; vertical-align: middle; padding-top: 1px; padding-right: 1px; padding-left: 1px;\"><a href=\"https:\/\/www.dropbox.com\/s\/rg1v2owg93kxgw9\/455-5014_packlist.pdf?dl=1\"><span style=\"font-size: 11pt;\"><span style=\"font-weight: 400;\"><span style=\"font-style: normal;\"><span style=\"text-decoration: none;\"><span style=\"font-family: Calibri,sans-serif;\">Seznam v\u011bc\u00ed k zabalen\u00ed<\/span><\/span><\/span><\/span><\/span><\/a><\/td>\n<\/tr>\n<tr style=\"height: 20.0pt;\">\n<td class=\"xl71\" style=\"border: 0.5pt solid gray; background: #b0e40a; height: 20.0pt; border-top: none; text-align: center; vertical-align: middle; padding-top: 1px; padding-right: 1px; padding-left: 1px;\" height=\"27\"><span style=\"font-size: 11pt;\"><span style=\"font-weight: 400;\"><span style=\"font-style: normal;\"><span style=\"text-decoration: none;\"><span style=\"font-family: Calibri,sans-serif;\">ELT C406-1 455-5015<\/span><\/span><\/span><\/span><\/span><\/td>\n<td class=\"xl66\" style=\"border: none; text-align: center; vertical-align: middle; padding-top: 1px; padding-right: 1px; padding-left: 1px;\"><span style=\"font-size: 11pt;\"><span style=\"font-weight: 400;\"><span style=\"font-style: normal;\"><span style=\"text-decoration: none;\"><span style=\"font-family: Calibri,sans-serif;\">110-340 a 110-340-01 (Ochrann\u00e1 hrana)<\/span><\/span><\/span><\/span><\/span><\/td>\n<td class=\"xl66\" style=\"border: none; text-align: center; vertical-align: middle; padding-top: 1px; padding-right: 1px; padding-left: 1px;\"><span style=\"font-size: 11pt;\"><span style=\"font-weight: 400;\"><span style=\"font-style: normal;\"><span style=\"text-decoration: none;\"><span style=\"font-family: Calibri,sans-serif;\">455-6196<\/span><\/span><\/span><\/span><\/span><\/td>\n<td class=\"xl66\" style=\"border: none; text-align: center; vertical-align: middle; padding-top: 1px; padding-right: 1px; padding-left: 1px;\"><a href=\"https:\/\/www.dropbox.com\/s\/n9dh3stw1731y6f\/455-5015_packlist.pdf?dl=1\"><span style=\"font-size: 11pt;\"><span style=\"font-weight: 400;\"><span style=\"font-style: normal;\"><span style=\"text-decoration: none;\"><span style=\"font-family: Calibri,sans-serif;\">Seznam v\u011bc\u00ed k zabalen\u00ed<\/span><\/span><\/span><\/span><\/span><\/a><\/td>\n<\/tr>\n<tr style=\"height: 20.0pt;\">\n<td class=\"xl71\" style=\"border: 0.5pt solid gray; background: #b0e40a; height: 20.0pt; border-top: none; text-align: center; vertical-align: middle; padding-top: 1px; padding-right: 1px; padding-left: 1px;\" height=\"27\"><span style=\"font-size: 11pt;\"><span style=\"font-weight: 400;\"><span style=\"font-style: normal;\"><span style=\"text-decoration: none;\"><span style=\"font-family: Calibri,sans-serif;\">ELT C406-1 455-5045<\/span><\/span><\/span><\/span><\/span><\/td>\n<td class=\"xl66\" style=\"border: none; text-align: center; vertical-align: middle; padding-top: 1px; padding-right: 1px; padding-left: 1px;\"><span style=\"font-size: 11pt;\"><span style=\"font-weight: 400;\"><span style=\"font-style: normal;\"><span style=\"text-decoration: none;\"><span style=\"font-family: Calibri,sans-serif;\">110-341<\/span><\/span><\/span><\/span><\/span><\/td>\n<td class=\"xl66\" style=\"border: none; text-align: center; vertical-align: middle; padding-top: 1px; padding-right: 1px; padding-left: 1px;\"><span style=\"font-size: 11pt;\"><span style=\"font-weight: 400;\"><span style=\"font-style: normal;\"><span style=\"text-decoration: none;\"><span style=\"font-family: Calibri,sans-serif;\">455-6196<\/span><\/span><\/span><\/span><\/span><\/td>\n<td class=\"xl66\" style=\"border: none; text-align: center; vertical-align: middle; padding-top: 1px; padding-right: 1px; padding-left: 1px;\"><a href=\"https:\/\/www.dropbox.com\/s\/vkvldmylh0h8rb2\/455-5045_packlist.pdf?dl=1\"><span style=\"font-size: 11pt;\"><span style=\"font-weight: 400;\"><span style=\"font-style: normal;\"><span style=\"text-decoration: none;\"><span style=\"font-family: Calibri,sans-serif;\">Seznam v\u011bc\u00ed k zabalen\u00ed<\/span><\/span><\/span><\/span><\/span><\/a><\/td>\n<\/tr>\n<tr style=\"height: 20.0pt;\">\n<td class=\"xl71\" style=\"border: 0.5pt solid gray; background: #b0e40a; height: 20.0pt; border-top: none; text-align: center; vertical-align: middle; padding-top: 1px; padding-right: 1px; padding-left: 1px;\" height=\"27\"><span style=\"font-size: 11pt;\"><span style=\"font-weight: 400;\"><span style=\"font-style: normal;\"><span style=\"text-decoration: none;\"><span style=\"font-family: Calibri,sans-serif;\">ELT C406-1 455-5046<\/span><\/span><\/span><\/span><\/span><\/td>\n<td class=\"xl66\" style=\"border: none; text-align: center; vertical-align: middle; padding-top: 1px; padding-right: 1px; padding-left: 1px;\"><span style=\"font-size: 11pt;\"><span style=\"font-weight: 400;\"><span style=\"font-style: normal;\"><span style=\"text-decoration: none;\"><span style=\"font-family: Calibri,sans-serif;\">110-343 a 110-343-01 (Ochrann\u00e1 hrana)<\/span><\/span><\/span><\/span><\/span><\/td>\n<td class=\"xl66\" style=\"border: none; text-align: center; vertical-align: middle; padding-top: 1px; padding-right: 1px; padding-left: 1px;\"><span style=\"font-size: 11pt;\"><span style=\"font-weight: 400;\"><span style=\"font-style: normal;\"><span style=\"text-decoration: none;\"><span style=\"font-family: Calibri,sans-serif;\">455-6196<\/span><\/span><\/span><\/span><\/span><\/td>\n<td class=\"xl66\" style=\"border: none; text-align: center; vertical-align: middle; padding-top: 1px; padding-right: 1px; padding-left: 1px;\"><a href=\"https:\/\/www.dropbox.com\/s\/7itwc450czry599\/455-5046_packlist.pdf?dl=1\"><span style=\"font-size: 11pt;\"><span style=\"font-weight: 400;\"><span style=\"font-style: normal;\"><span style=\"text-decoration: none;\"><span style=\"font-family: Calibri,sans-serif;\">Seznam v\u011bc\u00ed k zabalen\u00ed<\/span><\/span><\/span><\/span><\/span><\/a><\/td>\n<\/tr>\n<\/tbody>\n<\/table>\n","protected":false},"excerpt":{"rendered":"<p>Artex C406-1 je nouzov\u00fd lokaliza\u010dn\u00ed vys\u00edla\u010d ( ELT ), kter\u00fd byl vyroben tak, aby spl\u0148oval p\u0159\u00edsn\u00e9 po\u017eadavky normy TSO C126 a pro\u0161el i t\u011bmi nejn\u00e1ro\u010dn\u011bj\u0161\u00edmi bezpe\u010dnostn\u00edmi testy. C406-1 ELT se automaticky aktivuje p\u0159i nehod\u011b a vys\u00edl\u00e1 digit\u00e1ln\u00ed zpr\u00e1vu o frekvenci 406 MHz do celosv\u011btov\u00e9 s\u00edt\u011b satelit\u016f, co\u017e umo\u017e\u0148uje z\u00e1chran\u00e1\u0159\u016fm rychle a p\u0159esn\u011b identifikovat nejen va\u0161i polohu, ale i to, kdo jste. Tyto faktory pom\u00e1haj\u00ed eliminovat \u201ep\u00e1tr\u00e1n\u00ed\u201c z \u201ep\u00e1tr\u00e1n\u00ed a z\u00e1chrany\u201c a umo\u017e\u0148uj\u00ed m\u00edstn\u00edm z\u00e1chran\u00e1\u0159\u016fm snadn\u011bji v\u00e1s dopravit dom\u016f.  <\/p>\n","protected":false},"featured_media":12195,"template":"","meta":{"_acf_changed":false,"om_disable_all_campaigns":false},"product_brand":[],"product_cat":[5964,8584,5534],"product_tag":[8590,5634,6646,8595,8593,6519,6514,6510,6521,6516,8585,8587,6506,5542,8588],"class_list":{"0":"post-153022","1":"product","2":"type-product","3":"status-publish","4":"has-post-thumbnail","6":"product_cat-business-jet-cs","7":"product_cat-komercni-letadla","8":"product_cat-letectvi","9":"product_tag-1215-elt-cs","10":"product_tag-406-cs","11":"product_tag-406-mhz-cs","12":"product_tag-406-1-cs","13":"product_tag-artex-110-4-cs","14":"product_tag-artex-c406-cs","15":"product_tag-artex-c406-1-cs","16":"product_tag-artex-me-406-cs","17":"product_tag-artex-me-406-elt-cs","18":"product_tag-artex-me406-cs","19":"product_tag-c406-1-hm-cs","20":"product_tag-emergency-locator-transmitter-406-mhz-cs","21":"product_tag-me-406-elt-cs","22":"product_tag-nouzovy-vysilac-lokalizace","23":"product_tag-vyska-1215","24":"pa_aircraft-type-lehke-trysky","25":"pa_aircraft-type-stredne-velke-tryskace","26":"pa_aircraft-type-velke-trysky","27":"pa_product-reseni-elt","29":"first","30":"instock","31":"taxable","32":"shipping-taxable","33":"product-type-simple"},"acf":[],"_links":{"self":[{"href":"https:\/\/www.acrartex.com\/cs\/wp-json\/wp\/v2\/product\/153022","targetHints":{"allow":["GET"]}}],"collection":[{"href":"https:\/\/www.acrartex.com\/cs\/wp-json\/wp\/v2\/product"}],"about":[{"href":"https:\/\/www.acrartex.com\/cs\/wp-json\/wp\/v2\/types\/product"}],"wp:featuredmedia":[{"embeddable":true,"href":"https:\/\/www.acrartex.com\/cs\/wp-json\/wp\/v2\/media\/12195"}],"wp:attachment":[{"href":"https:\/\/www.acrartex.com\/cs\/wp-json\/wp\/v2\/media?parent=153022"}],"wp:term":[{"taxonomy":"product_brand","embeddable":true,"href":"https:\/\/www.acrartex.com\/cs\/wp-json\/wp\/v2\/product_brand?post=153022"},{"taxonomy":"product_cat","embeddable":true,"href":"https:\/\/www.acrartex.com\/cs\/wp-json\/wp\/v2\/product_cat?post=153022"},{"taxonomy":"product_tag","embeddable":true,"href":"https:\/\/www.acrartex.com\/cs\/wp-json\/wp\/v2\/product_tag?post=153022"}],"curies":[{"name":"wp","href":"https:\/\/api.w.org\/{rel}","templated":true}]}}