{"id":152915,"date":"2021-03-16T08:12:46","date_gmt":"2021-03-16T13:12:46","guid":{"rendered":"https:\/\/www.acrartex.com\/products\/drzak-lowpro3-cat-ii-epirb\/"},"modified":"2021-03-16T08:12:46","modified_gmt":"2021-03-16T13:12:46","slug":"drzak-lowpro3-cat-ii-epirb","status":"publish","type":"product","link":"https:\/\/www.acrartex.com\/cs\/products\/drzak-lowpro3-cat-ii-epirb\/","title":{"rendered":"Dr\u017e\u00e1k LowPro\u21223 Cat II EPIRB"},"content":{"rendered":"<ul>\n<li>Jednosm\u011brn\u00e1 mont\u00e1\u017e eliminuje mo\u017enost instalace EPIRB obr\u00e1cen\u011b<\/li>\n<li>Integrovan\u00fd deaktiva\u010dn\u00ed magnet zabra\u0148uje vys\u00edl\u00e1n\u00ed EPIRB , dokud nen\u00ed aktivov\u00e1n<\/li>\n<li>Dvoud\u00edln\u00e1 konstrukce umo\u017e\u0148uje odepnout deaktiva\u010dn\u00ed magnet z dr\u017e\u00e1ku a ulo\u017eit ho na EPIRB v p\u0159\u00edkopov\u00e9m vaku, aby se zabr\u00e1nilo fale\u0161n\u00fdm poplach\u016fm.<\/li>\n<\/ul>\n<p>Funguje s kamerami GlobalFix \u2122 iPRO (RLB-36), GlobalFix \u2122 PRO (RLB-37) a SATELLITE 3 406\u2122 (RLB-38)<\/p>\n","protected":false},"excerpt":{"rendered":"<p>LowPro\u21223 je vyroben z materi\u00e1lu s vysokou hustotou, kter\u00fd bezpe\u010dn\u011b uchov\u00e1v\u00e1 v\u00e1\u0161 GlobalFix \u2122 iPRO\/PRO i po letech dobrodru\u017estv\u00ed.<\/p>\n<p> Tento dr\u017e\u00e1k EPIRB je kompatibiln\u00ed s n\u00e1sleduj\u00edc\u00edmi produkty:<\/p>\n<p> \u2022 GlobalFix \u2122 iPRO<\/p>\n<p> \u2022 GlobalFix \u2122 PRO<\/p>\n<p> \u2022 SATELLITE 3 406\u2122<\/p>\n<p>&nbsp;<\/p>\n<p>&nbsp;<\/p>\n","protected":false},"featured_media":152922,"template":"","meta":{"_acf_changed":false,"om_disable_all_campaigns":false},"product_brand":[],"product_cat":[5949,5953,5719,5951,5947],"product_tag":[8249,8250,8251,5544,5545,5720,8252,5724,5730,8254,8253,8255,5795],"class_list":{"0":"post-152915","1":"product","2":"type-product","3":"status-publish","4":"has-post-thumbnail","6":"product_cat-blizko-pobrezi","7":"product_cat-komercni","8":"product_cat-namorni","9":"product_cat-pobrezni","10":"product_cat-vnitrozemi","11":"product_tag-406-epirb-cs","12":"product_tag-acr-globalfix-cs","13":"product_tag-acr-globalfix-406-cs","14":"product_tag-akr","15":"product_tag-artex-cs","16":"product_tag-epirb-cs","17":"product_tag-globalfix-406-epirb-cs","18":"product_tag-globalni-oprava","19":"product_tag-globalni-oprava-cs","20":"product_tag-kategorie-ii","21":"product_tag-lowpro-3-cs","22":"product_tag-nizky-profesional","23":"product_tag-osobni-lokalizacni-majak","24":"pa_boat-size-0-20-cs","25":"pa_boat-size-21-40-cs","26":"pa_boat-size-40-80-cs","27":"pa_boat-size-80-cs","28":"pa_boat-type-charterova-jachta","29":"pa_boat-type-jachta","30":"pa_boat-type-komercni-rybolov","31":"pa_boat-type-motorovy-clun","32":"pa_boat-type-nakladni-lod","33":"pa_boat-type-plachetnice","34":"pa_boat-type-remorker","35":"pa_boat-type-sportcraft-cs","36":"pa_product-bezpecnostni-prislusenstvi","37":"pa_product-dedictvi","38":"pa_product-rescue-beacons-cs","39":"pa_product-rescue-beacons-vhf-sart-cs","41":"first","42":"instock","43":"taxable","44":"shipping-taxable","45":"product-type-simple"},"acf":[],"_links":{"self":[{"href":"https:\/\/www.acrartex.com\/cs\/wp-json\/wp\/v2\/product\/152915","targetHints":{"allow":["GET"]}}],"collection":[{"href":"https:\/\/www.acrartex.com\/cs\/wp-json\/wp\/v2\/product"}],"about":[{"href":"https:\/\/www.acrartex.com\/cs\/wp-json\/wp\/v2\/types\/product"}],"wp:featuredmedia":[{"embeddable":true,"href":"https:\/\/www.acrartex.com\/cs\/wp-json\/wp\/v2\/media\/152922"}],"wp:attachment":[{"href":"https:\/\/www.acrartex.com\/cs\/wp-json\/wp\/v2\/media?parent=152915"}],"wp:term":[{"taxonomy":"product_brand","embeddable":true,"href":"https:\/\/www.acrartex.com\/cs\/wp-json\/wp\/v2\/product_brand?post=152915"},{"taxonomy":"product_cat","embeddable":true,"href":"https:\/\/www.acrartex.com\/cs\/wp-json\/wp\/v2\/product_cat?post=152915"},{"taxonomy":"product_tag","embeddable":true,"href":"https:\/\/www.acrartex.com\/cs\/wp-json\/wp\/v2\/product_tag?post=152915"}],"curies":[{"name":"wp","href":"https:\/\/api.w.org\/{rel}","templated":true}]}}