{"id":152904,"date":"2021-03-16T08:12:52","date_gmt":"2021-03-16T13:12:52","guid":{"rendered":"https:\/\/www.acrartex.com\/products\/drzak-quickdraw-cat-ii-epirb\/"},"modified":"2021-03-16T08:12:52","modified_gmt":"2021-03-16T13:12:52","slug":"drzak-quickdraw-cat-ii-epirb","status":"publish","type":"product","link":"https:\/\/www.acrartex.com\/cs\/products\/drzak-quickdraw-cat-ii-epirb\/","title":{"rendered":"Dr\u017e\u00e1k QuickDraw\u2122 Cat II EPIRB"},"content":{"rendered":"<ul>\n<li>Jednosm\u011brn\u00e1 mont\u00e1\u017e eliminuje mo\u017enost instalace EPIRB obr\u00e1cen\u011b<\/li>\n<li>Integrovan\u00fd deaktiva\u010dn\u00ed magnet zabra\u0148uje vys\u00edl\u00e1n\u00ed EPIRB , dokud nen\u00ed aktivov\u00e1n<\/li>\n<li>Funguje s ACR GlobalFix \u2122 iPRO (RLB-36), GlobalFix \u2122 PRO (RLB-37), SATELLITE 3 406\u2122 (RLB-38) , ResQmate G (RLB-39A) a ResQmate (RLB-40)<\/li>\n<\/ul>\n","protected":false},"excerpt":{"rendered":"<p>Karta QuickDraw\u2122 Cat II je vyrobena z materi\u00e1lu s vysokou hustotou, kter\u00fd bezpe\u010dn\u011b uchov\u00e1v\u00e1 v\u00e1\u0161 GlobalFix \u2122 iPRO\/PRO i po letech str\u00e1ven\u00fdch s n\u00edm n\u00e1ro\u010dn\u00fdch dobrodru\u017estv\u00ed.<\/p>\n<p>Tento dr\u017e\u00e1k EPIRB je kompatibiln\u00ed s n\u00e1sleduj\u00edc\u00edmi produkty:<\/p>\n<p>\u2022 GlobalFix \u2122 iPRO (RLB-36)<\/p>\n<p>\u2022 GlobalFix \u2122 PRO (RLB-37)<\/p>\n<p>\u2022 SATELLITE 3 406\u2122 (RLB-38)<\/p>\n<p>\u2022 ResQmate G (RLB-39A)<\/p>\n<p>\u2022 ResQmate (RLB-40)<\/p>\n<p>&nbsp;<\/p>\n<p><span style=\"color: #e74c3c;\">K\u00d3D: <strong>SHIPFREE19<\/strong> Doprava zdarma u objedn\u00e1vek nad 30 USD. Neplat\u00ed pro Havaje a Alja\u0161ku. <\/span><\/p>\n<p>&nbsp;<\/p>\n","protected":false},"featured_media":152906,"template":"","meta":{"_acf_changed":false,"om_disable_all_campaigns":false},"product_brand":[],"product_cat":[5949,5953,5719,5951,5947],"product_tag":[5544,8204,8206,8203,8208,8214,7074,8210,8212,8216],"class_list":{"0":"post-152904","1":"product","2":"type-product","3":"status-publish","4":"has-post-thumbnail","6":"product_cat-blizko-pobrezi","7":"product_cat-komercni","8":"product_cat-namorni","9":"product_cat-pobrezni","10":"product_cat-vnitrozemi","11":"product_tag-akr","12":"product_tag-drzak-kategorie-2","13":"product_tag-drzak-kategorie-ii","14":"product_tag-epirb-kat-2-cs","15":"product_tag-epirb-namontovany-na-prepazce","16":"product_tag-expreska","17":"product_tag-kocka-i","18":"product_tag-nizkoprofilovy-drzak-pro-epirb","19":"product_tag-rychle-tahani","20":"product_tag-rychly","21":"pa_boat-size-0-20-cs","22":"pa_boat-size-21-40-cs","23":"pa_boat-size-40-80-cs","24":"pa_boat-size-80-cs","25":"pa_boat-type-charterova-jachta","26":"pa_boat-type-jachta","27":"pa_boat-type-komercni-rybolov","28":"pa_boat-type-motorovy-clun","29":"pa_boat-type-nakladni-lod","30":"pa_boat-type-plachetnice","31":"pa_boat-type-remorker","32":"pa_boat-type-sportcraft-cs","33":"pa_product-bezpecnostni-prislusenstvi","34":"pa_product-dedictvi","35":"pa_product-rescue-beacons-cs","36":"pa_product-rescue-beacons-vhf-sart-cs","38":"first","39":"outofstock","40":"taxable","41":"shipping-taxable","42":"product-type-simple"},"acf":[],"_links":{"self":[{"href":"https:\/\/www.acrartex.com\/cs\/wp-json\/wp\/v2\/product\/152904","targetHints":{"allow":["GET"]}}],"collection":[{"href":"https:\/\/www.acrartex.com\/cs\/wp-json\/wp\/v2\/product"}],"about":[{"href":"https:\/\/www.acrartex.com\/cs\/wp-json\/wp\/v2\/types\/product"}],"wp:featuredmedia":[{"embeddable":true,"href":"https:\/\/www.acrartex.com\/cs\/wp-json\/wp\/v2\/media\/152906"}],"wp:attachment":[{"href":"https:\/\/www.acrartex.com\/cs\/wp-json\/wp\/v2\/media?parent=152904"}],"wp:term":[{"taxonomy":"product_brand","embeddable":true,"href":"https:\/\/www.acrartex.com\/cs\/wp-json\/wp\/v2\/product_brand?post=152904"},{"taxonomy":"product_cat","embeddable":true,"href":"https:\/\/www.acrartex.com\/cs\/wp-json\/wp\/v2\/product_cat?post=152904"},{"taxonomy":"product_tag","embeddable":true,"href":"https:\/\/www.acrartex.com\/cs\/wp-json\/wp\/v2\/product_tag?post=152904"}],"curies":[{"name":"wp","href":"https:\/\/api.w.org\/{rel}","templated":true}]}}