{"id":152893,"date":"2021-03-16T08:12:57","date_gmt":"2021-03-16T13:12:57","guid":{"rendered":"https:\/\/www.acrartex.com\/products\/drzak-pro-epirb-sea-shelter-4-cat-i\/"},"modified":"2025-07-29T15:02:31","modified_gmt":"2025-07-29T20:02:31","slug":"drzak-pro-epirb-sea-shelter-4-cat-i","status":"publish","type":"product","link":"https:\/\/www.acrartex.com\/cs\/products\/drzak-pro-epirb-sea-shelter-4-cat-i\/","title":{"rendered":"Dr\u017e\u00e1k pro EPIRB Sea Shelter \u2122 4 Cat I"},"content":{"rendered":"<ul>\n<li>Inovativn\u00ed, rychlov\u00fdm\u011bnn\u00fd hydrostatick\u00fd uvol\u0148ovac\u00ed mechanismus<\/li>\n<li>Jednosm\u011brn\u00e1 mont\u00e1\u017e eliminuje mo\u017enost instalace EPIRB obr\u00e1cen\u011b<\/li>\n<li>Integrovan\u00fd deaktiva\u010dn\u00ed magnet zabra\u0148uje vys\u00edl\u00e1n\u00ed EPIRB , dokud nen\u00ed aktivov\u00e1n<\/li>\n<li>Aktivuje se EPIRB p\u0159i pono\u0159en\u00ed do vody v hloubce 1,5 \u2013 4 m (4,9 \u2013 13,1 stop). Vhodn\u00e9 pouze pro EPIRBy GlobalFix \u2122 V4 (model RLB-41).<\/li>\n<\/ul>\n","protected":false},"excerpt":{"rendered":"<p>Drsn\u00e9 podm\u00ednky nemaj\u00ed proti Sea Shelter \u2122 4 Cat I \u0161anci. Tento dr\u017e\u00e1k EPIRB je pln\u011b uzav\u0159en\u00fd, co\u017e poskytuje ochranu i b\u011bhem va\u0161ich nejdivo\u010dej\u0161\u00edch dobrodru\u017estv\u00ed. Pokud se va\u0161e plavidlo za\u010dne napou\u0161t\u011bt, Sea Shelter automaticky aktivuje v\u00e1\u0161 EPIRB a vy\u0161le sign\u00e1l do celosv\u011btov\u00e9 s\u00edt\u011b p\u00e1trac\u00edch a z\u00e1chrann\u00fdch satelit\u016f. Tento dr\u017e\u00e1k je kompatibiln\u00ed pouze s EPIRB GlobalFix \u2122 V4, GlobalFix \u2122 V5 a GlobalFix \u2122 V6.  <\/p>\n<p>POZN\u00c1MKA: N\u00e1hradn\u00ed dr\u017e\u00e1k Sea Shelter \u2122 (\u010d. d\u00edlu 2832) neobsahuje hydrostatickou uvol\u0148ovac\u00ed jednotku (HRU). HRU (\u010d. d\u00edlu 9490.1) je nutn\u00e9 objednat samostatn\u011b. <\/p>\n","protected":false},"featured_media":152895,"template":"","meta":{"_acf_changed":false,"om_disable_all_campaigns":false},"product_brand":[],"product_cat":[6688,5949,5953,5719,5951,5947],"product_tag":[5544,5545,8170,8166,5720,8164,8167,6694,8168,8169,6690,8163,8165],"class_list":{"0":"post-152893","1":"product","2":"type-product","3":"status-publish","4":"has-post-thumbnail","6":"product_cat-bezpecnostni-prislusenstvi","7":"product_cat-blizko-pobrezi","8":"product_cat-komercni","9":"product_cat-namorni","10":"product_cat-pobrezni","11":"product_cat-vnitrozemi","12":"product_tag-akr","13":"product_tag-artex-cs","14":"product_tag-automaticky-rozkladaci-drzak","15":"product_tag-drzak-epirb-kategorie-i","16":"product_tag-epirb-cs","17":"product_tag-kategorie-1-cs","18":"product_tag-kocka-1","19":"product_tag-konzola","20":"product_tag-more","21":"product_tag-morsky-ukryt","22":"product_tag-rlb-41-cs","23":"product_tag-sea-shelter-cs","24":"product_tag-zavorka-epirb","25":"pa_boat-size-0-20-cs","26":"pa_boat-size-21-40-cs","27":"pa_boat-size-40-80-cs","28":"pa_boat-size-80-cs","29":"pa_boat-type-charterova-jachta","30":"pa_boat-type-jachta","31":"pa_boat-type-komercni-rybolov","32":"pa_boat-type-motorovy-clun","33":"pa_boat-type-nakladni-lod","34":"pa_boat-type-plachetnice","35":"pa_boat-type-remorker","36":"pa_boat-type-sportcraft-cs","37":"pa_product-bezpecnostni-prislusenstvi","38":"pa_product-rescue-beacons-cs","39":"pa_product-rescue-beacons-vhf-sart-cs","41":"first","42":"instock","43":"taxable","44":"shipping-taxable","45":"purchasable","46":"product-type-simple"},"acf":[],"_links":{"self":[{"href":"https:\/\/www.acrartex.com\/cs\/wp-json\/wp\/v2\/product\/152893","targetHints":{"allow":["GET"]}}],"collection":[{"href":"https:\/\/www.acrartex.com\/cs\/wp-json\/wp\/v2\/product"}],"about":[{"href":"https:\/\/www.acrartex.com\/cs\/wp-json\/wp\/v2\/types\/product"}],"wp:featuredmedia":[{"embeddable":true,"href":"https:\/\/www.acrartex.com\/cs\/wp-json\/wp\/v2\/media\/152895"}],"wp:attachment":[{"href":"https:\/\/www.acrartex.com\/cs\/wp-json\/wp\/v2\/media?parent=152893"}],"wp:term":[{"taxonomy":"product_brand","embeddable":true,"href":"https:\/\/www.acrartex.com\/cs\/wp-json\/wp\/v2\/product_brand?post=152893"},{"taxonomy":"product_cat","embeddable":true,"href":"https:\/\/www.acrartex.com\/cs\/wp-json\/wp\/v2\/product_cat?post=152893"},{"taxonomy":"product_tag","embeddable":true,"href":"https:\/\/www.acrartex.com\/cs\/wp-json\/wp\/v2\/product_tag?post=152893"}],"curies":[{"name":"wp","href":"https:\/\/api.w.org\/{rel}","templated":true}]}}