{"id":152871,"date":"2021-03-16T08:14:14","date_gmt":"2021-03-16T13:14:14","guid":{"rendered":"https:\/\/www.acrartex.com\/products\/dalkovy-spinac-cessna\/"},"modified":"2021-03-16T08:14:14","modified_gmt":"2021-03-16T13:14:14","slug":"dalkovy-spinac-cessna","status":"publish","type":"product","link":"https:\/\/www.acrartex.com\/cs\/products\/dalkovy-spinac-cessna\/","title":{"rendered":"D\u00e1lkov\u00fd sp\u00edna\u010d \u2013 Cessna"},"content":{"rendered":"","protected":false},"excerpt":{"rendered":"<p>Tento d\u00e1lkov\u00fd sp\u00edna\u010d byl navr\u017een tak, aby spl\u0148oval po\u017eadavky spole\u010dnosti Cessna na slad\u011bn\u00ed barvy krytu sp\u00edna\u010d\u016f s barvou p\u0159\u00edstrojov\u00e9 desky.<\/p>\n<p>&nbsp;<\/p>\n","protected":false},"featured_media":152872,"template":"","meta":{"_acf_changed":false,"om_disable_all_campaigns":false},"product_brand":[],"product_cat":[6135],"product_tag":[6898,6376,6377,8100,6378,6793,6795,6375,6789,8101,8102,6791,6142],"class_list":{"0":"post-152871","1":"product","2":"type-product","3":"status-publish","4":"has-post-thumbnail","6":"product_cat-nezarazene","7":"product_tag-dalkovy-spinac","8":"product_tag-dalkovy-spinac-originalni-dil","9":"product_tag-dalkovy-spinac-cessna","10":"product_tag-dalkovy-spinac-elt","11":"product_tag-dalkovy-spinac-lear","12":"product_tag-lear-spinac-elt","13":"product_tag-oem-spinac-elt","14":"product_tag-originalni-dalkovy-spinac-elt","15":"product_tag-panel-boeing-elt","16":"product_tag-prepinac-cessna-elt","17":"product_tag-spinac-boeing-elt","18":"product_tag-spinac-lear-elt","19":"product_tag-vzdaleny","21":"first","22":"instock","23":"taxable","24":"shipping-taxable","25":"product-type-simple"},"acf":[],"_links":{"self":[{"href":"https:\/\/www.acrartex.com\/cs\/wp-json\/wp\/v2\/product\/152871","targetHints":{"allow":["GET"]}}],"collection":[{"href":"https:\/\/www.acrartex.com\/cs\/wp-json\/wp\/v2\/product"}],"about":[{"href":"https:\/\/www.acrartex.com\/cs\/wp-json\/wp\/v2\/types\/product"}],"wp:featuredmedia":[{"embeddable":true,"href":"https:\/\/www.acrartex.com\/cs\/wp-json\/wp\/v2\/media\/152872"}],"wp:attachment":[{"href":"https:\/\/www.acrartex.com\/cs\/wp-json\/wp\/v2\/media?parent=152871"}],"wp:term":[{"taxonomy":"product_brand","embeddable":true,"href":"https:\/\/www.acrartex.com\/cs\/wp-json\/wp\/v2\/product_brand?post=152871"},{"taxonomy":"product_cat","embeddable":true,"href":"https:\/\/www.acrartex.com\/cs\/wp-json\/wp\/v2\/product_cat?post=152871"},{"taxonomy":"product_tag","embeddable":true,"href":"https:\/\/www.acrartex.com\/cs\/wp-json\/wp\/v2\/product_tag?post=152871"}],"curies":[{"name":"wp","href":"https:\/\/api.w.org\/{rel}","templated":true}]}}