{"id":152842,"date":"2021-03-16T08:14:44","date_gmt":"2021-03-16T13:14:44","guid":{"rendered":"https:\/\/www.acrartex.com\/products\/svetlo-pro-zachranne-vesty-hemilight-3-med-a-solas\/"},"modified":"2025-12-17T14:33:21","modified_gmt":"2025-12-17T19:33:21","slug":"svetlo-pro-zachranne-vesty-hemilight-3-med-a-solas","status":"publish","type":"product","link":"https:\/\/www.acrartex.com\/cs\/products\/svetlo-pro-zachranne-vesty-hemilight-3-med-a-solas\/","title":{"rendered":"Sv\u011btlo pro z\u00e1chrann\u00e9 vesty HemiLight \u21223 MED a SOLAS"},"content":{"rendered":"<p>HemiLight3 je men\u0161\u00ed ne\u017e jin\u00e1 schv\u00e1len\u00e1 sv\u011btla pro z\u00e1chrann\u00e9 vesty SOLAS a MED a m\u00e1 zaoblen\u00e9 hrany, kter\u00e9 zachov\u00e1vaj\u00ed celistvost nafukovac\u00edch z\u00e1chrann\u00fdch vest. Snadno instalovateln\u00fd upev\u0148ovac\u00ed klip pojme popruh \u0161irok\u00fd a\u017e 5 cm (2 palce) a odoln\u00e1 konstrukce pro n\u00e1mo\u0159n\u00ed pou\u017eit\u00ed zaji\u0161\u0165uje roky u\u017eite\u010dn\u00e9ho provozu, kter\u00fd p\u0159ekon\u00e1v\u00e1 ostatn\u00ed sv\u011btla SOLAS a MED. <\/p>\n<p>Toto ultra intenzivn\u011b blikaj\u00edc\u00ed LED sv\u011btlo pro osobn\u00ed plovac\u00ed za\u0159\u00edzen\u00ed neboli PFD se automaticky aktivuje na v\u00edce ne\u017e 20 hodin p\u0159i kontaktu se slanou nebo sladkou vodou a lze jej deaktivovat pouh\u00fdm stisknut\u00edm \u010derven\u00e9ho tla\u010d\u00edtka. HemiLight lze nainstalovat na t\u00e9m\u011b\u0159 jak\u00fdkoli typ z\u00e1chrann\u00e9 vesty b\u011bhem n\u011bkolika sekund, co\u017e usnad\u0148uje a urychluje dodate\u010dnou mont\u00e1\u017e velk\u00fdch objem\u016f. <\/p>\n<p>K dispozici ve dvou konfigurac\u00edch: HemiLight \u21223 nab\u00edz\u00ed z\u00e1kladn\u00ed re\u017eim stroboskopu, kter\u00fd lze aktivovat ru\u010dn\u011b nebo automaticky.<\/p>\n<p><iframe loading=\"lazy\" title=\"ACR GMDSS Suite: Hemilight 3 Life Jacket Lights\" width=\"500\" height=\"281\" src=\"https:\/\/www.youtube.com\/embed\/yniYx7MjkrA?feature=oembed\" frameborder=\"0\" allow=\"accelerometer; autoplay; clipboard-write; encrypted-media; gyroscope; picture-in-picture; web-share\" referrerpolicy=\"strict-origin-when-cross-origin\" allowfullscreen><\/iframe><\/p>\n","protected":false},"excerpt":{"rendered":"<p>Blikaj\u00edc\u00ed sv\u011btlo pro p\u0159e\u017eit\u00ed ACR Auto HemiLight \u21223 se p\u0159ipev\u0148uje na t\u00e9m\u011b\u0159 jak\u00fdkoli styl z\u00e1chrann\u00e9 vesty a instalace je rychl\u00e1 a snadn\u00e1. HemiLight \u2122\u025c je men\u0161\u00ed ne\u017e jin\u00e1 schv\u00e1len\u00e1 sv\u011btla, m\u00e1 zaoblen\u00e9 hrany, kter\u00e9 zachov\u00e1vaj\u00ed integritu nafukovac\u00edch z\u00e1chrann\u00fdch vest, a spl\u0148uje po\u017eadavky USCG, MED a SOLAS. Vysoce intenzivn\u00ed blikaj\u00edc\u00ed LED sv\u011btlo se automaticky aktivuje na v\u00edce ne\u017e 20 hodin p\u0159i kontaktu se slanou nebo sladkou vodou a lze jej deaktivovat jednodu\u0161e stisknut\u00edm \u010derven\u00e9ho tla\u010d\u00edtka. Upev\u0148ovac\u00ed smy\u010dky pojmou popruhy \u0161irok\u00e9 a\u017e 5 cm a odoln\u00e1 konstrukce pro n\u00e1mo\u0159n\u00ed pou\u017eit\u00ed zaji\u0161\u0165uje roky u\u017eite\u010dn\u00e9ho provozu.   <\/p>\n<p>&nbsp;<\/p>\n<p><span style=\"font-size: 11.0pt;\"><a style=\"color: blue; text-decoration: underline;\" href=\"https:\/\/www.dropbox.com\/s\/0ezw0kexbm120vv\/Prop%2065%20-%20Lead%20and%20Lead%20Compounds.pdf?dl=0\">VAROV\u00c1N\u00cd: PROP 65<\/a><\/span><\/p>\n<p>&nbsp;<\/p>\n<p>&nbsp;<\/p>\n","protected":false},"featured_media":12237,"template":"","meta":{"_acf_changed":false,"om_disable_all_campaigns":false},"product_brand":[],"product_cat":[5957,6688,5949,5960,5953,5719,5962,5951,5955,5790,5947],"product_tag":[8069,8071,8065,8067,7910,8063,8062],"class_list":{"0":"post-152842","1":"product","2":"type-product","3":"status-publish","4":"has-post-thumbnail","6":"product_cat-akcni-sporty-terenni-jizdy","7":"product_cat-bezpecnostni-prislusenstvi","8":"product_cat-blizko-pobrezi","9":"product_cat-cestovni-vybaveni","10":"product_cat-komercni","11":"product_cat-namorni","12":"product_cat-padlovaci-sporty-rybareni","13":"product_cat-pobrezni","14":"product_cat-turistika-horolezectvi-tabor","15":"product_cat-venkovni","16":"product_cat-vnitrozemi","17":"product_tag-gmdss-cs","18":"product_tag-med-cs","19":"product_tag-polosvetlo","20":"product_tag-solas-cs","21":"product_tag-stroboskopicka-svetla","22":"product_tag-svetlo-na-zachrannou-vestu","23":"product_tag-svetlo-pro-preziti","24":"pa_boat-size-0-20-cs","25":"pa_boat-size-21-40-cs","26":"pa_boat-size-40-80-cs","27":"pa_boat-size-80-cs","28":"pa_boat-type-charterova-jachta","29":"pa_boat-type-jachta","30":"pa_boat-type-komercni-rybolov","31":"pa_boat-type-motorovy-clun","32":"pa_boat-type-nakladni-lod","33":"pa_boat-type-plachetnice","34":"pa_boat-type-remorker","35":"pa_boat-type-sportcraft-cs","36":"pa_product-bezpecnostni-prislusenstvi","37":"pa_product-zachranna-svetla","39":"first","40":"instock","41":"sale","42":"taxable","43":"shipping-taxable","44":"purchasable","45":"product-type-variable"},"acf":[],"_links":{"self":[{"href":"https:\/\/www.acrartex.com\/cs\/wp-json\/wp\/v2\/product\/152842","targetHints":{"allow":["GET"]}}],"collection":[{"href":"https:\/\/www.acrartex.com\/cs\/wp-json\/wp\/v2\/product"}],"about":[{"href":"https:\/\/www.acrartex.com\/cs\/wp-json\/wp\/v2\/types\/product"}],"wp:featuredmedia":[{"embeddable":true,"href":"https:\/\/www.acrartex.com\/cs\/wp-json\/wp\/v2\/media\/12237"}],"wp:attachment":[{"href":"https:\/\/www.acrartex.com\/cs\/wp-json\/wp\/v2\/media?parent=152842"}],"wp:term":[{"taxonomy":"product_brand","embeddable":true,"href":"https:\/\/www.acrartex.com\/cs\/wp-json\/wp\/v2\/product_brand?post=152842"},{"taxonomy":"product_cat","embeddable":true,"href":"https:\/\/www.acrartex.com\/cs\/wp-json\/wp\/v2\/product_cat?post=152842"},{"taxonomy":"product_tag","embeddable":true,"href":"https:\/\/www.acrartex.com\/cs\/wp-json\/wp\/v2\/product_tag?post=152842"}],"curies":[{"name":"wp","href":"https:\/\/api.w.org\/{rel}","templated":true}]}}