{"id":152757,"date":"2021-03-16T08:16:59","date_gmt":"2021-03-16T13:16:59","guid":{"rendered":"https:\/\/www.acrartex.com\/products\/c-strobos\/"},"modified":"2026-04-06T09:52:09","modified_gmt":"2026-04-06T14:52:09","slug":"c-strobos","status":"publish","type":"product","link":"https:\/\/www.acrartex.com\/cs\/products\/c-strobos\/","title":{"rendered":"C-Strobos"},"content":{"rendered":"<p>C-Strobe se aktivuje manu\u00e1ln\u011b snadn\u00fdm oto\u010den\u00edm a model C-Strobe H2O nab\u00edz\u00ed dva zp\u016fsoby aktivace: sv\u011btlo lze snadno aktivovat stisknut\u00edm tla\u010d\u00edtka zapnut\u00ed\/vypnut\u00ed, nebo v zapnut\u00e9 poloze se aktivuje automaticky po pono\u0159en\u00ed do vody. Model C-Strobe H2O s bohatou nab\u00eddkou funkc\u00ed se m\u016f\u017ee pochlubit tak\u00e9 3 provozn\u00edmi re\u017eimy: stroboskop, trval\u00e9 sv\u00edcen\u00ed a SOS. <\/p>\n<p>&nbsp;<\/p>\n<p>\u0160t\u00edhl\u00fd, lehk\u00fd a v\u0161estrann\u00fd design se snadno vejde do kapsy nebo se diskr\u00e9tn\u011b zav\u011bs\u00ed po p\u0159ipevn\u011bn\u00ed k z\u00e1chrann\u00e9 vest\u011b \u010di batohu. Flexibiln\u00ed poutka na boku v\u00fdrobku umo\u017e\u0148uj\u00ed n\u011bkolik mo\u017enost\u00ed mont\u00e1\u017ee, v\u010detn\u011b popruh\u016f na batohu nebo na z\u00e1chrann\u00e9 vest\u011b. Popruh na such\u00fd zip <sup>Velcro\u00ae<\/sup> lze p\u0159ipevnit kolem poutek a vytvo\u0159it tak nespo\u010det dal\u0161\u00edch mo\u017enost\u00ed mont\u00e1\u017ee. Sv\u011btlo je tak\u00e9 dod\u00e1v\u00e1no s klipem, kter\u00fd lze pohodln\u011b nasunout na nafukovac\u00ed trubici va\u0161\u00ed nafukovac\u00ed z\u00e1chrann\u00e9 vesty a ulo\u017eit tak sv\u00edtilnu uvnit\u0159 vesty.   <\/p>\n<p>&nbsp;<\/p>\n<p><strong>Vlastnosti:<\/strong><\/p>\n<ul>\n<li>Pro pomoc s lokalizac\u00ed v nouzov\u00fdch situac\u00edch s n\u00edzk\u00fdm osv\u011btlen\u00edm<\/li>\n<li>Mimo\u0159\u00e1dn\u011b jasn\u00e1 b\u00edl\u00e1 LED dioda s tokem 45 lumen\u016f<\/li>\n<li>Dlouh\u00e1 nep\u0159etr\u017eit\u00e1 provozn\u00ed \u017eivotnost del\u0161\u00ed ne\u017e 120 hodin<\/li>\n<li>Vod\u011bodolnost \u2013 Testov\u00e1no 24 hodin v hloubce 1 m<\/li>\n<li>Pouzdro odoln\u00e9 proti n\u00e1raz\u016fm<\/li>\n<li>Pou\u017e\u00edv\u00e1 dv\u011b baterie typu \u201eAA\u201c 1,5 V (nejsou sou\u010d\u00e1st\u00ed balen\u00ed)<\/li>\n<li>Schv\u00e1leno pob\u0159e\u017en\u00ed str\u00e1\u017e\u00ed USA\/SOLAS<\/li>\n<li>Ide\u00e1ln\u00ed pro z\u00e1chrann\u00e9 vesty, kempov\u00e1n\u00ed, cyklistiku, auto atd.<\/li>\n<li>Sou\u010d\u00e1st\u00ed balen\u00ed je popruh na such\u00fd zip Velcro\u00ae (u mykan\u00e9 verze), kter\u00fd se pou\u017e\u00edv\u00e1 ve spojen\u00ed s integrovan\u00fdmi \u00fachyty pro flexibiln\u00ed mont\u00e1\u017e<\/li>\n<li>Sou\u010d\u00e1st\u00ed je klip PFD (u kart\u00f3nov\u00e9 verze) pro snadn\u00e9 p\u0159ipevn\u011bn\u00ed k \u00fastn\u00ed infla\u010dn\u00ed trubici<\/li>\n<li><span style=\"color: black;\">Senzory aktivace vodou \u2013 Automatick\u00e1 aktivace p\u0159i kontaktu s vodou (pouze s C-Light H20 (3964.1))<\/span><\/li>\n<\/ul>\n","protected":false},"excerpt":{"rendered":"<p>Kompaktn\u00ed, robustn\u00ed a vodot\u011bsn\u00e1 sv\u011btla C-Strobe (neaktivuje se vodou) a C-Strobe H2O (aktivuje se vodou) jsou schv\u00e1lena dle p\u0159edpis\u016f USCG\/SOLAS a maj\u00ed LED diodu s v\u00fdkonem 45 lumen\u016f, kter\u00e1 v re\u017eimu stroboskopu obvykle pracuje nep\u0159etr\u017eit\u011b 120 hodin. Tato osobn\u00ed nouzov\u00e1 stroboskopick\u00e1 sv\u011btla maj\u00ed n\u00e1razuvzdorn\u00e9 pouzdro \u2013 d\u00edky \u010demu\u017e jsou spolehliv\u00e1 a v\u00edce\u00fa\u010delov\u00e1, kdykoli je pot\u0159eba efektivn\u00ed nouzov\u00e9 osv\u011btlen\u00ed. <\/p>\n<p>&nbsp;<\/p>\n<p><a href=\"https:\/\/www.dropbox.com\/s\/8343nj28z0d7bxa\/Prop%2065%20-%20BPA.pdf?dl=0\">VAROV\u00c1N\u00cd: PROP 65<\/a><\/p>\n<p>&nbsp;<\/p>\n<p>&nbsp;<\/p>\n","protected":false},"featured_media":152771,"template":"","meta":{"_acf_changed":false,"om_disable_all_campaigns":false},"product_brand":[],"product_cat":[5957,5949,5960,5953,5719,5962,5951,7907,5955,5790,5947],"product_tag":[7932,7931,7919,7925,7922,7928,7930,7916,7910,7913,7933],"class_list":{"0":"post-152757","1":"product","2":"type-product","3":"status-publish","4":"has-post-thumbnail","6":"product_cat-akcni-sporty-terenni-jizdy","7":"product_cat-blizko-pobrezi","8":"product_cat-cestovni-vybaveni","9":"product_cat-komercni","10":"product_cat-namorni","11":"product_cat-padlovaci-sporty-rybareni","12":"product_cat-pobrezni","13":"product_cat-signalizacni-produkty","14":"product_cat-turistika-horolezectvi-tabor","15":"product_cat-venkovni","16":"product_cat-vnitrozemi","17":"product_tag-acr-c-zableskovy-svetlo","18":"product_tag-acr-stroboskop","19":"product_tag-acr-zableskove-svetlo","20":"product_tag-bezpecnostni-stroboskopicka-svetla","21":"product_tag-bezpecnostni-zableskova-svetla","22":"product_tag-namorni-stroboskopicke-svetlo","23":"product_tag-nouzove-stroboskopicke-svetlo","24":"product_tag-nouzovy-stroboskop","25":"product_tag-stroboskopicka-svetla","26":"product_tag-svetlo-s-pfd","27":"product_tag-zachranna-svetla","28":"pa_activity-beh-na-lyzich","29":"pa_activity-kempovani","30":"pa_activity-kolo","31":"pa_activity-lezeni","32":"pa_activity-lyzovani-snowboarding","33":"pa_activity-padlovaci-sporty","34":"pa_activity-rybolov","35":"pa_activity-snezny-skutr","36":"pa_activity-terenni-4x4","37":"pa_activity-turistika","38":"pa_boat-size-0-20-cs","39":"pa_boat-size-21-40-cs","40":"pa_boat-size-40-80-cs","41":"pa_boat-size-80-cs","42":"pa_boat-type-charterova-jachta","43":"pa_boat-type-jachta","44":"pa_boat-type-komercni-rybolov","45":"pa_boat-type-motorovy-clun","46":"pa_boat-type-nakladni-lod","47":"pa_boat-type-plachetnice","48":"pa_boat-type-remorker","49":"pa_boat-type-sportcraft-cs","50":"pa_product-bezpecnostni-prislusenstvi","51":"pa_product-signalizacni-produkty","52":"pa_product-zachranna-svetla","53":"pa_terrain-kopec-a-hora","54":"pa_terrain-les-a-dzungle","55":"pa_terrain-reky-mokrady-jezera-cs","56":"pa_terrain-tundra-cs-2","58":"first","59":"instock","60":"taxable","61":"shipping-taxable","62":"purchasable","63":"product-type-variable"},"acf":[],"_links":{"self":[{"href":"https:\/\/www.acrartex.com\/cs\/wp-json\/wp\/v2\/product\/152757","targetHints":{"allow":["GET"]}}],"collection":[{"href":"https:\/\/www.acrartex.com\/cs\/wp-json\/wp\/v2\/product"}],"about":[{"href":"https:\/\/www.acrartex.com\/cs\/wp-json\/wp\/v2\/types\/product"}],"wp:featuredmedia":[{"embeddable":true,"href":"https:\/\/www.acrartex.com\/cs\/wp-json\/wp\/v2\/media\/152771"}],"wp:attachment":[{"href":"https:\/\/www.acrartex.com\/cs\/wp-json\/wp\/v2\/media?parent=152757"}],"wp:term":[{"taxonomy":"product_brand","embeddable":true,"href":"https:\/\/www.acrartex.com\/cs\/wp-json\/wp\/v2\/product_brand?post=152757"},{"taxonomy":"product_cat","embeddable":true,"href":"https:\/\/www.acrartex.com\/cs\/wp-json\/wp\/v2\/product_cat?post=152757"},{"taxonomy":"product_tag","embeddable":true,"href":"https:\/\/www.acrartex.com\/cs\/wp-json\/wp\/v2\/product_tag?post=152757"}],"curies":[{"name":"wp","href":"https:\/\/api.w.org\/{rel}","templated":true}]}}