{"id":152643,"date":"2021-03-16T08:16:09","date_gmt":"2021-03-16T13:16:09","guid":{"rendered":"https:\/\/www.acrartex.com\/products\/ms-2000m2-doublefly\/"},"modified":"2025-07-07T13:05:22","modified_gmt":"2025-07-07T18:05:22","slug":"ms-2000m2-doublefly","status":"publish","type":"product","link":"https:\/\/www.acrartex.com\/cs\/products\/ms-2000m2-doublefly\/","title":{"rendered":"MS-2000(M2) Doublefly"},"content":{"rendered":"<p>Stejn\u011b jako na\u0161e vysoce cen\u011bn\u00e9 a spolehliv\u00e9 SDU-5E a MS-2000(M) je i MS-2000(M2) navr\u017een tak, aby spl\u0148oval nebo p\u0159ekra\u010doval vojensk\u00e9 specifikace, v\u010detn\u011b MIL-L-38217D a CID AA-59176, a m\u00e1 mnoho vylep\u0161en\u00fdch funkc\u00ed pro z\u00e1chranu \u017eivota, kter\u00e9 spl\u0148uj\u00ed po\u017eadavky pro r\u016fzn\u00e9 mise.<\/p>\n<ul>\n<li>Nov\u00e1 funkce vibrac\u00ed v\u00e1s p\u0159i pou\u017eit\u00ed infra\u010derven\u00e9ho \u0161t\u00edtu skryt\u011b upozorn\u00ed na aktivaci a zm\u011bny re\u017eimu.<\/li>\n<li>3 re\u017eimy aktivace na v\u00fdb\u011br: Stroboskop, SOS nebo trval\u00e9 sv\u00edcen\u00ed<\/li>\n<li>Spl\u0148uje nejaktu\u00e1ln\u011bj\u0161\u00ed po\u017eadavky arm\u00e1dy a hod\u00ed se prakticky pro jakoukoli aplikaci<\/li>\n<li>Nov\u00fd opleten\u00fd ocelov\u00fd pojistn\u00fd prvek udr\u017euje kryt baterie na m\u00edst\u011b<\/li>\n<li>Silikonov\u00fd konformn\u00ed povlak na elektronick\u00fdch sou\u010d\u00e1stk\u00e1ch chr\u00e1n\u00ed p\u0159ed vlhkost\u00ed<\/li>\n<li>Sm\u011brov\u00fd modr\u00fd filtr upozor\u0148uje na sp\u0159\u00e1telen\u00e9 s\u00edly, rozli\u0161uje stroboskop od pozemn\u00ed palby<\/li>\n<li>A\u017e 56 hodin provozu na 2 standardn\u00ed alkalick\u00e9 baterie AA (v extr\u00e9mn\u011b chladn\u00e9m prost\u0159ed\u00ed nebo p\u0159i dlouhodob\u00e9m skladov\u00e1n\u00ed pou\u017eijte lithiov\u00e9 baterie)<\/li>\n<li>P\u0159ipojen\u00fd infra\u010derven\u00fd (IR) filtr pro pou\u017eit\u00ed s \u200b\u200bbr\u00fdlemi pro no\u010dn\u00ed vid\u011bn\u00ed (NVG) s plst\u011bnou vlo\u017ekou zabra\u0148uj\u00edc\u00ed zjevn\u00e9mu \u00faniku sv\u011btla<\/li>\n<li>Nejmodern\u011bj\u0161\u00ed LED technologie<\/li>\n<li>Vyv\u00fd\u0161en\u00e9 indik\u00e1tory polarity umo\u017e\u0148uj\u00ed spr\u00e1vn\u00e9 um\u00edst\u011bn\u00ed bateri\u00ed<\/li>\n<li>P\u0159ekra\u010duje standard SOLAS<\/li>\n<\/ul>\n","protected":false},"excerpt":{"rendered":"<p>P\u0159edstavujeme novou verzi M2: z\u00e1bleskov\u00e9 obrysov\u00e9 sv\u011btlo, kter\u00e9 je jasn\u011bj\u0161\u00ed a snadn\u011bji se pou\u017e\u00edv\u00e1 ne\u017e jeho p\u0159edch\u016fdce. Pokud jde o z\u00e1chranu \u017eivot\u016f, nic hor\u0161\u00edho ne\u017e to nejlep\u0161\u00ed nep\u0159ipad\u00e1 v \u00favahu. MS-2000(M2) Doublefly je navr\u017eeno tak, aby spl\u0148ovalo a \u010dasto i p\u0159ekra\u010dovalo vojensk\u00e9 specifikace, a je vyrobeno pro pou\u017eit\u00ed v r\u016fzn\u00fdch mis\u00edch.  <\/p>\n","protected":false},"featured_media":152654,"template":"","meta":{"_acf_changed":false,"om_disable_all_campaigns":false},"product_brand":[],"product_cat":[5968,5970,5966,5972,5945],"product_tag":[7658,7662,7475,7477,7473,7479,7651,7654,7472,7470,7481,7647,7646,7483,7649,7487,7485],"class_list":{"0":"post-152643","1":"product","2":"type-product","3":"status-publish","4":"has-post-thumbnail","6":"product_cat-letecka-hlidka","7":"product_cat-namorni-sily","8":"product_cat-policie-obec","9":"product_cat-pozemni-specialni-jednotky","10":"product_cat-valecny","11":"product_tag-3994-cs","12":"product_tag-3994-2-cs","13":"product_tag-ms-2000-cs","14":"product_tag-ms-2000-m-cs","15":"product_tag-ms-2000m-cs","16":"product_tag-ms-2000r-cs","17":"product_tag-ms-2000m-cs-2","18":"product_tag-ms-2000m2-cs","19":"product_tag-ms2000-cs","20":"product_tag-ms2000m-cs","21":"product_tag-ms2000r-cs","22":"product_tag-sos-cs","23":"product_tag-stroboskop-vojenske-specifikace","24":"product_tag-svetlo-ms2000","25":"product_tag-trvale-svitici-obrysove-svetlo","26":"product_tag-vojenske-nouzove-svetlo","27":"product_tag-vojenske-zachranne-svetlo","29":"first","30":"instock","31":"taxable","32":"shipping-taxable","33":"product-type-simple"},"acf":[],"_links":{"self":[{"href":"https:\/\/www.acrartex.com\/cs\/wp-json\/wp\/v2\/product\/152643","targetHints":{"allow":["GET"]}}],"collection":[{"href":"https:\/\/www.acrartex.com\/cs\/wp-json\/wp\/v2\/product"}],"about":[{"href":"https:\/\/www.acrartex.com\/cs\/wp-json\/wp\/v2\/types\/product"}],"wp:featuredmedia":[{"embeddable":true,"href":"https:\/\/www.acrartex.com\/cs\/wp-json\/wp\/v2\/media\/152654"}],"wp:attachment":[{"href":"https:\/\/www.acrartex.com\/cs\/wp-json\/wp\/v2\/media?parent=152643"}],"wp:term":[{"taxonomy":"product_brand","embeddable":true,"href":"https:\/\/www.acrartex.com\/cs\/wp-json\/wp\/v2\/product_brand?post=152643"},{"taxonomy":"product_cat","embeddable":true,"href":"https:\/\/www.acrartex.com\/cs\/wp-json\/wp\/v2\/product_cat?post=152643"},{"taxonomy":"product_tag","embeddable":true,"href":"https:\/\/www.acrartex.com\/cs\/wp-json\/wp\/v2\/product_tag?post=152643"}],"curies":[{"name":"wp","href":"https:\/\/api.w.org\/{rel}","templated":true}]}}