{"id":152636,"date":"2021-03-16T08:15:33","date_gmt":"2021-03-16T13:15:33","guid":{"rendered":"https:\/\/www.acrartex.com\/products\/rcl-75-reflektor\/"},"modified":"2025-07-07T13:05:17","modified_gmt":"2025-07-07T18:05:17","slug":"rcl-75-reflektor","status":"publish","type":"product","link":"https:\/\/www.acrartex.com\/cs\/products\/rcl-75-reflektor\/","title":{"rendered":"RCL -75 Reflektor"},"content":{"rendered":"<p><strong><span style=\"color: #e74c3c;\"><a href=\"https:\/\/www.acrartex.com\/products\/rcl-95-wireless-led-searchlight\/\">V\u00fdroba modelu RCL -75 byla ukon\u010dena.<\/a>  Z\u00e1ru\u010dn\u00ed podpora je st\u00e1le dostupn\u00e1.<\/span><\/strong><\/p>\n<p>Elektronika je pro zv\u00fd\u0161enou ochranu um\u00edst\u011bna ve vod\u011bodoln\u00e9 hlav\u011b sv\u011btla nam\u00edsto v z\u00e1kladn\u011b. Inovativn\u00ed syst\u00e9m \u201ep\u0159\u00edm\u00e9ho pohonu\u201c eliminuje nekontrolovan\u00fd pohyb sv\u011btla v rozbou\u0159en\u00e9m po\u010das\u00ed. <\/p>\n<p>Pou\u017eit\u00ed: Rekrea\u010dn\u00ed lod\u011b, sportovn\u00ed jachty, sportovn\u00ed ryb\u00e1\u0159sk\u00e9 a komer\u010dn\u00ed plavidla.<\/p>\n<ul>\n<li>Dvojit\u00e1 konstrukce lampy zaji\u0161\u0165uje redundanci a spolehlivost \u2013 funguje, kdy\u017e ji pot\u0159ebujete<\/li>\n<li>Jasn\u00e9, v\u00fdkonn\u00e9 halogenov\u00e9 \u017e\u00e1rovky o v\u00fdkonu 55 W s rozptylem paprsku 3\u00b0 v \u0161\u00ed\u0159ce x 5\u00b0 v \u0161\u00ed\u0159ce<\/li>\n<li>Snadno instalovateln\u00e9 ovl\u00e1d\u00e1n\u00ed joystickem ve stylu Point Pad\u2122<\/li>\n<li>Robustn\u00ed, funk\u010dn\u00ed a funk\u010dn\u011b bohat\u00fd reflektor se snadno instaluje<\/li>\n<li>7vodi\u010dov\u00fd kabelov\u00fd svazek, d\u00e9lka 17 stop<\/li>\n<li>Elektronika um\u00edst\u011bn\u00e1 ve vod\u011bodoln\u00e9 hlav\u011b sv\u011btla, nam\u00edsto tradi\u010dn\u00edho um\u00edst\u011bn\u00ed v z\u00e1kladn\u011b sv\u011btla, pro ochranu p\u0159ed hromad\u011bn\u00edm vody<\/li>\n<li>O\u010dn\u00ed skl\u00e1p\u011bn\u00ed s \u00fahlem 45\u00b0 dol\u016f zaji\u0161\u0165uje lep\u0161\u00ed viditelnost p\u0159i dokov\u00e1n\u00ed<\/li>\n<li>18\u00b0 sklon nahoru pro osv\u011btlen\u00ed v\u011b\u017e\u00ed padac\u00edch most\u016f atd.<\/li>\n<li>Snadn\u00e1 v\u00fdm\u011bna \u017e\u00e1rovek po odejmut\u00ed horn\u00edho krytu pro p\u0159\u00edstup k sestav\u011b zadn\u00edch sv\u011btel<\/li>\n<li>Vysu\u0161en\u00fd filtr vysu\u0161uje vzduch; chr\u00e1n\u00ed reflektor a sv\u011btelnou sestavu<\/li>\n<li>Inovativn\u00ed syst\u00e9m \u201ep\u0159\u00edm\u00e9ho pohonu\u201c eliminuje nekontrolovan\u00fd pohyb sv\u011btla v rozbou\u0159en\u00e9m ter\u00e9nu<\/li>\n<li>Ozuben\u00ed a elektromotory pro vysok\u00e9 zat\u00ed\u017een\u00ed<\/li>\n<li>P\u0159idejte adapt\u00e9r a dal\u0161\u00ed Point Pad\u2122 pro vzd\u00e1len\u00fd provoz z druh\u00e9 stanice<\/li>\n<\/ul>\n<p>\u0160t\u00edtky: sv\u011btlomety, hledac\u00ed sv\u011btlomet, RCL Searchlight, RCL 75, lodn\u00ed hledac\u00ed sv\u011btlomet, n\u00e1mo\u0159n\u00ed hledac\u00ed sv\u011btlomet, lodn\u00ed hledac\u00ed sv\u011btlomet, hledac\u00ed sv\u011btlomet ACR , 1946, D\/N 1946<\/p>\n","protected":false},"excerpt":{"rendered":"<p><strong><span style=\"color: #e74c3c;\"><a href=\"https:\/\/www.acrartex.com\/products\/rcl-95-wireless-led-searchlight\/\">V\u00fdroba modelu RCL -75 byla ukon\u010dena.<\/a>  Z\u00e1ru\u010dn\u00ed podpora je st\u00e1le dostupn\u00e1.<\/span><\/strong><\/p>\n<p>Sv\u011btlomet RCL -75 je vyroben speci\u00e1ln\u011b pro rekrea\u010dn\u00ed lod\u011b, sportovn\u00ed jachty, sportovn\u00ed ryb\u00e1\u0159e a komer\u010dn\u00ed plavidla. Dvoulampov\u00e1 konstrukce tohoto sv\u011btlometu poskytuje redundanci a spolehlivost, tak\u017ee se m\u016f\u017eete spolehnout, \u017ee bude fungovat, kdy\u017e ho nejv\u00edce pot\u0159ebujete. Inovativn\u00ed syst\u00e9m p\u0159\u00edm\u00e9ho pohonu nav\u00edc eliminuje nekontrolovan\u00fd pohyb sv\u011btla v rozbou\u0159en\u00e9m po\u010das\u00ed, tak\u017ee pokud naraz\u00edte na neo\u010dek\u00e1van\u00e9 po\u010das\u00ed, m\u016f\u017eete si b\u00fdt jisti, \u017ee va\u0161e sv\u011btlo bude i nad\u00e1le sv\u00edtit podle pot\u0159eby.  <\/p>\n<p>&nbsp;<\/p>\n<p style=\"margin-left: 0in; margin-right: 0in;\"><span style=\"font-size: 11pt;\"><span style=\"font-family: Calibri,sans-serif;\"><a style=\"color: blue; text-decoration: underline;\" href=\"https:\/\/www.dropbox.com\/s\/fk04stqsp2hgk5f\/Prop%2065%20-%20DEHP.pdf?dl=0\"><span style=\"color: #000000;\">VAROV\u00c1N\u00cd: PROP 65<\/span><\/a><\/span><\/span><\/p>\n<p style=\"margin-left: 0in; margin-right: 0in;\">\n","protected":false},"featured_media":152645,"template":"","meta":{"_acf_changed":false,"om_disable_all_campaigns":false},"product_brand":[],"product_cat":[5949,5719,5947],"product_tag":[7644,7256,7257,7250,7641,7643,7642,7260,7255],"class_list":{"0":"post-152636","1":"product","2":"type-product","3":"status-publish","4":"has-post-thumbnail","6":"product_cat-blizko-pobrezi","7":"product_cat-namorni","8":"product_cat-vnitrozemi","9":"product_tag-1946-cs","10":"product_tag-namorni-reflektor","11":"product_tag-namorni-svetlomety","12":"product_tag-rcl-cs","13":"product_tag-rcl-75-cs","14":"product_tag-rcl-75-cs-2","15":"product_tag-rcl75-cs","16":"product_tag-reflektor-acr","17":"product_tag-svetlomet-pro-lode","18":"pa_product-dedictvi","20":"first","21":"outofstock","22":"taxable","23":"shipping-taxable","24":"product-type-simple"},"acf":[],"_links":{"self":[{"href":"https:\/\/www.acrartex.com\/cs\/wp-json\/wp\/v2\/product\/152636","targetHints":{"allow":["GET"]}}],"collection":[{"href":"https:\/\/www.acrartex.com\/cs\/wp-json\/wp\/v2\/product"}],"about":[{"href":"https:\/\/www.acrartex.com\/cs\/wp-json\/wp\/v2\/types\/product"}],"wp:featuredmedia":[{"embeddable":true,"href":"https:\/\/www.acrartex.com\/cs\/wp-json\/wp\/v2\/media\/152645"}],"wp:attachment":[{"href":"https:\/\/www.acrartex.com\/cs\/wp-json\/wp\/v2\/media?parent=152636"}],"wp:term":[{"taxonomy":"product_brand","embeddable":true,"href":"https:\/\/www.acrartex.com\/cs\/wp-json\/wp\/v2\/product_brand?post=152636"},{"taxonomy":"product_cat","embeddable":true,"href":"https:\/\/www.acrartex.com\/cs\/wp-json\/wp\/v2\/product_cat?post=152636"},{"taxonomy":"product_tag","embeddable":true,"href":"https:\/\/www.acrartex.com\/cs\/wp-json\/wp\/v2\/product_tag?post=152636"}],"curies":[{"name":"wp","href":"https:\/\/api.w.org\/{rel}","templated":true}]}}