{"id":152609,"date":"2021-03-16T08:16:22","date_gmt":"2021-03-16T13:16:22","guid":{"rendered":"https:\/\/www.acrartex.com\/products\/ms-2000m2-vodni-stenice\/"},"modified":"2021-03-16T08:16:22","modified_gmt":"2021-03-16T13:16:22","slug":"ms-2000m2-vodni-stenice","status":"publish","type":"product","link":"https:\/\/www.acrartex.com\/cs\/products\/ms-2000m2-vodni-stenice\/","title":{"rendered":"MS-2000(M2) Vodn\u00ed \u0161t\u011bnice"},"content":{"rendered":"<p>Stejn\u011b jako na\u0161e vysoce cen\u011bn\u00e9 a spolehliv\u00e9 SDU-5E a MS-2000(M) je i MS-2000(M2) navr\u017een tak, aby spl\u0148oval nebo p\u0159ekra\u010doval vojensk\u00e9 specifikace, v\u010detn\u011b MIL-L-38217D a CID AA-59176, a m\u00e1 mnoho vylep\u0161en\u00fdch funkc\u00ed pro z\u00e1chranu \u017eivota, kter\u00e9 spl\u0148uj\u00ed po\u017eadavky pro r\u016fzn\u00e9 mise.<\/p>\n<ul>\n<li>Nov\u00e1 funkce vibrac\u00ed v\u00e1s p\u0159i pou\u017eit\u00ed infra\u010derven\u00e9ho \u0161t\u00edtu skryt\u011b upozorn\u00ed na aktivaci a zm\u011bny re\u017eimu.<\/li>\n<li>Vodn\u00ed senzory automaticky aktivuj\u00ed sv\u011btlo p\u0159i zapnut\u00ed\/vypnut\u00ed<\/li>\n<li>4 re\u017eimy aktivace na v\u00fdb\u011br: Aktivace, Stroboskop, SOS nebo Trval\u00e9 sv\u00edcen\u00ed<\/li>\n<li>Spl\u0148uje nejaktu\u00e1ln\u011bj\u0161\u00ed po\u017eadavky arm\u00e1dy a hod\u00ed se prakticky pro jakoukoli aplikaci<\/li>\n<li>Nov\u00fd opleten\u00fd ocelov\u00fd pojistn\u00fd prvek udr\u017euje kryt baterie na m\u00edst\u011b<\/li>\n<li>Silikonov\u00fd konformn\u00ed povlak na elektronick\u00fdch sou\u010d\u00e1stk\u00e1ch chr\u00e1n\u00ed p\u0159ed vlhkost\u00ed<\/li>\n<li>Sm\u011brov\u00fd modr\u00fd filtr upozor\u0148uje na sp\u0159\u00e1telen\u00e9 s\u00edly, rozli\u0161uje stroboskop od pozemn\u00ed palby<\/li>\n<li>A\u017e 56 hodin provozu na 2 standardn\u00ed alkalick\u00e9 baterie AA (v extr\u00e9mn\u011b chladn\u00e9m prost\u0159ed\u00ed nebo p\u0159i dlouhodob\u00e9m skladov\u00e1n\u00ed pou\u017eijte lithiov\u00e9 baterie)<\/li>\n<li>P\u0159ipojen\u00fd infra\u010derven\u00fd (IR) filtr pro pou\u017eit\u00ed s \u200b\u200bbr\u00fdlemi pro no\u010dn\u00ed vid\u011bn\u00ed (NVG) s plst\u011bnou vlo\u017ekou zabra\u0148uj\u00edc\u00ed zjevn\u00e9mu \u00faniku sv\u011btla<\/li>\n<li>Nejmodern\u011bj\u0161\u00ed LED technologie<\/li>\n<li>Vyv\u00fd\u0161en\u00e9 indik\u00e1tory polarity umo\u017e\u0148uj\u00ed spr\u00e1vn\u00e9 um\u00edst\u011bn\u00ed bateri\u00ed<\/li>\n<\/ul>\n","protected":false},"excerpt":{"rendered":"<p>Pokud jde o z\u00e1chranu \u017eivot\u016f, nic hor\u0161\u00edho ne\u017e to nejlep\u0161\u00ed nep\u0159ipad\u00e1 v \u00favahu. Od uveden\u00ed p\u016fvodn\u00edho MS-2000 se stalo hlavn\u00edm bojov\u00fdm p\u00e1trac\u00edm a z\u00e1chrann\u00fdm sv\u011btlem (C-SAR), kter\u00e9 nos\u00ed elitn\u00ed vojensk\u00e9 s\u00edly po cel\u00e9m sv\u011bt\u011b. Toto stroboskopick\u00e9 obrysov\u00e9 sv\u011btlo je vybaveno nejnov\u011bj\u0161\u00ed LED technologi\u00ed a spl\u0148uje nejaktu\u00e1ln\u011bj\u0161\u00ed po\u017eadavky arm\u00e1dy. Jeho vibra\u010dn\u00ed funkce v\u00e1s upozorn\u00ed na aktivaci a zm\u011bny re\u017eimu p\u0159i pou\u017eit\u00ed infra\u010derven\u00e9ho \u0161t\u00edtu a senzory aktivace vodou automaticky zapnou sv\u011btlo, kdy\u017e se dostane do kontaktu se sladkou nebo slanou vodou. D\u00edky 4 aktiva\u010dn\u00edm re\u017eim\u016fm, ze kter\u00fdch si m\u016f\u017eete vybrat: Zapnuto, Stroboskop, SOS nebo Trval\u00e9 sv\u00edcen\u00ed, budete p\u0159ipraveni sv\u00edtit prakticky v ka\u017ed\u00e9 situaci.    <\/p>\n","protected":false},"featured_media":152612,"template":"","meta":{"_acf_changed":false,"om_disable_all_campaigns":false},"product_brand":[],"product_cat":[5945],"product_tag":[7600,7602,7472,7596,7597,7595,7598,7599],"class_list":{"0":"post-152609","1":"product","2":"type-product","3":"status-publish","4":"has-post-thumbnail","6":"product_cat-valecny","7":"product_tag-3991-cs","8":"product_tag-3991-2-cs","9":"product_tag-ms2000-cs","10":"product_tag-stroboskop","11":"product_tag-stroboskopicke-obrysove-svetlo-waterbug","12":"product_tag-svetlo","13":"product_tag-svetlo-trhu","14":"product_tag-vodni-brouk","16":"first","17":"instock","18":"taxable","19":"shipping-taxable","20":"product-type-simple"},"acf":[],"_links":{"self":[{"href":"https:\/\/www.acrartex.com\/cs\/wp-json\/wp\/v2\/product\/152609","targetHints":{"allow":["GET"]}}],"collection":[{"href":"https:\/\/www.acrartex.com\/cs\/wp-json\/wp\/v2\/product"}],"about":[{"href":"https:\/\/www.acrartex.com\/cs\/wp-json\/wp\/v2\/types\/product"}],"wp:featuredmedia":[{"embeddable":true,"href":"https:\/\/www.acrartex.com\/cs\/wp-json\/wp\/v2\/media\/152612"}],"wp:attachment":[{"href":"https:\/\/www.acrartex.com\/cs\/wp-json\/wp\/v2\/media?parent=152609"}],"wp:term":[{"taxonomy":"product_brand","embeddable":true,"href":"https:\/\/www.acrartex.com\/cs\/wp-json\/wp\/v2\/product_brand?post=152609"},{"taxonomy":"product_cat","embeddable":true,"href":"https:\/\/www.acrartex.com\/cs\/wp-json\/wp\/v2\/product_cat?post=152609"},{"taxonomy":"product_tag","embeddable":true,"href":"https:\/\/www.acrartex.com\/cs\/wp-json\/wp\/v2\/product_tag?post=152609"}],"curies":[{"name":"wp","href":"https:\/\/api.w.org\/{rel}","templated":true}]}}