{"id":152531,"date":"2021-03-16T08:15:52","date_gmt":"2021-03-16T13:15:52","guid":{"rendered":"https:\/\/www.acrartex.com\/products\/stroboskopicke-obrysove-svetlo-ms-2000-m2\/"},"modified":"2021-03-16T08:15:52","modified_gmt":"2021-03-16T13:15:52","slug":"stroboskopicke-obrysove-svetlo-ms-2000-m2","status":"publish","type":"product","link":"https:\/\/www.acrartex.com\/cs\/products\/stroboskopicke-obrysove-svetlo-ms-2000-m2\/","title":{"rendered":"Stroboskopick\u00e9 obrysov\u00e9 sv\u011btlo MS-2000 (M2)"},"content":{"rendered":"<p>Stejn\u011b jako na\u0161e vysoce cen\u011bn\u00e9 a spolehliv\u00e9 SDU-5E a MS-2000(M) je i MS-2000(M2) navr\u017een tak, aby spl\u0148oval nebo p\u0159ekra\u010doval vojensk\u00e9 specifikace, v\u010detn\u011b MIL-L-38217D a CID AA-59176, a m\u00e1 mnoho vylep\u0161en\u00fdch funkc\u00ed pro z\u00e1chranu \u017eivota, kter\u00e9 spl\u0148uj\u00ed po\u017eadavky pro r\u016fzn\u00e9 mise.<\/p>\n<ul>\n<li>Spl\u0148uje nejaktu\u00e1ln\u011bj\u0161\u00ed po\u017eadavky arm\u00e1dy a hod\u00ed se prakticky pro jakoukoli aplikaci<\/li>\n<li>Nov\u00fd opleten\u00fd ocelov\u00fd pojistn\u00fd prvek udr\u017euje kryt baterie na m\u00edst\u011b<\/li>\n<li>Silikonov\u00fd konformn\u00ed povlak na elektronick\u00fdch sou\u010d\u00e1stk\u00e1ch chr\u00e1n\u00ed p\u0159ed vlhkost\u00ed<\/li>\n<li>Sm\u011brov\u00fd modr\u00fd filtr upozor\u0148uje na sp\u0159\u00e1telen\u00e9 s\u00edly, rozli\u0161uje stroboskop od pozemn\u00ed palby<\/li>\n<li>Provoz na 2 standardn\u00ed alkalick\u00e9 baterie AA (v extr\u00e9mn\u011b chladn\u00e9m prost\u0159ed\u00ed nebo p\u0159i dlouhodob\u00e9m skladov\u00e1n\u00ed pou\u017eijte lithiov\u00e9 baterie)<\/li>\n<li>P\u0159ipojen\u00fd infra\u010derven\u00fd (IR) filtr pro pou\u017eit\u00ed s \u200b\u200bbr\u00fdlemi pro no\u010dn\u00ed vid\u011bn\u00ed (NVG) s plst\u011bnou vlo\u017ekou zabra\u0148uj\u00edc\u00ed zjevn\u00e9mu \u00faniku sv\u011btla<\/li>\n<li>Nejmodern\u011bj\u0161\u00ed LED technologie<\/li>\n<li>Vyv\u00fd\u0161en\u00e9 indik\u00e1tory polarity umo\u017e\u0148uj\u00ed spr\u00e1vn\u00e9 um\u00edst\u011bn\u00ed bateri\u00ed i&#8230;<\/li>\n<li>Nov\u00e1 funkce vibrac\u00ed v\u00e1s upozorn\u00ed na aktivaci a skryt\u00e9 zm\u011bny re\u017eimu p\u0159i pou\u017eit\u00ed infra\u010derven\u00e9ho \u0161t\u00edtu za n\u00edzk\u00e9 viditelnosti nebo ve tm\u011b.<\/li>\n<li>P\u0159ekra\u010duje standard SOLAS<\/li>\n<\/ul>\n","protected":false},"excerpt":{"rendered":"<p>Pokud jde o z\u00e1chranu \u017eivot\u016f, nic hor\u0161\u00edho ne\u017e to nejlep\u0161\u00ed nep\u0159ipad\u00e1 v \u00favahu. Od uveden\u00ed p\u016fvodn\u00edho MS-2000 se toto z\u00e1bleskov\u00e9 obrysov\u00e9 sv\u011btlo stalo hlavn\u00edm bojov\u00fdm p\u00e1trac\u00edm a z\u00e1chrann\u00fdm (C-SAR) sv\u011btlem, kter\u00e9 nos\u00ed elitn\u00ed vojensk\u00e9 s\u00edly po cel\u00e9m sv\u011bt\u011b. Stejn\u011b jako na\u0161e spolehliv\u00e9 SDU-5E a MS-2000(M) je i MS-2000(M2) navr\u017eeno tak, aby spl\u0148ovalo a \u010dasto i p\u0159ekra\u010dovalo vojensk\u00e9 specifikace. Bu\u010fte p\u0159ipraveni na nep\u0159edv\u00eddateln\u00e9: \u2013 Nejmodern\u011bj\u0161\u00ed LED technologie \u2013 Vibra\u010dn\u00ed funkce v\u00e1s upozorn\u00ed na aktivaci \u2013 Funguje na 2 standardn\u00ed alkalick\u00e9 AA baterie \u2013 P\u0159ekra\u010duje standard SOLAS \u2013 Pleten\u00fd ocelov\u00fd dr\u017e\u00e1k \u2013 Sm\u011brov\u00fd modr\u00fd filtr upozor\u0148uje sp\u0159\u00e1telen\u00e9 s\u00edly   <\/p>\n","protected":false},"featured_media":152538,"template":"","meta":{"_acf_changed":false,"om_disable_all_campaigns":false},"product_brand":[],"product_cat":[5968,5970,5966,5972,5945],"product_tag":[7499,7501,7493,7495,7489,7491,7497,7475,7477,7473,7479,7472,7470,7481,7483,7487,7485],"class_list":{"0":"post-152531","1":"product","2":"type-product","3":"status-publish","4":"has-post-thumbnail","6":"product_cat-letecka-hlidka","7":"product_cat-namorni-sily","8":"product_cat-policie-obec","9":"product_cat-pozemni-specialni-jednotky","10":"product_cat-valecny","11":"product_tag-3990-cs","12":"product_tag-3990-2-cs","13":"product_tag-acr-ms-2000-cs","14":"product_tag-acr-ms-2000m-cs","15":"product_tag-acr-ms2000-cs","16":"product_tag-acr-ms2000m-cs","17":"product_tag-cislo-dilu-3990-2","18":"product_tag-ms-2000-cs","19":"product_tag-ms-2000-m-cs","20":"product_tag-ms-2000m-cs","21":"product_tag-ms-2000r-cs","22":"product_tag-ms2000-cs","23":"product_tag-ms2000m-cs","24":"product_tag-ms2000r-cs","25":"product_tag-svetlo-ms2000","26":"product_tag-vojenske-nouzove-svetlo","27":"product_tag-vojenske-zachranne-svetlo","29":"first","30":"instock","31":"taxable","32":"shipping-taxable","33":"product-type-simple"},"acf":[],"_links":{"self":[{"href":"https:\/\/www.acrartex.com\/cs\/wp-json\/wp\/v2\/product\/152531","targetHints":{"allow":["GET"]}}],"collection":[{"href":"https:\/\/www.acrartex.com\/cs\/wp-json\/wp\/v2\/product"}],"about":[{"href":"https:\/\/www.acrartex.com\/cs\/wp-json\/wp\/v2\/types\/product"}],"wp:featuredmedia":[{"embeddable":true,"href":"https:\/\/www.acrartex.com\/cs\/wp-json\/wp\/v2\/media\/152538"}],"wp:attachment":[{"href":"https:\/\/www.acrartex.com\/cs\/wp-json\/wp\/v2\/media?parent=152531"}],"wp:term":[{"taxonomy":"product_brand","embeddable":true,"href":"https:\/\/www.acrartex.com\/cs\/wp-json\/wp\/v2\/product_brand?post=152531"},{"taxonomy":"product_cat","embeddable":true,"href":"https:\/\/www.acrartex.com\/cs\/wp-json\/wp\/v2\/product_cat?post=152531"},{"taxonomy":"product_tag","embeddable":true,"href":"https:\/\/www.acrartex.com\/cs\/wp-json\/wp\/v2\/product_tag?post=152531"}],"curies":[{"name":"wp","href":"https:\/\/api.w.org\/{rel}","templated":true}]}}