{"id":152475,"date":"2021-03-16T08:15:18","date_gmt":"2021-03-16T13:15:18","guid":{"rendered":"https:\/\/www.acrartex.com\/products\/led-reflektor-rcl-100\/"},"modified":"2026-03-06T08:34:27","modified_gmt":"2026-03-06T13:34:27","slug":"led-reflektor-rcl-100","status":"publish","type":"product","link":"https:\/\/www.acrartex.com\/cs\/products\/led-reflektor-rcl-100\/","title":{"rendered":"LED reflektor RCL -100"},"content":{"rendered":"<p>LED sv\u011btlomet RCL -100 i nad\u00e1le vyu\u017e\u00edv\u00e1 stejnou robustn\u00ed konstrukci jako p\u016fvodn\u00ed RCL -100D, ale obsahuje nov\u00e9 \u00fa\u010dinn\u00e9 pole 9 LED diod, kter\u00e9 produkuje v\u00edce ne\u017e 220 000 kandel sv\u011btla. Pevn\u00e9 a lehk\u00e9 hlin\u00edkov\u00e9 pouzdro spolu se sklen\u011bnou \u010do\u010dkou jsou odoln\u00e9 v\u016f\u010di pov\u011btrnostn\u00edm vliv\u016fm pro roky bezprobl\u00e9mov\u00e9ho provozu. Mezi dal\u0161\u00ed funkce pat\u0159\u00ed kabelov\u00e9 d\u00e1lkov\u00e9 ovl\u00e1d\u00e1n\u00ed, kter\u00e9 umo\u017e\u0148uje plynul\u00e9 ot\u00e1\u010den\u00ed o 360 stup\u0148\u016f p\u0159i vysok\u00e9 i n\u00edzk\u00e9 rychlosti bez nutnosti prudk\u00e9ho zastaven\u00ed. D\u00edky 7stup\u0148ov\u00e9mu \u00fahlu paprsku sv\u011btlo tak\u00e9 poskytuje \u00fahly elevace 9 stup\u0148\u016f nahoru a 17 stup\u0148\u016f dol\u016f, co\u017e usnad\u0148uje osv\u011btlen\u00ed zvedac\u00edch most\u016f, b\u00f3j\u00ed a dok\u016f.   <\/p>\n<p>Ne v\u0161echny sv\u011btlomety jsou si rovny a t\u011blo je trojit\u011b z\u00e1kladn\u00ed n\u00e1t\u011br a UV stabiliz\u00e1tor, aby vydr\u017eelo roky v drsn\u00e9m mo\u0159sk\u00e9m prost\u0159ed\u00ed. LED sv\u011btlomet RCL -100 m\u00e1 pln\u011b uzav\u0159en\u00fd interi\u00e9r a poskytuje p\u0159esn\u00e9 ovl\u00e1d\u00e1n\u00ed sklonu paprsku a z\u00e1rove\u0148 z\u016fst\u00e1v\u00e1 chr\u00e1n\u011bn. Efektivn\u011b navr\u017een\u00e9 LED pole poskytuje \u017eivotnost p\u0159es 40 000 hodin. Sv\u011btlo je tak\u00e9 vybaveno na\u0161\u00ed exkluzivn\u00ed funkc\u00ed XRCiZ\u2122, kter\u00e1 se nez\u00e1visle ot\u00e1\u010d\u00ed ka\u017ed\u00fdch 30 dn\u00ed od aktivace, aby se zajistilo, \u017ee v\u0161echny lo\u017eiskov\u00e9 povrchy jsou bez koroze a v\u0161echny elektrick\u00e9 kontakty jsou funk\u010dn\u00ed. RCL -100 LED je odoln\u00fd v\u016f\u010di pov\u011btrnostn\u00edm vliv\u016fm a pracuje s nap\u00e1jen\u00edm 12 nebo 24 V stejnosm\u011brn\u00e9ho proudu.    <\/p>\n<p>Nov\u00e9 LED sv\u011btlo ACR RCL -100 se prod\u00e1v\u00e1 v praktick\u00e9 sad\u011b konfigurovan\u00e9 n\u00e1sledovn\u011b.<\/p>\n<ul>\n<li>Kabelov\u00e1 sada: LED hledac\u00ed sv\u011btlomet RCL -100 s hlavn\u00edm ovlada\u010dem a kabelov\u00fdm ovlada\u010dem bodov\u00e9ho bodu (\u010d. d\u00edlu 1951 nebo 1951.B)<\/li>\n<\/ul>\n<p>&nbsp;<\/p>\n<h3>Hlavn\u00ed vlastnosti nov\u00e9ho RCL -100 LED:<\/h3>\n<ul>\n<li>Ultrajasn\u00e9 pole 9 LED diod generuje \u0161pi\u010dkov\u00fd sv\u011bteln\u00fd tok p\u0159es 220 000 kandel<\/li>\n<li>Efektivn\u00ed LED diody s dlouhou \u017eivotnost\u00ed \u2013 40 000 provozn\u00edch hodin<\/li>\n<li>Sn\u00ed\u017een\u00e1 spot\u0159eba energie a\u017e o 50 % u 12V plavidel<\/li>\n<li>\u0158\u00eddic\u00ed jednotka m\u00e1 nejmodern\u011bj\u0161\u00ed elektroniku, kter\u00e1 chr\u00e1n\u00ed sv\u011btlo p\u0159ed v\u011bt\u0161inou p\u0159ep\u011bt\u00ed.<\/li>\n<li>Vnit\u0159n\u00ed eleva\u010dn\u00ed mechanismus pro p\u0159esn\u00e9 ovl\u00e1d\u00e1n\u00ed sklonu paprsku; chr\u00e1n\u00ed eleva\u010dn\u00ed mechanismus p\u0159ed pov\u011btrnostn\u00edmi vlivy<\/li>\n<li>Robustn\u00ed pouzdro z trojit\u011b z\u00e1kladn\u00edho n\u00e1t\u011bru a ut\u011bsn\u011bn\u00e9ho hlin\u00edku pro n\u00e1mo\u0159n\u00ed pou\u017eit\u00ed<\/li>\n<li>Sou\u010d\u00e1st\u00ed je d\u00e1lkov\u00e9 ovl\u00e1d\u00e1n\u00ed pomoc\u00ed dotykov\u00e9 podlo\u017eky Point Pad; do syst\u00e9mu lze nainstalovat a\u017e t\u0159i vzd\u00e1len\u00e9 jednotky Point Pad; sou\u010d\u00e1st\u00ed jsou i mo\u017enosti povrchov\u00e9\/zapu\u0161t\u011bn\u00e9 mont\u00e1\u017ee.<\/li>\n<li>Exkluzivn\u00ed funkce XRCiZ\u2122 ot\u00e1\u010d\u00ed a pohybuje sestavou sv\u011btla ka\u017ed\u00fdch 30 dn\u00ed od aktivace, aby v\u0161echny lo\u017eiskov\u00e9 povrchy z\u016fstaly bez koroze a v\u0161echny elektrick\u00e9 kontakty byly funk\u010dn\u00ed.<\/li>\n<li>Kabelov\u00fd svazek o d\u00e9lce 4,57 m<\/li>\n<li>Dvourychlostn\u00ed motor<\/li>\n<\/ul>\n<p>&nbsp;<\/p>\n<h3>Dostupn\u00e9 konfigurace:<\/h3>\n<p>LED dioda RCL-100 je k dispozici v \u0159ad\u011b r\u016fzn\u00fdch praktick\u00fdch konfigurac\u00ed, kter\u00e9 jsou uvedeny n\u00ed\u017ee.<\/p>\n<p>&nbsp;<\/p>\n<p><em><strong>\u010c\u00edsla d\u00edl\u016f pro sady reflektor\u016f vyu\u017e\u00edvaj\u00edc\u00ed bodov\u00fd ovlada\u010d URP-102 a hlavn\u00ed \u0159\u00eddic\u00ed jednotku URC-103:<\/strong><\/em><\/p>\n<table>\n<tbody>\n<tr>\n<td width=\"103\"><strong>\u010c\u00cdSLO D\u00cdLU<\/strong><\/td>\n<td width=\"619\"><strong>POPIS<\/strong><\/td>\n<\/tr>\n<tr>\n<td width=\"103\">1951<\/td>\n<td width=\"619\">RCL-100 LED, b\u00edl\u00e1, s hlavn\u00edm ovlada\u010dem URC-103 a bodov\u00fdm ovlada\u010dem URP-102<\/td>\n<\/tr>\n<tr>\n<td width=\"103\">1951.B<\/td>\n<td width=\"619\">RCL-100 LED, \u010dern\u00e1, s hlavn\u00edm ovlada\u010dem URC-103 a bodov\u00fdm ovlada\u010dem URP-102<\/td>\n<\/tr>\n<\/tbody>\n<\/table>\n<p>&nbsp;<\/p>\n<p><em><strong>\u010c\u00edsla d\u00edl\u016f pro sady reflektor\u016f vyu\u017e\u00edvaj\u00edc\u00ed vylep\u0161en\u00fd bodov\u00fd panel URP-103 a hlavn\u00ed \u0159\u00eddic\u00ed jednotku URC-104:<\/strong><\/em><\/p>\n<table>\n<tbody>\n<tr>\n<td width=\"103\"><strong>\u010c\u00cdSLO D\u00cdLU<\/strong><\/td>\n<td width=\"619\"><strong>POPIS<\/strong><\/td>\n<\/tr>\n<tr>\n<td width=\"103\">1976<\/td>\n<td width=\"619\">RCL-100 LED, b\u00edl\u00e1, s nov\u00fdm hlavn\u00edm ovlada\u010dem URC-104, bodov\u00fdm ovlada\u010dem URP-103 a ru\u010dn\u00edm bezdr\u00e1tov\u00fdm d\u00e1lkov\u00fdm ovlada\u010dem URH-103<\/td>\n<\/tr>\n<tr>\n<td width=\"103\">1977<\/td>\n<td width=\"619\">RCL-100 LED, \u010dern\u00e1, s nov\u00fdm hlavn\u00edm ovlada\u010dem URC-104, bodov\u00fdm ovlada\u010dem URP-103 a ru\u010dn\u00edm bezdr\u00e1tov\u00fdm d\u00e1lkov\u00fdm ovlada\u010dem URH-103<\/td>\n<\/tr>\n<tr>\n<td width=\"103\">1978<\/td>\n<td width=\"619\">RCL-100 LED, b\u00edl\u00e1, s nov\u00fdm hlavn\u00edm ovlada\u010dem URC-104 a bodov\u00fdm ovlada\u010dem URP-103<\/td>\n<\/tr>\n<tr>\n<td width=\"103\">1979<\/td>\n<td width=\"619\">RCL-100 LED, \u010dern\u00e1, s nov\u00fdm hlavn\u00edm ovlada\u010dem URC-104 a bodov\u00fdm ovlada\u010dem URP-103<\/td>\n<\/tr>\n<\/tbody>\n<\/table>\n<h3><\/h3>\n<p>&nbsp;<\/p>\n<p>&nbsp;<\/p>\n<h3>Pokyny k instalaci mobiln\u00ed aplikace:<\/h3>\n<p>&nbsp;<\/p>\n<p><strong>POZN\u00c1MKA: Modul WiFi searchlight, kter\u00fd je vy\u017eadov\u00e1n pro pou\u017e\u00edv\u00e1n\u00ed aplikac\u00ed pro iOS nebo Android, byl ji\u017e ukon\u010den. N\u00ed\u017ee uveden\u00e9 informace jsou ur\u010deny pro p\u0159edchoz\u00ed z\u00e1kazn\u00edky, kte\u0159\u00ed v sou\u010dasn\u00e9 dob\u011b vlastn\u00ed modul WiFi a kte\u0159\u00ed by proto mohli pot\u0159ebovat p\u0159\u00edstup k aplikaci. <\/strong><\/p>\n<p>&nbsp;<\/p>\n<p><em><strong>iOS \u2013 Nav\u0161tivte Apple App Store, vyhledejte \u201e ACR Searchlight\u201c a st\u00e1hn\u011bte si bezplatnou aplikaci<\/strong><\/em><\/p>\n<p><em><strong>Android \u2013 Jak je zn\u00e1zorn\u011bno na sn\u00edmku obrazovky n\u00ed\u017ee, p\u0159ejd\u011bte na obrazovce nastaven\u00ed \u201eZamyk\u00e1n\u00ed obrazovky a zabezpe\u010den\u00ed\u201c na mobiln\u00edm za\u0159\u00edzen\u00ed, kter\u00e9 chcete pou\u017e\u00edvat k ovl\u00e1d\u00e1n\u00ed reflektoru, vyberte mo\u017enost povolit instalaci aplikac\u00ed z \u201eNezn\u00e1m\u00fdch zdroj\u016f\u201c a klikn\u011bte na \u201eOK\u201c. Po dokon\u010den\u00ed t\u011bchto krok\u016f <a href=\"https:\/\/www.dropbox.com\/scl\/fi\/7vf72mbbatofnee3bw3mx\/ACR_searchlight_release.apk?rlkey=codcu1zvl5yhy7bryqn29e8pv&amp;dl=1\">klikn\u011bte sem<\/a> a nainstalujte mobiln\u00ed aplikaci ACR Searchlight do sv\u00e9ho za\u0159\u00edzen\u00ed. <\/strong><\/em><\/p>\n<p><a href=\"https:\/\/www.acrartex.com\/wp-content\/uploads\/2021\/03\/Android-Searchlight-App_Download-Instructions.png\"><img loading=\"lazy\" decoding=\"async\" class=\" wp-image-83080 aligncenter\" src=\"https:\/\/www.acrartex.com\/wp-content\/uploads\/2021\/03\/Android-Searchlight-App_Download-Instructions-300x265.png\" alt=\"\" width=\"317\" height=\"280\" srcset=\"https:\/\/www.acrartex.com\/wp-content\/uploads\/2021\/03\/Android-Searchlight-App_Download-Instructions-300x265.png 300w, https:\/\/www.acrartex.com\/wp-content\/uploads\/2021\/03\/Android-Searchlight-App_Download-Instructions.png 446w\" sizes=\"auto, (max-width: 317px) 100vw, 317px\" \/><\/a><\/p>\n","protected":false},"excerpt":{"rendered":"<p>LED verze na\u0161eho nejobl\u00edben\u011bj\u0161\u00edho p\u00e1trac\u00edho sv\u011btlometu RCL -100D poskytuje vysoce intenzivn\u00ed LED v\u00fdkon, kter\u00fd pronik\u00e1 noc\u00ed a za slab\u00e9ho osv\u011btlen\u00ed s oslniv\u00fdm sv\u011bteln\u00fdm tokem 220 000 kandel. Tradi\u010dn\u011b elegantn\u00ed design sv\u011btlometu RCL -100 LED z n\u011bj \u010din\u00ed atraktivn\u00ed a cenov\u011b dostupnou volbu pro sportovn\u00ed jachty, megajachty, sportovn\u00ed ryb\u00e1\u0159e a lehk\u00e1 komer\u010dn\u00ed plavidla. D\u00edky \u00fa\u010dinn\u011bj\u0161\u00edm LED diod\u00e1m sn\u00ed\u017eil sv\u011btlomet RCL -100 LED spot\u0159ebu energie u plavidel s nap\u011bt\u00edm 12 V a\u017e o 50 %.  <\/p>\n<p>Majitel\u00e9 LED sv\u011btlometu RCL -100 a star\u0161\u00edho halogenov\u00e9ho sv\u011btlometu RCL -100D maj\u00ed mo\u017enost zakoupit <a href=\"https:\/\/www.acrartex.com\/cs\/products\/modul-dalkoveho-ovladani-wi-fi\/\">modul d\u00e1lkov\u00e9ho ovl\u00e1d\u00e1n\u00ed Wifi<\/a> , kter\u00fd poskytuje flexibilitu ovl\u00e1d\u00e1n\u00ed va\u0161ich RCL -100 LED a RCL -100D pomoc\u00ed bezplatn\u00e9 aplikace ACR Searchlight. <a href=\"https:\/\/www.dropbox.com\/s\/68k95jlvicbgmgy\/Privacy%20Policy_ACR%20Searchlight%20App.pdf?dl=1\">Z\u00e1sady ochrany osobn\u00edch \u00fadaj\u016f pro aplikaci ACR Searchlight jsou k dispozici na tomto odkazu<\/a> .<\/p>\n<p>&nbsp;<\/p>\n<p style=\"margin-left: 0in; margin-right: 0in;\"><span style=\"font-size: 11pt;\"><span style=\"font-family: Calibri,sans-serif;\"><a style=\"color: blue; text-decoration: underline;\" href=\"https:\/\/www.dropbox.com\/s\/ezakylsa2478sav\/Prop%2065%20-%20DINP%20and%20BPA.pdf?dl=0\"><span style=\"color: #000000;\">VAROV\u00c1N\u00cd: PROP 65<\/span><\/a><\/span><\/span><\/p>\n","protected":false},"featured_media":36738,"template":"","meta":{"_acf_changed":false,"om_disable_all_campaigns":false},"product_brand":[],"product_cat":[5949,5953,5719,5951,7249,5947],"product_tag":[7394,7395,7385,7393,7392,7379,7388,7381,7389,7391,7387,7383,7256,7257,7390,7260,7259,7252,7255,7253],"class_list":{"0":"post-152475","1":"product","2":"type-product","3":"status-publish","4":"has-post-thumbnail","6":"product_cat-blizko-pobrezi","7":"product_cat-komercni","8":"product_cat-namorni","9":"product_cat-pobrezni","10":"product_cat-reflektory","11":"product_cat-vnitrozemi","12":"product_tag-1951-cs","13":"product_tag-1951-b-cs","14":"product_tag-acr-rcl-100-led-cs","15":"product_tag-cislo-dilu-1951-cs","16":"product_tag-cislo-dilu-1951","17":"product_tag-led-lodni-svetlomety","18":"product_tag-led-reflektory","19":"product_tag-led-svetlomet","20":"product_tag-led-svetlomet-rcl-100","21":"product_tag-lodni-led-svetlomet","22":"product_tag-namorni-led-svetlomet","23":"product_tag-namorni-led-svetlomety","24":"product_tag-namorni-reflektor","25":"product_tag-namorni-svetlomety","26":"product_tag-rcl-100-led-cs","27":"product_tag-reflektor-acr","28":"product_tag-spolecnost-pro-reflektory","29":"product_tag-svetlomet","30":"product_tag-svetlomet-pro-lode","31":"product_tag-svetlomety-na-prodej","32":"pa_product-hledaci-svetla","34":"first","35":"instock","36":"taxable","37":"shipping-taxable","38":"purchasable","39":"product-type-variable"},"acf":[],"_links":{"self":[{"href":"https:\/\/www.acrartex.com\/cs\/wp-json\/wp\/v2\/product\/152475","targetHints":{"allow":["GET"]}}],"collection":[{"href":"https:\/\/www.acrartex.com\/cs\/wp-json\/wp\/v2\/product"}],"about":[{"href":"https:\/\/www.acrartex.com\/cs\/wp-json\/wp\/v2\/types\/product"}],"wp:featuredmedia":[{"embeddable":true,"href":"https:\/\/www.acrartex.com\/cs\/wp-json\/wp\/v2\/media\/36738"}],"wp:attachment":[{"href":"https:\/\/www.acrartex.com\/cs\/wp-json\/wp\/v2\/media?parent=152475"}],"wp:term":[{"taxonomy":"product_brand","embeddable":true,"href":"https:\/\/www.acrartex.com\/cs\/wp-json\/wp\/v2\/product_brand?post=152475"},{"taxonomy":"product_cat","embeddable":true,"href":"https:\/\/www.acrartex.com\/cs\/wp-json\/wp\/v2\/product_cat?post=152475"},{"taxonomy":"product_tag","embeddable":true,"href":"https:\/\/www.acrartex.com\/cs\/wp-json\/wp\/v2\/product_tag?post=152475"}],"curies":[{"name":"wp","href":"https:\/\/api.w.org\/{rel}","templated":true}]}}