{"id":152456,"date":"2021-03-16T08:15:06","date_gmt":"2021-03-16T13:15:06","guid":{"rendered":"https:\/\/www.acrartex.com\/products\/rcl-100d-reflektor\/"},"modified":"2021-03-16T08:15:06","modified_gmt":"2021-03-16T13:15:06","slug":"rcl-100d-reflektor","status":"publish","type":"product","link":"https:\/\/www.acrartex.com\/cs\/products\/rcl-100d-reflektor\/","title":{"rendered":"RCL -100D reflektor"},"content":{"rendered":"<p>Konstrukce odoln\u00e1 v\u016f\u010di slan\u00e9 vod\u011b zahrnuje trojit\u011b nat\u0159enou a ut\u011bsn\u011bnou konstrukci, nylonov\u00e9 a fenolick\u00e9 podlo\u017eky a hlin\u00edkovan\u00e9 \u0161rouby z nerezov\u00e9 oceli s izola\u010dn\u00edm mazivem.<\/p>\n<p>&nbsp;<\/p>\n<p>Pou\u017eit\u00ed: Sportovn\u00ed jachty, megajachty, sportovn\u00ed ryb\u00e1\u0159sk\u00e9 a komer\u010dn\u00ed plavidla.<\/p>\n<ul>\n<li>Dv\u011b vysoce intenzivn\u00ed halogenov\u00e9 \u017e\u00e1rovky o v\u00fdkonu 55 watt\u016f<\/li>\n<li>\u0158\u00eddic\u00ed jednotka m\u00e1 nejmodern\u011bj\u0161\u00ed elektroniku, kter\u00e1 chr\u00e1n\u00ed sv\u011btlo p\u0159ed v\u011bt\u0161inou p\u0159ep\u011bt\u00ed<\/li>\n<li>Plynul\u00e9 zap\u00edn\u00e1n\u00ed a vyp\u00edn\u00e1n\u00ed prodlu\u017euje \u017eivotnost \u017e\u00e1rovky<\/li>\n<li>Vnit\u0159n\u00ed eleva\u010dn\u00ed mechanismus pro p\u0159esn\u00e9 ovl\u00e1d\u00e1n\u00ed sklonu paprsku; chr\u00e1n\u00ed eleva\u010dn\u00ed mechanismus p\u0159ed pov\u011btrnostn\u00edmi vlivy<\/li>\n<li>Robustn\u00ed hlin\u00edkov\u00e9 pouzdro s trojit\u00fdm z\u00e1kladn\u00edm n\u00e1t\u011brem a t\u011bsn\u011bn\u00edm pro n\u00e1mo\u0159n\u00ed pou\u017eit\u00ed<\/li>\n<li>Sou\u010d\u00e1st\u00ed je d\u00e1lkov\u00e9 ovl\u00e1d\u00e1n\u00ed pomoc\u00ed dotykov\u00e9 podlo\u017eky Point Pad; do syst\u00e9mu lze nainstalovat a\u017e t\u0159i vzd\u00e1len\u00e9 jednotky Point Pad; sou\u010d\u00e1st\u00ed jsou i mo\u017enosti povrchov\u00e9\/zapu\u0161t\u011bn\u00e9 mont\u00e1\u017ee.<\/li>\n<li>Exkluzivn\u00ed funkce XRCiZ\u2122 ot\u00e1\u010d\u00ed a pohybuje sestavou sv\u011btla ka\u017ed\u00fdch 30 dn\u00ed od aktivace, aby v\u0161echny lo\u017eiskov\u00e9 povrchy z\u016fstaly bez koroze a v\u0161echny elektrick\u00e9 kontakty byly funk\u010dn\u00ed.<\/li>\n<li>Kabelov\u00fd svazek o d\u00e9lce 4,57 m<\/li>\n<\/ul>\n<p>\u0160t\u00edtky: sv\u011btlomety, hledac\u00ed sv\u011btlomet, RCL Searchlight, RCL 100, lodn\u00ed hledac\u00ed sv\u011btlomet, n\u00e1mo\u0159n\u00ed hledac\u00ed sv\u011btlomet, lodn\u00ed hledac\u00ed sv\u011btlomet, hledac\u00ed sv\u011btlomet ACR, 1930, \u010d. d\u00edlu 1930, 1931, \u010d. d\u00edlu 1931<\/p>\n","protected":false},"excerpt":{"rendered":"<p>Robustn\u00ed hlin\u00edkov\u00e9 pouzdro sv\u011btlometu RCL -100D vhodn\u00e9 pro n\u00e1mo\u0159n\u00ed pou\u017eit\u00ed je ide\u00e1ln\u00ed jak pro st\u0159edn\u011b velk\u00e9 sportovn\u00ed jachty, tak pro komer\u010dn\u00ed plavidla. Konstrukce sv\u011btlometu odoln\u00e1 v\u016f\u010di slan\u00e9 vod\u011b zahrnuje trojit\u011b z\u00e1kladn\u00ed n\u00e1t\u011br a ut\u011bsn\u011bn\u00ed, nylonov\u00e9 a fenolick\u00e9 podlo\u017eky a hlin\u00edkovan\u00e9 \u0161rouby z nerezov\u00e9 oceli. <\/p>\n<p>&nbsp;<\/p>\n<p style=\"margin-left: 0in; margin-right: 0in;\"><span style=\"font-size: 11pt;\"><span style=\"font-family: Calibri,sans-serif;\"><a style=\"color: blue; text-decoration: underline;\" href=\"https:\/\/www.dropbox.com\/s\/ezakylsa2478sav\/Prop%2065%20-%20DINP%20and%20BPA.pdf?dl=0\"><span style=\"color: #000000;\">VAROV\u00c1N\u00cd: PROP 65<\/span><\/a><\/span><\/span><\/p>\n<p style=\"margin-left: 0in; margin-right: 0in;\">\n","protected":false},"featured_media":152459,"template":"","meta":{"_acf_changed":false,"om_disable_all_campaigns":false},"product_brand":[],"product_cat":[5949,5953,5719,5951,7249,5947],"product_tag":[7343,7345,7256,7250,7340,7339,7260,7251,7255,7262,7261],"class_list":{"0":"post-152456","1":"product","2":"type-product","3":"status-publish","4":"has-post-thumbnail","6":"product_cat-blizko-pobrezi","7":"product_cat-komercni","8":"product_cat-namorni","9":"product_cat-pobrezni","10":"product_cat-reflektory","11":"product_cat-vnitrozemi","12":"product_tag-12v-reflektor","13":"product_tag-24v-reflektor","14":"product_tag-namorni-reflektor","15":"product_tag-rcl-cs","16":"product_tag-rcl-100-cs","17":"product_tag-rcl100-cs","18":"product_tag-reflektor-acr","19":"product_tag-reflektory","20":"product_tag-svetlomet-pro-lode","21":"product_tag-svetlomety-acr","22":"product_tag-xenonove-svetlomety","23":"pa_product-dedictvi","25":"first","26":"outofstock","27":"taxable","28":"shipping-taxable","29":"product-type-simple"},"acf":[],"_links":{"self":[{"href":"https:\/\/www.acrartex.com\/cs\/wp-json\/wp\/v2\/product\/152456","targetHints":{"allow":["GET"]}}],"collection":[{"href":"https:\/\/www.acrartex.com\/cs\/wp-json\/wp\/v2\/product"}],"about":[{"href":"https:\/\/www.acrartex.com\/cs\/wp-json\/wp\/v2\/types\/product"}],"wp:featuredmedia":[{"embeddable":true,"href":"https:\/\/www.acrartex.com\/cs\/wp-json\/wp\/v2\/media\/152459"}],"wp:attachment":[{"href":"https:\/\/www.acrartex.com\/cs\/wp-json\/wp\/v2\/media?parent=152456"}],"wp:term":[{"taxonomy":"product_brand","embeddable":true,"href":"https:\/\/www.acrartex.com\/cs\/wp-json\/wp\/v2\/product_brand?post=152456"},{"taxonomy":"product_cat","embeddable":true,"href":"https:\/\/www.acrartex.com\/cs\/wp-json\/wp\/v2\/product_cat?post=152456"},{"taxonomy":"product_tag","embeddable":true,"href":"https:\/\/www.acrartex.com\/cs\/wp-json\/wp\/v2\/product_tag?post=152456"}],"curies":[{"name":"wp","href":"https:\/\/api.w.org\/{rel}","templated":true}]}}