{"id":152415,"date":"2021-03-16T08:14:56","date_gmt":"2021-03-16T13:14:56","guid":{"rendered":"https:\/\/www.acrartex.com\/products\/rcl-600a-reflektor\/"},"modified":"2026-02-03T14:10:56","modified_gmt":"2026-02-03T19:10:56","slug":"rcl-600a-reflektor","status":"publish","type":"product","link":"https:\/\/www.acrartex.com\/cs\/products\/rcl-600a-reflektor\/","title":{"rendered":"RCL -600A Reflektor"},"content":{"rendered":"<p>Robustn\u00ed hlin\u00edkov\u00fd sv\u011btlomet s pr\u00e1\u0161kov\u00fdm n\u00e1st\u0159ikem a v\u0161emi vnit\u0159n\u00edmi\/chr\u00e1n\u011bn\u00fdmi motory a eleva\u010dn\u00edmi mechanismy vydr\u017e\u00ed v n\u00e1ro\u010dn\u00e9m mo\u0159sk\u00e9m prost\u0159ed\u00ed po mnoho let u\u017eite\u010dn\u00e9 slu\u017eby.<\/p>\n<ul>\n<li>Automatick\u00fd n\u00e1vrat vr\u00e1t\u00ed sv\u011btlo zp\u011bt do p\u0159ednastaven\u00e9 polohy<\/li>\n<li>Xenonov\u00e1 v\u00fdbojka a parabolick\u00fd reflektor poskytuj\u00ed hyperintenzivn\u00ed sv\u011bteln\u00fd paprsek 6 000 000 kandel<\/li>\n<li>Pouzdro se ot\u00e1\u010d\u00ed o 360\u00b0 a umo\u017e\u0148uje tak osv\u011btlen\u00ed cel\u00e9ho prostoru<\/li>\n<li>Nylonov\u00e9 podlo\u017eky na z\u00e1kladn\u011b eliminuj\u00ed galvanickou reakci<\/li>\n<li>Hlin\u00edkov\u00e9 pouzdro n\u00e1mo\u0159n\u00ed kvality pro roky spolehliv\u00e9ho a odoln\u00e9ho provozu<\/li>\n<li>Esteticky navr\u017eeno tak, aby spl\u0148ovalo v\u00fdkonnostn\u00ed po\u017eadavky velk\u00fdch rekrea\u010dn\u00edch jachet<\/li>\n<li>Vnit\u0159n\u00ed eleva\u010dn\u00ed mechanismus zaji\u0161\u0165uje regulaci sklonu reflektoru a z\u00e1rove\u0148 chr\u00e1n\u00ed eleva\u010dn\u00ed mechanismus p\u0159ed pov\u011btrnostn\u00edmi vlivy<\/li>\n<\/ul>\n<p>\u0160t\u00edtky: sv\u011btlomety, hledac\u00ed sv\u011btlomet, RCL Searchlight, RCL 600, lodn\u00ed hledac\u00ed sv\u011btlomet, n\u00e1mo\u0159n\u00ed hledac\u00ed sv\u011btlomet, lodn\u00ed hledac\u00ed sv\u011btlomet, hledac\u00ed sv\u011btlomet ACR , 1941, D\/N 1941<\/p>\n","protected":false},"excerpt":{"rendered":"<p>S jasem 6 milion\u016f kandel pronikne tento \u0161pi\u010dkov\u00fd sv\u011btlomet i tou nejtemn\u011bj\u0161\u00ed noc\u00ed. Jeho vysoce intenzivn\u00ed 150wattov\u00e1 xenonov\u00e1 v\u00fdbojka a parabolick\u00fd reflektor poskytuj\u00ed siln\u00fd v\u00fdkon pro komer\u010dn\u00ed plavidla, zat\u00edmco jeho estetick\u00fd design spl\u0148uje v\u0161echny pot\u0159eby velk\u00fdch rekrea\u010dn\u00edch jachet. Snadno p\u0159ep\u00ednejte z reflektoru na bodov\u00e9 sv\u011btlo a p\u0159esn\u011b mi\u0159te pomoc\u00ed samostatn\u00e9ho d\u00e1lkov\u00e9ho ovlada\u010de.  <\/p>\n","protected":false},"featured_media":152419,"template":"","meta":{"_acf_changed":false,"om_disable_all_campaigns":false},"product_brand":[],"product_cat":[5949,5953,5719,5951,7249],"product_tag":[7265,7264,7256,7257,7250,7254,7260,7251,7259,7252,7255,7262,7253,7261,7258],"class_list":{"0":"post-152415","1":"product","2":"type-product","3":"status-publish","4":"has-post-thumbnail","6":"product_cat-blizko-pobrezi","7":"product_cat-komercni","8":"product_cat-namorni","9":"product_cat-pobrezni","10":"product_cat-reflektory","11":"product_tag-dalkove-ovladany-reflektor","12":"product_tag-jabscouv-reflektor","13":"product_tag-namorni-reflektor","14":"product_tag-namorni-svetlomety","15":"product_tag-rcl-cs","16":"product_tag-rcl-patraci-svetlo","17":"product_tag-reflektor-acr","18":"product_tag-reflektory","19":"product_tag-spolecnost-pro-reflektory","20":"product_tag-svetlomet","21":"product_tag-svetlomet-pro-lode","22":"product_tag-svetlomety-acr","23":"product_tag-svetlomety-na-prodej","24":"product_tag-xenonove-svetlomety","25":"product_tag-xenonovy-reflektor","26":"pa_boat-type-charterova-jachta","27":"pa_boat-type-jachta","28":"pa_boat-type-komercni-rybolov","29":"pa_boat-type-nakladni-lod","30":"pa_product-hledaci-svetla","32":"first","33":"instock","34":"taxable","35":"shipping-taxable","36":"purchasable","37":"product-type-simple"},"acf":[],"_links":{"self":[{"href":"https:\/\/www.acrartex.com\/cs\/wp-json\/wp\/v2\/product\/152415","targetHints":{"allow":["GET"]}}],"collection":[{"href":"https:\/\/www.acrartex.com\/cs\/wp-json\/wp\/v2\/product"}],"about":[{"href":"https:\/\/www.acrartex.com\/cs\/wp-json\/wp\/v2\/types\/product"}],"wp:featuredmedia":[{"embeddable":true,"href":"https:\/\/www.acrartex.com\/cs\/wp-json\/wp\/v2\/media\/152419"}],"wp:attachment":[{"href":"https:\/\/www.acrartex.com\/cs\/wp-json\/wp\/v2\/media?parent=152415"}],"wp:term":[{"taxonomy":"product_brand","embeddable":true,"href":"https:\/\/www.acrartex.com\/cs\/wp-json\/wp\/v2\/product_brand?post=152415"},{"taxonomy":"product_cat","embeddable":true,"href":"https:\/\/www.acrartex.com\/cs\/wp-json\/wp\/v2\/product_cat?post=152415"},{"taxonomy":"product_tag","embeddable":true,"href":"https:\/\/www.acrartex.com\/cs\/wp-json\/wp\/v2\/product_tag?post=152415"}],"curies":[{"name":"wp","href":"https:\/\/api.w.org\/{rel}","templated":true}]}}