{"id":152411,"date":"2021-03-16T08:15:01","date_gmt":"2021-03-16T13:15:01","guid":{"rendered":"https:\/\/www.acrartex.com\/products\/rcl-300a-reflektor\/"},"modified":"2026-02-03T14:08:45","modified_gmt":"2026-02-03T19:08:45","slug":"rcl-300a-reflektor","status":"publish","type":"product","link":"https:\/\/www.acrartex.com\/cs\/products\/rcl-300a-reflektor\/","title":{"rendered":"RCL -300A reflektor"},"content":{"rendered":"<p>Je ut\u011bsn\u011bn a upraven tak, aby odolal mo\u0159sk\u00e9mu prost\u0159ed\u00ed, a v\u0161echny funkce lze ovl\u00e1dat pomoc\u00ed dod\u00e1van\u00e9ho ovlada\u010de Point Pad\u2122 a hlavn\u00edho ovlada\u010de (lze nainstalovat a\u017e t\u0159i d\u00e1lkov\u00e9 ovlada\u010de).<\/p>\n<ul>\n<li>Vnit\u0159n\u00ed eleva\u010dn\u00ed mechanismus zaji\u0161\u0165uje regulaci sklonu paprsku reflektoru; chr\u00e1n\u00ed eleva\u010dn\u00ed mechanismus p\u0159ed pov\u011btrnostn\u00edmi vlivy<\/li>\n<li>Sou\u010d\u00e1st\u00ed je d\u00e1lkov\u00e9 ovl\u00e1d\u00e1n\u00ed Point Pad\u2122 kone\u010dky prst\u016f; do syst\u00e9mu lze nainstalovat a\u017e t\u0159i vzd\u00e1len\u00e9 jednotky Point Pad\u2122; sou\u010d\u00e1st\u00ed jsou i mo\u017enosti povrchov\u00e9\/zapu\u0161t\u011bn\u00e9 mont\u00e1\u017ee<\/li>\n<li>Robustn\u00ed hlin\u00edkov\u00e9 pouzdro s trojit\u00fdm z\u00e1kladn\u00edm n\u00e1t\u011brem a t\u011bsn\u011bn\u00edm, n\u00e1mo\u0159n\u00ed kvality<\/li>\n<li>Funkce XRCiZ\u2122 ot\u00e1\u010d\u00ed a pohybuje sestavou sv\u011btla ka\u017ed\u00fdch 30 dn\u00ed od aktivace, aby v\u0161echny lo\u017eiskov\u00e9 povrchy z\u016fstaly bez koroze a v\u0161echny elektrick\u00e9 kontakty byly funk\u010dn\u00ed.<\/li>\n<li>Konstrukce odoln\u00e1 v\u016f\u010di slan\u00e9 vod\u011b s nylonov\u00fdmi a fenolov\u00fdmi podlo\u017ekami, hlin\u00edkovan\u00e9 \u0161rouby z nerezov\u00e9 oceli s izola\u010dn\u00edm mazivem<\/li>\n<li>Kabel\u00e1\u017e je sou\u010d\u00e1st\u00ed balen\u00ed<\/li>\n<li>* Dv\u011b 35W halogenidov\u00e9 v\u00fdbojky s metalem HID poskytuj\u00ed p\u0159es 500k CD ka\u017ed\u00e1 a v kombinaci 1 milion efektivn\u00edch CD.<\/li>\n<\/ul>\n<p>\u0160t\u00edtky: sv\u011btlomety, hledac\u00ed sv\u011btlomet, RCL Searchlight, RCL 300, lodn\u00ed hledac\u00ed sv\u011btlomet, n\u00e1mo\u0159n\u00ed hledac\u00ed sv\u011btlomet, lodn\u00ed hledac\u00ed sv\u011btlomet, hledac\u00ed sv\u011btlomet ACR, 1933, D\/N 1933<\/p>\n","protected":false},"excerpt":{"rendered":"<p>Dvojit\u00e9 35wattov\u00e9 halogenidov\u00e9 v\u00fdbojky HID vytv\u00e1\u0159ej\u00ed \u00fazk\u00fd hledac\u00ed sv\u011btlomet, kter\u00fd je ide\u00e1ln\u00ed pro velk\u00e9 sportovn\u00ed jachty a megajachty, stejn\u011b jako pro velk\u00e9 sportovn\u00ed ryb\u00e1\u0159sk\u00e9 a komer\u010dn\u00ed lod\u011b. Hledac\u00ed sv\u011btlomet RCL -300A je navr\u017een pro zv\u00fd\u0161en\u00ed bezpe\u010dnosti na mo\u0159i b\u011bhem no\u010dn\u00edho provozu. Je tak\u00e9 snadno ovladateln\u00fd s joystickem komer\u010dn\u00ed t\u0159\u00eddy, kter\u00fd m\u00e1 kryt\u00ed IP 69K a podsv\u00edcen\u00ed.  <\/p>\n<p><a href=\"https:\/\/www.dropbox.com\/s\/8343nj28z0d7bxa\/Prop%2065%20-%20BPA.pdf?dl=0\">VAROV\u00c1N\u00cd: PROP 65<\/a><\/p>\n","protected":false},"featured_media":152416,"template":"","meta":{"_acf_changed":false,"om_disable_all_campaigns":false},"product_brand":[],"product_cat":[5719,7249],"product_tag":[7256,7257,7250,7263,7260,7251,7259,7252,7255,7262,7253,7261,7258],"class_list":{"0":"post-152411","1":"product","2":"type-product","3":"status-publish","4":"has-post-thumbnail","6":"product_cat-namorni","7":"product_cat-reflektory","8":"product_tag-namorni-reflektor","9":"product_tag-namorni-svetlomety","10":"product_tag-rcl-cs","11":"product_tag-rcl-300a-cs","12":"product_tag-reflektor-acr","13":"product_tag-reflektory","14":"product_tag-spolecnost-pro-reflektory","15":"product_tag-svetlomet","16":"product_tag-svetlomet-pro-lode","17":"product_tag-svetlomety-acr","18":"product_tag-svetlomety-na-prodej","19":"product_tag-xenonove-svetlomety","20":"product_tag-xenonovy-reflektor","21":"pa_product-hledaci-svetla","23":"first","24":"instock","25":"taxable","26":"shipping-taxable","27":"purchasable","28":"product-type-simple"},"acf":[],"_links":{"self":[{"href":"https:\/\/www.acrartex.com\/cs\/wp-json\/wp\/v2\/product\/152411","targetHints":{"allow":["GET"]}}],"collection":[{"href":"https:\/\/www.acrartex.com\/cs\/wp-json\/wp\/v2\/product"}],"about":[{"href":"https:\/\/www.acrartex.com\/cs\/wp-json\/wp\/v2\/types\/product"}],"wp:featuredmedia":[{"embeddable":true,"href":"https:\/\/www.acrartex.com\/cs\/wp-json\/wp\/v2\/media\/152416"}],"wp:attachment":[{"href":"https:\/\/www.acrartex.com\/cs\/wp-json\/wp\/v2\/media?parent=152411"}],"wp:term":[{"taxonomy":"product_brand","embeddable":true,"href":"https:\/\/www.acrartex.com\/cs\/wp-json\/wp\/v2\/product_brand?post=152411"},{"taxonomy":"product_cat","embeddable":true,"href":"https:\/\/www.acrartex.com\/cs\/wp-json\/wp\/v2\/product_cat?post=152411"},{"taxonomy":"product_tag","embeddable":true,"href":"https:\/\/www.acrartex.com\/cs\/wp-json\/wp\/v2\/product_tag?post=152411"}],"curies":[{"name":"wp","href":"https:\/\/api.w.org\/{rel}","templated":true}]}}