{"id":152352,"date":"2021-03-16T08:13:07","date_gmt":"2021-03-16T13:13:07","guid":{"rendered":"https:\/\/www.acrartex.com\/products\/drzak-pro-epirb-sea-shelter-3-cat-i\/"},"modified":"2025-07-29T15:05:09","modified_gmt":"2025-07-29T20:05:09","slug":"drzak-pro-epirb-sea-shelter-3-cat-i","status":"publish","type":"product","link":"https:\/\/www.acrartex.com\/cs\/products\/drzak-pro-epirb-sea-shelter-3-cat-i\/","title":{"rendered":"Dr\u017e\u00e1k pro EPIRB Sea Shelter \u2122 3 Cat I"},"content":{"rendered":"<ul>\n<li>Inovativn\u00ed, rychlov\u00fdm\u011bnn\u00fd hydrostatick\u00fd uvol\u0148ovac\u00ed mechanismus<\/li>\n<li>Jednosm\u011brn\u00e1 mont\u00e1\u017e eliminuje mo\u017enost instalace EPIRB obr\u00e1cen\u011b<\/li>\n<li>Integrovan\u00fd deaktiva\u010dn\u00ed magnet zabra\u0148uje vys\u00edl\u00e1n\u00ed EPIRB , dokud nen\u00ed aktivov\u00e1n<\/li>\n<li>Aktivuje se EPIRB p\u0159i pono\u0159en\u00ed do vody v hloubce 1,5 \u2013 4 m (4,9 \u2013 13,1 stop)<\/li>\n<\/ul>\n","protected":false},"excerpt":{"rendered":"<p>Drsn\u00e9 podm\u00ednky nemaj\u00ed proti Sea Shelter \u2122 3 Cat I \u0161anci. Tento dr\u017e\u00e1k EPIRB je pln\u011b uzav\u0159en\u00fd, co\u017e poskytuje ochranu i b\u011bhem va\u0161ich nejdivo\u010dej\u0161\u00edch dobrodru\u017estv\u00ed. Pokud se va\u0161e plavidlo za\u010dne napou\u0161t\u011bt, Sea Shelter automaticky aktivuje v\u00e1\u0161 EPIRB a vy\u0161le sign\u00e1l do celosv\u011btov\u00e9 s\u00edt\u011b p\u00e1trac\u00edch a z\u00e1chrann\u00fdch satelit\u016f. <\/p>\n<p>&nbsp;<\/p>\n<p>Tento dr\u017e\u00e1k EPIRB je kompatibiln\u00ed s n\u00e1sleduj\u00edc\u00edmi produkty:<\/p>\n<ul>\n<li>GlobalFix \u2122 iPRO (RLB-36)<\/li>\n<li>GlobalFix \u2122 PRO (RLB-37)<\/li>\n<li>SATELIT 3 406\u2122 (RLB-38)<\/li>\n<\/ul>\n<p>POZN\u00c1MKA: N\u00e1hradn\u00ed dr\u017e\u00e1k Sea Shelter \u2122 3 (\u010d. d\u00edlu 9501) neobsahuje hydrostatickou uvol\u0148ovac\u00ed jednotku (HRU). HRU (\u010d. d\u00edlu 9490.1) je nutn\u00e9 objednat samostatn\u011b. <\/p>\n<p>&nbsp;<\/p>\n<p>&nbsp;<\/p>\n","protected":false},"featured_media":152353,"template":"","meta":{"_acf_changed":false,"om_disable_all_campaigns":false},"product_brand":[],"product_cat":[5949,5953,5719,5951,5947],"product_tag":[7075,7083,7082,7084,7079,7080,7078,7076,7086,7087,7088,7081,7089,7090,7085,7074,7077],"class_list":{"0":"post-152352","1":"product","2":"type-product","3":"status-publish","4":"has-post-thumbnail","6":"product_cat-blizko-pobrezi","7":"product_cat-komercni","8":"product_cat-namorni","9":"product_cat-pobrezni","10":"product_cat-vnitrozemi","11":"product_tag-406-mhz-pasmo","12":"product_tag-acr-kat-1-cs","13":"product_tag-acr-kat-i-cs","14":"product_tag-automaticke-uvolneni-epirb","15":"product_tag-bezpecnost-plavby","16":"product_tag-bezpecnost-plavby-cs","17":"product_tag-cospas-sarsat-cs","18":"product_tag-drzak-acr","19":"product_tag-drzak-hydrostatickeho-uvolneni","20":"product_tag-drzak-kategorie-1","21":"product_tag-drzak-kategorie-i","22":"product_tag-epirb-kat-1-cs","23":"product_tag-epirb-kategorie-1","24":"product_tag-epirby-kategorie-1","25":"product_tag-hydrostaticke-uvolneni-epirb","26":"product_tag-kocka-i","27":"product_tag-suchy-epirb","28":"pa_boat-size-0-20-cs","29":"pa_boat-size-21-40-cs","30":"pa_boat-size-40-80-cs","31":"pa_boat-size-80-cs","32":"pa_boat-type-charterova-jachta","33":"pa_boat-type-jachta","34":"pa_boat-type-komercni-rybolov","35":"pa_boat-type-motorovy-clun","36":"pa_boat-type-nakladni-lod","37":"pa_boat-type-plachetnice","38":"pa_boat-type-remorker","39":"pa_boat-type-sportcraft-cs","40":"pa_product-bezpecnostni-prislusenstvi","41":"pa_product-rescue-beacons-cs","42":"pa_product-rescue-beacons-vhf-sart-cs","44":"first","45":"outofstock","46":"taxable","47":"shipping-taxable","48":"purchasable","49":"product-type-simple"},"acf":[],"_links":{"self":[{"href":"https:\/\/www.acrartex.com\/cs\/wp-json\/wp\/v2\/product\/152352","targetHints":{"allow":["GET"]}}],"collection":[{"href":"https:\/\/www.acrartex.com\/cs\/wp-json\/wp\/v2\/product"}],"about":[{"href":"https:\/\/www.acrartex.com\/cs\/wp-json\/wp\/v2\/types\/product"}],"wp:featuredmedia":[{"embeddable":true,"href":"https:\/\/www.acrartex.com\/cs\/wp-json\/wp\/v2\/media\/152353"}],"wp:attachment":[{"href":"https:\/\/www.acrartex.com\/cs\/wp-json\/wp\/v2\/media?parent=152352"}],"wp:term":[{"taxonomy":"product_brand","embeddable":true,"href":"https:\/\/www.acrartex.com\/cs\/wp-json\/wp\/v2\/product_brand?post=152352"},{"taxonomy":"product_cat","embeddable":true,"href":"https:\/\/www.acrartex.com\/cs\/wp-json\/wp\/v2\/product_cat?post=152352"},{"taxonomy":"product_tag","embeddable":true,"href":"https:\/\/www.acrartex.com\/cs\/wp-json\/wp\/v2\/product_tag?post=152352"}],"curies":[{"name":"wp","href":"https:\/\/api.w.org\/{rel}","templated":true}]}}