{"id":152300,"date":"2021-03-16T08:14:27","date_gmt":"2021-03-16T13:14:27","guid":{"rendered":"https:\/\/www.acrartex.com\/products\/dalkovy-spinac-455-9700-455-9701\/"},"modified":"2021-03-16T08:14:27","modified_gmt":"2021-03-16T13:14:27","slug":"dalkovy-spinac-455-9700-455-9701","status":"publish","type":"product","link":"https:\/\/www.acrartex.com\/cs\/products\/dalkovy-spinac-455-9700-455-9701\/","title":{"rendered":"D\u00e1lkov\u00fd sp\u00edna\u010d 455-9700\/455-9701"},"content":{"rendered":"","protected":false},"excerpt":{"rendered":"<p>D\u00e1lkov\u00fd sp\u00edna\u010d bez kompatibility s br\u00fdlemi pro no\u010dn\u00ed vid\u011bn\u00ed. K dispozici dva modely: \u2013 455-9700 (\u010dern\u00fd) \u2013 455-9701 (\u0161ed\u00fd) <\/p>\n<p>&nbsp;<\/p>\n","protected":false},"featured_media":152301,"template":"","meta":{"_acf_changed":false,"om_disable_all_campaigns":false},"product_brand":[],"product_cat":[6135],"product_tag":[6977,6975,6980,6982,6136,6898,6378,6384,6385,6380,6383,6379,6381,6382,6142],"class_list":{"0":"post-152300","1":"product","2":"type-product","3":"status-publish","4":"has-post-thumbnail","6":"product_cat-nezarazene","7":"product_tag-455-9700-cs","8":"product_tag-cislo-dilu-455-9700","9":"product_tag-cislo-dilu-455-9700-cs","10":"product_tag-cislo-dilu-455-9700-cs-2","11":"product_tag-dalkove-spinace-elt","12":"product_tag-dalkovy-spinac","13":"product_tag-dalkovy-spinac-lear","14":"product_tag-dalkovy-spinac-nvg","15":"product_tag-dalkovy-spinac-pro-nocni-videni","16":"product_tag-vojensky-dalkovy-spinac","17":"product_tag-vojensky-dalkovy-testovaci-spinac","18":"product_tag-vojensky-spinac-elt","19":"product_tag-vojensky-spinac-pro-elt","20":"product_tag-vojensky-testovaci-spinac-elt","21":"product_tag-vzdaleny","23":"first","24":"instock","25":"taxable","26":"shipping-taxable","27":"product-type-simple"},"acf":[],"_links":{"self":[{"href":"https:\/\/www.acrartex.com\/cs\/wp-json\/wp\/v2\/product\/152300","targetHints":{"allow":["GET"]}}],"collection":[{"href":"https:\/\/www.acrartex.com\/cs\/wp-json\/wp\/v2\/product"}],"about":[{"href":"https:\/\/www.acrartex.com\/cs\/wp-json\/wp\/v2\/types\/product"}],"wp:featuredmedia":[{"embeddable":true,"href":"https:\/\/www.acrartex.com\/cs\/wp-json\/wp\/v2\/media\/152301"}],"wp:attachment":[{"href":"https:\/\/www.acrartex.com\/cs\/wp-json\/wp\/v2\/media?parent=152300"}],"wp:term":[{"taxonomy":"product_brand","embeddable":true,"href":"https:\/\/www.acrartex.com\/cs\/wp-json\/wp\/v2\/product_brand?post=152300"},{"taxonomy":"product_cat","embeddable":true,"href":"https:\/\/www.acrartex.com\/cs\/wp-json\/wp\/v2\/product_cat?post=152300"},{"taxonomy":"product_tag","embeddable":true,"href":"https:\/\/www.acrartex.com\/cs\/wp-json\/wp\/v2\/product_tag?post=152300"}],"curies":[{"name":"wp","href":"https:\/\/api.w.org\/{rel}","templated":true}]}}