{"id":152289,"date":"2021-03-16T08:14:31","date_gmt":"2021-03-16T13:14:31","guid":{"rendered":"https:\/\/www.acrartex.com\/products\/dalkovy-spinac-standardni-455-6196\/"},"modified":"2021-03-16T08:14:31","modified_gmt":"2021-03-16T13:14:31","slug":"dalkovy-spinac-standardni-455-6196","status":"publish","type":"product","link":"https:\/\/www.acrartex.com\/cs\/products\/dalkovy-spinac-standardni-455-6196\/","title":{"rendered":"D\u00e1lkov\u00fd sp\u00edna\u010d, standardn\u00ed 455-6196"},"content":{"rendered":"","protected":false},"excerpt":{"rendered":"<p>Tento d\u00e1lkov\u00fd sp\u00edna\u010d je standardn\u00ed pro v\u0161echny sady ELT TSO C91a a TSO C126, s v\u00fdjimkou ELT \u0159ady ME406 ACE a B406. Pokud z\u00e1kazn\u00edk z \u0159ad OEM po\u017eaduje specifick\u00fd model d\u00e1lkov\u00e9ho sp\u00edna\u010de nebo pokud je ELT dod\u00e1v\u00e1n speci\u00e1ln\u011b pro vojensk\u00e9 aplikace, pak tento d\u00e1lkov\u00fd sp\u00edna\u010d tak\u00e9 nebude standardn\u00ed. <\/p>\n<p>&nbsp;<\/p>\n","protected":false},"featured_media":152291,"template":"","meta":{"_acf_changed":false,"om_disable_all_campaigns":false},"product_brand":[],"product_cat":[6135],"product_tag":[6961,6898,6959,6957],"class_list":{"0":"post-152289","1":"product","2":"type-product","3":"status-publish","4":"has-post-thumbnail","6":"product_cat-nezarazene","7":"product_tag-455-6196-cs","8":"product_tag-dalkovy-spinac","9":"product_tag-norma","10":"product_tag-standardni-455-6196","12":"first","13":"instock","14":"taxable","15":"shipping-taxable","16":"product-type-simple"},"acf":[],"_links":{"self":[{"href":"https:\/\/www.acrartex.com\/cs\/wp-json\/wp\/v2\/product\/152289","targetHints":{"allow":["GET"]}}],"collection":[{"href":"https:\/\/www.acrartex.com\/cs\/wp-json\/wp\/v2\/product"}],"about":[{"href":"https:\/\/www.acrartex.com\/cs\/wp-json\/wp\/v2\/types\/product"}],"wp:featuredmedia":[{"embeddable":true,"href":"https:\/\/www.acrartex.com\/cs\/wp-json\/wp\/v2\/media\/152291"}],"wp:attachment":[{"href":"https:\/\/www.acrartex.com\/cs\/wp-json\/wp\/v2\/media?parent=152289"}],"wp:term":[{"taxonomy":"product_brand","embeddable":true,"href":"https:\/\/www.acrartex.com\/cs\/wp-json\/wp\/v2\/product_brand?post=152289"},{"taxonomy":"product_cat","embeddable":true,"href":"https:\/\/www.acrartex.com\/cs\/wp-json\/wp\/v2\/product_cat?post=152289"},{"taxonomy":"product_tag","embeddable":true,"href":"https:\/\/www.acrartex.com\/cs\/wp-json\/wp\/v2\/product_tag?post=152289"}],"curies":[{"name":"wp","href":"https:\/\/api.w.org\/{rel}","templated":true}]}}