{"id":152288,"date":"2021-03-16T08:14:18","date_gmt":"2021-03-16T13:14:18","guid":{"rendered":"https:\/\/www.acrartex.com\/products\/dalkovy-spinac-me406-ace-455-0023\/"},"modified":"2025-07-07T12:48:44","modified_gmt":"2025-07-07T17:48:44","slug":"dalkovy-spinac-me406-ace-455-0023","status":"publish","type":"product","link":"https:\/\/www.acrartex.com\/cs\/products\/dalkovy-spinac-me406-ace-455-0023\/","title":{"rendered":"D\u00e1lkov\u00fd sp\u00edna\u010d, ME406 ACE 455-0023"},"content":{"rendered":"<p>D\u00e1lkov\u00fd sp\u00edna\u010d obsahuje malou lithiovou baterii s \u017eivotnost\u00ed 5 let, kter\u00e1 nap\u00e1j\u00ed LED diodu d\u00e1lkov\u00e9ho sp\u00edna\u010de, co\u017e umo\u017e\u0148uje, aby byl syst\u00e9m ELT nez\u00e1visl\u00fd na nap\u00e1jen\u00ed letadla. Zadn\u00ed strana d\u00e1lkov\u00e9ho sp\u00edna\u010de obsahuje konektor pro ji\u017e nainstalovan\u00fd a znovu pou\u017eit\u00fd \u201etelefonn\u00ed kabel\u201c instalace ACK nebo Ameri-King ELT . <\/p>\n","protected":false},"excerpt":{"rendered":"<p>Tento d\u00e1lkov\u00fd sp\u00edna\u010d obsahuje malou lithiovou baterii s \u017eivotnost\u00ed 5 let, kter\u00e1 je ur\u010dena k nap\u00e1jen\u00ed LED diody d\u00e1lkov\u00e9ho sp\u00edna\u010de, co\u017e umo\u017e\u0148uje, aby byl syst\u00e9m ELT nez\u00e1visl\u00fd na nap\u00e1jen\u00ed letadla. Zadn\u00ed strana d\u00e1lkov\u00e9ho sp\u00edna\u010de obsahuje konektor pro ji\u017e nainstalovan\u00fd a znovu pou\u017eit\u00fd \u201etelefonn\u00ed kabel\u201c instalace ACK nebo Ameri-King ELT . D\u00e1lkov\u00fd sp\u00edna\u010d pro ME406 ACE p\u0159esn\u011b zapad\u00e1 do v\u00fd\u0159ezu d\u00e1lkov\u00e9ho sp\u00edna\u010de ACK ELT na p\u0159\u00edstrojov\u00e9 desce letadla. Pro upgrade syst\u00e9mu Ameri-King ELT je v\u0161ak nutn\u00e9 v\u00fd\u0159ez m\u00edrn\u011b upravit.  <\/p>\n<p>&nbsp;<\/p>\n","protected":false},"featured_media":152292,"template":"","meta":{"_acf_changed":false,"om_disable_all_campaigns":false},"product_brand":[],"product_cat":[5534],"product_tag":[6955,6953,6956,6958,6962,6136,6898,6384,6385,6951,6960,6142],"class_list":{"0":"post-152288","1":"product","2":"type-product","3":"status-publish","4":"has-post-thumbnail","6":"product_cat-letectvi","7":"product_tag-453-0023-cs","8":"product_tag-cislo-dilu-453-0023","9":"product_tag-cislo-dilu-453-0023-cs","10":"product_tag-cislo-dilu-453-0023-cs-2","11":"product_tag-cislo-dilu-453-0023-cs-3","12":"product_tag-dalkove-spinace-elt","13":"product_tag-dalkovy-spinac","14":"product_tag-dalkovy-spinac-nvg","15":"product_tag-dalkovy-spinac-pro-nocni-videni","16":"product_tag-dalkovy-testovaci-spinac","17":"product_tag-pn453-0023-cs","18":"product_tag-vzdaleny","20":"first","21":"instock","22":"taxable","23":"shipping-taxable","24":"product-type-simple"},"acf":[],"_links":{"self":[{"href":"https:\/\/www.acrartex.com\/cs\/wp-json\/wp\/v2\/product\/152288","targetHints":{"allow":["GET"]}}],"collection":[{"href":"https:\/\/www.acrartex.com\/cs\/wp-json\/wp\/v2\/product"}],"about":[{"href":"https:\/\/www.acrartex.com\/cs\/wp-json\/wp\/v2\/types\/product"}],"wp:featuredmedia":[{"embeddable":true,"href":"https:\/\/www.acrartex.com\/cs\/wp-json\/wp\/v2\/media\/152292"}],"wp:attachment":[{"href":"https:\/\/www.acrartex.com\/cs\/wp-json\/wp\/v2\/media?parent=152288"}],"wp:term":[{"taxonomy":"product_brand","embeddable":true,"href":"https:\/\/www.acrartex.com\/cs\/wp-json\/wp\/v2\/product_brand?post=152288"},{"taxonomy":"product_cat","embeddable":true,"href":"https:\/\/www.acrartex.com\/cs\/wp-json\/wp\/v2\/product_cat?post=152288"},{"taxonomy":"product_tag","embeddable":true,"href":"https:\/\/www.acrartex.com\/cs\/wp-json\/wp\/v2\/product_tag?post=152288"}],"curies":[{"name":"wp","href":"https:\/\/api.w.org\/{rel}","templated":true}]}}