{"id":152271,"date":"2021-03-16T08:14:23","date_gmt":"2021-03-16T13:14:23","guid":{"rendered":"https:\/\/www.acrartex.com\/products\/dalkovy-spinac-led-panel-453-0031\/"},"modified":"2021-03-16T08:14:23","modified_gmt":"2021-03-16T13:14:23","slug":"dalkovy-spinac-led-panel-453-0031","status":"publish","type":"product","link":"https:\/\/www.acrartex.com\/cs\/products\/dalkovy-spinac-led-panel-453-0031\/","title":{"rendered":"D\u00e1lkov\u00fd sp\u00edna\u010d, LED panel 453-0031"},"content":{"rendered":"","protected":false},"excerpt":{"rendered":"<p>D\u00e1lkov\u00fd sp\u00edna\u010d LED panelu<\/p>\n<p>&nbsp;<\/p>\n","protected":false},"featured_media":152273,"template":"","meta":{"_acf_changed":false,"om_disable_all_campaigns":false},"product_brand":[],"product_cat":[5534],"product_tag":[6898,6376,6377,6378,6375,6380,6379,6381,6382,6142],"class_list":{"0":"post-152271","1":"product","2":"type-product","3":"status-publish","4":"has-post-thumbnail","6":"product_cat-letectvi","7":"product_tag-dalkovy-spinac","8":"product_tag-dalkovy-spinac-originalni-dil","9":"product_tag-dalkovy-spinac-cessna","10":"product_tag-dalkovy-spinac-lear","11":"product_tag-originalni-dalkovy-spinac-elt","12":"product_tag-vojensky-dalkovy-spinac","13":"product_tag-vojensky-spinac-elt","14":"product_tag-vojensky-spinac-pro-elt","15":"product_tag-vojensky-testovaci-spinac-elt","16":"product_tag-vzdaleny","18":"first","19":"instock","20":"taxable","21":"shipping-taxable","22":"product-type-simple"},"acf":[],"_links":{"self":[{"href":"https:\/\/www.acrartex.com\/cs\/wp-json\/wp\/v2\/product\/152271","targetHints":{"allow":["GET"]}}],"collection":[{"href":"https:\/\/www.acrartex.com\/cs\/wp-json\/wp\/v2\/product"}],"about":[{"href":"https:\/\/www.acrartex.com\/cs\/wp-json\/wp\/v2\/types\/product"}],"wp:featuredmedia":[{"embeddable":true,"href":"https:\/\/www.acrartex.com\/cs\/wp-json\/wp\/v2\/media\/152273"}],"wp:attachment":[{"href":"https:\/\/www.acrartex.com\/cs\/wp-json\/wp\/v2\/media?parent=152271"}],"wp:term":[{"taxonomy":"product_brand","embeddable":true,"href":"https:\/\/www.acrartex.com\/cs\/wp-json\/wp\/v2\/product_brand?post=152271"},{"taxonomy":"product_cat","embeddable":true,"href":"https:\/\/www.acrartex.com\/cs\/wp-json\/wp\/v2\/product_cat?post=152271"},{"taxonomy":"product_tag","embeddable":true,"href":"https:\/\/www.acrartex.com\/cs\/wp-json\/wp\/v2\/product_tag?post=152271"}],"curies":[{"name":"wp","href":"https:\/\/api.w.org\/{rel}","templated":true}]}}