{"id":152214,"date":"2021-03-16T08:14:06","date_gmt":"2021-03-16T13:14:06","guid":{"rendered":"https:\/\/www.acrartex.com\/products\/dalkovy-spinac-lear\/"},"modified":"2021-03-16T08:14:06","modified_gmt":"2021-03-16T13:14:06","slug":"dalkovy-spinac-lear","status":"publish","type":"product","link":"https:\/\/www.acrartex.com\/cs\/products\/dalkovy-spinac-lear\/","title":{"rendered":"D\u00e1lkov\u00fd sp\u00edna\u010d \u2013 Lear"},"content":{"rendered":"","protected":false},"excerpt":{"rendered":"<p>Tento d\u00e1lkov\u00fd sp\u00edna\u010d byl navr\u017een tak, aby spl\u0148oval po\u017eadavky pro business jety Lear.<\/p>\n<p>&nbsp;<\/p>\n","protected":false},"featured_media":152215,"template":"","meta":{"_acf_changed":false,"om_disable_all_campaigns":false},"product_brand":[],"product_cat":[6135],"product_tag":[6376,6377,6378,6793,6795,6375,6789,6791,6379],"class_list":{"0":"post-152214","1":"product","2":"type-product","3":"status-publish","4":"has-post-thumbnail","6":"product_cat-nezarazene","7":"product_tag-dalkovy-spinac-originalni-dil","8":"product_tag-dalkovy-spinac-cessna","9":"product_tag-dalkovy-spinac-lear","10":"product_tag-lear-spinac-elt","11":"product_tag-oem-spinac-elt","12":"product_tag-originalni-dalkovy-spinac-elt","13":"product_tag-panel-boeing-elt","14":"product_tag-spinac-lear-elt","15":"product_tag-vojensky-spinac-elt","17":"first","18":"instock","19":"taxable","20":"shipping-taxable","21":"product-type-simple"},"acf":[],"_links":{"self":[{"href":"https:\/\/www.acrartex.com\/cs\/wp-json\/wp\/v2\/product\/152214","targetHints":{"allow":["GET"]}}],"collection":[{"href":"https:\/\/www.acrartex.com\/cs\/wp-json\/wp\/v2\/product"}],"about":[{"href":"https:\/\/www.acrartex.com\/cs\/wp-json\/wp\/v2\/types\/product"}],"wp:featuredmedia":[{"embeddable":true,"href":"https:\/\/www.acrartex.com\/cs\/wp-json\/wp\/v2\/media\/152215"}],"wp:attachment":[{"href":"https:\/\/www.acrartex.com\/cs\/wp-json\/wp\/v2\/media?parent=152214"}],"wp:term":[{"taxonomy":"product_brand","embeddable":true,"href":"https:\/\/www.acrartex.com\/cs\/wp-json\/wp\/v2\/product_brand?post=152214"},{"taxonomy":"product_cat","embeddable":true,"href":"https:\/\/www.acrartex.com\/cs\/wp-json\/wp\/v2\/product_cat?post=152214"},{"taxonomy":"product_tag","embeddable":true,"href":"https:\/\/www.acrartex.com\/cs\/wp-json\/wp\/v2\/product_tag?post=152214"}],"curies":[{"name":"wp","href":"https:\/\/api.w.org\/{rel}","templated":true}]}}