{"id":152164,"date":"2021-03-16T08:13:16","date_gmt":"2021-03-16T13:13:16","guid":{"rendered":"https:\/\/www.acrartex.com\/products\/rucni-uvolnovaci-konzola-globalfix-v4\/"},"modified":"2025-07-29T15:03:01","modified_gmt":"2025-07-29T20:03:01","slug":"rucni-uvolnovaci-konzola-globalfix-v4","status":"publish","type":"product","link":"https:\/\/www.acrartex.com\/cs\/products\/rucni-uvolnovaci-konzola-globalfix-v4\/","title":{"rendered":"Ru\u010dn\u00ed uvol\u0148ovac\u00ed konzola GlobalFix V4"},"content":{"rendered":"<ul>\n<li>Jednosm\u011brn\u00e1 mont\u00e1\u017e eliminuje mo\u017enost instalace EPIRB obr\u00e1cen\u011b<\/li>\n<li>Integrovan\u00fd deaktiva\u010dn\u00ed magnet zabra\u0148uje vys\u00edl\u00e1n\u00ed EPIRB , dokud nen\u00ed aktivov\u00e1n<\/li>\n<li>Funguje s ACR GlobalFix \u2122 V4 (RLB-41)<\/li>\n<\/ul>\n","protected":false},"excerpt":{"rendered":"<p>Zajist\u011bte si zv\u00fd\u0161enou bezpe\u010dnost na mo\u0159i s dr\u017e\u00e1kem pro ru\u010dn\u00ed uvoln\u011bn\u00ed GlobalFix V4. Tento dr\u017e\u00e1k EPIRB bezpe\u010dn\u011b ulo\u017e\u00ed v\u00e1\u0161 EPIRB , a\u0165 u\u017e v\u00e1s va\u0161e dobrodru\u017estv\u00ed zavedou kamkoli. Pokud se na lodi ocitnete v nouzov\u00e9 situaci, dr\u017e\u00e1k GlobalFix V4 umo\u017e\u0148uje rychl\u00e9 uvoln\u011bn\u00ed, abyste mohli rychle a snadno vyslat sign\u00e1l k p\u00e1trac\u00edm a z\u00e1chrann\u00fdm satelit\u016fm. Tento dr\u017e\u00e1k je kompatibiln\u00ed pouze s EPIRB GlobalFix \u2122 V4.   <\/p>\n<p>&nbsp;<\/p>\n<p>&nbsp;<\/p>\n<p>&nbsp;<\/p>\n","protected":false},"featured_media":152169,"template":"","meta":{"_acf_changed":false,"om_disable_all_campaigns":false},"product_brand":[],"product_cat":[6688,5949,5953,5719,5951,5947],"product_tag":[6705,6694,6711,6690,6702,6698,6708],"class_list":{"0":"post-152164","1":"product","2":"type-product","3":"status-publish","4":"has-post-thumbnail","6":"product_cat-bezpecnostni-prislusenstvi","7":"product_cat-blizko-pobrezi","8":"product_cat-komercni","9":"product_cat-namorni","10":"product_cat-pobrezni","11":"product_cat-vnitrozemi","12":"product_tag-kategorie-2-cs","13":"product_tag-konzola","14":"product_tag-rlb-cs","15":"product_tag-rlb-41-cs","16":"product_tag-rlb-41-kategorie-ii-cs","17":"product_tag-rucni-uvolnovaci-konzola-rlb-41-kategorie-ii","18":"product_tag-uvolnovaci-konzola","19":"pa_boat-size-0-20-cs","20":"pa_boat-size-21-40-cs","21":"pa_boat-size-40-80-cs","22":"pa_boat-size-80-cs","23":"pa_boat-type-charterova-jachta","24":"pa_boat-type-jachta","25":"pa_boat-type-komercni-rybolov","26":"pa_boat-type-motorovy-clun","27":"pa_boat-type-nakladni-lod","28":"pa_boat-type-plachetnice","29":"pa_boat-type-remorker","30":"pa_boat-type-sportcraft-cs","31":"pa_product-bezpecnostni-prislusenstvi","32":"pa_product-rescue-beacons-cs","33":"pa_product-rescue-beacons-vhf-sart-cs","35":"first","36":"onbackorder","37":"taxable","38":"shipping-taxable","39":"purchasable","40":"product-type-simple"},"acf":[],"_links":{"self":[{"href":"https:\/\/www.acrartex.com\/cs\/wp-json\/wp\/v2\/product\/152164","targetHints":{"allow":["GET"]}}],"collection":[{"href":"https:\/\/www.acrartex.com\/cs\/wp-json\/wp\/v2\/product"}],"about":[{"href":"https:\/\/www.acrartex.com\/cs\/wp-json\/wp\/v2\/types\/product"}],"wp:featuredmedia":[{"embeddable":true,"href":"https:\/\/www.acrartex.com\/cs\/wp-json\/wp\/v2\/media\/152169"}],"wp:attachment":[{"href":"https:\/\/www.acrartex.com\/cs\/wp-json\/wp\/v2\/media?parent=152164"}],"wp:term":[{"taxonomy":"product_brand","embeddable":true,"href":"https:\/\/www.acrartex.com\/cs\/wp-json\/wp\/v2\/product_brand?post=152164"},{"taxonomy":"product_cat","embeddable":true,"href":"https:\/\/www.acrartex.com\/cs\/wp-json\/wp\/v2\/product_cat?post=152164"},{"taxonomy":"product_tag","embeddable":true,"href":"https:\/\/www.acrartex.com\/cs\/wp-json\/wp\/v2\/product_tag?post=152164"}],"curies":[{"name":"wp","href":"https:\/\/api.w.org\/{rel}","templated":true}]}}