{"id":152127,"date":"2021-03-16T08:13:58","date_gmt":"2021-03-16T13:13:58","guid":{"rendered":"https:\/\/www.acrartex.com\/products\/dalkovy-ovladaci-panel-b737\/"},"modified":"2021-03-16T08:13:58","modified_gmt":"2021-03-16T13:13:58","slug":"dalkovy-ovladaci-panel-b737","status":"publish","type":"product","link":"https:\/\/www.acrartex.com\/cs\/products\/dalkovy-ovladaci-panel-b737\/","title":{"rendered":"D\u00e1lkov\u00fd ovl\u00e1dac\u00ed panel \u2013 B737"},"content":{"rendered":"","protected":false},"excerpt":{"rendered":"<p>D\u00e1lkov\u00fd ovl\u00e1dac\u00ed panel D\u00e1lkov\u00fd sp\u00edna\u010d pro B406 ELT<\/p>\n","protected":false},"featured_media":152136,"template":"","meta":{"_acf_changed":false,"om_disable_all_campaigns":false},"product_brand":[],"product_cat":[6135],"product_tag":[6519,6514,6510,6521,6516,6538,6506,6526,6143,6142],"class_list":{"0":"post-152127","1":"product","2":"type-product","3":"status-publish","4":"has-post-thumbnail","6":"product_cat-nezarazene","7":"product_tag-artex-c406-cs","8":"product_tag-artex-c406-1-cs","9":"product_tag-artex-me-406-cs","10":"product_tag-artex-me-406-elt-cs","11":"product_tag-artex-me406-cs","12":"product_tag-b737-cs","13":"product_tag-me-406-elt-cs","14":"product_tag-panel-dalkoveho-ovladani","15":"product_tag-prepinace","16":"product_tag-vzdaleny","18":"first","19":"instock","20":"taxable","21":"shipping-taxable","22":"product-type-simple"},"acf":[],"_links":{"self":[{"href":"https:\/\/www.acrartex.com\/cs\/wp-json\/wp\/v2\/product\/152127","targetHints":{"allow":["GET"]}}],"collection":[{"href":"https:\/\/www.acrartex.com\/cs\/wp-json\/wp\/v2\/product"}],"about":[{"href":"https:\/\/www.acrartex.com\/cs\/wp-json\/wp\/v2\/types\/product"}],"wp:featuredmedia":[{"embeddable":true,"href":"https:\/\/www.acrartex.com\/cs\/wp-json\/wp\/v2\/media\/152136"}],"wp:attachment":[{"href":"https:\/\/www.acrartex.com\/cs\/wp-json\/wp\/v2\/media?parent=152127"}],"wp:term":[{"taxonomy":"product_brand","embeddable":true,"href":"https:\/\/www.acrartex.com\/cs\/wp-json\/wp\/v2\/product_brand?post=152127"},{"taxonomy":"product_cat","embeddable":true,"href":"https:\/\/www.acrartex.com\/cs\/wp-json\/wp\/v2\/product_cat?post=152127"},{"taxonomy":"product_tag","embeddable":true,"href":"https:\/\/www.acrartex.com\/cs\/wp-json\/wp\/v2\/product_tag?post=152127"}],"curies":[{"name":"wp","href":"https:\/\/api.w.org\/{rel}","templated":true}]}}