{"id":152107,"date":"2021-03-16T08:14:02","date_gmt":"2021-03-16T13:14:02","guid":{"rendered":"https:\/\/www.acrartex.com\/products\/dalkovy-spinac-raytheon\/"},"modified":"2021-03-16T08:14:02","modified_gmt":"2021-03-16T13:14:02","slug":"dalkovy-spinac-raytheon","status":"publish","type":"product","link":"https:\/\/www.acrartex.com\/cs\/products\/dalkovy-spinac-raytheon\/","title":{"rendered":"D\u00e1lkov\u00fd sp\u00edna\u010d \u2013 Raytheon"},"content":{"rendered":"","protected":false},"excerpt":{"rendered":"<p>Tento d\u00e1lkov\u00fd sp\u00edna\u010d byl navr\u017een tak, aby spl\u0148oval po\u017eadavky pro business jety Raytheon.<\/p>\n<p>&nbsp;<\/p>\n","protected":false},"featured_media":152108,"template":"","meta":{"_acf_changed":false,"om_disable_all_campaigns":false},"product_brand":[],"product_cat":[6135],"product_tag":[6136,6376,6377,6378,6384,6385,6375,6380,6383,6379,6381,6382],"class_list":{"0":"post-152107","1":"product","2":"type-product","3":"status-publish","4":"has-post-thumbnail","6":"product_cat-nezarazene","7":"product_tag-dalkove-spinace-elt","8":"product_tag-dalkovy-spinac-originalni-dil","9":"product_tag-dalkovy-spinac-cessna","10":"product_tag-dalkovy-spinac-lear","11":"product_tag-dalkovy-spinac-nvg","12":"product_tag-dalkovy-spinac-pro-nocni-videni","13":"product_tag-originalni-dalkovy-spinac-elt","14":"product_tag-vojensky-dalkovy-spinac","15":"product_tag-vojensky-dalkovy-testovaci-spinac","16":"product_tag-vojensky-spinac-elt","17":"product_tag-vojensky-spinac-pro-elt","18":"product_tag-vojensky-testovaci-spinac-elt","20":"first","21":"instock","22":"taxable","23":"shipping-taxable","24":"product-type-simple"},"acf":[],"_links":{"self":[{"href":"https:\/\/www.acrartex.com\/cs\/wp-json\/wp\/v2\/product\/152107","targetHints":{"allow":["GET"]}}],"collection":[{"href":"https:\/\/www.acrartex.com\/cs\/wp-json\/wp\/v2\/product"}],"about":[{"href":"https:\/\/www.acrartex.com\/cs\/wp-json\/wp\/v2\/types\/product"}],"wp:featuredmedia":[{"embeddable":true,"href":"https:\/\/www.acrartex.com\/cs\/wp-json\/wp\/v2\/media\/152108"}],"wp:attachment":[{"href":"https:\/\/www.acrartex.com\/cs\/wp-json\/wp\/v2\/media?parent=152107"}],"wp:term":[{"taxonomy":"product_brand","embeddable":true,"href":"https:\/\/www.acrartex.com\/cs\/wp-json\/wp\/v2\/product_brand?post=152107"},{"taxonomy":"product_cat","embeddable":true,"href":"https:\/\/www.acrartex.com\/cs\/wp-json\/wp\/v2\/product_cat?post=152107"},{"taxonomy":"product_tag","embeddable":true,"href":"https:\/\/www.acrartex.com\/cs\/wp-json\/wp\/v2\/product_tag?post=152107"}],"curies":[{"name":"wp","href":"https:\/\/api.w.org\/{rel}","templated":true}]}}