{"id":152021,"date":"2021-03-16T08:13:46","date_gmt":"2021-03-16T13:13:46","guid":{"rendered":"https:\/\/www.acrartex.com\/products\/aqualink\/"},"modified":"2021-03-16T08:13:46","modified_gmt":"2021-03-16T13:13:46","slug":"aqualink","status":"publish","type":"product","link":"https:\/\/www.acrartex.com\/cs\/products\/aqualink\/","title":{"rendered":"AquaLink\u2122"},"content":{"rendered":"<p><em><strong><a href=\"https:\/\/www.acrartex.com\/products\/resqlink-400\/\">Tento produkt byl upgradov\u00e1n. <\/a> <\/strong><\/em><\/p>\n<p>AquaLink\u2122 vys\u00edl\u00e1 unik\u00e1tn\u00ed registrovan\u00fd t\u00eds\u0148ov\u00fd sign\u00e1l, kter\u00fd z\u00e1chran\u00e1\u0159\u016fm nejen sd\u011bluje, kde se nach\u00e1z\u00edte, ale i kdo jste. Palubn\u00ed GPS dok\u00e1\u017ee ur\u010dit va\u0161i polohu s p\u0159esnost\u00ed na 100 metr\u016f a pot\u00e9 vyu\u017e\u00edv\u00e1 v\u00fdkonn\u00fd sign\u00e1l 406 MHz k p\u0159enosu va\u0161eho t\u00eds\u0148ov\u00e9ho vol\u00e1n\u00ed na satelity na ob\u011b\u017en\u00e9 dr\u00e1ze. Jakmile je nasazena m\u00edstn\u00ed p\u00e1trac\u00ed a z\u00e1chrann\u00e1 slu\u017eba, samostatn\u00fd nav\u00e1d\u011bc\u00ed sign\u00e1l a integrovan\u00e9 LED stroboskopick\u00e9 sv\u011btlo navedou z\u00e1chran\u00e1\u0159e na va\u0161i p\u0159esnou polohu.  <\/p>\n<p>&nbsp;<\/p>\n<p>AquaLink\u2122 je dostate\u010dn\u011b mal\u00fd, aby se snadno nosil v batohu nebo kapse, nebo se d\u00e1 nosit na palub\u011b, u kormidla, v kajut\u011b nebo na z\u00e1chrann\u00e9 vest\u011b, a pokud omylem spadne p\u0159es palubu, uplave se. Proveden\u00ed \u00fapln\u00e9ho funk\u010dn\u00edho autotestu vnit\u0159n\u00edch obvod\u016f PLB , nap\u011bt\u00ed a nap\u00e1jen\u00ed baterie a p\u0159enosu 406 MHz v\u00e1m poskytne klid s v\u011bdom\u00edm, \u017ee v\u00e1\u0161 PLB bude fungovat v okam\u017eiku, kdy ho budete nejv\u00edce pot\u0159ebovat. <\/p>\n<p>&nbsp;<\/p>\n<p>Exkluzivn\u011b od ACR : Vestav\u011bn\u00fd testovac\u00ed re\u017eim pro z\u00edsk\u00e1v\u00e1n\u00ed sign\u00e1lu GPS umo\u017e\u0148uje otestovat funk\u010dnost GPS a\u017e 12kr\u00e1t b\u011bhem \u017eivotnosti baterie. Vyu\u017eijte stejnou osv\u011bd\u010denou z\u00e1chrannou technologii, kterou pou\u017e\u00edv\u00e1 americk\u00e1 arm\u00e1da, pob\u0159e\u017en\u00ed str\u00e1\u017e, speci\u00e1ln\u00ed jednotky NATO a arkti\u010dt\u00ed pr\u016fzkumn\u00edci. <\/p>\n<p>&nbsp;<\/p>\n<ul>\n<li>\u017d\u00e1dn\u00e9 poplatky za p\u0159edplatn\u00e9<\/li>\n<li>Plov\u00e1ky<\/li>\n<li>Super jasn\u00fd LED stroboskop<\/li>\n<li>Vestav\u011bn\u00e1 66kan\u00e1lov\u00e1 GPS<\/li>\n<li>Funkce autotestu a testu GPS<\/li>\n<li>Typick\u00fd v\u00fdkon 35 hodin<\/li>\n<li>Baterie bez nebezpe\u010dn\u00fdch l\u00e1tek<\/li>\n<li>Vyrobeno v USA<\/li>\n<\/ul>\n<p>&nbsp;<\/p>\n<p>Pokud jej pou\u017eijete, vym\u011bn\u00edme v\u00e1m ho zdarma. Jednodu\u0161e n\u00e1m ode\u0161lete sv\u016fj p\u0159\u00edb\u011bh p\u0159e\u017eiv\u0161\u00edho, po\u0161lete n\u00e1m zp\u011bt sv\u016fj pou\u017eit\u00fd maj\u00e1k a my v\u00e1m za\u0161leme nejnov\u011bj\u0161\u00ed verzi va\u0161eho z\u00e1chrann\u00e9ho za\u0159\u00edzen\u00ed. <\/p>\n","protected":false},"excerpt":{"rendered":"<p><em><strong>Tento produkt byl aktualizov\u00e1n. <a href=\"https:\/\/www.acrartex.com\/products\/resqlink-400\/\">Klikn\u011bte zde<\/a> pro dostupn\u00e9 aktualizace.<\/strong><\/em><\/p>\n<p>#PrepLikeAPo s AquaLink\u2122 PLB . Tento z\u00e1chrann\u00fd maj\u00e1k je dostate\u010dn\u011b mal\u00fd na to, abyste ho mohli nosit v kapse, a p\u0159itom dostate\u010dn\u011b siln\u00fd, aby v p\u0159\u00edpad\u011b nouze na lodi p\u0159esn\u011b p\u0159edal va\u0161i polohu s\u00edti p\u00e1trac\u00edch a z\u00e1chrann\u00fdch satelit\u016f. M\u011bjte klid s v\u011bdom\u00edm, \u017ee tento osobn\u00ed nouzov\u00fd maj\u00e1k neust\u00e1le eliminuje \u201ep\u00e1tr\u00e1n\u00ed\u201c z \u201ep\u00e1tr\u00e1n\u00ed a z\u00e1chrany\u201c.  <\/p>\n<p>&nbsp;<\/p>\n<p style=\"margin-left: 0in; margin-right: 0in;\"><span style=\"font-size: 11pt;\"><span style=\"font-family: Calibri,sans-serif;\"><a style=\"color: blue; text-decoration: underline;\" href=\"https:\/\/www.dropbox.com\/s\/8343nj28z0d7bxa\/Prop%2065%20-%20BPA.pdf?dl=0\"><span style=\"color: #000000;\">VAROV\u00c1N\u00cd: PROP 65<\/span><\/a><\/span><\/span><\/p>\n<p style=\"margin-left: 0in; margin-right: 0in;\">\n","protected":false},"featured_media":152022,"template":"","meta":{"_acf_changed":false,"om_disable_all_campaigns":false},"product_brand":[],"product_cat":[5719,5790],"product_tag":[5634,5801,5804,5798,5539,6157,5795,5791,6156,6158,6159,5807],"class_list":{"0":"post-152021","1":"product","2":"type-product","3":"status-publish","4":"has-post-thumbnail","6":"product_cat-namorni","7":"product_cat-venkovni","8":"product_tag-406-cs","9":"product_tag-akvamarin","10":"product_tag-aqua-odkaz","11":"product_tag-aqualink-cs","12":"product_tag-gps-cs","13":"product_tag-nouzovy-lokalizator","14":"product_tag-osobni-lokalizacni-majak","15":"product_tag-plb-cs","16":"product_tag-plb-350-cs","17":"product_tag-plb-350b-cs","18":"product_tag-plb350b-cs","19":"product_tag-voda","20":"pa_product-dedictvi","22":"first","23":"outofstock","24":"taxable","25":"shipping-taxable","26":"product-type-simple"},"acf":[],"_links":{"self":[{"href":"https:\/\/www.acrartex.com\/cs\/wp-json\/wp\/v2\/product\/152021","targetHints":{"allow":["GET"]}}],"collection":[{"href":"https:\/\/www.acrartex.com\/cs\/wp-json\/wp\/v2\/product"}],"about":[{"href":"https:\/\/www.acrartex.com\/cs\/wp-json\/wp\/v2\/types\/product"}],"wp:featuredmedia":[{"embeddable":true,"href":"https:\/\/www.acrartex.com\/cs\/wp-json\/wp\/v2\/media\/152022"}],"wp:attachment":[{"href":"https:\/\/www.acrartex.com\/cs\/wp-json\/wp\/v2\/media?parent=152021"}],"wp:term":[{"taxonomy":"product_brand","embeddable":true,"href":"https:\/\/www.acrartex.com\/cs\/wp-json\/wp\/v2\/product_brand?post=152021"},{"taxonomy":"product_cat","embeddable":true,"href":"https:\/\/www.acrartex.com\/cs\/wp-json\/wp\/v2\/product_cat?post=152021"},{"taxonomy":"product_tag","embeddable":true,"href":"https:\/\/www.acrartex.com\/cs\/wp-json\/wp\/v2\/product_tag?post=152021"}],"curies":[{"name":"wp","href":"https:\/\/api.w.org\/{rel}","templated":true}]}}