{"id":152001,"date":"2021-03-16T08:13:54","date_gmt":"2021-03-16T13:13:54","guid":{"rendered":"https:\/\/www.acrartex.com\/products\/dalkovy-spinac-standardni-8304\/"},"modified":"2021-03-16T08:13:54","modified_gmt":"2021-03-16T13:13:54","slug":"dalkovy-spinac-standardni-8304","status":"publish","type":"product","link":"https:\/\/www.acrartex.com\/cs\/products\/dalkovy-spinac-standardni-8304\/","title":{"rendered":"D\u00e1lkov\u00fd sp\u00edna\u010d, standardn\u00ed 8304"},"content":{"rendered":"","protected":false},"excerpt":{"rendered":"<p>Tento d\u00e1lkov\u00fd sp\u00edna\u010d byl navr\u017een tak, aby sn\u00ed\u017eil n\u00e1klady na instalaci a vyhovoval 2vodi\u010dov\u00fdm instalac\u00edm pou\u017e\u00edvan\u00fdm u zastaral\u00fdch 121,5 MHz ELT. P\u0159esto\u017ee je t\u0159\u00edpolohov\u00fd sp\u00edna\u010d v\u017edy nastaven na v\u00fdchoz\u00ed re\u017eim ARMED (zapnuto), m\u016f\u017eete nastaven\u00ed zm\u011bnit tak, abyste sv\u016fj ELT bu\u010f otestovali, nebo jej aktivovali z kokpitu. <\/p>\n","protected":false},"featured_media":152002,"template":"","meta":{"_acf_changed":false,"om_disable_all_campaigns":false},"product_brand":[],"product_cat":[6135],"product_tag":[6139,6140,6138,6141,6136,6137,6143,6142],"class_list":{"0":"post-152001","1":"product","2":"type-product","3":"status-publish","4":"has-post-thumbnail","6":"product_cat-nezarazene","7":"product_tag-8304-cs","8":"product_tag-cislo-dilu-345-6196","9":"product_tag-cislo-dilu-8304","10":"product_tag-cislo-dilu-8304-cs","11":"product_tag-dalkove-spinace-elt","12":"product_tag-dalkovy-spinac-elt-1000","13":"product_tag-prepinace","14":"product_tag-vzdaleny","16":"first","17":"instock","18":"taxable","19":"shipping-taxable","20":"product-type-simple"},"acf":[],"_links":{"self":[{"href":"https:\/\/www.acrartex.com\/cs\/wp-json\/wp\/v2\/product\/152001","targetHints":{"allow":["GET"]}}],"collection":[{"href":"https:\/\/www.acrartex.com\/cs\/wp-json\/wp\/v2\/product"}],"about":[{"href":"https:\/\/www.acrartex.com\/cs\/wp-json\/wp\/v2\/types\/product"}],"wp:featuredmedia":[{"embeddable":true,"href":"https:\/\/www.acrartex.com\/cs\/wp-json\/wp\/v2\/media\/152002"}],"wp:attachment":[{"href":"https:\/\/www.acrartex.com\/cs\/wp-json\/wp\/v2\/media?parent=152001"}],"wp:term":[{"taxonomy":"product_brand","embeddable":true,"href":"https:\/\/www.acrartex.com\/cs\/wp-json\/wp\/v2\/product_brand?post=152001"},{"taxonomy":"product_cat","embeddable":true,"href":"https:\/\/www.acrartex.com\/cs\/wp-json\/wp\/v2\/product_cat?post=152001"},{"taxonomy":"product_tag","embeddable":true,"href":"https:\/\/www.acrartex.com\/cs\/wp-json\/wp\/v2\/product_tag?post=152001"}],"curies":[{"name":"wp","href":"https:\/\/api.w.org\/{rel}","templated":true}]}}