{"id":151338,"date":"2021-03-16T08:07:35","date_gmt":"2021-03-16T13:07:35","guid":{"rendered":"https:\/\/www.acrartex.com\/products\/resqlink\/"},"modified":"2021-03-16T08:07:35","modified_gmt":"2021-03-16T13:07:35","slug":"resqlink","status":"publish","type":"product","link":"https:\/\/www.acrartex.com\/cs\/products\/resqlink\/","title":{"rendered":"ResQLink \u2122"},"content":{"rendered":"<p><a href=\"https:\/\/www.acrartex.com\/products\/resqlink-400\/\"><em><strong>Tento produkt byl upgradov\u00e1n.<\/strong><\/em><\/a><\/p>\n<p>S hmotnost\u00ed 140 g v\u00e1\u017e\u00ed nouzov\u00fd maj\u00e1k ResQLink m\u00e9n\u011b ne\u017e p\u00e1r energetick\u00fdch ty\u010dinek. A s d\u00e9lkou pouh\u00fdch 9,3 cm je men\u0161\u00ed ne\u017e mobiln\u00ed telefon ve va\u0161\u00ed kapse. Mal\u00e9 a v\u00fdkonn\u00e9 z\u00e1chrann\u00e9 maj\u00e1ky ResQLink \u2122 jsou pln\u011b v\u00fdkonn\u00e9 z\u00e1chrann\u00e9 maj\u00e1ky s podporou GPS ur\u010den\u00e9 pro ryb\u00e1\u0159e, piloty a sportovce v odlehl\u00fdch oblastech.  <\/p>\n<p>&nbsp;<\/p>\n<p>D\u00edky t\u0159em \u00farovn\u00edm integrovan\u00e9 sign\u00e1ln\u00ed technologie \u2013 GPS ur\u010dov\u00e1n\u00ed polohy, v\u00fdkonn\u00e9mu sign\u00e1lu 406 MHz a funkci nav\u00e1d\u011bn\u00ed 121,5 MHz \u2013 ResQLink PLB rychle a p\u0159esn\u011b p\u0159en\u00e1\u0161\u00ed va\u0161i polohu do celosv\u011btov\u00e9 s\u00edt\u011b p\u00e1trac\u00edch a z\u00e1chrann\u00fdch satelit\u016f. Vestav\u011bn\u00e9 stroboskopick\u00e9 sv\u011btlo zaji\u0161\u0165uje viditelnost b\u011bhem no\u010dn\u00edch z\u00e1chrann\u00fdch akc\u00ed. <\/p>\n<p>&nbsp;<\/p>\n<p>Plavebn\u00ed za\u0159\u00edzen\u00ed na no\u0161en\u00ed lod\u00ed (PLB) se osv\u011bd\u010dila v n\u011bkter\u00fdch z nejodlehlej\u0161\u00edch m\u00edst a zr\u00e1dn\u00fdch podm\u00ednek sv\u011bta. Sta\u010d\u00ed se zeptat zhruba 400 pilot\u016f, jachta\u0159\u016f a pr\u016fzkumn\u00edk\u016f v odlehl\u00fdch oblastech, kter\u00e9 zachr\u00e1nil PLB b\u011bhem n\u00e1ro\u010dn\u00e9ho testovac\u00edho programu na Alja\u0161ce. Z velk\u00e9 \u010d\u00e1sti na z\u00e1klad\u011b v\u00fdsledk\u016f test\u016f schv\u00e1lila feder\u00e1ln\u00ed vl\u00e1da v roce 2003 pou\u017e\u00edv\u00e1n\u00ed PLB ve Spojen\u00fdch st\u00e1tech.  <\/p>\n<p>&nbsp;<\/p>\n<p>I v extr\u00e9mn\u00edch podm\u00ednk\u00e1ch a situac\u00edch se ResQLink \u2122 snadno aktivuje. Sta\u010d\u00ed rozlo\u017eit ant\u00e9nu a stisknout tla\u010d\u00edtko ON. D\u00edky v\u00fdkonn\u00e9mu 66kan\u00e1lov\u00e9mu GPS navede ResQLink \u2122 z\u00e1chran\u00e1\u0159e do vzd\u00e1lenosti 100 metr\u016f nebo m\u00e9n\u011b od va\u0161\u00ed polohy. A v kontinent\u00e1ln\u00edch Spojen\u00fdch st\u00e1tech jsou p\u00e1trac\u00ed a z\u00e1chrann\u00ed slo\u017eky obvykle upozorn\u011bny na va\u0161i polohu ji\u017e za p\u011bt minut pomoc\u00ed PLB s podporou GPS , jako je ResQLink \u2122.   <\/p>\n<p>&nbsp;<\/p>\n<p>Dva vestav\u011bn\u00e9 testy v\u00e1m umo\u017e\u0148uj\u00ed pravideln\u011b ov\u011b\u0159ovat, zda ResQLink \u2122 funguje a je p\u0159ipraven k pou\u017eit\u00ed \u2013 stisknut\u00edm tla\u010d\u00edtka m\u016f\u017eete snadno otestovat vnit\u0159n\u00ed elektroniku a funk\u010dnost GPS .<\/p>\n<ul>\n<li>\u017d\u00e1dn\u00e9 poplatky za p\u0159edplatn\u00e9 nejsou vy\u017eadov\u00e1ny<\/li>\n<li>Super jasn\u00fd LED stroboskop<\/li>\n<li>Vestav\u011bn\u00e1 66kan\u00e1lov\u00e1 GPS<\/li>\n<li>Funkce autotestu a testu GPS<\/li>\n<li>Typick\u00fd v\u00fdkon 30 hodin<\/li>\n<li>Baterie bez nebezpe\u010dn\u00fdch l\u00e1tek<\/li>\n<li>Vyrobeno v USA<\/li>\n<li>Pokud jej pou\u017eijete&#8230; vym\u011bn\u00edme ho zdarma. Jednodu\u0161e n\u00e1m <a href=\"http:\/\/www.survivorclub.com\/\">ode\u0161lete<\/a> sv\u016fj p\u0159\u00edb\u011bh, vra\u0165te n\u00e1m sv\u016fj pou\u017eit\u00fd maj\u00e1k, abychom ho mohli um\u00edstit na na\u0161i Ze\u010f sl\u00e1vy, a my v\u00e1m za\u0161leme zcela nov\u00fd maj\u00e1k stejn\u00e9 nebo vy\u0161\u0161\u00ed hodnoty. <\/li>\n<\/ul>\n<p>\u0160t\u00edtky: Personal Locator Beacon , PLB , PLB, 406 MHz, SurvivorClub, Plov\u00e1ky, Vzn\u00e1\u0161edlo, Stroboskopick\u00e9 sv\u011btlo, Nouzov\u00fd maj\u00e1k, Bez p\u0159edplatn\u00e9ho, \u200b\u200bOsobn\u00ed EPIRB , GPS lok\u00e1tor, 2880, PN 2880, PLB 375<\/p>\n","protected":false},"excerpt":{"rendered":"<p>Mo\u017en\u00e1 je mal\u00fd, ale je odoln\u00fd. ResQLink \u2122 PLB Personal Locator Beacon ( PLB ) je z\u00e1chrann\u00fd maj\u00e1k s podporou GPS , kter\u00fd je vhodn\u00fd pro outdoorov\u00e1 dobrodru\u017estv\u00ed v\u0161ech velikost\u00ed (p\u0159edstavte si: cokoli od turistiky a cyklistiky a\u017e po lov a ryba\u0159en\u00ed). Pokud se ocitnete v neo\u010dek\u00e1van\u00e9 situaci, ResQLink PLB p\u0159ed\u00e1 va\u0161i polohu s\u00edti p\u00e1trac\u00edch a z\u00e1chrann\u00fdch satelit\u016f. PLB pomohly zachr\u00e1nit tis\u00edce lidsk\u00fdch \u017eivot\u016f.   <\/p>\n<p><em><strong>Tento produkt byl aktualizov\u00e1n. <a href=\"https:\/\/www.acrartex.com\/products\/resqlink-400\/\">Klikn\u011bte zde<\/a> pro dostupn\u00e9 aktualizace.<\/strong><\/em><\/p>\n<p><span style=\"font-size: 11.0pt;\"><a style=\"color: blue; text-decoration: underline;\" href=\"https:\/\/www.dropbox.com\/s\/ezakylsa2478sav\/Prop%2065%20-%20DINP%20and%20BPA.pdf?dl=0\"><span style=\"color: #000000;\">VAROV\u00c1N\u00cd: PROP 65<\/span><\/a><\/span><\/p>\n<p>&nbsp;<\/p>\n<p>&nbsp;<\/p>\n","protected":false},"featured_media":151342,"template":"","meta":{"_acf_changed":false,"om_disable_all_campaigns":false},"product_brand":[],"product_cat":[5957,5949,5964,5960,5953,5968,5534,5719,5970,5962,5951,5966,5972,5955,5945,5790,5947,5535],"product_tag":[5539,5795,5791,5981,5979,5975,5977,5973],"class_list":{"0":"post-151338","1":"product","2":"type-product","3":"status-publish","4":"has-post-thumbnail","6":"product_cat-akcni-sporty-terenni-jizdy","7":"product_cat-blizko-pobrezi","8":"product_cat-business-jet-cs","9":"product_cat-cestovni-vybaveni","10":"product_cat-komercni","11":"product_cat-letecka-hlidka","12":"product_cat-letectvi","13":"product_cat-namorni","14":"product_cat-namorni-sily","15":"product_cat-padlovaci-sporty-rybareni","16":"product_cat-pobrezni","17":"product_cat-policie-obec","18":"product_cat-pozemni-specialni-jednotky","19":"product_cat-turistika-horolezectvi-tabor","20":"product_cat-valecny","21":"product_cat-venkovni","22":"product_cat-vnitrozemi","23":"product_cat-vseobecne-letectvi","24":"product_tag-gps-cs","25":"product_tag-osobni-lokalizacni-majak","26":"product_tag-plb-cs","27":"product_tag-plb-375-cs","28":"product_tag-plb375-cs","29":"product_tag-resq-cs","30":"product_tag-resq-odkaz","31":"product_tag-resqlink-cs","32":"pa_product-dedictvi","34":"first","35":"outofstock","36":"taxable","37":"shipping-taxable","38":"product-type-simple"},"acf":[],"_links":{"self":[{"href":"https:\/\/www.acrartex.com\/cs\/wp-json\/wp\/v2\/product\/151338","targetHints":{"allow":["GET"]}}],"collection":[{"href":"https:\/\/www.acrartex.com\/cs\/wp-json\/wp\/v2\/product"}],"about":[{"href":"https:\/\/www.acrartex.com\/cs\/wp-json\/wp\/v2\/types\/product"}],"wp:featuredmedia":[{"embeddable":true,"href":"https:\/\/www.acrartex.com\/cs\/wp-json\/wp\/v2\/media\/151342"}],"wp:attachment":[{"href":"https:\/\/www.acrartex.com\/cs\/wp-json\/wp\/v2\/media?parent=151338"}],"wp:term":[{"taxonomy":"product_brand","embeddable":true,"href":"https:\/\/www.acrartex.com\/cs\/wp-json\/wp\/v2\/product_brand?post=151338"},{"taxonomy":"product_cat","embeddable":true,"href":"https:\/\/www.acrartex.com\/cs\/wp-json\/wp\/v2\/product_cat?post=151338"},{"taxonomy":"product_tag","embeddable":true,"href":"https:\/\/www.acrartex.com\/cs\/wp-json\/wp\/v2\/product_tag?post=151338"}],"curies":[{"name":"wp","href":"https:\/\/api.w.org\/{rel}","templated":true}]}}