{"id":151252,"date":"2021-03-16T08:07:42","date_gmt":"2021-03-16T13:07:42","guid":{"rendered":"https:\/\/www.acrartex.com\/products\/aqualink-view\/"},"modified":"2025-07-07T09:58:50","modified_gmt":"2025-07-07T14:58:50","slug":"aqualink-view","status":"publish","type":"product","link":"https:\/\/www.acrartex.com\/cs\/products\/aqualink-view\/","title":{"rendered":"AquaLink\u2122 View"},"content":{"rendered":"<p><em><strong><a href=\"https:\/\/www.acrartex.com\/products\/resqlink-view\/\">Tento produkt byl upgradov\u00e1n<\/a> .  <\/strong><\/em><\/p>\n<p>D\u00edky t\u0159em \u00farovn\u00edm integrovan\u00e9 sign\u00e1ln\u00ed technologie \u2013 GPS ur\u010dov\u00e1n\u00ed polohy, v\u00fdkonn\u00e9mu sign\u00e1lu 406 MHz a funkci nav\u00e1d\u011bn\u00ed 121,5 MHz \u2013 AquaLink\u2122 View rychle a p\u0159esn\u011b p\u0159en\u00e1\u0161\u00ed va\u0161i polohu do celosv\u011btov\u00e9 s\u00edt\u011b p\u00e1trac\u00edch a z\u00e1chrann\u00fdch satelit\u016f, \u010d\u00edm\u017e zkracuje dobu p\u00e1tr\u00e1n\u00ed a zvy\u0161uje va\u0161e \u0161ance na p\u0159e\u017eit\u00ed. Je to spolehliv\u00e1 sign\u00e1ln\u00ed technologie, kter\u00e1 od roku 1982 zachr\u00e1nila v\u00edce ne\u017e 50 000 \u017eivot\u016f. <\/p>\n<p>&nbsp;<\/p>\n<p>Maj\u00e1k AquaLink\u2122 View vys\u00edl\u00e1 unik\u00e1tn\u00ed registrovan\u00fd t\u00eds\u0148ov\u00fd sign\u00e1l, kter\u00fd z\u00e1chran\u00e1\u0159\u016fm nejen sd\u011bluje, kde se nach\u00e1z\u00edte, ale i kdo jste. Palubn\u00ed GPS dok\u00e1\u017ee ur\u010dit va\u0161i polohu s p\u0159esnost\u00ed na 100 metr\u016f a pot\u00e9 vyu\u017e\u00edv\u00e1 v\u00fdkonn\u00fd sign\u00e1l 406 MHz k p\u0159enosu va\u0161eho t\u00eds\u0148ov\u00e9ho vol\u00e1n\u00ed na satelity na ob\u011b\u017en\u00e9 dr\u00e1ze. Jakmile je nasazena m\u00edstn\u00ed p\u00e1trac\u00ed a z\u00e1chrann\u00e1 slu\u017eba, samostatn\u00fd nav\u00e1d\u011bc\u00ed sign\u00e1l a integrovan\u00e9 LED stroboskopick\u00e9 sv\u011btlo navedou z\u00e1chran\u00e1\u0159e na va\u0161i p\u0159esnou polohu. Maj\u00e1k AquaLink\u2122 View je vybaven digit\u00e1ln\u00edm displejem, kter\u00fd v\u00e1m umo\u017e\u0148uje sledovat v\u0161echny provozn\u00ed aktivity maj\u00e1ku. Na obrazovce se zobrazuje GPS LAT\/LON, n\u00e1vod k obsluze, tipy k pou\u017eit\u00ed, vys\u00edlac\u00ed sign\u00e1ly a tak\u00e9 stav baterie. Digit\u00e1ln\u00ed displej tak\u00e9 usnad\u0148uje a usnad\u0148uje autotestov\u00e1n\u00ed maj\u00e1ku t\u00edm, \u017ee v\u00e1s krok za krokem vizu\u00e1ln\u011b provede autotestem. U\u017e se nemus\u00edte spol\u00e9hat na p\u00edp\u00e1n\u00ed a hled\u00e1n\u00ed LED diod. Maj\u00e1k AquaLink\u2122 View je dostate\u010dn\u011b mal\u00fd, aby se snadno nosil v batohu nebo kapse, nebo jej lze nosit na palub\u011b, u kormidla, v kajut\u011b nebo na z\u00e1chrann\u00e9 vest\u011b, a v p\u0159\u00edpad\u011b n\u00e1hodn\u00e9ho p\u00e1du p\u0159es palubu bude plavat. Exkluzivn\u011b od ACR : Vestav\u011bn\u00fd testovac\u00ed re\u017eim pro z\u00edsk\u00e1v\u00e1n\u00ed sign\u00e1lu GPS umo\u017e\u0148uje otestovat funk\u010dnost GPS a\u017e 60kr\u00e1t b\u011bhem \u017eivotnosti baterie. Vyu\u017eijte stejnou z\u00e1chrannou technologii ov\u011b\u0159enou v ter\u00e9nu, kterou pou\u017e\u00edv\u00e1 americk\u00e1 arm\u00e1da, pob\u0159e\u017en\u00ed str\u00e1\u017e USA, speci\u00e1ln\u00ed jednotky NATO a arkti\u010dt\u00ed pr\u016fzkumn\u00edci.         <\/p>\n<p>&nbsp;<\/p>\n<ul>\n<li>\u017d\u00e1dn\u00e9 poplatky za p\u0159edplatn\u00e9<\/li>\n<li>Plov\u00e1ky<\/li>\n<li>Super jasn\u00fd LED stroboskop<\/li>\n<li>Vestav\u011bn\u00e1 66kan\u00e1lov\u00e1 GPS<\/li>\n<li>Funkce autotestu a testu GPS<\/li>\n<li>Typick\u00fd v\u00fdkon 35 hodin<\/li>\n<li>Baterie bez nebezpe\u010dn\u00fdch l\u00e1tek<\/li>\n<li>Vyrobeno v USA<\/li>\n<\/ul>\n<p>&nbsp;<\/p>\n<p>Pokud jej pou\u017eijete&#8230; vym\u011bn\u00edme ho zdarma. Jednodu\u0161e n\u00e1m <a href=\"https:\/\/www.acrartex.com\/stories\/new\">ode\u0161lete sv\u016fj p\u0159\u00edb\u011bh<\/a> , po\u0161lete n\u00e1m zp\u011bt sv\u016fj pou\u017eit\u00fd maj\u00e1k, abychom ho mohli um\u00edstit na na\u0161i Ze\u010f sl\u00e1vy, a my v\u00e1m za\u0161leme zcela nov\u00fd maj\u00e1k stejn\u00e9 nebo vy\u0161\u0161\u00ed hodnoty. <\/p>\n<p>&nbsp;<\/p>\n<p>\u0160t\u00edtky: Personal Locator Beacon , PLB , PLB, 406 MHz, SurvivorClub, Plov\u00e1ky, Vzn\u00e1\u0161edlo, Stroboskopick\u00e9 sv\u011btlo, Nouzov\u00fd maj\u00e1k, Bez p\u0159edplatn\u00e9ho, \u200b\u200bDigit\u00e1ln\u00ed displej, Osobn\u00ed EPIRB , GPS lok\u00e1tor, 2884, PN 2884, PLB 350, PLB350C<\/p>\n","protected":false},"excerpt":{"rendered":"<p><b><i>Tento produkt byl upgradov\u00e1n. <a href=\"https:\/\/www.acrartex.com\/products\/resqlink-view\/\">Klikn\u011bte zde<\/a> pro zobrazen\u00ed dostupn\u00fdch upgrad\u016f produktu.<\/i><\/b><\/p>\n<p>&nbsp;<\/p>\n<p>Vydejte se na mo\u0159skou hladinu s d\u016fv\u011brou ru\u010dn\u00edho Personal Locator Beacon AquaLink\u2122 View ( PLB ). Jeho digit\u00e1ln\u00ed displej poskytuje v\u0161echny d\u016fle\u017eit\u00e9 informace o funkc\u00edch maj\u00e1ku, v\u010detn\u011b GPS polohy a p\u0159enosov\u00fdch sign\u00e1l\u016f. Nav\u00edc jeho vzn\u00e1\u0161ej\u00edc\u00ed se konstrukce znamen\u00e1, \u017ee pokud AquaLink View n\u00e1hodou spadne p\u0159es palubu, z\u016fstane na hladin\u011b. M\u011bjte klid s v\u011bdom\u00edm, \u017ee v p\u0159\u00edpad\u011b nouzov\u00e9 situace na lodi tento osobn\u00ed nouzov\u00fd maj\u00e1k rychle p\u0159ed\u00e1 va\u0161i polohu satelitn\u00edm s\u00edt\u00edm a zkr\u00e1t\u00ed dobu p\u00e1tr\u00e1n\u00ed a z\u00e1chrany.   <\/p>\n<p>&nbsp;<\/p>\n<p style=\"margin-left: 0in; margin-right: 0in;\"><span style=\"font-size: 11pt;\"><span style=\"font-family: Calibri,sans-serif;\"><a style=\"color: blue; text-decoration: underline;\" href=\"https:\/\/www.dropbox.com\/s\/8343nj28z0d7bxa\/Prop%2065%20-%20BPA.pdf?dl=0\"><span style=\"color: #000000;\">VAROV\u00c1N\u00cd: PROP 65<\/span><\/a><\/span><\/span><\/p>\n<p>&nbsp;<\/p>\n<p>&nbsp;<\/p>\n<p>&nbsp;<\/p>\n","protected":false},"featured_media":151269,"template":"","meta":{"_acf_changed":false,"om_disable_all_campaigns":false},"product_brand":[],"product_cat":[5719,5790],"product_tag":[5634,5801,5804,5798,5539,5541,5795,5791,5813,5810,5815,5807,5816],"class_list":{"0":"post-151252","1":"product","2":"type-product","3":"status-publish","4":"has-post-thumbnail","6":"product_cat-namorni","7":"product_cat-venkovni","8":"product_tag-406-cs","9":"product_tag-akvamarin","10":"product_tag-aqua-odkaz","11":"product_tag-aqualink-cs","12":"product_tag-gps-cs","13":"product_tag-nouzovy-majak","14":"product_tag-osobni-lokalizacni-majak","15":"product_tag-plb-cs","16":"product_tag-plb-350c-cs-2","17":"product_tag-plb-350c-cs","18":"product_tag-plb350-cs","19":"product_tag-voda","20":"product_tag-zobrazeni-aqualinku","21":"pa_product-dedictvi","23":"first","24":"outofstock","25":"taxable","26":"shipping-taxable","27":"product-type-simple"},"acf":[],"_links":{"self":[{"href":"https:\/\/www.acrartex.com\/cs\/wp-json\/wp\/v2\/product\/151252","targetHints":{"allow":["GET"]}}],"collection":[{"href":"https:\/\/www.acrartex.com\/cs\/wp-json\/wp\/v2\/product"}],"about":[{"href":"https:\/\/www.acrartex.com\/cs\/wp-json\/wp\/v2\/types\/product"}],"wp:featuredmedia":[{"embeddable":true,"href":"https:\/\/www.acrartex.com\/cs\/wp-json\/wp\/v2\/media\/151269"}],"wp:attachment":[{"href":"https:\/\/www.acrartex.com\/cs\/wp-json\/wp\/v2\/media?parent=151252"}],"wp:term":[{"taxonomy":"product_brand","embeddable":true,"href":"https:\/\/www.acrartex.com\/cs\/wp-json\/wp\/v2\/product_brand?post=151252"},{"taxonomy":"product_cat","embeddable":true,"href":"https:\/\/www.acrartex.com\/cs\/wp-json\/wp\/v2\/product_cat?post=151252"},{"taxonomy":"product_tag","embeddable":true,"href":"https:\/\/www.acrartex.com\/cs\/wp-json\/wp\/v2\/product_tag?post=151252"}],"curies":[{"name":"wp","href":"https:\/\/api.w.org\/{rel}","templated":true}]}}