{"id":150955,"date":"2021-03-16T08:09:00","date_gmt":"2021-03-16T13:09:00","guid":{"rendered":"https:\/\/www.acrartex.com\/products\/elt-345\/"},"modified":"2021-03-16T08:09:00","modified_gmt":"2021-03-16T13:09:00","slug":"elt-345","status":"publish","type":"product","link":"https:\/\/www.acrartex.com\/cs\/products\/elt-345\/","title":{"rendered":"ELT 345"},"content":{"rendered":"<p><span style=\"font-size: 10pt;\">Radiomaj\u00e1k ARTEX ELT 345 lze aktivovat ru\u010dn\u011b (pomoc\u00ed d\u00e1lkov\u00e9ho sp\u00edna\u010de v kokpitu nebo sp\u00edna\u010de ELT ) nebo automaticky (G-sp\u00edna\u010d detekuje n\u00e1raz o frekvenci 2,3 G nebo vy\u0161\u0161\u00ed). Vys\u00edl\u00e1 unik\u00e1tn\u00ed digit\u00e1ln\u00ed sign\u00e1l na t\u00eds\u0148ov\u00e9 frekvenci 406 MHz, kter\u00fd upozorn\u00ed nejbli\u017e\u0161\u00ed p\u00e1trac\u00ed a z\u00e1chrannou slu\u017ebu na va\u0161i nouzovou situaci. Sign\u00e1l 406 MHz, obsahuj\u00edc\u00ed va\u0161e GPS sou\u0159adnice, je vysl\u00e1n na satelity Cospas-Sarsat a p\u0159en\u00e1\u0161en do \u0159\u00eddic\u00edho st\u0159ediska mise, kde je okam\u017eit\u011b sm\u011brov\u00e1n k nejbli\u017e\u0161\u00ed p\u00e1trac\u00ed a z\u00e1chrann\u00e9 slu\u017eb\u011b. Registrace va\u0161eho maj\u00e1ku sd\u011bl\u00ed z\u00e1chrann\u00fdm slo\u017ek\u00e1m <b><u>, kdo<\/u><\/b> jste, a samotn\u00fd maj\u00e1k jim sd\u011bl\u00ed, <b><u>kde<\/u><\/b> se nach\u00e1z\u00edte s p\u0159esnost\u00ed na 100 metr\u016f. M\u00edstn\u00ed nav\u00e1d\u011bc\u00ed sign\u00e1l 121,5 MHz pom\u00e1h\u00e1 p\u00e1trac\u00edm a z\u00e1chrann\u00fdm slo\u017ek\u00e1m ur\u010dit va\u0161i p\u0159esnou polohu.   <\/span><\/p>\n<p>&nbsp;<\/p>\n<p style=\"margin: 0in 0in 0.0001pt;\"><span style=\"font-size: 10pt;\"><b>Snadn\u00e1 instalace<\/b><br \/>\n<\/span><\/p>\n<p>&nbsp;<\/p>\n<p style=\"margin: 0in 0in 0.0001pt;\"><span style=\"font-size: 10pt;\">R\u00e1diov\u00fd vys\u00edla\u010d ARTEX ELT 345 nab\u00edz\u00ed rychlou a snadnou mo\u017enost dodate\u010dn\u00e9 mont\u00e1\u017ee s flexibiln\u00edmi mo\u017enostmi instalace, jako je n\u00e1\u0161 standardn\u00ed nebo \u00fazk\u00fd dvouvodi\u010dov\u00fd d\u00e1lkov\u00fd sp\u00edna\u010d, kter\u00fd nevy\u017eaduje \u017e\u00e1dn\u00e9 nap\u00e1jen\u00ed z letadla. ELT 345 vyu\u017e\u00edv\u00e1 stejn\u00fd RF v\u00fdstup pouze s jedn\u00edm koaxi\u00e1ln\u00edm kabelem k p\u0159enosu sign\u00e1l\u016f 406 MHz i 121,5 MHz prost\u0159ednictv\u00edm na\u0161ich 15palcov\u00fdch nebo 23palcov\u00fdch prutov\u00fdch ant\u00e9n. Vestav\u011bn\u00e9 naviga\u010dn\u00ed rozhran\u00ed k provozu nevy\u017eaduje nap\u00e1jen\u00ed z letadla, co\u017e v\u00fdrazn\u011b sni\u017euje n\u00e1klady na instalaci. Mont\u00e1\u017en\u00ed konzola z nerezov\u00e9 oceli m\u00e1 konfiguraci s v\u00edce otvory, kter\u00e1 usnad\u0148uje a urychluje v\u00fdm\u011bnu star\u0161\u00edch r\u00e1diov\u00fdch vys\u00edla\u010d\u016f ARTEX nebo ACK, Kannad a AmeriKing.   <\/span><\/p>\n<p>&nbsp;<\/p>\n<p style=\"margin: 0in 0in 0.0001pt;\"><span style=\"font-size: 10pt;\"><b>Sady ELT 345<\/b><\/span><\/p>\n<p>&nbsp;<\/p>\n<p style=\"margin: 0in 0in 0.0001pt;\"><span style=\"font-size: 10pt;\">Nyn\u00ed jsou k dispozici t\u0159i komplexn\u00ed sady, kter\u00e9 u\u017eivatel\u016fm poskytuj\u00ed p\u0159\u00edstup k ELT 345, nejobl\u00edben\u011bj\u0161\u00edmu ELT na sv\u011bt\u011b. Ka\u017ed\u00e1 sada obsahuje 2vodi\u010dov\u00fd d\u00e1lkov\u00fd sp\u00edna\u010d, koaxi\u00e1ln\u00ed kabel, ant\u00e9nu a instala\u010dn\u00ed sadu ELT .  Hlavn\u00ed rozd\u00edl mezi sadami se t\u00fdk\u00e1 nab\u00eddky ant\u00e9ny a\/nebo p\u0159ep\u00edna\u010de. Na\u0161e nej\u00fasporn\u011bj\u0161\u00ed varianta (\u010d\u00edslo d\u00edlu 8102) se dod\u00e1v\u00e1 se standardn\u00ed \u010dernou prutovou ant\u00e9nou a standardn\u00edm 2vodi\u010dov\u00fdm d\u00e1lkov\u00fdm p\u0159ep\u00edna\u010dem. Dal\u0161\u00ed dv\u011b sady zahrnuj\u00ed variantu ant\u00e9ny s ni\u017e\u0161\u00edm profilem a \u010dernou prutovou ant\u00e9nou, kter\u00e1 je navr\u017eena pro instalace, kde je vy\u017eadov\u00e1n krat\u0161\u00ed tvar. Zat\u00edmco sady 8102 a 8107 obsahuj\u00ed standardn\u00ed 2vodi\u010dov\u00fd d\u00e1lkov\u00fd p\u0159ep\u00edna\u010d, sada 8108 obsahuje nov\u00fd tenk\u00fd p\u0159ep\u00edna\u010d. Nov\u00fd tenk\u00fd p\u0159ep\u00edna\u010d je ide\u00e1ln\u00ed pro modernizaci ACK a Ameri-King ELT , proto\u017ee p\u0159i v\u00fdm\u011bn\u011b star\u0161\u00edho p\u0159ep\u00edna\u010de s telefonn\u00edm kabelem nevy\u017eaduje \u017e\u00e1dnou \u00fapravu v\u00fd\u0159ezu v panelu p\u0159ep\u00edna\u010de. Dal\u0161\u00ed v\u00fdhodou je, \u017ee tenk\u00fd p\u0159ep\u00edna\u010d nevy\u017eaduje baterie a funguje pomoc\u00ed 2vodi\u010dov\u00e9ho p\u0159ipojen\u00ed pro spolehliv\u00fd provoz panelu v kokpitu.     <\/span><\/p>\n<p>&nbsp;<\/p>\n<table class=\"Table\" style=\"border-collapse: collapse; border: solid windowtext 1.0pt;\">\n<tbody>\n<tr>\n<td style=\"border: solid windowtext 1.0pt; background: black; width: 99.9pt; padding: 0in 5.4pt 0in 5.4pt;\" width=\"133\">\n<p style=\"margin: 0in 0in 0.0001pt;\"><span style=\"font-size: 10pt;\"><span style=\"color: white;\">\u010c\u00edslo d\u00edlu<\/span> ARTEX<\/span><\/p>\n<\/td>\n<td style=\"border: solid windowtext 1.0pt; background: black; width: 120.4pt; border-left: none; padding: 0in 5.4pt 0in 5.4pt;\" width=\"161\">\n<p style=\"margin: 0in 0in 0.0001pt;\"><span style=\"font-size: 10pt;\"><span style=\"color: white;\">Popis produktu<\/span><\/span><\/p>\n<\/td>\n<td style=\"border: solid windowtext 1.0pt; background: black; width: 110.15pt; border-left: none; padding: 0in 5.4pt 0in 5.4pt;\" width=\"147\">\n<p style=\"margin: 0in 0in 0.0001pt;\"><span style=\"font-size: 10pt;\"><span style=\"color: white;\">Ant\u00e9na je sou\u010d\u00e1st\u00ed dod\u00e1vky<\/span><\/span><\/p>\n<\/td>\n<td style=\"border: solid windowtext 1.0pt; background: black; width: 110.15pt; border-left: none; padding: 0in 5.4pt 0in 5.4pt;\" width=\"147\">\n<p style=\"margin: 0in 0in 0.0001pt;\"><span style=\"font-size: 10pt;\"><span style=\"color: white;\">D\u00e1lkov\u00fd sp\u00edna\u010d je sou\u010d\u00e1st\u00ed dod\u00e1vky<\/span><\/span><\/p>\n<\/td>\n<\/tr>\n<tr>\n<td style=\"border: solid windowtext 1.0pt; width: 99.9pt; border-top: none; padding: 0in 5.4pt 0in 5.4pt;\" width=\"133\">\n<p style=\"margin: 0in 0in 0.0001pt;\"><span style=\"font-size: 10pt;\">8102 ( <a href=\"https:\/\/www.dropbox.com\/s\/zbhlmu7i6zokav2\/8102D.pdf?dl=1\">seznam zavazadel<\/a> )<\/span><\/p>\n<\/td>\n<td style=\"border-bottom: solid windowtext 1.0pt; width: 120.4pt; border-top: none; border-left: none; border-right: solid windowtext 1.0pt; padding: 0in 5.4pt 0in 5.4pt;\" width=\"161\">\n<p style=\"margin: 0in 0in 0.0001pt;\"><span style=\"font-size: 10pt;\">Standardn\u00ed sada ARTEX ELT 345 s instala\u010dn\u00ed sadou GA, \u010dernou prutovou ant\u00e9nou a standardn\u00edm d\u00e1lkov\u00fdm sp\u00edna\u010dem<\/span><\/p>\n<\/td>\n<td style=\"border-bottom: solid windowtext 1.0pt; width: 110.15pt; border-top: none; border-left: none; border-right: solid windowtext 1.0pt; padding: 0in 5.4pt 0in 5.4pt;\" width=\"147\">\n<p style=\"margin: 0in 0in 0.0001pt;\"><span style=\"font-size: 10pt;\">23,4\u201d vysok\u00e1 \u010dern\u00e1 prutov\u00e1 ant\u00e9na<\/span><\/p>\n<\/td>\n<td style=\"border-bottom: solid windowtext 1.0pt; width: 110.15pt; border-top: none; border-left: none; border-right: solid windowtext 1.0pt; padding: 0in 5.4pt 0in 5.4pt;\" width=\"147\">\n<p style=\"margin: 0in 0in 0.0001pt;\"><span style=\"font-size: 10pt;\">Standardn\u00ed 2vodi\u010dov\u00fd d\u00e1lkov\u00fd sp\u00edna\u010d ARTEX<\/span><br \/>\n <span style=\"font-size: 11pt;\"><span style=\"font-family: Calibri,sans-serif;\">(2,00 x 1,30 palce)<\/span><\/span><\/p>\n<\/td>\n<\/tr>\n<tr>\n<td style=\"border: solid windowtext 1.0pt; width: 99.9pt; border-top: none; padding: 0in 5.4pt 0in 5.4pt;\" width=\"133\">\n<p style=\"margin: 0in 0in 0.0001pt;\"><span style=\"font-size: 10pt;\">8107 ( <a href=\"https:\/\/www.dropbox.com\/s\/1lrv6abtjdezrdd\/8107B.pdf?dl=1\">seznam zavazadel<\/a> )<\/span><\/p>\n<\/td>\n<td style=\"border-bottom: solid windowtext 1.0pt; width: 120.4pt; border-top: none; border-left: none; border-right: solid windowtext 1.0pt; padding: 0in 5.4pt 0in 5.4pt;\" width=\"161\">\n<p style=\"margin: 0in 0in 0.0001pt;\"><span style=\"font-size: 10pt;\">Kompaktn\u00ed sada ARTEX ELT 345 s instala\u010dn\u00ed sadou GA, kompaktn\u00ed \u010dernou prutovou ant\u00e9nou a standardn\u00edm d\u00e1lkov\u00fdm sp\u00edna\u010dem<\/span><\/p>\n<\/td>\n<td style=\"border-bottom: solid windowtext 1.0pt; width: 110.15pt; border-top: none; border-left: none; border-right: solid windowtext 1.0pt; padding: 0in 5.4pt 0in 5.4pt;\" width=\"147\">\n<p style=\"margin: 0in 0in 0.0001pt;\"><span style=\"font-size: 10pt;\">15\u201d vysok\u00e1 \u010dern\u00e1 prutov\u00e1 ant\u00e9na<\/span><\/p>\n<\/td>\n<td style=\"border-bottom: solid windowtext 1.0pt; width: 110.15pt; border-top: none; border-left: none; border-right: solid windowtext 1.0pt; padding: 0in 5.4pt 0in 5.4pt;\" width=\"147\">\n<p style=\"margin: 0in 0in 0.0001pt;\"><span style=\"font-size: 10pt;\">Standardn\u00ed 2vodi\u010dov\u00fd d\u00e1lkov\u00fd sp\u00edna\u010d ARTEX<\/span><\/p>\n<p style=\"margin: 0in 0in 0.0001pt;\"><span style=\"font-size: 10pt;\">(2,00 x 1,30 palce)<\/span><\/p>\n<\/td>\n<\/tr>\n<tr>\n<td style=\"border: solid windowtext 1.0pt; width: 99.9pt; border-top: none; padding: 0in 5.4pt 0in 5.4pt;\" width=\"133\">\n<p style=\"margin: 0in 0in 0.0001pt;\"><span style=\"font-size: 10pt;\">8108 ( <a href=\"https:\/\/www.dropbox.com\/s\/y3uphs2javap1qk\/8108B.pdf?dl=1\">seznam zavazadel<\/a> )<\/span><\/p>\n<\/td>\n<td style=\"border-bottom: solid windowtext 1.0pt; width: 120.4pt; border-top: none; border-left: none; border-right: solid windowtext 1.0pt; padding: 0in 5.4pt 0in 5.4pt;\" width=\"161\">\n<p style=\"margin: 0in 0in 0.0001pt;\"><span style=\"font-size: 10pt;\">Tenk\u00e1 sada ARTEX ELT 345 s instala\u010dn\u00ed sadou GA, kompaktn\u00ed \u010dernou prutovou ant\u00e9nou a tenk\u00fdm d\u00e1lkov\u00fdm sp\u00edna\u010dem<\/span><\/p>\n<\/td>\n<td style=\"border-bottom: solid windowtext 1.0pt; width: 110.15pt; border-top: none; border-left: none; border-right: solid windowtext 1.0pt; padding: 0in 5.4pt 0in 5.4pt;\" width=\"147\">\n<p style=\"margin: 0in 0in 0.0001pt;\"><span style=\"font-size: 10pt;\">15\u201d vysok\u00e1 \u010dern\u00e1 prutov\u00e1 ant\u00e9na<\/span><\/p>\n<\/td>\n<td style=\"border-bottom: solid windowtext 1.0pt; width: 110.15pt; border-top: none; border-left: none; border-right: solid windowtext 1.0pt; padding: 0in 5.4pt 0in 5.4pt;\" width=\"147\">\n<p style=\"margin: 0in 0in 0.0001pt;\"><span style=\"font-size: 10pt;\">Tenk\u00fd 2vodi\u010dov\u00fd d\u00e1lkov\u00fd sp\u00edna\u010d<br \/>\n (Vhodn\u00e9 pro ACK a Ameriking)<\/span><\/p>\n<p style=\"margin: 0in 0in 0.0001pt;\"><span style=\"font-size: 10pt;\">(2,08 x 0,75 palce)<\/span><\/p>\n<\/td>\n<\/tr>\n<\/tbody>\n<\/table>\n<p>&nbsp;<\/p>\n<p>M\u00e1te z\u00e1jem o kompletn\u00ed bezpe\u010dnostn\u00ed sadu pro p\u0159e\u017eit\u00ed? Nov\u00e1 <a href=\"https:\/\/www.acrartex.com\/cs\/products\/pilotni-sada-artex-elt-345\/\">pilotn\u00ed sada ARTEX ELT 345\u2122<\/a> je perfektn\u00ed kombinac\u00ed bezpe\u010dnostn\u00edch produkt\u016f a produkt\u016f pro p\u0159e\u017eit\u00ed, kter\u00e9 jsou navr\u017eeny tak, aby piloty chr\u00e1nily v p\u0159\u00edpad\u011b nouze.  Pilotn\u00ed sada poskytuje pilot\u016fm jednu praktickou sadu pro vybaven\u00ed jejich letadel nejnov\u011bj\u0161\u00edm Emergency Locator Transmitter ( ELT ) 406 MHz spolu s osobn\u00edm vybaven\u00edm pro p\u0159e\u017eit\u00ed, kter\u00e9 tvo\u0159\u00ed redundantn\u00ed syst\u00e9m pro upozorn\u011bn\u00ed p\u00e1trac\u00edch a z\u00e1chrann\u00fdch slo\u017eek na jejich polohu.<\/p>\n<p>Tato sada obsahuje n\u00e1sleduj\u00edc\u00ed z\u00e1kladn\u00ed produkty pro p\u0159e\u017eit\u00ed:<\/p>\n<ul>\n<li>ELT 345\u2122 (v\u010detn\u011b ant\u00e9ny, d\u00e1lkov\u00e9ho sp\u00edna\u010de + instala\u010dn\u00edho hardwaru)<\/li>\n<li>Personal Locator Beacon ResQLink +\u2122<\/li>\n<li>Nouzov\u00e9 nouzov\u00e9 sv\u011btlo C-Light H\u2082O\u2122<\/li>\n<li>Sign\u00e1ln\u00ed zrcadlo<\/li>\n<li>P\u00ed\u0161\u0165alka WW-3 Res-Q\u2122<\/li>\n<\/ul>\n<p>&nbsp;<\/p>\n<p>Existuje d\u016fvod, pro\u010d si v\u00fdrobci letadel vyb\u00edraj\u00ed pr\u00e1v\u011b lokomotivy ARTEX ELT v\u00edce ne\u017e jak\u00e9koli jin\u00e9; ti d\u016fv\u011b\u0159uj\u00ed ARTEX , \u017ee vyrob\u00ed produkty nejvy\u0161\u0161\u00ed kvality s v\u011bdom\u00edm, \u017ee zachra\u0148uj\u00ed \u017eivoty.<\/p>\n","protected":false},"excerpt":{"rendered":"<p>Vzneste se s jistotou do nebe s ELT 345. V p\u0159\u00edpad\u011b nouze se spolehn\u011bte na stejnou zna\u010dku, kter\u00e9 d\u016fv\u011b\u0159uj\u00ed p\u0159edn\u00ed v\u00fdrobci komer\u010dn\u00edch letadel, pokud jde o prvot\u0159\u00eddn\u00ed kvalitu, vynikaj\u00edc\u00ed technologii a vynikaj\u00edc\u00ed z\u00e1kaznick\u00fd servis. Nejprod\u00e1van\u011bj\u0161\u00ed ARTEX ELT 345 je vyroben podle nejp\u0159\u00edsn\u011bj\u0161\u00edch standard\u016f \u0159\u00edzen\u00ed kvality v oboru, aby bylo zaji\u0161t\u011bno, \u017ee ELT bude fungovat napoprv\u00e9 poka\u017ed\u00e9. ARTEX ELT 345 vys\u00edl\u00e1 na frekvenc\u00edch 406 MHz a 121,5 MHz a z\u00e1rove\u0148 poskytuje p\u0159esnost polohy d\u00edky vestav\u011bn\u00e9mu naviga\u010dn\u00edmu rozhran\u00ed GPS . ELT 345 se py\u0161n\u00ed n\u00edzkou cenou v oboru za ELT poskytuj\u00edc\u00ed stejnou kvalitu a v\u00fdkon, na kter\u00fdch byla zna\u010dka ARTEX postavena.    <\/p>\n<p>&nbsp;<\/p>\n<p><a href=\"https:\/\/www.acrartex.com\/canada-elt-mandate\/\">Klikn\u011bte zde pro informace o kanadsk\u00e9m mand\u00e1tu ELT<\/a><\/p>\n","protected":false},"featured_media":12137,"template":"","meta":{"_acf_changed":false,"om_disable_all_campaigns":false},"product_brand":[],"product_cat":[5534,5535],"product_tag":[5546,5544,5545,5537,5543,5539,5541,5542,5547,5548],"class_list":{"0":"post-150955","1":"product","2":"type-product","3":"status-publish","4":"has-post-thumbnail","6":"product_cat-letectvi","7":"product_cat-vseobecne-letectvi","8":"product_tag-406-mhz-elt-cs","9":"product_tag-akr","10":"product_tag-artex-cs","11":"product_tag-elt-cs","12":"product_tag-elt-345-cs","13":"product_tag-gps-cs","14":"product_tag-nouzovy-majak","15":"product_tag-nouzovy-vysilac-lokalizace","16":"product_tag-nouzovy-vysilac-polohy","17":"product_tag-vylepseni-elt-121-5","18":"pa_aircraft-type-experimentalni","19":"pa_aircraft-type-jeden-motor","20":"pa_aircraft-type-turbovrtulovy","21":"pa_aircraft-type-vicemotorovy","22":"pa_product-reseni-elt","24":"first","25":"instock","26":"taxable","27":"shipping-taxable","28":"product-type-simple"},"acf":[],"_links":{"self":[{"href":"https:\/\/www.acrartex.com\/cs\/wp-json\/wp\/v2\/product\/150955","targetHints":{"allow":["GET"]}}],"collection":[{"href":"https:\/\/www.acrartex.com\/cs\/wp-json\/wp\/v2\/product"}],"about":[{"href":"https:\/\/www.acrartex.com\/cs\/wp-json\/wp\/v2\/types\/product"}],"wp:featuredmedia":[{"embeddable":true,"href":"https:\/\/www.acrartex.com\/cs\/wp-json\/wp\/v2\/media\/12137"}],"wp:attachment":[{"href":"https:\/\/www.acrartex.com\/cs\/wp-json\/wp\/v2\/media?parent=150955"}],"wp:term":[{"taxonomy":"product_brand","embeddable":true,"href":"https:\/\/www.acrartex.com\/cs\/wp-json\/wp\/v2\/product_brand?post=150955"},{"taxonomy":"product_cat","embeddable":true,"href":"https:\/\/www.acrartex.com\/cs\/wp-json\/wp\/v2\/product_cat?post=150955"},{"taxonomy":"product_tag","embeddable":true,"href":"https:\/\/www.acrartex.com\/cs\/wp-json\/wp\/v2\/product_tag?post=150955"}],"curies":[{"name":"wp","href":"https:\/\/api.w.org\/{rel}","templated":true}]}}