{"id":148722,"date":"2021-02-12T16:04:28","date_gmt":"2021-02-12T21:04:28","guid":{"rendered":"https:\/\/www.acrartex.com\/spolecnost\/"},"modified":"2025-07-07T08:37:16","modified_gmt":"2025-07-07T13:37:16","slug":"spolecnost","status":"publish","type":"page","link":"https:\/\/www.acrartex.com\/cs\/spolecnost\/","title":{"rendered":"Spole\u010dnost"},"content":{"rendered":"\n<div class=\"wp-block-group about-us-block\"><div class=\"wp-block-group__inner-container is-layout-flow wp-block-group-is-layout-flow\">\n<h2 class=\"wp-block-heading\"><span style=\"color:#1a1818\" class=\"has-inline-color\">O N\u00c1S<\/span><\/h2>\n\n\n\n<p><span style=\"color:#1a1818\" class=\"has-inline-color\">ACR Electronics , Inc. je p\u0159edn\u00edm v\u00fdvojov\u00fdm centrem pro nouzov\u00e9 maj\u00e1ky navr\u017een\u00e9 s jedin\u00fdm \u00fa\u010delem: zachra\u0148ovat \u017eivoty. D\u00edky na\u0161im spole\u010dn\u00fdm technologick\u00fdm znalostem v oblasti <a href=\"https:\/\/www.acrartex.com\/cs\/kategorie-produktu\/namorni\/\">n\u00e1mo\u0159n\u00edho<\/a> , <a href=\"http:\/\/www.artex.com\">leteck\u00e9ho<\/a> , <a href=\"https:\/\/www.acrartex.com\/cs\/kategorie-produktu\/venkovni\/\">outdoorov\u00e9ho<\/a> a vojensk\u00e9ho pr\u016fmyslu navrhujeme a vyr\u00e1b\u00edme \u0161pi\u010dkov\u00e9 z\u00e1chrann\u00e9 maj\u00e1ky a vybaven\u00ed pro p\u0159e\u017eit\u00ed pro jachta\u0159e, piloty, lovce, turisty, horolezce, cyklisty a bojov\u00e9 jednotky, nemluv\u011b o mnoha p\u0159edn\u00edch v\u00fdrobc\u00edch lod\u00ed a letadel v tomto odv\u011btv\u00ed. <\/span><\/p>\n\n\n\n<p><span style=\"color:#1a1818\" class=\"has-inline-color\">Od roku 1956 si \u0161irok\u00e1 \u0161k\u00e1la produkt\u016f ACR pro p\u0159e\u017eit\u00ed vyb\u00edr\u00e1 NASA, americk\u00e1 arm\u00e1da, pob\u0159e\u017en\u00ed str\u00e1\u017e USA a b\u011b\u017en\u00ed pr\u016fzkumn\u00edci a dobrodruzi po cel\u00e9m sv\u011bt\u011b. ACR vyr\u00e1b\u00ed produkty, kter\u00e9 jsou navr\u017eeny tak, aby fungovaly b\u011bhem expedic v\u0161ech velikost\u00ed, a to od nouzov\u00fdch vys\u00edla\u010d\u016f a z\u00e1chrann\u00fdch maj\u00e1k\u016f a\u017e po speci\u00e1ln\u00ed sv\u00edtilny pou\u017eit\u00e9 na Apollu 13 po v\u00fdbuchu na palub\u011b. <\/span><\/p>\n<\/div><\/div>\n\n<div class=\"wp-block-group links-block\"><div class=\"wp-block-group__inner-container is-layout-flow wp-block-group-is-layout-flow\">\n<div class=\"wp-block-buttons is-layout-flex wp-block-buttons-is-layout-flex\">\n<div class=\"wp-block-button\"><a class=\"wp-block-button__link\" href=\"http:\/\/www.acrartex.com\/capabilities\/\">Na\u0161e schopnosti<\/a><\/div>\n\n\n\n<div class=\"wp-block-button\"><a class=\"wp-block-button__link\" href=\"http:\/\/www.acrartex.com\/quality\/\">Syst\u00e9m managementu kvality<\/a><\/div>\n\n\n\n<div class=\"wp-block-button\"><a class=\"wp-block-button__link\" href=\"http:\/\/www.acrartex.com\/use-of-conflict-minerals\/\">Pou\u017eit\u00ed konfliktn\u00edch materi\u00e1l\u016f<\/a><\/div>\n\n\n\n<div class=\"wp-block-button\"><a class=\"wp-block-button__link\" href=\"http:\/\/www.acrartex.com\/reach-rohs-compliance\/\">Dos\u00e1hn\u011bte shody s RoHS<\/a><\/div>\n<\/div>\n<\/div><\/div>\n\n<h2 class=\"wp-block-heading\" id=\"h-our-brands\">Na\u0161e zna\u010dky<\/h2>\n\n<div class=\"wp-block-group brands-block\"><div class=\"wp-block-group__inner-container is-layout-flow wp-block-group-is-layout-flow\">\n<div class=\"wp-block-group brand-item-block\"><div class=\"wp-block-group__inner-container is-layout-flow wp-block-group-is-layout-flow\">\n<div class=\"wp-block-image is-style-default\"><figure class=\"aligncenter size-large is-resized\"><a href=\"www.artex.com\" target=\"_blank\" rel=\"noopener noreferrer\"><img loading=\"lazy\" decoding=\"async\" src=\"https:\/\/www.acrartex.com\/wp-content\/uploads\/2021\/02\/artex_logo_gray-1-1024x297.png\" alt=\"\" class=\"wp-image-356\" width=\"512\" height=\"149\" srcset=\"https:\/\/www.acrartex.com\/wp-content\/uploads\/2021\/02\/artex_logo_gray-1-1024x297.png 1024w, https:\/\/www.acrartex.com\/wp-content\/uploads\/2021\/02\/artex_logo_gray-1-300x87.png 300w, https:\/\/www.acrartex.com\/wp-content\/uploads\/2021\/02\/artex_logo_gray-1-768x223.png 768w, https:\/\/www.acrartex.com\/wp-content\/uploads\/2021\/02\/artex_logo_gray-1-1536x446.png 1536w, https:\/\/www.acrartex.com\/wp-content\/uploads\/2021\/02\/artex_logo_gray-1-2048x595.png 2048w, https:\/\/www.acrartex.com\/wp-content\/uploads\/2021\/02\/artex_logo_gray-1-600x174.png 600w\" sizes=\"auto, (max-width: 512px) 100vw, 512px\" \/><\/a><\/figure><\/div>\n\n\n\n<p>ARTEX navrhuje a vyr\u00e1b\u00ed \u0161irokou \u0161k\u00e1lu nouzov\u00fdch vys\u00edla\u010d\u016f polohy (ELT) pro v\u0161eobecn\u00e9, obchodn\u00ed, komer\u010dn\u00ed a vojensk\u00e9 leteck\u00e9 aplikace, stejn\u011b jako bateriov\u00e9 bloky a p\u0159\u00edslu\u0161enstv\u00ed ELT . ARTEX je glob\u00e1ln\u00ed firmou se z\u00e1kazn\u00edky od soukrom\u00fdch pilot\u016f a\u017e po nejv\u011bt\u0161\u00ed sv\u011btov\u00e9 v\u00fdrobce drak\u016f letadel, leteck\u00e9 spole\u010dnosti a vl\u00e1dy. <\/p>\n\n\n\n<p>Pro v\u00edce informac\u00ed nav\u0161tivte <a href=\"http:\/\/www.ARTEX.com\" data-type=\"URL\" data-id=\"http:\/\/www.ARTEX.com\" target=\"_blank\" rel=\"noreferrer noopener\">ARTEX<\/a><\/p>\n<\/div><\/div>\n\n\n\n<div class=\"wp-block-group brand-item-block\"><div class=\"wp-block-group__inner-container is-layout-flow wp-block-group-is-layout-flow\">\n<div class=\"wp-block-image is-style-default\"><figure class=\"aligncenter size-large is-resized\"><a href=\"https:\/\/www.oceansignal.com\" target=\"_blank\" rel=\"noopener noreferrer\"><img loading=\"lazy\" decoding=\"async\" src=\"https:\/\/www.acrartex.com\/wp-content\/uploads\/2021\/02\/OSL_logo-gray-1024x610.png\" alt=\"\" class=\"wp-image-353\" width=\"256\" height=\"153\" srcset=\"https:\/\/www.acrartex.com\/wp-content\/uploads\/2021\/02\/OSL_logo-gray-1024x610.png 1024w, https:\/\/www.acrartex.com\/wp-content\/uploads\/2021\/02\/OSL_logo-gray-300x179.png 300w, https:\/\/www.acrartex.com\/wp-content\/uploads\/2021\/02\/OSL_logo-gray-768x457.png 768w, https:\/\/www.acrartex.com\/wp-content\/uploads\/2021\/02\/OSL_logo-gray-1536x914.png 1536w, https:\/\/www.acrartex.com\/wp-content\/uploads\/2021\/02\/OSL_logo-gray-2048x1219.png 2048w, https:\/\/www.acrartex.com\/wp-content\/uploads\/2021\/02\/OSL_logo-gray-600x357.png 600w\" sizes=\"auto, (max-width: 256px) 100vw, 256px\" \/><\/a><\/figure><\/div>\n\n\n\n<p>Ocean Signal navrhuje a vyr\u00e1b\u00ed v\u00fdjime\u010dn\u00e9 bezpe\u010dnostn\u00ed a komunika\u010dn\u00ed produkty, kter\u00e9 trvale spl\u0148uj\u00ed nebo p\u0159ekra\u010duj\u00ed mezin\u00e1rodn\u00ed technick\u00e9 a bezpe\u010dnostn\u00ed standardy. V\u0161echny produkty Ocean Signal jsou vyv\u00edjeny s pe\u010dliv\u00fdm n\u00e1vrhem a inovacemi, co\u017e v\u0161em u\u017eivatel\u016fm zaji\u0161\u0165uje, \u017ee jejich za\u0159\u00edzen\u00ed bude v\u017edy p\u0159ipraveno k pou\u017eit\u00ed, bez ohledu na to, v jak\u00e9 situaci se mohou ocitnout. <\/p>\n\n\n\n<p>Pro v\u00edce informac\u00ed nav\u0161tivte <a href=\"http:\/\/www.oceansignal.com\" data-type=\"URL\" data-id=\"www.oceansignal.com\">www.oceansignal.com<\/a><\/p>\n<\/div><\/div>\n\n\n\n<div class=\"wp-block-group brand-item-block\"><div class=\"wp-block-group__inner-container is-layout-flow wp-block-group-is-layout-flow\">\n<div class=\"wp-block-image is-style-default\"><figure class=\"aligncenter size-large is-resized\"><a href=\"https:\/\/www.uml.co.uk\/\" target=\"_blank\" rel=\"noopener noreferrer\"><img loading=\"lazy\" decoding=\"async\" src=\"https:\/\/www.acrartex.com\/wp-content\/uploads\/2021\/02\/UML_logo_gray-1024x1024.png\" alt=\"\" class=\"wp-image-355\" width=\"256\" height=\"256\" srcset=\"https:\/\/www.acrartex.com\/wp-content\/uploads\/2021\/02\/UML_logo_gray-1024x1024.png 1024w, https:\/\/www.acrartex.com\/wp-content\/uploads\/2021\/02\/UML_logo_gray-300x300.png 300w, https:\/\/www.acrartex.com\/wp-content\/uploads\/2021\/02\/UML_logo_gray-150x150.png 150w, https:\/\/www.acrartex.com\/wp-content\/uploads\/2021\/02\/UML_logo_gray-768x768.png 768w, https:\/\/www.acrartex.com\/wp-content\/uploads\/2021\/02\/UML_logo_gray-1536x1536.png 1536w, https:\/\/www.acrartex.com\/wp-content\/uploads\/2021\/02\/UML_logo_gray-2048x2048.png 2048w, https:\/\/www.acrartex.com\/wp-content\/uploads\/2021\/02\/UML_logo_gray-600x600.png 600w, https:\/\/www.acrartex.com\/wp-content\/uploads\/2021\/02\/UML_logo_gray-100x100.png 100w\" sizes=\"auto, (max-width: 256px) 100vw, 256px\" \/><\/a><\/figure><\/div>\n\n\n\n<p>United Moulders Ltd (UML) navrhuje a vyr\u00e1b\u00ed kompletn\u00ed \u0159adu syst\u00e9m\u016f pro nafukov\u00e1n\u00ed z\u00e1chrann\u00fdch vest schv\u00e1len\u00fdch dle normy ISO 12402-7, kter\u00e9 se hojn\u011b pou\u017e\u00edvaj\u00ed v odv\u011btv\u00ed voln\u00e9ho \u010dasu, obchodu a arm\u00e1dy.  <\/p>\n\n\n\n<p>Pro v\u00edce informac\u00ed nav\u0161tivte <a href=\"http:\/\/www.UML.co.uk.\" data-type=\"URL\" data-id=\"www.UML.co.uk.\">www.UML.co.uk.<\/a><\/p>\n<\/div><\/div>\n<\/div><\/div>\n","protected":false},"excerpt":{"rendered":"<p>Na\u0161e zna\u010dky ARTEX navrhuje a vyr\u00e1b\u00ed \u0161irokou \u0161k\u00e1lu nouzov\u00fdch vys\u00edla\u010d\u016f polohy (ELT) pro v\u0161eobecn\u00e9, obchodn\u00ed, komer\u010dn\u00ed a vojensk\u00e9 leteck\u00e9 aplikace, stejn\u011b jako bateriov\u00e9 bloky a p\u0159\u00edslu\u0161enstv\u00ed ELT . ARTEX je glob\u00e1ln\u00ed firmou se z\u00e1kazn\u00edky od soukrom\u00fdch pilot\u016f a\u017e po nejv\u011bt\u0161\u00ed sv\u011btov\u00e9 v\u00fdrobce drak\u016f letadel, leteck\u00e9 spole\u010dnosti a vl\u00e1dy. Pro v\u00edce informac\u00ed nav\u0161tivte ARTEX Ocean Signal [&hellip;]<\/p>\n","protected":false},"author":1,"featured_media":0,"parent":0,"menu_order":0,"comment_status":"closed","ping_status":"closed","template":"pagetemplate-company.php","meta":{"_acf_changed":false,"om_disable_all_campaigns":false,"footnotes":""},"class_list":["post-148722","page","type-page","status-publish","hentry"],"acf":[],"_links":{"self":[{"href":"https:\/\/www.acrartex.com\/cs\/wp-json\/wp\/v2\/pages\/148722","targetHints":{"allow":["GET"]}}],"collection":[{"href":"https:\/\/www.acrartex.com\/cs\/wp-json\/wp\/v2\/pages"}],"about":[{"href":"https:\/\/www.acrartex.com\/cs\/wp-json\/wp\/v2\/types\/page"}],"author":[{"embeddable":true,"href":"https:\/\/www.acrartex.com\/cs\/wp-json\/wp\/v2\/users\/1"}],"replies":[{"embeddable":true,"href":"https:\/\/www.acrartex.com\/cs\/wp-json\/wp\/v2\/comments?post=148722"}],"version-history":[{"count":1,"href":"https:\/\/www.acrartex.com\/cs\/wp-json\/wp\/v2\/pages\/148722\/revisions"}],"predecessor-version":[{"id":148742,"href":"https:\/\/www.acrartex.com\/cs\/wp-json\/wp\/v2\/pages\/148722\/revisions\/148742"}],"wp:attachment":[{"href":"https:\/\/www.acrartex.com\/cs\/wp-json\/wp\/v2\/media?parent=148722"}],"curies":[{"name":"wp","href":"https:\/\/api.w.org\/{rel}","templated":true}]}}