{"id":148260,"date":"2022-02-23T15:59:45","date_gmt":"2022-02-23T20:59:45","guid":{"rendered":"https:\/\/www.acrartex.com\/vyhrajte-epirb\/"},"modified":"2025-07-07T08:24:19","modified_gmt":"2025-07-07T13:24:19","slug":"vyhrajte-epirb","status":"publish","type":"page","link":"https:\/\/www.acrartex.com\/cs\/vyhrajte-epirb\/","title":{"rendered":"Vyhrajte EPIRB"},"content":{"rendered":"\n<p>(Sout\u011b\u017e kon\u010d\u00ed 30. \u010dervna 2023)<\/p>\n\n<div id=\"vsscript_136269_131083\"><\/div><script async=\"\" type=\"text\/javascript\" src=\"https:\/\/app.viralsweep.com\/vsa-widget-246a1d-136269.js?sid=136269_131083\"><\/script>\n","protected":false},"excerpt":{"rendered":"<p>(Sout\u011b\u017e kon\u010d\u00ed 30. \u010dervna 2023)<\/p>\n","protected":false},"author":22,"featured_media":148261,"parent":0,"menu_order":0,"comment_status":"closed","ping_status":"closed","template":"","meta":{"_acf_changed":false,"om_disable_all_campaigns":false,"footnotes":""},"class_list":["post-148260","page","type-page","status-publish","has-post-thumbnail","hentry"],"acf":[],"_links":{"self":[{"href":"https:\/\/www.acrartex.com\/cs\/wp-json\/wp\/v2\/pages\/148260","targetHints":{"allow":["GET"]}}],"collection":[{"href":"https:\/\/www.acrartex.com\/cs\/wp-json\/wp\/v2\/pages"}],"about":[{"href":"https:\/\/www.acrartex.com\/cs\/wp-json\/wp\/v2\/types\/page"}],"author":[{"embeddable":true,"href":"https:\/\/www.acrartex.com\/cs\/wp-json\/wp\/v2\/users\/22"}],"replies":[{"embeddable":true,"href":"https:\/\/www.acrartex.com\/cs\/wp-json\/wp\/v2\/comments?post=148260"}],"version-history":[{"count":1,"href":"https:\/\/www.acrartex.com\/cs\/wp-json\/wp\/v2\/pages\/148260\/revisions"}],"predecessor-version":[{"id":148262,"href":"https:\/\/www.acrartex.com\/cs\/wp-json\/wp\/v2\/pages\/148260\/revisions\/148262"}],"wp:featuredmedia":[{"embeddable":true,"href":"https:\/\/www.acrartex.com\/cs\/wp-json\/wp\/v2\/media\/148261"}],"wp:attachment":[{"href":"https:\/\/www.acrartex.com\/cs\/wp-json\/wp\/v2\/media?parent=148260"}],"curies":[{"name":"wp","href":"https:\/\/api.w.org\/{rel}","templated":true}]}}