{"id":148191,"date":"2025-04-30T14:47:27","date_gmt":"2025-04-30T19:47:27","guid":{"rendered":"https:\/\/www.acrartex.com\/panel-acr-vraceni-zbozi-v-ramci-zaruky-a-oprav\/"},"modified":"2025-07-07T08:21:56","modified_gmt":"2025-07-07T13:21:56","slug":"panel-acr-vraceni-zbozi-v-ramci-zaruky-a-oprav","status":"publish","type":"page","link":"https:\/\/www.acrartex.com\/cs\/panel-acr-vraceni-zbozi-v-ramci-zaruky-a-oprav\/","title":{"rendered":"Panel ACR \u2013 Vr\u00e1cen\u00ed zbo\u017e\u00ed v r\u00e1mci z\u00e1ruky a oprav"},"content":{"rendered":"\n<p>Jakmile vypln\u00edte po\u017eadavek na servis, obdr\u017e\u00edte \u010d\u00edslo zak\u00e1zky. Toto \u010d\u00edslo oprav\u0148uje k vr\u00e1cen\u00ed va\u0161\u00ed jednotky. \u010c\u00edslo zak\u00e1zky pros\u00edm z\u0159eteln\u011b napi\u0161te na vn\u011bj\u0161\u00ed stranu krabice, aby byl v\u00e1\u0161 bal\u00edk doru\u010den p\u0159\u00edslu\u0161n\u00e9mu odd\u011blen\u00ed. Bal\u00edky p\u0159ijat\u00e9 bez viditeln\u00e9ho \u010d\u00edsla zak\u00e1zky budou zpo\u017ed\u011bny, um\u00edst\u011bny do karant\u00e9ny a budou podl\u00e9hat servisn\u00edmu poplatku.   <\/p>\n\n<p><strong>Zp\u00e1te\u010dn\u00ed adresa<\/strong><br\/> ACR Electronics<br\/> 5757 Ravenswood Rd.<br\/> Fort Lauderdale, Florida 33312<\/p>\n\n<p>Po obdr\u017een\u00ed bude v\u00e1\u0161 bal\u00edk odesl\u00e1n na spr\u00e1vn\u00e9 odd\u011blen\u00ed. Na\u0161e standardn\u00ed doba zpracov\u00e1n\u00ed je 30\u201345 dn\u00ed. <\/p>\n\n<p>Pokud m\u00e1te jak\u00e9koli dotazy, kontaktujte n\u00e1s pros\u00edm na adrese <strong><a href=\"mailto:returns@acrartex.com\">returns@acrartex.com<\/a><\/strong> a n\u00e1\u0161 vyhrazen\u00fd z\u00e1stupce z\u00e1kaznick\u00e9 podpory se s v\u00e1mi spoj\u00ed.<\/p>\n","protected":false},"excerpt":{"rendered":"<p>Jakmile vypln\u00edte po\u017eadavek na servis, obdr\u017e\u00edte \u010d\u00edslo zak\u00e1zky. Toto \u010d\u00edslo oprav\u0148uje k vr\u00e1cen\u00ed va\u0161\u00ed jednotky. \u010c\u00edslo zak\u00e1zky pros\u00edm z\u0159eteln\u011b napi\u0161te na vn\u011bj\u0161\u00ed stranu krabice, aby byl v\u00e1\u0161 bal\u00edk doru\u010den p\u0159\u00edslu\u0161n\u00e9mu odd\u011blen\u00ed. Bal\u00edky p\u0159ijat\u00e9 bez viditeln\u00e9ho \u010d\u00edsla zak\u00e1zky budou zpo\u017ed\u011bny, um\u00edst\u011bny do karant\u00e9ny a budou podl\u00e9hat servisn\u00edmu poplatku. Zp\u00e1te\u010dn\u00ed adresa ACR Electronics 5757 Ravenswood Rd. Fort [&hellip;]<\/p>\n","protected":false},"author":23,"featured_media":0,"parent":0,"menu_order":0,"comment_status":"closed","ping_status":"closed","template":"","meta":{"_acf_changed":false,"om_disable_all_campaigns":false,"footnotes":""},"class_list":["post-148191","page","type-page","status-publish","hentry"],"acf":[],"_links":{"self":[{"href":"https:\/\/www.acrartex.com\/cs\/wp-json\/wp\/v2\/pages\/148191","targetHints":{"allow":["GET"]}}],"collection":[{"href":"https:\/\/www.acrartex.com\/cs\/wp-json\/wp\/v2\/pages"}],"about":[{"href":"https:\/\/www.acrartex.com\/cs\/wp-json\/wp\/v2\/types\/page"}],"author":[{"embeddable":true,"href":"https:\/\/www.acrartex.com\/cs\/wp-json\/wp\/v2\/users\/23"}],"replies":[{"embeddable":true,"href":"https:\/\/www.acrartex.com\/cs\/wp-json\/wp\/v2\/comments?post=148191"}],"version-history":[{"count":1,"href":"https:\/\/www.acrartex.com\/cs\/wp-json\/wp\/v2\/pages\/148191\/revisions"}],"predecessor-version":[{"id":148195,"href":"https:\/\/www.acrartex.com\/cs\/wp-json\/wp\/v2\/pages\/148191\/revisions\/148195"}],"wp:attachment":[{"href":"https:\/\/www.acrartex.com\/cs\/wp-json\/wp\/v2\/media?parent=148191"}],"curies":[{"name":"wp","href":"https:\/\/api.w.org\/{rel}","templated":true}]}}