{"id":148177,"date":"2025-04-30T14:53:24","date_gmt":"2025-04-30T19:53:24","guid":{"rendered":"https:\/\/www.acrartex.com\/dashboard-acr-skolici-materialy-a-videa\/"},"modified":"2025-07-07T08:31:55","modified_gmt":"2025-07-07T13:31:55","slug":"dashboard-acr-skolici-materialy-a-videa","status":"publish","type":"page","link":"https:\/\/www.acrartex.com\/cs\/dashboard-acr-skolici-materialy-a-videa\/","title":{"rendered":"Dashboard ACR \u2013 \u0161kolic\u00ed materi\u00e1ly a videa"},"content":{"rendered":"\n<p>Tato sekce poskytuje p\u0159\u00edstup ke v\u0161em dostupn\u00fdm \u0161kolic\u00edm materi\u00e1l\u016fm a instrukt\u00e1\u017en\u00edm vide\u00edm. Jsou zde zahrnuta n\u00e1sleduj\u00edc\u00ed t\u00e9mata. Kliknut\u00edm na vybran\u00fd odkaz (odkazy) zobraz\u00edte odpov\u00eddaj\u00edc\u00ed \u0161kolic\u00ed materi\u00e1l:  <\/p>\n\n<ul class=\"wp-block-list\">\n<li><a href=\"https:\/\/youtu.be\/L7br3CPHPwU\">P\u0159ehled objedn\u00e1vky<\/a><\/li>\n<\/ul>\n\n<ul class=\"wp-block-list\">\n<li><a href=\"https:\/\/youtu.be\/r7Oe95T5KNo\">Kontrola a um\u00edst\u011bn\u00ed objedn\u00e1vek<\/a><\/li>\n<\/ul>\n\n<ul class=\"wp-block-list\">\n<li><a href=\"https:\/\/youtu.be\/rPK8R9qxoKs\">Sledov\u00e1n\u00ed z\u00e1silky<\/a><\/li>\n<\/ul>\n\n<ul class=\"wp-block-list\">\n<li><a href=\"https:\/\/youtu.be\/_gZYs--VSpY\">Faktury a platby<\/a><\/li>\n<\/ul>\n\n<ul class=\"wp-block-list\">\n<li><a href=\"https:\/\/youtu.be\/Axsj0lCfM7U\">Navigace v katalogu produkt\u016f a v\u00fdpis z \u00fa\u010dtu<\/a><\/li>\n<\/ul>\n\n<p><\/p>\n\n<p>Pokud m\u00e1te jak\u00e9koli dotazy, obavy nebo si chcete domluvit individu\u00e1ln\u00ed \u0161kolen\u00ed se sv\u00fdm z\u00e1stupcem z\u00e1kaznick\u00e9 p\u00e9\u010de, kontaktujte n\u00e1s pros\u00edm na adrese <strong>cs.dashboard@acrartex.com<\/strong> a dejte n\u00e1m v\u011bd\u011bt, jak v\u00e1m m\u016f\u017eeme pomoci.<\/p>\n","protected":false},"excerpt":{"rendered":"<p>Tato sekce poskytuje p\u0159\u00edstup ke v\u0161em dostupn\u00fdm \u0161kolic\u00edm materi\u00e1l\u016fm a instrukt\u00e1\u017en\u00edm vide\u00edm. Jsou zde zahrnuta n\u00e1sleduj\u00edc\u00ed t\u00e9mata. Kliknut\u00edm na vybran\u00fd odkaz (odkazy) zobraz\u00edte odpov\u00eddaj\u00edc\u00ed \u0161kolic\u00ed materi\u00e1l: Pokud m\u00e1te jak\u00e9koli dotazy, obavy nebo si chcete domluvit individu\u00e1ln\u00ed \u0161kolen\u00ed se sv\u00fdm z\u00e1stupcem z\u00e1kaznick\u00e9 p\u00e9\u010de, kontaktujte n\u00e1s pros\u00edm na adrese cs.dashboard@acrartex.com a dejte n\u00e1m v\u011bd\u011bt, jak v\u00e1m m\u016f\u017eeme [&hellip;]<\/p>\n","protected":false},"author":23,"featured_media":0,"parent":0,"menu_order":0,"comment_status":"closed","ping_status":"closed","template":"","meta":{"_acf_changed":false,"om_disable_all_campaigns":false,"footnotes":""},"class_list":["post-148177","page","type-page","status-publish","hentry"],"acf":[],"_links":{"self":[{"href":"https:\/\/www.acrartex.com\/cs\/wp-json\/wp\/v2\/pages\/148177","targetHints":{"allow":["GET"]}}],"collection":[{"href":"https:\/\/www.acrartex.com\/cs\/wp-json\/wp\/v2\/pages"}],"about":[{"href":"https:\/\/www.acrartex.com\/cs\/wp-json\/wp\/v2\/types\/page"}],"author":[{"embeddable":true,"href":"https:\/\/www.acrartex.com\/cs\/wp-json\/wp\/v2\/users\/23"}],"replies":[{"embeddable":true,"href":"https:\/\/www.acrartex.com\/cs\/wp-json\/wp\/v2\/comments?post=148177"}],"version-history":[{"count":3,"href":"https:\/\/www.acrartex.com\/cs\/wp-json\/wp\/v2\/pages\/148177\/revisions"}],"predecessor-version":[{"id":148498,"href":"https:\/\/www.acrartex.com\/cs\/wp-json\/wp\/v2\/pages\/148177\/revisions\/148498"}],"wp:attachment":[{"href":"https:\/\/www.acrartex.com\/cs\/wp-json\/wp\/v2\/media?parent=148177"}],"curies":[{"name":"wp","href":"https:\/\/api.w.org\/{rel}","templated":true}]}}